{"id":917,"date":"2016-01-18T16:09:27","date_gmt":"2016-01-18T15:09:27","guid":{"rendered":"http:\/\/didierlemarchand.net\/site\/?page_id=917"},"modified":"2025-10-13T07:13:33","modified_gmt":"2025-10-13T05:13:33","slug":"4-4","status":"publish","type":"page","link":"https:\/\/didierlemarchand.net\/site\/portfolio-2\/resurgences\/4-4\/","title":{"rendered":"r\u00e9surgence 4.4 : Natzweiler"},"content":{"rendered":"<p style=\"text-align: center;\">2015 \u2013 30 x 30 cm \u2013 impression pigmentaire<\/p>\n<p style=\"text-align: center;\"><a href=\"http:\/\/didierlemarchand.net\/4_site_nouveau\/dossiers_telechargeables\/D-Lemarchand-resurgence-4-4-natzweiler.pdf\" target=\"_blank\" rel=\"noopener\">dossier de pr\u00e9sentation t\u00e9l\u00e9chargeable<\/a><\/p>\n<h1 style=\"text-align: center;\">&#8211;<\/h1>\n<p style=\"text-align: center;\"><img loading=\"lazy\" decoding=\"async\" class=\"alignnone size-medium colorbox-917\" src=\"http:\/\/didierlemarchand.net\/4_site_nouveau\/portfolio-N3\/resurgence_N3\/PF3_resurgence_09\/resurgence_09_01.JPG\" width=\"438\" height=\"438\" \/><\/p>\n<h1><\/h1>\n<p>&nbsp;<\/p>\n<h1 style=\"text-align: center;\">&#8211;<\/h1>\n<h1><\/h1>\n<p>&nbsp;<\/p>\n<p style=\"text-align: center;\"><img loading=\"lazy\" decoding=\"async\" class=\"alignnone size-medium colorbox-917\" src=\"http:\/\/didierlemarchand.net\/4_site_nouveau\/portfolio-N3\/resurgence_N3\/PF3_resurgence_09\/resurgence_09_02.JPG\" width=\"438\" height=\"438\" \/><\/p>\n<h1><\/h1>\n<p>&nbsp;<\/p>\n<h1 style=\"text-align: center;\">&#8211;<\/h1>\n<h1><\/h1>\n<p>&nbsp;<\/p>\n<p style=\"text-align: center;\"><img loading=\"lazy\" decoding=\"async\" class=\"alignnone size-medium colorbox-917\" src=\"http:\/\/didierlemarchand.net\/4_site_nouveau\/portfolio-N3\/resurgence_N3\/PF3_resurgence_09\/resurgence_09_03.JPG\" width=\"438\" height=\"438\" \/><\/p>\n<h1><\/h1>\n<p>&nbsp;<\/p>\n<h1 style=\"text-align: center;\">&#8211;<\/h1>\n<h1><\/h1>\n<p>&nbsp;<\/p>\n<p style=\"text-align: center;\"><img loading=\"lazy\" decoding=\"async\" class=\"alignnone size-medium colorbox-917\" src=\"http:\/\/didierlemarchand.net\/4_site_nouveau\/portfolio-N3\/resurgence_N3\/PF3_resurgence_09\/resurgence_09_04.JPG\" width=\"438\" height=\"438\" \/><\/p>\n<h1><\/h1>\n<p>&nbsp;<\/p>\n<h1 style=\"text-align: center;\">&#8211;<\/h1>\n<h1><\/h1>\n<p>&nbsp;<\/p>\n<p style=\"text-align: center;\"><img loading=\"lazy\" decoding=\"async\" class=\"alignnone size-medium colorbox-917\" src=\"http:\/\/didierlemarchand.net\/4_site_nouveau\/portfolio-N3\/resurgence_N3\/PF3_resurgence_09\/resurgence_09_05.JPG\" width=\"438\" height=\"438\" \/><\/p>\n<h1><\/h1>\n<p>&nbsp;<\/p>\n<h1 style=\"text-align: center;\">&#8211;<\/h1>\n<h1><\/h1>\n<p>&nbsp;<\/p>\n<p style=\"text-align: center;\"><img loading=\"lazy\" decoding=\"async\" class=\"alignnone size-medium colorbox-917\" src=\"http:\/\/didierlemarchand.net\/4_site_nouveau\/portfolio-N3\/resurgence_N3\/PF3_resurgence_09\/resurgence_09_06.JPG\" width=\"438\" height=\"438\" \/><\/p>\n<h1><\/h1>\n<p>&nbsp;<\/p>\n<h1 style=\"text-align: center;\">&#8211;<\/h1>\n<h1><\/h1>\n<p>&nbsp;<\/p>\n<p style=\"text-align: center;\"><img loading=\"lazy\" decoding=\"async\" class=\"alignnone size-medium colorbox-917\" src=\"http:\/\/didierlemarchand.net\/4_site_nouveau\/portfolio-N3\/resurgence_N3\/PF3_resurgence_09\/resurgence_09_07.JPG\" width=\"438\" height=\"438\" \/><\/p>\n<h1><\/h1>\n<p>&nbsp;<\/p>\n<h1 style=\"text-align: center;\">&#8211;<\/h1>\n<h1><\/h1>\n<p>&nbsp;<\/p>\n<p style=\"text-align: center;\"><img loading=\"lazy\" decoding=\"async\" class=\"alignnone size-medium colorbox-917\" src=\"http:\/\/didierlemarchand.net\/4_site_nouveau\/portfolio-N3\/resurgence_N3\/PF3_resurgence_09\/resurgence_09_08.JPG\" width=\"438\" height=\"438\" \/><\/p>\n<h1><\/h1>\n<p>&nbsp;<\/p>\n<h1 style=\"text-align: center;\">&#8211;<\/h1>\n<h1><\/h1>\n<p>&nbsp;<\/p>\n<p style=\"text-align: center;\"><img loading=\"lazy\" decoding=\"async\" class=\"alignnone size-medium colorbox-917\" src=\"http:\/\/didierlemarchand.net\/4_site_nouveau\/portfolio-N3\/resurgence_N3\/PF3_resurgence_09\/resurgence_09_09.JPG\" width=\"438\" height=\"438\" \/><\/p>\n<h1><\/h1>\n<p>&nbsp;<\/p>\n<h1 style=\"text-align: center;\">&#8211;<\/h1>\n<h1><\/h1>\n<p>&nbsp;<\/p>\n<p style=\"text-align: center;\"><img loading=\"lazy\" decoding=\"async\" class=\"alignnone size-medium colorbox-917\" src=\"http:\/\/didierlemarchand.net\/4_site_nouveau\/portfolio-N3\/resurgence_N3\/PF3_resurgence_09\/resurgence_09_10.JPG\" width=\"438\" height=\"438\" \/><\/p>\n<h1><\/h1>\n<p>&nbsp;<\/p>\n<h1 style=\"text-align: center;\">&#8211;<\/h1>\n<h1><\/h1>\n<p>&nbsp;<\/p>\n<p style=\"text-align: center;\"><img loading=\"lazy\" decoding=\"async\" class=\"alignnone size-medium colorbox-917\" src=\"http:\/\/didierlemarchand.net\/4_site_nouveau\/portfolio-N3\/resurgence_N3\/PF3_resurgence_09\/resurgence_09_11.JPG\" width=\"438\" height=\"438\" \/><\/p>\n<h1><\/h1>\n<p>&nbsp;<\/p>\n<h1 style=\"text-align: center;\">&#8211;<\/h1>\n<h1><\/h1>\n<p>&nbsp;<\/p>\n<p style=\"text-align: center;\"><img loading=\"lazy\" decoding=\"async\" class=\"alignnone size-medium colorbox-917\" src=\"http:\/\/didierlemarchand.net\/4_site_nouveau\/portfolio-N3\/resurgence_N3\/PF3_resurgence_09\/resurgence_09_12.JPG\" width=\"438\" height=\"438\" \/><\/p>\n<h1><\/h1>\n<p>&nbsp;<\/p>\n<h1 style=\"text-align: center;\">&#8211;<\/h1>\n<h1><\/h1>\n<p>&nbsp;<\/p>\n<p style=\"text-align: center;\"><img loading=\"lazy\" decoding=\"async\" class=\"alignnone size-medium colorbox-917\" src=\"http:\/\/didierlemarchand.net\/4_site_nouveau\/portfolio-N3\/resurgence_N3\/PF3_resurgence_09\/resurgence_09_13.JPG\" width=\"438\" height=\"438\" \/><\/p>\n<h1><\/h1>\n<p>&nbsp;<\/p>\n<h1 style=\"text-align: center;\">&#8211;<\/h1>\n<h1><\/h1>\n<p>&nbsp;<\/p>\n<p style=\"text-align: center;\"><img loading=\"lazy\" decoding=\"async\" class=\"alignnone size-medium colorbox-917\" src=\"http:\/\/didierlemarchand.net\/4_site_nouveau\/portfolio-N3\/resurgence_N3\/PF3_resurgence_09\/resurgence_09_14.JPG\" width=\"438\" height=\"438\" \/><\/p>\n<h1><\/h1>\n<p>&nbsp;<\/p>\n<h1 style=\"text-align: center;\">&#8211;<\/h1>\n<h1><\/h1>\n<p>&nbsp;<\/p>\n<p style=\"text-align: center;\"><img loading=\"lazy\" decoding=\"async\" class=\"alignnone size-medium colorbox-917\" src=\"http:\/\/didierlemarchand.net\/4_site_nouveau\/portfolio-N3\/resurgence_N3\/PF3_resurgence_09\/resurgence_09_15.JPG\" width=\"438\" height=\"438\" \/><\/p>\n<h1><\/h1>\n<p>&nbsp;<\/p>\n<h1 style=\"text-align: center;\">&#8211;<\/h1>\n<h1><\/h1>\n<p>&nbsp;<\/p>\n<p style=\"text-align: center;\"><img loading=\"lazy\" decoding=\"async\" class=\"alignnone size-medium colorbox-917\" src=\"http:\/\/didierlemarchand.net\/4_site_nouveau\/portfolio-N3\/resurgence_N3\/PF3_resurgence_09\/resurgence_09_16.JPG\" width=\"438\" height=\"438\" \/><\/p>\n<h1><\/h1>\n<p>&nbsp;<\/p>\n<h1 style=\"text-align: center;\">&#8211;<\/h1>\n<h1><\/h1>\n<p>&nbsp;<\/p>\n<p style=\"text-align: center;\"><img loading=\"lazy\" decoding=\"async\" class=\"alignnone size-medium colorbox-917\" src=\"http:\/\/didierlemarchand.net\/4_site_nouveau\/portfolio-N3\/resurgence_N3\/PF3_resurgence_09\/resurgence_09_17.JPG\" width=\"438\" height=\"438\" \/><\/p>\n<h1><\/h1>\n<p>&nbsp;<\/p>\n<h1 style=\"text-align: center;\">&#8211;<\/h1>\n<h1><\/h1>\n<p>&nbsp;<\/p>\n<p style=\"text-align: center;\"><img loading=\"lazy\" decoding=\"async\" class=\"alignnone size-medium colorbox-917\" src=\"http:\/\/didierlemarchand.net\/4_site_nouveau\/portfolio-N3\/resurgence_N3\/PF3_resurgence_09\/resurgence_09_18.JPG\" width=\"438\" height=\"438\" \/><\/p>\n<h1><\/h1>\n<p>&nbsp;<\/p>\n<h1 style=\"text-align: center;\">&#8211;<\/h1>\n<h1><\/h1>\n<p>&nbsp;<\/p>\n<p style=\"text-align: center;\"><img loading=\"lazy\" decoding=\"async\" class=\"alignnone size-medium colorbox-917\" src=\"http:\/\/didierlemarchand.net\/4_site_nouveau\/portfolio-N3\/resurgence_N3\/PF3_resurgence_09\/resurgence_09_19.JPG\" width=\"438\" height=\"438\" \/><\/p>\n<h1><\/h1>\n<p>&nbsp;<\/p>\n<h1 style=\"text-align: center;\">&#8211;<\/h1>\n<h1><\/h1>\n<p>&nbsp;<\/p>\n<p style=\"text-align: center;\"><img loading=\"lazy\" decoding=\"async\" class=\"alignnone size-medium colorbox-917\" src=\"http:\/\/didierlemarchand.net\/4_site_nouveau\/portfolio-N3\/resurgence_N3\/PF3_resurgence_09\/resurgence_09_20.JPG\" width=\"438\" height=\"438\" \/><\/p>\n<h1><\/h1>\n<p>&nbsp;<\/p>\n<h1 style=\"text-align: center;\">&#8211;<\/h1>\n<h1><\/h1>\n<p>&nbsp;<\/p>\n<p style=\"text-align: center;\"><img loading=\"lazy\" decoding=\"async\" class=\"alignnone size-medium colorbox-917\" src=\"http:\/\/didierlemarchand.net\/4_site_nouveau\/portfolio-N3\/resurgence_N3\/PF3_resurgence_09\/resurgence_09_21.JPG\" width=\"438\" height=\"438\" \/><\/p>\n<h1><\/h1>\n<p>&nbsp;<\/p>\n<h1 style=\"text-align: center;\">&#8211;<\/h1>\n<h1><\/h1>\n<p>&nbsp;<\/p>\n<p style=\"text-align: center;\"><img loading=\"lazy\" decoding=\"async\" class=\"alignnone size-medium colorbox-917\" src=\"http:\/\/didierlemarchand.net\/4_site_nouveau\/portfolio-N3\/resurgence_N3\/PF3_resurgence_09\/resurgence_09_22.JPG\" width=\"438\" height=\"438\" \/><\/p>\n<h1><\/h1>\n<p>&nbsp;<\/p>\n<h1 style=\"text-align: center;\">&#8211;<\/h1>\n<h1><\/h1>\n<p>&nbsp;<\/p>\n<p style=\"text-align: center;\"><img loading=\"lazy\" decoding=\"async\" class=\"alignnone size-medium colorbox-917\" src=\"http:\/\/didierlemarchand.net\/4_site_nouveau\/portfolio-N3\/resurgence_N3\/PF3_resurgence_09\/resurgence_09_23.JPG\" width=\"438\" height=\"438\" \/><\/p>\n<h1><\/h1>\n<p>&nbsp;<\/p>\n<h1 style=\"text-align: center;\">&#8211;<\/h1>\n<h1><\/h1>\n<p>&nbsp;<\/p>\n<p style=\"text-align: center;\"><img loading=\"lazy\" decoding=\"async\" class=\"alignnone size-medium colorbox-917\" src=\"http:\/\/didierlemarchand.net\/4_site_nouveau\/portfolio-N3\/resurgence_N3\/PF3_resurgence_09\/resurgence_09_24.JPG\" width=\"438\" height=\"438\" \/><\/p>\n<h1><\/h1>\n<p>&nbsp;<\/p>\n<h1 style=\"text-align: center;\">&#8211;<\/h1>\n<h1><\/h1>\n<p>&nbsp;<\/p>\n<p style=\"text-align: center;\"><img loading=\"lazy\" decoding=\"async\" class=\"alignnone size-medium colorbox-917\" src=\"http:\/\/didierlemarchand.net\/4_site_nouveau\/portfolio-N3\/resurgence_N3\/PF3_resurgence_09\/resurgence_09_25.JPG\" width=\"438\" height=\"438\" \/><\/p>\n<h1><\/h1>\n<p>&nbsp;<\/p>\n<h1 style=\"text-align: center;\">&#8211;<\/h1>\n<h1><\/h1>\n<p>&nbsp;<\/p>\n<p style=\"text-align: center;\"><img loading=\"lazy\" decoding=\"async\" class=\"alignnone size-medium colorbox-917\" src=\"http:\/\/didierlemarchand.net\/4_site_nouveau\/portfolio-N3\/resurgence_N3\/PF3_resurgence_09\/resurgence_09_26.JPG\" width=\"438\" height=\"438\" \/><\/p>\n<h1><\/h1>\n<p>&nbsp;<\/p>\n<h1 style=\"text-align: center;\">&#8211;<\/h1>\n<h1><\/h1>\n<p>&nbsp;<\/p>\n<p style=\"text-align: center;\"><img loading=\"lazy\" decoding=\"async\" class=\"alignnone size-medium colorbox-917\" src=\"http:\/\/didierlemarchand.net\/4_site_nouveau\/portfolio-N3\/resurgence_N3\/PF3_resurgence_09\/resurgence_09_27.JPG\" width=\"438\" height=\"438\" \/><\/p>\n<h1><\/h1>\n<p>&nbsp;<\/p>\n<h1 style=\"text-align: center;\">&#8211;<\/h1>\n<h1><\/h1>\n<p>&nbsp;<\/p>\n<p style=\"text-align: center;\"><img loading=\"lazy\" decoding=\"async\" class=\"alignnone size-medium colorbox-917\" src=\"http:\/\/didierlemarchand.net\/4_site_nouveau\/portfolio-N3\/resurgence_N3\/PF3_resurgence_09\/resurgence_09_11.JPG\" width=\"438\" height=\"438\" \/><\/p>\n<h1><\/h1>\n<p>&nbsp;<\/p>\n<h1 style=\"text-align: center;\">&#8211;<\/h1>\n<h1><\/h1>\n<p>&nbsp;<\/p>\n<p style=\"text-align: center;\"><img loading=\"lazy\" decoding=\"async\" class=\"alignnone size-medium colorbox-917\" src=\"http:\/\/didierlemarchand.net\/4_site_nouveau\/portfolio-N3\/resurgence_N3\/PF3_resurgence_09\/resurgence_09_28.JPG\" width=\"438\" height=\"438\" \/><\/p>\n<h1><\/h1>\n<p>&nbsp;<\/p>\n<h1 style=\"text-align: center;\">&#8211;<\/h1>\n<h1><\/h1>\n<p>&nbsp;<\/p>\n<p style=\"text-align: center;\"><img loading=\"lazy\" decoding=\"async\" class=\"alignnone size-medium colorbox-917\" src=\"http:\/\/didierlemarchand.net\/4_site_nouveau\/portfolio-N3\/resurgence_N3\/PF3_resurgence_09\/resurgence_09_29.JPG\" width=\"438\" height=\"438\" \/><\/p>\n<h1><\/h1>\n<p>&nbsp;<\/p>\n<h1 style=\"text-align: center;\">&#8211;<\/h1>\n<h1><\/h1>\n<p>&nbsp;<\/p>\n<p style=\"text-align: center;\"><img loading=\"lazy\" decoding=\"async\" class=\"alignnone size-medium colorbox-917\" src=\"http:\/\/didierlemarchand.net\/4_site_nouveau\/portfolio-N3\/resurgence_N3\/PF3_resurgence_09\/resurgence_09_30.JPG\" width=\"438\" height=\"438\" \/><\/p>\n<h1><\/h1>\n<p>&nbsp;<\/p>\n<h1 style=\"text-align: center;\">&#8211;<\/h1>\n<h1><\/h1>\n<p>&nbsp;<\/p>\n<p style=\"text-align: center;\"><img loading=\"lazy\" decoding=\"async\" class=\"alignnone size-medium colorbox-917\" src=\"http:\/\/didierlemarchand.net\/4_site_nouveau\/portfolio-N3\/resurgence_N3\/PF3_resurgence_09\/resurgence_09_31.JPG\" width=\"438\" height=\"438\" \/><\/p>\n<h1><\/h1>\n<p>&nbsp;<\/p>\n<h1 style=\"text-align: center;\">&#8211;<\/h1>\n<h1><\/h1>\n<p>&nbsp;<\/p>\n<p style=\"text-align: center;\"><img loading=\"lazy\" decoding=\"async\" class=\"alignnone size-medium colorbox-917\" src=\"http:\/\/didierlemarchand.net\/4_site_nouveau\/portfolio-N3\/resurgence_N3\/PF3_resurgence_09\/resurgence_09_32.JPG\" width=\"438\" height=\"438\" \/><\/p>\n<h1><\/h1>\n<p>&nbsp;<\/p>\n<h1 style=\"text-align: center;\">&#8211;<\/h1>\n<h1 style=\"text-align: center;\"><\/h1>\n<p>\u00ab Le pain est fini, on va rentrer, s&rsquo;enfoncer en soi, en regardant ses mains, s&rsquo;enliser en regardant le po\u00eale ou la figure d&rsquo;un type, en \u00e9tant l\u00e0 assis, s&rsquo;enfoncer jusqu&rsquo;\u00e0 s&rsquo;approcher de la figure de M&#8230;, de D&#8230;, l\u00e0-bas. \u00bb<br \/>\nRobert Antelme \u2013 L&rsquo;esp\u00e8ce humaine 1947<\/p>\n<p>Peut-on faire des photographies sur un camp nazi en 2015?<br \/>\nL&rsquo;ambivalence de la langue fran\u00e7aise fait que derri\u00e8re cette question simple se cache une question double et complexe. On peut la comprendre de ces deux fa\u00e7ons :<\/p>\n<p style=\"padding-left: 30px;\">&#8211; Est-on autoris\u00e9, \u00e9thiquement parlant, quand on n&rsquo;a pas \u00e9t\u00e9 personnellement ou indirectement touch\u00e9 par la d\u00e9portation, \u00e0 parler de celle-ci \u00e0 travers des photographies?<br \/>\n&#8211; Est-il possible, techniquement parlant, 70 ans apr\u00e8s la lib\u00e9ration des camps, de r\u00e9aliser des photographies sur cette p\u00e9riode de l&rsquo;histoire?<\/p>\n<p>La premi\u00e8re question m&rsquo;a longtemps taraud\u00e9. Les guerres de l&rsquo;ex-Yougoslavie et les \u00e9v\u00e8nements du Rwanda m&rsquo;ont d\u00e9finitivement disculp\u00e9s de ces doutes. La barbarie, la d\u00e9portation et le g\u00e9nocide concernent l&rsquo;humanit\u00e9 enti\u00e8re.<br \/>\nLa deuxi\u00e8me question, tout historien se la pose devant les traces qu&rsquo;il analyse. Son travail est un travail de reconstruction, d&rsquo;\u00e9criture \u00e0 partir de documents de sources diverses. Pour le photographe, le probl\u00e8me est plus aigu et peut vite s&rsquo;av\u00e9rer plus hasardeux : il ne peut photographier et donc s&rsquo;exprimer qu&rsquo;\u00e0 partir de ce qu&rsquo;il voit. En l&rsquo;occurrence, 70 ans apr\u00e8s, qu&rsquo;a-t-il sous les yeux ? Dans le meilleur des cas, un site, des b\u00e2timents. L&rsquo;environnement imm\u00e9diat a chang\u00e9 : les chemins d&rsquo;acc\u00e8s ont \u00e9t\u00e9 am\u00e9nag\u00e9s comme les abords pour l&rsquo;accueil des visiteurs, des \u00ab touristes \u00bb pourrait on oser dire. Les b\u00e2timents subissent l&rsquo;outrage du temps, il faut les entretenir, voire parfois les r\u00e9nover \u00e0 \u00ab l&rsquo;identique \u00bb ce qui n&rsquo;est pas sans poser probl\u00e8me.<\/p>\n<p>Le camp de Natzweiler a \u00e9chapp\u00e9 en partie \u00e0 cette r\u00e9novation. Cependant, pour les visiteurs, la survivance de seulement 4 baraquements ne permet pas \u00e0 elle seule de rendre compte de ce qu&rsquo;a \u00e9t\u00e9 la vie du camp. Pour rem\u00e9dier \u00e0 cette lacune, la d\u00e9couverte du camp est accompagn\u00e9e de commentaires historiques, scientifiques.<br \/>\nPar contre, pour le photographe que je suis, le probl\u00e8me demeure : il n&rsquo;y trouve pas mati\u00e8re \u00e0 son travail, \u00e0 moins d&rsquo;opter, comme cela a d\u00e9j\u00e0 \u00e9t\u00e9 fait, pour un pathos fait d&rsquo;effets jouant sur des contre-plong\u00e9es ou des lumi\u00e8res dramaturgiques. La photographie ne devient alors que l&rsquo;illustration de r\u00e9cits, de t\u00e9moignages.<\/p>\n<p align=\"justify\">J&rsquo;ai pour ligne de conduite de m&rsquo;en tenir strictement au r\u00e9el et d&rsquo;en rendre compte \u00e0 partir d&rsquo;une exp\u00e9rience v\u00e9cue en tant que sujet regardant. Ici cela signifiait tenter, \u00e0 partir de l&rsquo;existant, de laisser saillir une forme de v\u00e9racit\u00e9 historique \u00e0 travers ma propre subjectivit\u00e9, par un travail oscillant entre distanciation et projection.<br \/>\nLe projet de ce travail s&rsquo;est pr\u00e9cis\u00e9 quand j&rsquo;ai appris que le Centre europ\u00e9en du r\u00e9sistant d\u00e9port\u00e9 disposait d&rsquo;un fond important d&rsquo;objets et de documents donn\u00e9s par d&rsquo;anciens d\u00e9port\u00e9s.<br \/>\nCette collection a \u00e9t\u00e9 mise \u00e0 ma disposition pendant deux jours. Exp\u00e9rience unique.<br \/>\nCoup\u00e9 du monde pr\u00e9sent, j&rsquo;ai op\u00e9r\u00e9 une plong\u00e9e en apn\u00e9e dans un pass\u00e9 sinistre.<\/p>\n<p style=\"padding-left: 30px;\" align=\"justify\">&#8211; Pendant ces deux jours j&rsquo;ai travaill\u00e9, seul, dans une pi\u00e8ce annexe \u00e0 la r\u00e9serve du centre. On m&rsquo;y a apport\u00e9 des objets pr\u00e9cieusement rang\u00e9s dans des papiers de soie, des papiers administratifs, des courriers. Afin de respecter les normes de la conservation, je ne devais les manipuler qu&rsquo;avec des gants de coton blanc.<br \/>\n&#8211; J&rsquo;y ai ressenti tout \u00e0 la fois la bureaucratie nazie, l&rsquo;exploitation industrielle de la main d&rsquo;oeuvre prisonni\u00e8re, la survie quotidienne des prisonniers, leur volont\u00e9 de r\u00e9sister en faisant perdurer la m\u00e9moire d&rsquo;une vie d&rsquo;un avant et enfin la mort rationalis\u00e9e.<br \/>\n&#8211; J&rsquo;y ai touch\u00e9 de pr\u00e8s la vie des d\u00e9port\u00e9s. En fait, ce verbe n&rsquo;est pas juste, je devrais plut\u00f4t dire : j&rsquo;y ai vu de pr\u00e8s la vie des d\u00e9port\u00e9s. Ma perception tactile \u00e9tait limit\u00e9e du fait des gants. Ils me permettaient de percevoir la forme des choses, de ressentir leur poids mais absolument pas de sentir leur mati\u00e8re. Seuls les yeux me le permettait, cette distance sensorielle, frustrante, m&rsquo;en rappelait une autre : la distance temporelle. Ces objets sont des vestiges. Pour beaucoup, ils ne sont plus tels qu&rsquo;ils ont \u00e9t\u00e9 \u00e0 l&rsquo;\u00e9poque de leur utilisation, ils ont vieilli. Le pass\u00e9 est pr\u00e9sent mais ce n&rsquo;est plus le pr\u00e9sent.<\/p>\n<p>Une vision s&rsquo;est alors impos\u00e9e \u00e0 moi. Voici quels en ont \u00e9t\u00e9 les parti-pris :<\/p>\n<p style=\"padding-left: 30px;\">&#8211; mon regard serait celui d&rsquo;un myope : face-\u00e0-face empathique, hors du pr\u00e9sent du spectateur, et parall\u00e8lement rappel de la vision que devait \u00eatre celle du prisonnier,<br \/>\n&#8211; je ne pr\u00e9senterais que des fragments pris dans leur environnement actuel : il ne s&rsquo;agit pas de reconstitution,<br \/>\n&#8211; je me limiterais \u00e0 des seuls effets de lumi\u00e8re et de nettet\u00e9 : comme si le pass\u00e9 remontait \u00e0 la surface,<br \/>\n&#8211; les surfaces seraient tr\u00e8s pr\u00e9sentes dans leurs textures illusionnistes : illusion d&rsquo;une r\u00e9alit\u00e9 qui, \u00e0 jamais, nous sera difficilement p\u00e9n\u00e9trable.<\/p>\n<p>Maintenant, les images sont l\u00e0. In fine, elles ne sont que des balises : la r\u00e9alit\u00e9 vraie reste \u00e0 percevoir entre les images.<\/p>\n","protected":false},"excerpt":{"rendered":"<p>2015 \u2013 30 x 30 cm \u2013 impression pigmentaire dossier de pr\u00e9sentation t\u00e9l\u00e9chargeable &#8211; &nbsp; &#8211; &nbsp; &nbsp; &#8211; &nbsp; <span class=\"ellipsis\">&hellip;<\/span> <span class=\"more-link-wrap\"><a href=\"https:\/\/didierlemarchand.net\/site\/portfolio-2\/resurgences\/4-4\/\" class=\"more-link\"><span>Continue Reading &rarr;<\/span><\/a><\/span><\/p>\n","protected":false},"author":2,"featured_media":0,"parent":1300,"menu_order":11,"comment_status":"closed","ping_status":"closed","template":"","meta":{"_seopress_robots_primary_cat":"","_seopress_titles_title":"","_seopress_titles_desc":"","_seopress_robots_index":"","footnotes":""},"_links":{"self":[{"href":"https:\/\/didierlemarchand.net\/site\/wp-json\/wp\/v2\/pages\/917"}],"collection":[{"href":"https:\/\/didierlemarchand.net\/site\/wp-json\/wp\/v2\/pages"}],"about":[{"href":"https:\/\/didierlemarchand.net\/site\/wp-json\/wp\/v2\/types\/page"}],"author":[{"embeddable":true,"href":"https:\/\/didierlemarchand.net\/site\/wp-json\/wp\/v2\/users\/2"}],"replies":[{"embeddable":true,"href":"https:\/\/didierlemarchand.net\/site\/wp-json\/wp\/v2\/comments?post=917"}],"version-history":[{"count":34,"href":"https:\/\/didierlemarchand.net\/site\/wp-json\/wp\/v2\/pages\/917\/revisions"}],"predecessor-version":[{"id":20561,"href":"https:\/\/didierlemarchand.net\/site\/wp-json\/wp\/v2\/pages\/917\/revisions\/20561"}],"up":[{"embeddable":true,"href":"https:\/\/didierlemarchand.net\/site\/wp-json\/wp\/v2\/pages\/1300"}],"wp:attachment":[{"href":"https:\/\/didierlemarchand.net\/site\/wp-json\/wp\/v2\/media?parent=917"}],"curies":[{"name":"wp","href":"https:\/\/api.w.org\/{rel}","templated":true}]}}