{"id":905,"date":"2015-12-17T22:00:01","date_gmt":"2015-12-17T21:00:01","guid":{"rendered":"http:\/\/didierlemarchand.net\/site\/?page_id=905"},"modified":"2018-02-22T19:21:36","modified_gmt":"2018-02-22T18:21:36","slug":"melting-poste","status":"publish","type":"page","link":"https:\/\/didierlemarchand.net\/site\/ecrits\/melting-poste\/","title":{"rendered":"melting poste"},"content":{"rendered":"<div id=\"ecrits_liens_texte\">\n<p style=\"text-align: left;\" align=\"left\"><strong>texte de Dominique Saint-Dizier<br \/>\n<\/strong><\/p>\n<p align=\"left\"><img loading=\"lazy\" decoding=\"async\" class=\"size-medium aligncenter colorbox-905\" src=\"http:\/\/didierlemarchand.net\/4_site_nouveau\/portfolio-N3\/mot_N3\/PF3_meltingP\/couverture.jpg\" width=\"300\" height=\"300\" \/><\/p>\n<p style=\"text-align: left;\" align=\"left\"><a href=\"http:\/\/www.corps-puce.org\/\" target=\"_blank\" rel=\"noopener\">Editions Corps Puce<\/a>, Collection Libert\u00e9 sur parole<\/p>\n<ul>\n<li style=\"text-align: left;\">26 photographies en couleur<\/li>\n<li style=\"text-align: left;\">14 x 14 cm, 80 pages, 500 exemplaires<\/li>\n<li style=\"text-align: left;\">Prix de vente : 14 \u20ac<\/li>\n<\/ul>\n<p>&nbsp;<\/p>\n<p>Ces photographies de bo\u00eetes aux lettres ne donnent pas \u00e0 voir mais \u00e0 imaginer. Leur identit\u00e9 visuelle appelle implicitement \u00e0 l\u2019\u00e9criture. Le \u00ab\u2009Ce que j\u2019ai \u00e0 te dire\u2009\u00bb du narrateur r\u00e9pond \u00e0 cet \u00eatre-l\u00e0, cette pr\u00e9sence discr\u00e8te, effac\u00e9e ou inter\u00adjective et aguicheuse de l\u2019image. L\u2019exub\u00e9rance narrative et l\u2019humour s\u2019accordent \u00e0 la beaut\u00e9 singuli\u00e8re et po\u00e9tique de ces photographies.<\/p>\n<\/div>\n","protected":false},"excerpt":{"rendered":"<p>texte de Dominique Saint-Dizier Editions Corps Puce, Collection Libert\u00e9 sur parole 26 photographies en couleur 14 x 14 cm, 80 <span class=\"ellipsis\">&hellip;<\/span> <span class=\"more-link-wrap\"><a href=\"https:\/\/didierlemarchand.net\/site\/ecrits\/melting-poste\/\" class=\"more-link\"><span>Continue Reading &rarr;<\/span><\/a><\/span><\/p>\n","protected":false},"author":2,"featured_media":0,"parent":22,"menu_order":1,"comment_status":"closed","ping_status":"closed","template":"","meta":{"_seopress_robots_primary_cat":"","_seopress_titles_title":"","_seopress_titles_desc":"","_seopress_robots_index":"","_seopress_analysis_target_kw":"","footnotes":""},"_links":{"self":[{"href":"https:\/\/didierlemarchand.net\/site\/wp-json\/wp\/v2\/pages\/905"}],"collection":[{"href":"https:\/\/didierlemarchand.net\/site\/wp-json\/wp\/v2\/pages"}],"about":[{"href":"https:\/\/didierlemarchand.net\/site\/wp-json\/wp\/v2\/types\/page"}],"author":[{"embeddable":true,"href":"https:\/\/didierlemarchand.net\/site\/wp-json\/wp\/v2\/users\/2"}],"replies":[{"embeddable":true,"href":"https:\/\/didierlemarchand.net\/site\/wp-json\/wp\/v2\/comments?post=905"}],"version-history":[{"count":11,"href":"https:\/\/didierlemarchand.net\/site\/wp-json\/wp\/v2\/pages\/905\/revisions"}],"predecessor-version":[{"id":2327,"href":"https:\/\/didierlemarchand.net\/site\/wp-json\/wp\/v2\/pages\/905\/revisions\/2327"}],"up":[{"embeddable":true,"href":"https:\/\/didierlemarchand.net\/site\/wp-json\/wp\/v2\/pages\/22"}],"wp:attachment":[{"href":"https:\/\/didierlemarchand.net\/site\/wp-json\/wp\/v2\/media?parent=905"}],"curies":[{"name":"wp","href":"https:\/\/api.w.org\/{rel}","templated":true}]}}