{"id":788,"date":"2014-10-15T14:51:51","date_gmt":"2014-10-15T12:51:51","guid":{"rendered":"http:\/\/didierlemarchand.net\/site\/?page_id=788"},"modified":"2018-01-20T18:55:39","modified_gmt":"2018-01-20T17:55:39","slug":"photographies-nb-colorise","status":"publish","type":"page","link":"https:\/\/didierlemarchand.net\/site\/photographies-nb-colorise\/","title":{"rendered":"photographies en noir et blanc coloris\u00e9"},"content":{"rendered":"<p>1977-83 &#8211; diverses s\u00e9ries &#8211; formats vari\u00e9s<\/p>\n<div id=\"pratiques_texte\">\n<p>De 1978 \u00e0 1983 la photographie a \u00e9t\u00e9 l\u2019essentiel de mon activit\u00e9. \u00c9tranger \u00e0 la fa\u00e7on dont le n&amp;b \u00e9tait habituellement trait\u00e9 en photographie (clair-obscur) et insatisfait des possibilit\u00e9s et de la mati\u00e8re des tirages couleur ordinaires, j\u2019ai d\u00fb d\u00e9velopper un ensemble de pratiques nouvelles pour \u00e0 la fois d\u00e9tourner le n&amp;b de son esth\u00e9tique implicitement admise et aborder la couleur : le manque comme principe cr\u00e9atif.<br \/>\ncuisine\u00a0: fort agrandissement, tirage tr\u00e8s clair et peu contrast\u00e9 , masquage, coloration par encrage, virages multiples s\u00e9lectifs.<\/p>\n<p>effets<\/p>\n<ul>\n<li>forte granulation cr\u00e9atrice de micro-espaces secrets, perturbant la relation forme\/fond.<\/li>\n<li>forme se diluant dans le blanc du papier.<\/li>\n<li>vacillement \u00e0 peine perceptible des valeurs vers la couleur.<\/li>\n<li>superposition de r\u00e9seaux color\u00e9s et de r\u00e9seaux de valeur qui ne fusionnent pas.<\/li>\n<li>application de couleurs presque \u00abr\u00e9elles\u00bb dont le d\u00e9calage minime cr\u00e9e une impression d\u2019\u00e9tranget\u00e9.<\/li>\n<li>pr\u00e9dilection pour certaines couleurs comme le bleu, le blanc, les gris chauds et froids, couleurs sans sonorit\u00e9, couleurs d\u2019une immobilit\u00e9 ind\u00e9cise.<\/li>\n<\/ul>\n<p>Une seule image est pr\u00e9sent\u00e9e par s\u00e9rie. L&rsquo;ensemble des originaux est en cours de num\u00e9risation.<\/p>\n<p>&nbsp;<\/p>\n<p style=\"text-align: center;\">&#8211;<\/p>\n<p style=\"text-align: center;\">\n<\/div>\n<div id=\"photo\" style=\"text-align: center;\"><img class=\"colorbox-788\"  loading=\"lazy\" decoding=\"async\" alt=\"facade_01_10\" src=\"http:\/\/www.didierlemarchand.net\/noir_blanc_colorise\/facade_01_10.jpg\" width=\"340\" height=\"438\" \/><\/div>\n<div style=\"text-align: center;\"><\/div>\n<div style=\"text-align: center;\">&#8211;<\/div>\n<div style=\"text-align: center;\"><\/div>\n<div id=\"photo\" style=\"text-align: center;\"><img class=\"colorbox-788\"  loading=\"lazy\" decoding=\"async\" alt=\"echappee_01_01\" src=\"http:\/\/www.didierlemarchand.net\/noir_blanc_colorise\/echappee_01_01.jpg\" width=\"695\" height=\"229\" \/><\/div>\n<div style=\"text-align: center;\"><\/div>\n<div style=\"text-align: center;\">&#8211;<\/div>\n<div style=\"text-align: center;\"><\/div>\n<div id=\"photo\" style=\"text-align: center;\"><img class=\"colorbox-788\"  loading=\"lazy\" decoding=\"async\" alt=\"coin_01_05\" src=\"http:\/\/www.didierlemarchand.net\/noir_blanc_colorise\/coin_01_05.jpg\" width=\"691\" height=\"438\" \/><\/div>\n<div style=\"text-align: center;\"><\/div>\n<div style=\"text-align: center;\">&#8211;<\/div>\n<div style=\"text-align: center;\"><\/div>\n<div id=\"photo\" style=\"text-align: center;\"><img class=\"colorbox-788\"  loading=\"lazy\" decoding=\"async\" alt=\"passage_01_10\" src=\"http:\/\/www.didierlemarchand.net\/noir_blanc_colorise\/passage_01_10.jpg\" width=\"559\" height=\"438\" \/><\/div>\n<div style=\"text-align: center;\"><\/div>\n<div style=\"text-align: center;\">&#8211;<\/div>\n<div style=\"text-align: center;\"><\/div>\n<div id=\"photo\" style=\"text-align: center;\"><img class=\"colorbox-788\"  loading=\"lazy\" decoding=\"async\" alt=\"au del\u00e0_01_06\" src=\"http:\/\/www.didierlemarchand.net\/noir_blanc_colorise\/audela_01_06.jpg\" width=\"568\" height=\"438\" \/><\/div>\n<div style=\"text-align: center;\"><\/div>\n<div style=\"text-align: center;\">&#8211;<\/div>\n<div style=\"text-align: center;\"><\/div>\n<div id=\"photo\" style=\"text-align: center;\"><img class=\"colorbox-788\"  loading=\"lazy\" decoding=\"async\" alt=\"errance_01_05\" src=\"http:\/\/www.didierlemarchand.net\/noir_blanc_colorise\/errance_01_05.jpg\" width=\"321\" height=\"438\" \/><\/div>\n<div style=\"text-align: center;\"><\/div>\n<div style=\"text-align: center;\">&#8211;<\/div>\n<div style=\"text-align: center;\"><\/div>\n<div id=\"photo\" style=\"text-align: center;\"><img class=\"colorbox-788\"  loading=\"lazy\" decoding=\"async\" alt=\"errance_01_03\" src=\"http:\/\/www.didierlemarchand.net\/noir_blanc_colorise\/errance_01_03.jpg\" width=\"319\" height=\"438\" \/><\/div>\n<div style=\"text-align: center;\"><\/div>\n<div style=\"text-align: center;\">&#8211;<\/div>\n<div style=\"text-align: center;\"><\/div>\n<div id=\"photo\" style=\"text-align: center;\"><img class=\"colorbox-788\"  loading=\"lazy\" decoding=\"async\" alt=\"voile_01_06\" src=\"http:\/\/www.didierlemarchand.net\/noir_blanc_colorise\/voile_01_06.jpg\" width=\"695\" height=\"319\" \/><\/div>\n<div style=\"text-align: center;\"><\/div>\n<div style=\"text-align: center;\">&#8211;<\/div>\n<div style=\"text-align: center;\"><\/div>\n<div id=\"photo\" style=\"text-align: center;\"><img class=\"colorbox-788\"  loading=\"lazy\" decoding=\"async\" alt=\"trame_02_03\" src=\"http:\/\/www.didierlemarchand.net\/noir_blanc_colorise\/trame_02_03.jpg\" width=\"329\" height=\"438\" \/><\/div>\n<div style=\"text-align: center;\"><\/div>\n<div style=\"text-align: center;\">&#8211;<\/div>\n<div style=\"text-align: center;\"><\/div>\n<div id=\"photo\" style=\"text-align: center;\"><img class=\"colorbox-788\"  loading=\"lazy\" decoding=\"async\" alt=\"interieur_02_02\" src=\"http:\/\/www.didierlemarchand.net\/noir_blanc_colorise\/interieur_02_02.jpg\" width=\"318\" height=\"438\" \/><\/div>\n<div style=\"text-align: center;\"><\/div>\n<div style=\"text-align: center;\">&#8211;<\/div>\n<div style=\"text-align: center;\"><\/div>\n<div id=\"photo_fin\" style=\"text-align: center;\"><img class=\"colorbox-788\"  loading=\"lazy\" decoding=\"async\" alt=\"ici_et_la_01_08\" src=\"http:\/\/www.didierlemarchand.net\/noir_blanc_colorise\/ici_et_la_01_08.jpg\" width=\"601\" height=\"438\" \/><\/div>\n<div style=\"text-align: center;\"><\/div>\n<div style=\"text-align: center;\">&#8211;<\/div>\n","protected":false},"excerpt":{"rendered":"<p>1977-83 &#8211; diverses s\u00e9ries &#8211; formats vari\u00e9s De 1978 \u00e0 1983 la photographie a \u00e9t\u00e9 l\u2019essentiel de mon activit\u00e9. \u00c9tranger <span class=\"ellipsis\">&hellip;<\/span> <span class=\"more-link-wrap\"><a href=\"https:\/\/didierlemarchand.net\/site\/photographies-nb-colorise\/\" class=\"more-link\"><span>Continue Reading &rarr;<\/span><\/a><\/span><\/p>\n","protected":false},"author":2,"featured_media":0,"parent":0,"menu_order":148,"comment_status":"closed","ping_status":"closed","template":"","meta":{"_seopress_robots_primary_cat":"","_seopress_titles_title":"","_seopress_titles_desc":"","_seopress_robots_index":"","_seopress_analysis_target_kw":"","footnotes":""},"_links":{"self":[{"href":"https:\/\/didierlemarchand.net\/site\/wp-json\/wp\/v2\/pages\/788"}],"collection":[{"href":"https:\/\/didierlemarchand.net\/site\/wp-json\/wp\/v2\/pages"}],"about":[{"href":"https:\/\/didierlemarchand.net\/site\/wp-json\/wp\/v2\/types\/page"}],"author":[{"embeddable":true,"href":"https:\/\/didierlemarchand.net\/site\/wp-json\/wp\/v2\/users\/2"}],"replies":[{"embeddable":true,"href":"https:\/\/didierlemarchand.net\/site\/wp-json\/wp\/v2\/comments?post=788"}],"version-history":[{"count":2,"href":"https:\/\/didierlemarchand.net\/site\/wp-json\/wp\/v2\/pages\/788\/revisions"}],"predecessor-version":[{"id":790,"href":"https:\/\/didierlemarchand.net\/site\/wp-json\/wp\/v2\/pages\/788\/revisions\/790"}],"wp:attachment":[{"href":"https:\/\/didierlemarchand.net\/site\/wp-json\/wp\/v2\/media?parent=788"}],"curies":[{"name":"wp","href":"https:\/\/api.w.org\/{rel}","templated":true}]}}