{"id":785,"date":"2014-10-15T14:47:51","date_gmt":"2014-10-15T12:47:51","guid":{"rendered":"http:\/\/didierlemarchand.net\/site\/?page_id=785"},"modified":"2018-01-20T18:55:45","modified_gmt":"2018-01-20T17:55:45","slug":"photographies-noir-et-blanc","status":"publish","type":"page","link":"https:\/\/didierlemarchand.net\/site\/photographies-noir-et-blanc\/","title":{"rendered":"photographies noir et blanc"},"content":{"rendered":"<p>1982-85 &#8211; diverses s\u00e9ries &#8211; formats vari\u00e9s<\/p>\n<div id=\"pratiques_texte\">\n<p>En 1982, ma pratique du virage et de l\u2019encrage me semblant avoir montr\u00e9 ses limites, je suis revenu au n&amp;b ordinaire par diff\u00e9rentes approches :<\/p>\n<ul>\n<li>besoin de travailler plus rapidement, plus librement, de privil\u00e9gier la prise de vue sur le travail de laboratoire<\/li>\n<li>utilisation de la solarisation pour revenir au travail en laboratoire \u00e0 travers une approche exp\u00e9rimentale qui permet toujours de s\u2019\u00e9loigner de l\u2019illusion r\u00e9aliste tout en laissant une plus grande part au hasard.<\/li>\n<li>pratique du d\u00e9tourage pour jouer de l\u2019ambigu\u00eft\u00e9 entre un espace tridimensionnel r\u00e9el et un autre figur\u00e9, entre le champ et le hors-champ.<\/li>\n<li>prise de vue au Minox. La taille r\u00e9duite de l\u2019appareil donne une plus grande disponibilit\u00e9 et induit une prise de vue plus al\u00e9atoire (flou, boug\u00e9, sous-exposition) qui a pour effet, entre autre, de d\u00e9truire les rep\u00e8res spatiaux lin\u00e9aires et de rendre l\u2019espace du photographi\u00e9 plus \u00e9quivoque.<\/li>\n<\/ul>\n<p>Ce site ne pr\u00e9sente qu&rsquo;un exemple de chaque s\u00e9rie faite en N&amp;B.<\/p>\n<p>&nbsp;<\/p>\n<p style=\"text-align: center;\">&#8211;<\/p>\n<p style=\"text-align: center;\">\n<\/div>\n<div id=\"photo\" style=\"text-align: center;\"><img class=\"colorbox-785\"  loading=\"lazy\" decoding=\"async\" alt=\"plage_02_05\" src=\"http:\/\/www.didierlemarchand.net\/noir_blanc\/plage_02_05.png\" width=\"491\" height=\"438\" \/><\/div>\n<div style=\"text-align: center;\"><\/div>\n<div style=\"text-align: center;\">&#8211;<\/div>\n<div style=\"text-align: center;\"><\/div>\n<div id=\"photo\" style=\"text-align: center;\"><img class=\"colorbox-785\"  loading=\"lazy\" decoding=\"async\" alt=\"errance_02_02\" src=\"http:\/\/www.didierlemarchand.net\/noir_blanc\/errance_02_02.jpg\" width=\"379\" height=\"438\" \/><\/div>\n<div style=\"text-align: center;\"><\/div>\n<div style=\"text-align: center;\">&#8211;<\/div>\n<div style=\"text-align: center;\"><\/div>\n<div id=\"photo\" style=\"text-align: center;\"><img class=\"colorbox-785\"  loading=\"lazy\" decoding=\"async\" alt=\"passage_02_01\" src=\"http:\/\/www.didierlemarchand.net\/noir_blanc\/passage_02_01.jpg\" width=\"300\" height=\"438\" \/><\/div>\n<div style=\"text-align: center;\"><\/div>\n<div style=\"text-align: center;\">&#8211;<\/div>\n<div style=\"text-align: center;\"><\/div>\n<div id=\"photo\" style=\"text-align: center;\"><img class=\"colorbox-785\"  loading=\"lazy\" decoding=\"async\" alt=\"speculer_02_05\" src=\"http:\/\/www.didierlemarchand.net\/noir_blanc\/speculer_02_05.png\" width=\"610\" height=\"438\" \/><\/div>\n<div style=\"text-align: center;\"><\/div>\n<div style=\"text-align: center;\">&#8211;<\/div>\n<div style=\"text-align: center;\"><\/div>\n<div id=\"photo\" style=\"text-align: center;\"><img class=\"colorbox-785\"  loading=\"lazy\" decoding=\"async\" alt=\"pierre_d'achoppement\" src=\"http:\/\/www.didierlemarchand.net\/noir_blanc\/pierre_d_choppement_01_03.png\" width=\"373\" height=\"438\" \/><\/div>\n<div style=\"text-align: center;\"><\/div>\n<div style=\"text-align: center;\">&#8211;<\/div>\n","protected":false},"excerpt":{"rendered":"<p>1982-85 &#8211; diverses s\u00e9ries &#8211; formats vari\u00e9s En 1982, ma pratique du virage et de l\u2019encrage me semblant avoir montr\u00e9 <span class=\"ellipsis\">&hellip;<\/span> <span class=\"more-link-wrap\"><a href=\"https:\/\/didierlemarchand.net\/site\/photographies-noir-et-blanc\/\" class=\"more-link\"><span>Continue Reading &rarr;<\/span><\/a><\/span><\/p>\n","protected":false},"author":2,"featured_media":0,"parent":0,"menu_order":149,"comment_status":"closed","ping_status":"closed","template":"","meta":{"_seopress_robots_primary_cat":"","_seopress_titles_title":"","_seopress_titles_desc":"","_seopress_robots_index":"","_seopress_analysis_target_kw":"","footnotes":""},"_links":{"self":[{"href":"https:\/\/didierlemarchand.net\/site\/wp-json\/wp\/v2\/pages\/785"}],"collection":[{"href":"https:\/\/didierlemarchand.net\/site\/wp-json\/wp\/v2\/pages"}],"about":[{"href":"https:\/\/didierlemarchand.net\/site\/wp-json\/wp\/v2\/types\/page"}],"author":[{"embeddable":true,"href":"https:\/\/didierlemarchand.net\/site\/wp-json\/wp\/v2\/users\/2"}],"replies":[{"embeddable":true,"href":"https:\/\/didierlemarchand.net\/site\/wp-json\/wp\/v2\/comments?post=785"}],"version-history":[{"count":1,"href":"https:\/\/didierlemarchand.net\/site\/wp-json\/wp\/v2\/pages\/785\/revisions"}],"predecessor-version":[{"id":786,"href":"https:\/\/didierlemarchand.net\/site\/wp-json\/wp\/v2\/pages\/785\/revisions\/786"}],"wp:attachment":[{"href":"https:\/\/didierlemarchand.net\/site\/wp-json\/wp\/v2\/media?parent=785"}],"curies":[{"name":"wp","href":"https:\/\/api.w.org\/{rel}","templated":true}]}}