{"id":771,"date":"2014-10-15T14:36:24","date_gmt":"2014-10-15T12:36:24","guid":{"rendered":"http:\/\/didierlemarchand.net\/site\/?page_id=771"},"modified":"2018-02-22T16:02:20","modified_gmt":"2018-02-22T15:02:20","slug":"ouvertures-8","status":"publish","type":"page","link":"https:\/\/didierlemarchand.net\/site\/portfolio-2\/espace\/ouvertures-8\/","title":{"rendered":"ouvertures 8"},"content":{"rendered":"<p>1987 &#8211; s\u00e9rie de 8 travaux &#8211; 21 x 17 cm &#8211; crayon de couleur sur papier<\/p>\n<p>Dessins faits \u00e0 partir de photographies.<\/p>\n<p>Besoin apr\u00e8s plusieurs ann\u00e9es de non-figuration de revenir au r\u00e9el qui sous-tendait cette pratique.<br \/>\nFen\u00eatres : m\u00e9taphore de la peinture, d\u00e9but d&rsquo;autre chose.<\/p>\n<p>La totalit\u00e9 des dessins est en cours de num\u00e9risation..<\/p>\n<p>&nbsp;<\/p>\n<p style=\"text-align: center;\">&#8211;<\/p>\n<div id=\"photo\"><img loading=\"lazy\" decoding=\"async\" class=\"aligncenter colorbox-771\" src=\"http:\/\/didierlemarchand.net\/4_site_nouveau\/portfolio-N3\/travaux_anciens\/ouverture8.jpg\" alt=\"ouverture 8\" width=\"352\" height=\"438\" \/><\/div>\n","protected":false},"excerpt":{"rendered":"<p>1987 &#8211; s\u00e9rie de 8 travaux &#8211; 21 x 17 cm &#8211; crayon de couleur sur papier Dessins faits \u00e0 <span class=\"ellipsis\">&hellip;<\/span> <span class=\"more-link-wrap\"><a href=\"https:\/\/didierlemarchand.net\/site\/portfolio-2\/espace\/ouvertures-8\/\" class=\"more-link\"><span>Continue Reading &rarr;<\/span><\/a><\/span><\/p>\n","protected":false},"author":2,"featured_media":0,"parent":1298,"menu_order":266,"comment_status":"closed","ping_status":"closed","template":"","meta":{"_seopress_robots_primary_cat":"","_seopress_titles_title":"","_seopress_titles_desc":"","_seopress_robots_index":"","footnotes":""},"_links":{"self":[{"href":"https:\/\/didierlemarchand.net\/site\/wp-json\/wp\/v2\/pages\/771"}],"collection":[{"href":"https:\/\/didierlemarchand.net\/site\/wp-json\/wp\/v2\/pages"}],"about":[{"href":"https:\/\/didierlemarchand.net\/site\/wp-json\/wp\/v2\/types\/page"}],"author":[{"embeddable":true,"href":"https:\/\/didierlemarchand.net\/site\/wp-json\/wp\/v2\/users\/2"}],"replies":[{"embeddable":true,"href":"https:\/\/didierlemarchand.net\/site\/wp-json\/wp\/v2\/comments?post=771"}],"version-history":[{"count":5,"href":"https:\/\/didierlemarchand.net\/site\/wp-json\/wp\/v2\/pages\/771\/revisions"}],"predecessor-version":[{"id":2311,"href":"https:\/\/didierlemarchand.net\/site\/wp-json\/wp\/v2\/pages\/771\/revisions\/2311"}],"up":[{"embeddable":true,"href":"https:\/\/didierlemarchand.net\/site\/wp-json\/wp\/v2\/pages\/1298"}],"wp:attachment":[{"href":"https:\/\/didierlemarchand.net\/site\/wp-json\/wp\/v2\/media?parent=771"}],"curies":[{"name":"wp","href":"https:\/\/api.w.org\/{rel}","templated":true}]}}