{"id":767,"date":"2014-10-15T14:32:24","date_gmt":"2014-10-15T12:32:24","guid":{"rendered":"http:\/\/didierlemarchand.net\/site\/?page_id=767"},"modified":"2018-02-22T15:52:33","modified_gmt":"2018-02-22T14:52:33","slug":"sublimations","status":"publish","type":"page","link":"https:\/\/didierlemarchand.net\/site\/portfolio-2\/espace\/sublimations\/","title":{"rendered":"sublimations"},"content":{"rendered":"<p>1987 &#8211; d\u00e9calcomanie\u00a0&#8211; 29,7 x 21 cm<\/p>\n<div id=\"pratiques_texte\">\n<p>D\u00e9calcomanies effectu\u00e9es \u00e0 partir de pages de magazines :<\/p>\n<ul>\n<li>Int\u00e9grer le monde d\u2019images qui nous environne et le d\u00e9tourner en d\u00e9feuillant des revues<\/li>\n<li>communiquer sans informer<\/li>\n<li>ne garder du message que les bruits<\/li>\n<li>chercher le secret, le refoul\u00e9, le rien m\u00e9taphysique dans une production de grande diffusion<\/li>\n<li>faire coexister une trace si lointaine soit-elle de cette image, et en \u00e9cho ce qu\u2019elle a stimul\u00e9<\/li>\n<\/ul>\n<p>impr\u00e9gner la belle image au revers avec un solvant (le trichlor\u00e9thyl\u00e8ne), la tamponner, amadouer l\u2019encre, caresser le papier, l\u2019agresser pour dissoudre la couleur s\u00e8che, la d\u00e9coller.<br \/>\nSolvant qui saoule, sensations qui m\u2019\u00e9voquent celles de Michaux sous l\u2019effet de la mescaline :<\/p>\n<ul>\n<li>\u00ab rendre le lieu sans lieu, la mati\u00e8re sans mat\u00e9rialit\u00e9, l\u2019espace sans limitation; \u00bb<\/li>\n<li>\u00ab toutes dimensions \u00e0 pr\u00e9sent flottantes, incertaines. \u00bb<\/li>\n<li>\u00ab Peinture par oubli de soi, \u00bb<\/li>\n<\/ul>\n<p>Cette s\u00e9rie est d\u00e9clin\u00e9e en plusieurs sous-s\u00e9ries. Une seule image est pr\u00e9sent\u00e9e par sous-s\u00e9rie. L&rsquo;ensemble des originaux est en cours de num\u00e9risation.<\/p>\n<p>&nbsp;<\/p>\n<\/div>\n<div style=\"text-align: center;\">&#8211;<\/div>\n<div style=\"text-align: center;\"><\/div>\n<div id=\"photo\" style=\"text-align: center;\"><img class=\"colorbox-767\"  loading=\"lazy\" decoding=\"async\" src=\"http:\/\/didierlemarchand.net\/4_site_nouveau\/portfolio-N3\/travaux_anciens\/divers_2.jpg\" alt=\"sublimation 1\" width=\"309\" height=\"438\" \/><\/div>\n<div style=\"text-align: center;\"><\/div>\n<div style=\"text-align: center;\">&#8211;<\/div>\n<div style=\"text-align: center;\"><\/div>\n<div id=\"photo\" style=\"text-align: center;\"><img class=\"colorbox-767\"  loading=\"lazy\" decoding=\"async\" src=\"http:\/\/didierlemarchand.net\/4_site_nouveau\/portfolio-N3\/travaux_anciens\/divers_5.jpg\" alt=\"sublimation 2\" width=\"309\" height=\"438\" \/><\/div>\n<div style=\"text-align: center;\"><\/div>\n<div style=\"text-align: center;\">&#8211;<\/div>\n<div style=\"text-align: center;\"><\/div>\n<div id=\"photo_fin\"><img loading=\"lazy\" decoding=\"async\" class=\"aligncenter colorbox-767\" src=\"http:\/\/didierlemarchand.net\/4_site_nouveau\/portfolio-N3\/travaux_anciens\/divers_6.jpg\" alt=\"sublimation 3\" width=\"309\" height=\"438\" \/><\/div>\n","protected":false},"excerpt":{"rendered":"<p>1987 &#8211; d\u00e9calcomanie\u00a0&#8211; 29,7 x 21 cm D\u00e9calcomanies effectu\u00e9es \u00e0 partir de pages de magazines : Int\u00e9grer le monde d\u2019images <span class=\"ellipsis\">&hellip;<\/span> <span class=\"more-link-wrap\"><a href=\"https:\/\/didierlemarchand.net\/site\/portfolio-2\/espace\/sublimations\/\" class=\"more-link\"><span>Continue Reading &rarr;<\/span><\/a><\/span><\/p>\n","protected":false},"author":2,"featured_media":0,"parent":1298,"menu_order":296,"comment_status":"closed","ping_status":"closed","template":"","meta":{"_seopress_robots_primary_cat":"","_seopress_titles_title":"","_seopress_titles_desc":"","_seopress_robots_index":"","footnotes":""},"_links":{"self":[{"href":"https:\/\/didierlemarchand.net\/site\/wp-json\/wp\/v2\/pages\/767"}],"collection":[{"href":"https:\/\/didierlemarchand.net\/site\/wp-json\/wp\/v2\/pages"}],"about":[{"href":"https:\/\/didierlemarchand.net\/site\/wp-json\/wp\/v2\/types\/page"}],"author":[{"embeddable":true,"href":"https:\/\/didierlemarchand.net\/site\/wp-json\/wp\/v2\/users\/2"}],"replies":[{"embeddable":true,"href":"https:\/\/didierlemarchand.net\/site\/wp-json\/wp\/v2\/comments?post=767"}],"version-history":[{"count":3,"href":"https:\/\/didierlemarchand.net\/site\/wp-json\/wp\/v2\/pages\/767\/revisions"}],"predecessor-version":[{"id":2303,"href":"https:\/\/didierlemarchand.net\/site\/wp-json\/wp\/v2\/pages\/767\/revisions\/2303"}],"up":[{"embeddable":true,"href":"https:\/\/didierlemarchand.net\/site\/wp-json\/wp\/v2\/pages\/1298"}],"wp:attachment":[{"href":"https:\/\/didierlemarchand.net\/site\/wp-json\/wp\/v2\/media?parent=767"}],"curies":[{"name":"wp","href":"https:\/\/api.w.org\/{rel}","templated":true}]}}