{"id":765,"date":"2014-10-15T14:30:25","date_gmt":"2014-10-15T12:30:25","guid":{"rendered":"http:\/\/didierlemarchand.net\/site\/?page_id=765"},"modified":"2023-02-07T15:53:30","modified_gmt":"2023-02-07T14:53:30","slug":"adherences","status":"publish","type":"page","link":"https:\/\/didierlemarchand.net\/site\/portfolio-2\/espace\/adherences\/","title":{"rendered":"adh\u00e9rences"},"content":{"rendered":"<p>1987 collage\u00a0&#8211; 29,7 x 21 cm<\/p>\n<div id=\"pratiques_texte\">\n<p>Adh\u00e9rence en m\u00e9decine : union vicieuse ou accidentelle de surfaces contigu\u00ebs.<\/p>\n<p>Trouver de la beaut\u00e9 dans le rebut :<\/p>\n<ul>\n<li>les rubans de masquage de peinture<\/li>\n<li>les enveloppes<\/li>\n<li>les emballages<\/li>\n<\/ul>\n<p>Jouer du vide, des transparences.<\/p>\n<p>&nbsp;<\/p>\n<p>Cette s\u00e9rie est d\u00e9clin\u00e9e en plusieurs sous-s\u00e9ries. Une seule image est pr\u00e9sent\u00e9e par sous-s\u00e9rie. L&rsquo;ensemble des originaux est en cours de num\u00e9risation.<\/p>\n<p style=\"text-align: center;\">&#8211;<\/p>\n<p style=\"text-align: center;\">\n<\/div>\n<div id=\"photo\" style=\"text-align: center;\"><img class=\"colorbox-765\"  loading=\"lazy\" decoding=\"async\" src=\"http:\/\/didierlemarchand.net\/4_site_nouveau\/portfolio-N3\/travaux_anciens\/divers_1.jpg\" alt=\"vitres expos\u00e9es\" width=\"309\" height=\"438\" \/><\/div>\n<div style=\"text-align: center;\"><\/div>\n<div style=\"text-align: center;\">&#8211;<\/div>\n<div style=\"text-align: center;\"><\/div>\n<div id=\"photo\" style=\"text-align: center;\"><img class=\"colorbox-765\"  loading=\"lazy\" decoding=\"async\" src=\"http:\/\/didierlemarchand.net\/4_site_nouveau\/portfolio-N3\/travaux_anciens\/divers_3.jpg\" alt=\"d\u00e9tail\" width=\"312\" height=\"438\" \/><\/div>\n<div style=\"text-align: center;\"><\/div>\n<div style=\"text-align: center;\"><\/div>\n<div style=\"text-align: center;\">&#8211;<\/div>\n<div style=\"text-align: center;\"><\/div>\n<div id=\"photo_fin\"><img loading=\"lazy\" decoding=\"async\" class=\"aligncenter colorbox-765\" src=\"http:\/\/didierlemarchand.net\/4_site_nouveau\/portfolio-N3\/travaux_anciens\/divers_4.jpg\" alt=\"d\u00e9tail\" width=\"309\" height=\"438\" \/><\/div>\n<p>&nbsp;<\/p>\n","protected":false},"excerpt":{"rendered":"<p>1987 collage\u00a0&#8211; 29,7 x 21 cm Adh\u00e9rence en m\u00e9decine : union vicieuse ou accidentelle de surfaces contigu\u00ebs. Trouver de la <span class=\"ellipsis\">&hellip;<\/span> <span class=\"more-link-wrap\"><a href=\"https:\/\/didierlemarchand.net\/site\/portfolio-2\/espace\/adherences\/\" class=\"more-link\"><span>Continue Reading &rarr;<\/span><\/a><\/span><\/p>\n","protected":false},"author":2,"featured_media":0,"parent":1298,"menu_order":2,"comment_status":"closed","ping_status":"closed","template":"","meta":{"_seopress_robots_primary_cat":"","_seopress_titles_title":"","_seopress_titles_desc":"","_seopress_robots_index":"","footnotes":""},"_links":{"self":[{"href":"https:\/\/didierlemarchand.net\/site\/wp-json\/wp\/v2\/pages\/765"}],"collection":[{"href":"https:\/\/didierlemarchand.net\/site\/wp-json\/wp\/v2\/pages"}],"about":[{"href":"https:\/\/didierlemarchand.net\/site\/wp-json\/wp\/v2\/types\/page"}],"author":[{"embeddable":true,"href":"https:\/\/didierlemarchand.net\/site\/wp-json\/wp\/v2\/users\/2"}],"replies":[{"embeddable":true,"href":"https:\/\/didierlemarchand.net\/site\/wp-json\/wp\/v2\/comments?post=765"}],"version-history":[{"count":2,"href":"https:\/\/didierlemarchand.net\/site\/wp-json\/wp\/v2\/pages\/765\/revisions"}],"predecessor-version":[{"id":2302,"href":"https:\/\/didierlemarchand.net\/site\/wp-json\/wp\/v2\/pages\/765\/revisions\/2302"}],"up":[{"embeddable":true,"href":"https:\/\/didierlemarchand.net\/site\/wp-json\/wp\/v2\/pages\/1298"}],"wp:attachment":[{"href":"https:\/\/didierlemarchand.net\/site\/wp-json\/wp\/v2\/media?parent=765"}],"curies":[{"name":"wp","href":"https:\/\/api.w.org\/{rel}","templated":true}]}}