{"id":753,"date":"2014-10-14T22:44:20","date_gmt":"2014-10-14T20:44:20","guid":{"rendered":"http:\/\/didierlemarchand.net\/site\/?page_id=753"},"modified":"2018-02-22T15:50:41","modified_gmt":"2018-02-22T14:50:41","slug":"flaque-de-verre","status":"publish","type":"page","link":"https:\/\/didierlemarchand.net\/site\/portfolio-2\/espace\/flaque-de-verre\/","title":{"rendered":"flaque de verre"},"content":{"rendered":"<p>1988 &#8211; s\u00e9rie de 7 travaux\u00a0&#8211; 100 x 200 cm &#8211; acrylique sur calque polyester<\/p>\n<p>Travail parti de rien, ou du simple d\u00e9sir de travailler sur un support transparent. Le sens est venu apr\u00e8s.<\/p>\n<p style=\"padding-left: 30px;\" align=\"justify\"><em>La dorure du soleil sur l\u2019\u0153il, sur le cadre, sur les parties faibles de l\u2019appareil &#8211; le rayon qui casse.<\/em><br \/>\n<em> Tout luit dans les mains bleues qui soutiennent le ciel &#8211; les mains des anges &#8211; plus longues que l\u2019\u00e9clair et le fil du tonnerre &#8211; le nuage qui \u00e9clate en poussi\u00e8re d\u2019\u00e9cume. Le vent n\u2019arrive qu\u2019au moment o\u00f9 la poitrine respire \u00e0 l\u2019horizon &#8211; le vent charg\u00e9 du bruit des voix perdues, de tout le poids des feuilles et des noms inconnus qui cachent leur orgueil. Et tout est \u00e0 l\u2019orage &#8211; le gris du mur, le fer, la fen\u00eatre basse. M\u00eame l\u2019\u0153il ferm\u00e9 \u00e0 l\u2019air &#8211; les ombres qui passent. Alors on court au ressac contre les limites, la terre ferme et la place o\u00f9 tout s\u2019\u00e9crase et s\u2019\u00e9vanouit plus vite.<\/em><br \/>\n<em> Le ciel est d\u00e9chir\u00e9, l\u2019eau coule sur ma t\u00eate &#8211; et les toits envol\u00e9s &#8211; les ailes des oiseaux nocturnes effray\u00e9s par la temp\u00eate.<\/em><\/p>\n<p style=\"padding-left: 30px;\" align=\"justify\">P. Reverdy, Flaques de verre.<\/p>\n<p style=\"text-align: center;\" align=\"justify\">&#8211;<\/p>\n<p align=\"justify\"><img loading=\"lazy\" decoding=\"async\" class=\"aligncenter colorbox-753\" src=\"http:\/\/didierlemarchand.net\/4_site_nouveau\/portfolio-N3\/travaux_anciens\/flaquedeverre.jpg\" alt=\"flaque de verre\" width=\"665\" height=\"330\" \/><\/p>\n","protected":false},"excerpt":{"rendered":"<p>1988 &#8211; s\u00e9rie de 7 travaux\u00a0&#8211; 100 x 200 cm &#8211; acrylique sur calque polyester Travail parti de rien, ou <span class=\"ellipsis\">&hellip;<\/span> <span class=\"more-link-wrap\"><a href=\"https:\/\/didierlemarchand.net\/site\/portfolio-2\/espace\/flaque-de-verre\/\" class=\"more-link\"><span>Continue Reading &rarr;<\/span><\/a><\/span><\/p>\n","protected":false},"author":2,"featured_media":0,"parent":1298,"menu_order":211,"comment_status":"closed","ping_status":"closed","template":"","meta":{"_seopress_robots_primary_cat":"","_seopress_titles_title":"","_seopress_titles_desc":"","_seopress_robots_index":"","footnotes":""},"_links":{"self":[{"href":"https:\/\/didierlemarchand.net\/site\/wp-json\/wp\/v2\/pages\/753"}],"collection":[{"href":"https:\/\/didierlemarchand.net\/site\/wp-json\/wp\/v2\/pages"}],"about":[{"href":"https:\/\/didierlemarchand.net\/site\/wp-json\/wp\/v2\/types\/page"}],"author":[{"embeddable":true,"href":"https:\/\/didierlemarchand.net\/site\/wp-json\/wp\/v2\/users\/2"}],"replies":[{"embeddable":true,"href":"https:\/\/didierlemarchand.net\/site\/wp-json\/wp\/v2\/comments?post=753"}],"version-history":[{"count":7,"href":"https:\/\/didierlemarchand.net\/site\/wp-json\/wp\/v2\/pages\/753\/revisions"}],"predecessor-version":[{"id":2301,"href":"https:\/\/didierlemarchand.net\/site\/wp-json\/wp\/v2\/pages\/753\/revisions\/2301"}],"up":[{"embeddable":true,"href":"https:\/\/didierlemarchand.net\/site\/wp-json\/wp\/v2\/pages\/1298"}],"wp:attachment":[{"href":"https:\/\/didierlemarchand.net\/site\/wp-json\/wp\/v2\/media?parent=753"}],"curies":[{"name":"wp","href":"https:\/\/api.w.org\/{rel}","templated":true}]}}