{"id":737,"date":"2014-10-14T19:35:49","date_gmt":"2014-10-14T17:35:49","guid":{"rendered":"http:\/\/didierlemarchand.net\/site\/?page_id=737"},"modified":"2018-02-22T15:43:27","modified_gmt":"2018-02-22T14:43:27","slug":"traversees3","status":"publish","type":"page","link":"https:\/\/didierlemarchand.net\/site\/portfolio-2\/espace\/traversees3\/","title":{"rendered":"travers(\u00e9)es 3"},"content":{"rendered":"<p>1992 &#8211; s\u00e9rie de 12 travaux &#8211; 118 x 160 cm &#8211; encre grasse noire sur film polyester<\/p>\n<div id=\"texte_serie\">\n<p>Travaux r\u00e9alis\u00e9s sur film transparent souple, sur lequel est d\u00e9pos\u00e9e une encre grasse noire par tamponnage.<\/p>\n<p>Les traces se d\u00e9doublent, par leur ombre, sur le mur.<\/p>\n<p style=\"padding-left: 30px;\"><em>\u00ab Le monde \u00e9tait comme un mythe, une dimension transparente et plane, et tout ce qu\u2019il y avait dessus n\u2019y serait que pour tr\u00e8s peu de temps. \u00bb<\/em><\/p>\n<p style=\"padding-left: 30px;\">J. Fante, Ask the Dust.<\/p>\n<p style=\"text-align: center;\">&#8211;<\/p>\n<p style=\"text-align: center;\">\n<\/div>\n<div id=\"photo\" style=\"text-align: center;\"><img class=\"colorbox-737\"  loading=\"lazy\" decoding=\"async\" src=\"http:\/\/didierlemarchand.net\/4_site_nouveau\/portfolio-N3\/travaux_anciens\/traversee03.png\" alt=\"travers\u00e9es 3\" width=\"598\" height=\"438\" \/><\/div>\n<div style=\"text-align: center;\">&#8211;<\/div>\n<div style=\"text-align: center;\"><\/div>\n<div id=\"photo\" style=\"text-align: center;\">\n<p><img class=\"colorbox-737\"  loading=\"lazy\" decoding=\"async\" src=\"http:\/\/didierlemarchand.net\/4_site_nouveau\/portfolio-N3\/travaux_anciens\/traversee03_det.jpg\" alt=\"travers\u00e9es 3\" width=\"356\" height=\"232\" \/><\/p>\n<p>d\u00e9tail<\/p>\n<p>&#8211;<\/p>\n<p>&nbsp;<\/p>\n<\/div>\n<div id=\"photo_fin\">\n<p style=\"text-align: center;\"><img class=\"colorbox-737\"  loading=\"lazy\" decoding=\"async\" src=\"http:\/\/didierlemarchand.net\/4_site_nouveau\/portfolio-N3\/travaux_anciens\/traversee03_situation.jpg\" alt=\"travers\u00e9es 3\" width=\"397\" height=\"232\" \/><\/p>\n<p style=\"text-align: center;\" align=\"right\">exposition espace Jean Legendre 1993<\/p>\n<\/div>\n","protected":false},"excerpt":{"rendered":"<p>1992 &#8211; s\u00e9rie de 12 travaux &#8211; 118 x 160 cm &#8211; encre grasse noire sur film polyester Travaux r\u00e9alis\u00e9s <span class=\"ellipsis\">&hellip;<\/span> <span class=\"more-link-wrap\"><a href=\"https:\/\/didierlemarchand.net\/site\/portfolio-2\/espace\/traversees3\/\" class=\"more-link\"><span>Continue Reading &rarr;<\/span><\/a><\/span><\/p>\n","protected":false},"author":2,"featured_media":0,"parent":1298,"menu_order":301,"comment_status":"closed","ping_status":"closed","template":"","meta":{"_seopress_robots_primary_cat":"","_seopress_titles_title":"","_seopress_titles_desc":"","_seopress_robots_index":"","footnotes":""},"_links":{"self":[{"href":"https:\/\/didierlemarchand.net\/site\/wp-json\/wp\/v2\/pages\/737"}],"collection":[{"href":"https:\/\/didierlemarchand.net\/site\/wp-json\/wp\/v2\/pages"}],"about":[{"href":"https:\/\/didierlemarchand.net\/site\/wp-json\/wp\/v2\/types\/page"}],"author":[{"embeddable":true,"href":"https:\/\/didierlemarchand.net\/site\/wp-json\/wp\/v2\/users\/2"}],"replies":[{"embeddable":true,"href":"https:\/\/didierlemarchand.net\/site\/wp-json\/wp\/v2\/comments?post=737"}],"version-history":[{"count":8,"href":"https:\/\/didierlemarchand.net\/site\/wp-json\/wp\/v2\/pages\/737\/revisions"}],"predecessor-version":[{"id":2295,"href":"https:\/\/didierlemarchand.net\/site\/wp-json\/wp\/v2\/pages\/737\/revisions\/2295"}],"up":[{"embeddable":true,"href":"https:\/\/didierlemarchand.net\/site\/wp-json\/wp\/v2\/pages\/1298"}],"wp:attachment":[{"href":"https:\/\/didierlemarchand.net\/site\/wp-json\/wp\/v2\/media?parent=737"}],"curies":[{"name":"wp","href":"https:\/\/api.w.org\/{rel}","templated":true}]}}