{"id":735,"date":"2014-10-14T19:33:37","date_gmt":"2014-10-14T17:33:37","guid":{"rendered":"http:\/\/didierlemarchand.net\/site\/?page_id=735"},"modified":"2018-02-22T15:42:29","modified_gmt":"2018-02-22T14:42:29","slug":"traversees-4","status":"publish","type":"page","link":"https:\/\/didierlemarchand.net\/site\/portfolio-2\/espace\/traversees-4\/","title":{"rendered":"travers(\u00e9)es 4"},"content":{"rendered":"<p>1992.93 &#8211; s\u00e9rie de 12 travaux &#8211; 117 x 159 cm &#8211; peinture glyc\u00e9rophtalique sur film polyester<\/p>\n<div id=\"texte_serie\">\n<p>Travaux r\u00e9alis\u00e9s sur film transparent souple, sur lequel est d\u00e9pos\u00e9 un pigment noir qui adh\u00e8re par la projection pr\u00e9alable d&rsquo;un vernis transparent.<\/p>\n<p>Les traces se d\u00e9doublent, par leur ombre, sur le mur.<\/p>\n<p style=\"padding-left: 30px;\" align=\"justify\"><em>\u00ab Edifices impalpables et mutuellement perm\u00e9ables qui n\u2019ont ni couleurs ni dur\u00e9e, milliers de bulles qui \u00e9clatent au moment o\u00f9 elles se forment. Elles s\u2019effacent comme nu\u00e9es instantan\u00e9es et n\u2019en \u00e9manent pas moins d\u2019un foyer unique et compact dont elles constituent les fragiles et passag\u00e8res \u00e9tincelles. \u00bb<\/em><\/p>\n<p style=\"padding-left: 30px;\" align=\"justify\">R. Caillois, Coh\u00e9rences aventureuses.<\/p>\n<p style=\"text-align: center;\">&#8211;<\/p>\n<p>&nbsp;<\/p>\n<\/div>\n<div id=\"photo\"><img loading=\"lazy\" decoding=\"async\" class=\"aligncenter colorbox-735\" src=\"http:\/\/didierlemarchand.net\/4_site_nouveau\/portfolio-N3\/travaux_anciens\/traversee4.jpg\" alt=\"travers(\u00e9)es 4 \" width=\"598\" height=\"438\" \/><\/div>\n<div style=\"text-align: center;\">&#8211;<\/div>\n<div id=\"photo\">\n<p><img loading=\"lazy\" decoding=\"async\" class=\"aligncenter colorbox-735\" src=\"http:\/\/didierlemarchand.net\/4_site_nouveau\/portfolio-N3\/travaux_anciens\/traversee4_det2.jpg\" alt=\"travers(\u00e9)es 4 \" width=\"361\" height=\"232\" \/><\/p>\n<p style=\"text-align: center;\" align=\"right\">d\u00e9tail<\/p>\n<p style=\"text-align: center;\" align=\"right\">&#8211;<\/p>\n<\/div>\n<div id=\"photo_fin\">\n<p><img loading=\"lazy\" decoding=\"async\" class=\"aligncenter colorbox-735\" src=\"http:\/\/didierlemarchand.net\/4_site_nouveau\/portfolio-N3\/travaux_anciens\/traversee4_1993_05_Caccv_2.jpg\" alt=\"travers(\u00e9)es 4 \" width=\"397\" height=\"232\" \/><\/p>\n<p style=\"text-align: center;\" align=\"right\">exposition espace Jean Legendre 1993<\/p>\n<\/div>\n","protected":false},"excerpt":{"rendered":"<p>1992.93 &#8211; s\u00e9rie de 12 travaux &#8211; 117 x 159 cm &#8211; peinture glyc\u00e9rophtalique sur film polyester Travaux r\u00e9alis\u00e9s sur <span class=\"ellipsis\">&hellip;<\/span> <span class=\"more-link-wrap\"><a href=\"https:\/\/didierlemarchand.net\/site\/portfolio-2\/espace\/traversees-4\/\" class=\"more-link\"><span>Continue Reading &rarr;<\/span><\/a><\/span><\/p>\n","protected":false},"author":2,"featured_media":0,"parent":1298,"menu_order":303,"comment_status":"closed","ping_status":"closed","template":"","meta":{"_seopress_robots_primary_cat":"","_seopress_titles_title":"","_seopress_titles_desc":"","_seopress_robots_index":"","footnotes":""},"_links":{"self":[{"href":"https:\/\/didierlemarchand.net\/site\/wp-json\/wp\/v2\/pages\/735"}],"collection":[{"href":"https:\/\/didierlemarchand.net\/site\/wp-json\/wp\/v2\/pages"}],"about":[{"href":"https:\/\/didierlemarchand.net\/site\/wp-json\/wp\/v2\/types\/page"}],"author":[{"embeddable":true,"href":"https:\/\/didierlemarchand.net\/site\/wp-json\/wp\/v2\/users\/2"}],"replies":[{"embeddable":true,"href":"https:\/\/didierlemarchand.net\/site\/wp-json\/wp\/v2\/comments?post=735"}],"version-history":[{"count":5,"href":"https:\/\/didierlemarchand.net\/site\/wp-json\/wp\/v2\/pages\/735\/revisions"}],"predecessor-version":[{"id":2294,"href":"https:\/\/didierlemarchand.net\/site\/wp-json\/wp\/v2\/pages\/735\/revisions\/2294"}],"up":[{"embeddable":true,"href":"https:\/\/didierlemarchand.net\/site\/wp-json\/wp\/v2\/pages\/1298"}],"wp:attachment":[{"href":"https:\/\/didierlemarchand.net\/site\/wp-json\/wp\/v2\/media?parent=735"}],"curies":[{"name":"wp","href":"https:\/\/api.w.org\/{rel}","templated":true}]}}