{"id":731,"date":"2014-10-14T19:30:10","date_gmt":"2014-10-14T17:30:10","guid":{"rendered":"http:\/\/didierlemarchand.net\/site\/?page_id=731"},"modified":"2018-02-22T15:41:29","modified_gmt":"2018-02-22T14:41:29","slug":"occurrences-1","status":"publish","type":"page","link":"https:\/\/didierlemarchand.net\/site\/portfolio-2\/espace\/occurrences-1\/","title":{"rendered":"occurrences 1"},"content":{"rendered":"<p>1994 &#8211; s\u00e9rie de 12 travaux\u00a0&#8211; 8 x 8 cm &#8211; photocopies sur film transparent<\/p>\n<div id=\"pratiques_texte\">\n<p>Au d\u00e9part : des bouts de cotons hydrophiles ayant servi \u00e0 essuyer de la craie grasse. Ces restes sont \u00e9tir\u00e9s, photocopi\u00e9s plusieurs fois de suite pour \u00eatre agrandis. Les images obtenues sont d\u00e9coup\u00e9es puis assembl\u00e9es par quatre. Les ensembles ainsi r\u00e9alis\u00e9s sont photocopi\u00e9s sur film transparent puis superpos\u00e9s sur trois couches \u00e9loign\u00e9es l&rsquo;une de l&rsquo;autre de 2mm. Le tout est plac\u00e9 derri\u00e8re un passe-vue.<\/p>\n<p>formats minuscules<\/p>\n<ul>\n<li>travailler la mise en place de centres n\u00e9vralgiques, d&rsquo;expansion en devenir<\/li>\n<li>d\u00e9velopper l\u2019id\u00e9e de profondeur de l\u2019infime, l&rsquo;id\u00e9e de strates pelliculaires<\/li>\n<li>d\u00e9multiplier dans trois dimensions l\u2019id\u00e9e d\u2019assemblage<\/li>\n<li>frustration du spectateur : devoir choisir entre s\u2019approcher pour voir les d\u00e9tails ou reculer pour ne pas faire de l\u2019ombre \u00e0 l&rsquo;image<\/li>\n<\/ul>\n<\/div>\n<div><\/div>\n<div style=\"text-align: center;\">&#8211;<\/div>\n<div id=\"photo\"><img loading=\"lazy\" decoding=\"async\" class=\"aligncenter colorbox-731\" src=\"http:\/\/didierlemarchand.net\/4_site_nouveau\/portfolio-N3\/travaux_anciens\/occurrence_1.jpg\" alt=\"occurrences 1\" width=\"438\" height=\"438\" \/><\/div>\n<div><\/div>\n<div style=\"text-align: center;\">&#8211;<\/div>\n<div id=\"photo_fin\"><img loading=\"lazy\" decoding=\"async\" class=\"aligncenter colorbox-731\" src=\"http:\/\/didierlemarchand.net\/4_site_nouveau\/portfolio-N3\/travaux_anciens\/\/occurrenece_1det.jpg\" alt=\"occurrences 1\" width=\"439\" height=\"438\" \/><\/div>\n","protected":false},"excerpt":{"rendered":"<p>1994 &#8211; s\u00e9rie de 12 travaux\u00a0&#8211; 8 x 8 cm &#8211; photocopies sur film transparent Au d\u00e9part : des bouts <span class=\"ellipsis\">&hellip;<\/span> <span class=\"more-link-wrap\"><a href=\"https:\/\/didierlemarchand.net\/site\/portfolio-2\/espace\/occurrences-1\/\" class=\"more-link\"><span>Continue Reading &rarr;<\/span><\/a><\/span><\/p>\n","protected":false},"author":2,"featured_media":0,"parent":1298,"menu_order":259,"comment_status":"closed","ping_status":"closed","template":"","meta":{"_seopress_robots_primary_cat":"","_seopress_titles_title":"","_seopress_titles_desc":"","_seopress_robots_index":"","footnotes":""},"_links":{"self":[{"href":"https:\/\/didierlemarchand.net\/site\/wp-json\/wp\/v2\/pages\/731"}],"collection":[{"href":"https:\/\/didierlemarchand.net\/site\/wp-json\/wp\/v2\/pages"}],"about":[{"href":"https:\/\/didierlemarchand.net\/site\/wp-json\/wp\/v2\/types\/page"}],"author":[{"embeddable":true,"href":"https:\/\/didierlemarchand.net\/site\/wp-json\/wp\/v2\/users\/2"}],"replies":[{"embeddable":true,"href":"https:\/\/didierlemarchand.net\/site\/wp-json\/wp\/v2\/comments?post=731"}],"version-history":[{"count":4,"href":"https:\/\/didierlemarchand.net\/site\/wp-json\/wp\/v2\/pages\/731\/revisions"}],"predecessor-version":[{"id":2292,"href":"https:\/\/didierlemarchand.net\/site\/wp-json\/wp\/v2\/pages\/731\/revisions\/2292"}],"up":[{"embeddable":true,"href":"https:\/\/didierlemarchand.net\/site\/wp-json\/wp\/v2\/pages\/1298"}],"wp:attachment":[{"href":"https:\/\/didierlemarchand.net\/site\/wp-json\/wp\/v2\/media?parent=731"}],"curies":[{"name":"wp","href":"https:\/\/api.w.org\/{rel}","templated":true}]}}