{"id":720,"date":"2014-10-14T19:19:47","date_gmt":"2014-10-14T17:19:47","guid":{"rendered":"http:\/\/didierlemarchand.net\/site\/?page_id=720"},"modified":"2018-02-22T15:39:11","modified_gmt":"2018-02-22T14:39:11","slug":"traversees-6","status":"publish","type":"page","link":"https:\/\/didierlemarchand.net\/site\/portfolio-2\/espace\/traversees-6\/","title":{"rendered":"travers(\u00e9)es 6"},"content":{"rendered":"<p>1994 &#8211; s\u00e9rie de 12 travaux &#8211; 195 x 80 cm &#8211; vernis et pigment noir sur film polyester<\/p>\n<p>Travaux r\u00e9alis\u00e9s sur film transparent souple, sur lequel est d\u00e9pos\u00e9 un pigment noir qui adh\u00e8re par la projection pr\u00e9alable d&rsquo;un vernis transparent.<\/p>\n<p>Tr\u00e8s gros plan sur des fibrilles ou comment le Japon resurgit l\u00e0 o\u00f9 on ne l&rsquo;attendait pas.<br \/>\nLes traces se d\u00e9doublent, par leur ombre, sur le mur<\/p>\n<p style=\"text-align: center;\">&#8211;<\/p>\n<div id=\"photo\" style=\"text-align: center;\"><img class=\"colorbox-720\"  loading=\"lazy\" decoding=\"async\" src=\"http:\/\/didierlemarchand.net\/4_site_nouveau\/portfolio-N3\/travaux_anciens\/peinture_10.png\" alt=\"travers(\u00e9)es 6 \" width=\"400\" height=\"438\" \/><\/div>\n<div style=\"text-align: center;\">&#8211;<\/div>\n<div style=\"text-align: center;\"><\/div>\n<div id=\"photo\" style=\"text-align: center;\"><img class=\"colorbox-720\"  loading=\"lazy\" decoding=\"async\" src=\"http:\/\/didierlemarchand.net\/4_site_nouveau\/portfolio-N3\/travaux_anciens\/peinture_10_situation.jpg\" alt=\"travers(\u00e9)es 6 \" width=\"439\" height=\"438\" \/><\/div>\n<div style=\"text-align: center;\">&#8211;<\/div>\n<div style=\"text-align: center;\"><\/div>\n<div id=\"photo_fin\">\n<p style=\"text-align: center;\"><img class=\"colorbox-720\"  loading=\"lazy\" decoding=\"async\" src=\"http:\/\/didierlemarchand.net\/4_site_nouveau\/portfolio-N3\/travaux_anciens\/peinture_10_det3.jpg\" alt=\"travers(\u00e9)es 6 \" width=\"408\" height=\"260\" \/><\/p>\n<p style=\"text-align: center;\" align=\"right\">d\u00e9tail<\/p>\n<\/div>\n","protected":false},"excerpt":{"rendered":"<p>1994 &#8211; s\u00e9rie de 12 travaux &#8211; 195 x 80 cm &#8211; vernis et pigment noir sur film polyester Travaux <span class=\"ellipsis\">&hellip;<\/span> <span class=\"more-link-wrap\"><a href=\"https:\/\/didierlemarchand.net\/site\/portfolio-2\/espace\/traversees-6\/\" class=\"more-link\"><span>Continue Reading &rarr;<\/span><\/a><\/span><\/p>\n","protected":false},"author":2,"featured_media":0,"parent":1298,"menu_order":309,"comment_status":"closed","ping_status":"closed","template":"","meta":{"_seopress_robots_primary_cat":"","_seopress_titles_title":"","_seopress_titles_desc":"","_seopress_robots_index":"","footnotes":""},"_links":{"self":[{"href":"https:\/\/didierlemarchand.net\/site\/wp-json\/wp\/v2\/pages\/720"}],"collection":[{"href":"https:\/\/didierlemarchand.net\/site\/wp-json\/wp\/v2\/pages"}],"about":[{"href":"https:\/\/didierlemarchand.net\/site\/wp-json\/wp\/v2\/types\/page"}],"author":[{"embeddable":true,"href":"https:\/\/didierlemarchand.net\/site\/wp-json\/wp\/v2\/users\/2"}],"replies":[{"embeddable":true,"href":"https:\/\/didierlemarchand.net\/site\/wp-json\/wp\/v2\/comments?post=720"}],"version-history":[{"count":4,"href":"https:\/\/didierlemarchand.net\/site\/wp-json\/wp\/v2\/pages\/720\/revisions"}],"predecessor-version":[{"id":2289,"href":"https:\/\/didierlemarchand.net\/site\/wp-json\/wp\/v2\/pages\/720\/revisions\/2289"}],"up":[{"embeddable":true,"href":"https:\/\/didierlemarchand.net\/site\/wp-json\/wp\/v2\/pages\/1298"}],"wp:attachment":[{"href":"https:\/\/didierlemarchand.net\/site\/wp-json\/wp\/v2\/media?parent=720"}],"curies":[{"name":"wp","href":"https:\/\/api.w.org\/{rel}","templated":true}]}}