{"id":715,"date":"2014-10-14T19:16:17","date_gmt":"2014-10-14T17:16:17","guid":{"rendered":"http:\/\/didierlemarchand.net\/site\/?page_id=715"},"modified":"2018-02-22T15:37:49","modified_gmt":"2018-02-22T14:37:49","slug":"traversees7","status":"publish","type":"page","link":"https:\/\/didierlemarchand.net\/site\/portfolio-2\/espace\/traversees7\/","title":{"rendered":"travers(\u00e9)es 7"},"content":{"rendered":"<p>1994 &#8211; s\u00e9rie de 12 travaux &#8211; 195 x 80 cm &#8211; colle et pigment noir sur film polyester<\/p>\n<div id=\"texte_serie\">\n<p>Travaux r\u00e9alis\u00e9s sur film transparent souple, sur lequel est d\u00e9pos\u00e9 un pigment noir qui adh\u00e8re sur des filets de colle \u00e0 demi-s\u00e8che.<\/p>\n<p style=\"padding-left: 30px;\" align=\"left\"><em>\u00ab [\u2026] lorsque le corps de la baleine est encore intact, vous pouvez y gratter du doigt une mati\u00e8re infiniment mince, transparente, semblable, aux plus fines lamelle de mica, encore qu\u2019elle ait la douceur et la souplesse du satin avant qu\u2019elle ait s\u00e9ch\u00e9, car alors elle se resserre, s\u2019\u00e9paissit et devient plut\u00f4t dure et cassante. [\u2026]<\/em><br \/>\n<em> [\u2026] cette pellicule, pareille \u00e0 un mica extr\u00eamement mince recouvre, je le reconnais, le corps entier de la baleine, mais on ne doit point tant le consid\u00e9rer comme sa peau que comme la peau de la peau, pour ainsi dire. [\u2026]<\/em><br \/>\n<em> [\u2026] En certains cas, pour un oeil prompt et observateur, ces hachures, tout comme dans les v\u00e9ritables gravures, ne sont que le fond de bien d\u2019autres dessins [\u2026]<\/em><br \/>\n<em> [\u2026] Entre autres ph\u00e9nom\u00e8nes pr\u00e9sent\u00e9s par l\u2019ext\u00e9rieur du cachalot, il n\u2019est pas rare que les stries parall\u00e8les de son dos, et plus sp\u00e9cialement de ses flancs, soient \u00e0 demi brouill\u00e9es par des \u00e9raflures profondes, irr\u00e9guli\u00e8res et comme trac\u00e9es au hasard. \u00bb<\/em><br \/>\nH. Melville, Moby Dick.<\/p>\n<p style=\"text-align: center;\">&#8211;<\/p>\n<p style=\"text-align: center;\">\n<\/div>\n<div id=\"photo\" style=\"text-align: center;\"><img class=\"colorbox-715\"  loading=\"lazy\" decoding=\"async\" src=\"http:\/\/didierlemarchand.net\/4_site_nouveau\/portfolio-N3\/travaux_anciens\/peinture_11.png\" alt=\"travers(\u00e9)es 7\" width=\"695\" height=\"398\" \/><\/div>\n<div style=\"text-align: center;\">&#8211;<\/div>\n<div style=\"text-align: center;\"><\/div>\n<div id=\"photo\" style=\"text-align: center;\">\n<p><img class=\"colorbox-715\"  loading=\"lazy\" decoding=\"async\" src=\"http:\/\/didierlemarchand.net\/4_site_nouveau\/portfolio-N3\/travaux_anciens\/peinture_11_det2.jpg\" alt=\"travers(\u00e9)es 7\" width=\"353\" height=\"222\" \/><\/p>\n<p>d\u00e9tail<\/p>\n<p>&#8211;<\/p>\n<p>&nbsp;<\/p>\n<\/div>\n<div id=\"photo_fin\">\n<p style=\"text-align: center;\"><img class=\"colorbox-715\"  loading=\"lazy\" decoding=\"async\" src=\"http:\/\/didierlemarchand.net\/4_site_nouveau\/portfolio-N3\/travaux_anciens\/peinture_10_1994_05_Jouhet_1.jpg\" alt=\"travers(\u00e9)es 6 \" width=\"397\" height=\"222\" \/><\/p>\n<p style=\"text-align: center;\" align=\"right\">exposition chez Ir\u00e8ne Jouhet-Soler 1994<\/p>\n<\/div>\n","protected":false},"excerpt":{"rendered":"<p>1994 &#8211; s\u00e9rie de 12 travaux &#8211; 195 x 80 cm &#8211; colle et pigment noir sur film polyester Travaux <span class=\"ellipsis\">&hellip;<\/span> <span class=\"more-link-wrap\"><a href=\"https:\/\/didierlemarchand.net\/site\/portfolio-2\/espace\/traversees7\/\" class=\"more-link\"><span>Continue Reading &rarr;<\/span><\/a><\/span><\/p>\n","protected":false},"author":2,"featured_media":0,"parent":1298,"menu_order":310,"comment_status":"closed","ping_status":"closed","template":"","meta":{"_seopress_robots_primary_cat":"","_seopress_titles_title":"","_seopress_titles_desc":"","_seopress_robots_index":"","footnotes":""},"_links":{"self":[{"href":"https:\/\/didierlemarchand.net\/site\/wp-json\/wp\/v2\/pages\/715"}],"collection":[{"href":"https:\/\/didierlemarchand.net\/site\/wp-json\/wp\/v2\/pages"}],"about":[{"href":"https:\/\/didierlemarchand.net\/site\/wp-json\/wp\/v2\/types\/page"}],"author":[{"embeddable":true,"href":"https:\/\/didierlemarchand.net\/site\/wp-json\/wp\/v2\/users\/2"}],"replies":[{"embeddable":true,"href":"https:\/\/didierlemarchand.net\/site\/wp-json\/wp\/v2\/comments?post=715"}],"version-history":[{"count":6,"href":"https:\/\/didierlemarchand.net\/site\/wp-json\/wp\/v2\/pages\/715\/revisions"}],"predecessor-version":[{"id":2288,"href":"https:\/\/didierlemarchand.net\/site\/wp-json\/wp\/v2\/pages\/715\/revisions\/2288"}],"up":[{"embeddable":true,"href":"https:\/\/didierlemarchand.net\/site\/wp-json\/wp\/v2\/pages\/1298"}],"wp:attachment":[{"href":"https:\/\/didierlemarchand.net\/site\/wp-json\/wp\/v2\/media?parent=715"}],"curies":[{"name":"wp","href":"https:\/\/api.w.org\/{rel}","templated":true}]}}