{"id":710,"date":"2014-10-14T19:09:59","date_gmt":"2014-10-14T17:09:59","guid":{"rendered":"http:\/\/didierlemarchand.net\/site\/?page_id=710"},"modified":"2018-02-22T15:35:31","modified_gmt":"2018-02-22T14:35:31","slug":"traversees-9","status":"publish","type":"page","link":"https:\/\/didierlemarchand.net\/site\/portfolio-2\/espace\/traversees-9\/","title":{"rendered":"travers(\u00e9)es 9"},"content":{"rendered":"<p>1994 &#8211; s\u00e9rie de 12 travaux &#8211; 157 x 36,5 cm &#8211; colle et pigment noir sur film polyester<\/p>\n<p>Travaux r\u00e9alis\u00e9s sur film transparent souple, sur lequel est d\u00e9pos\u00e9 un pigment noir qui adh\u00e8re sur des filets de colle \u00e0 demi-s\u00e8che.<\/p>\n<p>Danse vibrionnesque qui se poursuit dans l&rsquo;entre-l\u00e9.<\/p>\n<p>&nbsp;<\/p>\n<p style=\"text-align: center;\">&#8211;<\/p>\n<div id=\"photo\" style=\"text-align: center;\"><img class=\"colorbox-710\"  loading=\"lazy\" decoding=\"async\" src=\"http:\/\/didierlemarchand.net\/4_site_nouveau\/portfolio-N3\/travaux_anciens\/peinture_12.png\" alt=\"travers(\u00e9)es 9\" width=\"501\" height=\"438\" \/><\/div>\n<div style=\"text-align: center;\"><\/div>\n<div style=\"text-align: center;\">&#8211;<\/div>\n<div style=\"text-align: center;\"><\/div>\n<div id=\"photo\" style=\"text-align: center;\">\n<p><img class=\"colorbox-710\"  loading=\"lazy\" decoding=\"async\" src=\"http:\/\/didierlemarchand.net\/4_site_nouveau\/portfolio-N3\/travaux_anciens\/peinture_12_det3.jpg\" alt=\"travers(\u00e9)es 9\" width=\"338\" height=\"217\" \/><\/p>\n<p>d\u00e9tail<\/p>\n<p>&#8211;<\/p>\n<p>&nbsp;<\/p>\n<\/div>\n<div id=\"photo_fin\">\n<p style=\"text-align: center;\"><img class=\"colorbox-710\"  loading=\"lazy\" decoding=\"async\" src=\"http:\/\/didierlemarchand.net\/4_site_nouveau\/portfolio-N3\/travaux_anciens\/peinture_12_13_14_1995_11_Jouhet.jpg\" alt=\"travers(\u00e9)es 9\" width=\"397\" height=\"217\" \/><\/p>\n<p style=\"text-align: center;\" align=\"right\">exposition chez Ir\u00e8ne Jouhet-Soler 1995<\/p>\n<\/div>\n","protected":false},"excerpt":{"rendered":"<p>1994 &#8211; s\u00e9rie de 12 travaux &#8211; 157 x 36,5 cm &#8211; colle et pigment noir sur film polyester Travaux <span class=\"ellipsis\">&hellip;<\/span> <span class=\"more-link-wrap\"><a href=\"https:\/\/didierlemarchand.net\/site\/portfolio-2\/espace\/traversees-9\/\" class=\"more-link\"><span>Continue Reading &rarr;<\/span><\/a><\/span><\/p>\n","protected":false},"author":2,"featured_media":0,"parent":1298,"menu_order":311,"comment_status":"closed","ping_status":"closed","template":"","meta":{"_seopress_robots_primary_cat":"","_seopress_titles_title":"","_seopress_titles_desc":"","_seopress_robots_index":"","footnotes":""},"_links":{"self":[{"href":"https:\/\/didierlemarchand.net\/site\/wp-json\/wp\/v2\/pages\/710"}],"collection":[{"href":"https:\/\/didierlemarchand.net\/site\/wp-json\/wp\/v2\/pages"}],"about":[{"href":"https:\/\/didierlemarchand.net\/site\/wp-json\/wp\/v2\/types\/page"}],"author":[{"embeddable":true,"href":"https:\/\/didierlemarchand.net\/site\/wp-json\/wp\/v2\/users\/2"}],"replies":[{"embeddable":true,"href":"https:\/\/didierlemarchand.net\/site\/wp-json\/wp\/v2\/comments?post=710"}],"version-history":[{"count":4,"href":"https:\/\/didierlemarchand.net\/site\/wp-json\/wp\/v2\/pages\/710\/revisions"}],"predecessor-version":[{"id":2286,"href":"https:\/\/didierlemarchand.net\/site\/wp-json\/wp\/v2\/pages\/710\/revisions\/2286"}],"up":[{"embeddable":true,"href":"https:\/\/didierlemarchand.net\/site\/wp-json\/wp\/v2\/pages\/1298"}],"wp:attachment":[{"href":"https:\/\/didierlemarchand.net\/site\/wp-json\/wp\/v2\/media?parent=710"}],"curies":[{"name":"wp","href":"https:\/\/api.w.org\/{rel}","templated":true}]}}