{"id":699,"date":"2014-10-14T18:50:44","date_gmt":"2014-10-14T16:50:44","guid":{"rendered":"http:\/\/didierlemarchand.net\/site\/?page_id=699"},"modified":"2018-02-22T15:28:27","modified_gmt":"2018-02-22T14:28:27","slug":"occurrences-3","status":"publish","type":"page","link":"https:\/\/didierlemarchand.net\/site\/portfolio-2\/espace\/occurrences-3\/","title":{"rendered":"occurrences 3"},"content":{"rendered":"<p>1995 &#8211; s\u00e9rie de 12 travaux\u00a0&#8211; 8 x 8 cm &#8211; photocopies sur film transparent et photo argentique<\/p>\n<div id=\"pratiques_texte\">\n<p>Au d\u00e9part : des tulipes qui ont s\u00e9ch\u00e9 dans le vase, des p\u00e9tales que l&rsquo;on n&rsquo;a pas voulu jeter. Ces p\u00e9tales seront photocopi\u00e9s, des tulipes fra\u00eeches seront photographi\u00e9es. Le tout sera r\u00e9uni par transparence et plac\u00e9 derri\u00e8re un passe-vue.<\/p>\n<p>passages<\/p>\n<ul>\n<li>du pass\u00e9 au pr\u00e9sent<\/li>\n<li>de la photocopie \u00e0 la photographie<\/li>\n<li>du noir et blanc \u00e0 la couleur<\/li>\n<li>du net \u00e0 l&rsquo;indistinct<\/li>\n<\/ul>\n<p style=\"text-align: center;\">&#8211;<\/p>\n<\/div>\n<div id=\"photo_fin\"><img loading=\"lazy\" decoding=\"async\" class=\"aligncenter colorbox-699\" src=\"http:\/\/didierlemarchand.net\/4_site_nouveau\/portfolio-N3\/travaux_anciens\/occurrences_3.jpg\" alt=\"occurrence 3\" width=\"438\" height=\"438\" \/><\/div>\n","protected":false},"excerpt":{"rendered":"<p>1995 &#8211; s\u00e9rie de 12 travaux\u00a0&#8211; 8 x 8 cm &#8211; photocopies sur film transparent et photo argentique Au d\u00e9part <span class=\"ellipsis\">&hellip;<\/span> <span class=\"more-link-wrap\"><a href=\"https:\/\/didierlemarchand.net\/site\/portfolio-2\/espace\/occurrences-3\/\" class=\"more-link\"><span>Continue Reading &rarr;<\/span><\/a><\/span><\/p>\n","protected":false},"author":2,"featured_media":0,"parent":1298,"menu_order":262,"comment_status":"closed","ping_status":"closed","template":"","meta":{"_seopress_robots_primary_cat":"","_seopress_titles_title":"","_seopress_titles_desc":"","_seopress_robots_index":"","footnotes":""},"_links":{"self":[{"href":"https:\/\/didierlemarchand.net\/site\/wp-json\/wp\/v2\/pages\/699"}],"collection":[{"href":"https:\/\/didierlemarchand.net\/site\/wp-json\/wp\/v2\/pages"}],"about":[{"href":"https:\/\/didierlemarchand.net\/site\/wp-json\/wp\/v2\/types\/page"}],"author":[{"embeddable":true,"href":"https:\/\/didierlemarchand.net\/site\/wp-json\/wp\/v2\/users\/2"}],"replies":[{"embeddable":true,"href":"https:\/\/didierlemarchand.net\/site\/wp-json\/wp\/v2\/comments?post=699"}],"version-history":[{"count":4,"href":"https:\/\/didierlemarchand.net\/site\/wp-json\/wp\/v2\/pages\/699\/revisions"}],"predecessor-version":[{"id":2284,"href":"https:\/\/didierlemarchand.net\/site\/wp-json\/wp\/v2\/pages\/699\/revisions\/2284"}],"up":[{"embeddable":true,"href":"https:\/\/didierlemarchand.net\/site\/wp-json\/wp\/v2\/pages\/1298"}],"wp:attachment":[{"href":"https:\/\/didierlemarchand.net\/site\/wp-json\/wp\/v2\/media?parent=699"}],"curies":[{"name":"wp","href":"https:\/\/api.w.org\/{rel}","templated":true}]}}