{"id":697,"date":"2014-10-14T18:48:37","date_gmt":"2014-10-14T16:48:37","guid":{"rendered":"http:\/\/didierlemarchand.net\/site\/?page_id=697"},"modified":"2018-02-22T15:27:45","modified_gmt":"2018-02-22T14:27:45","slug":"occurrences-4","status":"publish","type":"page","link":"https:\/\/didierlemarchand.net\/site\/portfolio-2\/espace\/occurrences-4\/","title":{"rendered":"occurrences 4"},"content":{"rendered":"<p>1995 &#8211; s\u00e9rie de 12 travaux\u00a0&#8211; 8 x 8 cm &#8211; photocopies sur film transparent et photo argentique<\/p>\n<div id=\"pratiques_texte\">\n<p>Au d\u00e9part : de fines pellicules qui se d\u00e9tachent des \u00e9corces de bouleau. Elles seront photocopi\u00e9s, des troncs de ces m\u00eame arbres seront photographi\u00e9s en for\u00eat de Compi\u00e8gne. Le tout sera r\u00e9uni par transparence et plac\u00e9 derri\u00e8re un passe-vue.<\/p>\n<p>&nbsp;<\/p>\n<p style=\"padding-left: 30px;\">[&#8230;]<br \/>\nEt craie et silex et silex et craie<br \/>\nSol de Compi\u00e8gne !<br \/>\nSol fait pour la marche<br \/>\nEt la longue station des arbres,<br \/>\nSol de Compi\u00e8gne !<br \/>\nPareil \u00e0 tous les sols du monde,<br \/>\nSol de Compi\u00e8gne !<br \/>\nUn jour nous secouerons notre poussi\u00e8re<br \/>\nSur ta poussi\u00e8re<br \/>\nEt nous partirons en chantant.<br \/>\n[&#8230;]<\/p>\n<p style=\"padding-left: 30px;\">Sol de Compi\u00e8gne, Robert Desnos 1944<\/p>\n<p style=\"text-align: center;\">&#8211;<\/p>\n<\/div>\n<div id=\"photo_fin\"><img loading=\"lazy\" decoding=\"async\" class=\"aligncenter colorbox-697\" src=\"http:\/\/didierlemarchand.net\/4_site_nouveau\/portfolio-N3\/travaux_anciens\/occurrences_4.jpg\" alt=\"occurrences 4\" width=\"638\" height=\"438\" \/><\/div>\n","protected":false},"excerpt":{"rendered":"<p>1995 &#8211; s\u00e9rie de 12 travaux\u00a0&#8211; 8 x 8 cm &#8211; photocopies sur film transparent et photo argentique Au d\u00e9part <span class=\"ellipsis\">&hellip;<\/span> <span class=\"more-link-wrap\"><a href=\"https:\/\/didierlemarchand.net\/site\/portfolio-2\/espace\/occurrences-4\/\" class=\"more-link\"><span>Continue Reading &rarr;<\/span><\/a><\/span><\/p>\n","protected":false},"author":2,"featured_media":0,"parent":1298,"menu_order":257,"comment_status":"closed","ping_status":"closed","template":"","meta":{"_seopress_robots_primary_cat":"","_seopress_titles_title":"","_seopress_titles_desc":"","_seopress_robots_index":"","footnotes":""},"_links":{"self":[{"href":"https:\/\/didierlemarchand.net\/site\/wp-json\/wp\/v2\/pages\/697"}],"collection":[{"href":"https:\/\/didierlemarchand.net\/site\/wp-json\/wp\/v2\/pages"}],"about":[{"href":"https:\/\/didierlemarchand.net\/site\/wp-json\/wp\/v2\/types\/page"}],"author":[{"embeddable":true,"href":"https:\/\/didierlemarchand.net\/site\/wp-json\/wp\/v2\/users\/2"}],"replies":[{"embeddable":true,"href":"https:\/\/didierlemarchand.net\/site\/wp-json\/wp\/v2\/comments?post=697"}],"version-history":[{"count":4,"href":"https:\/\/didierlemarchand.net\/site\/wp-json\/wp\/v2\/pages\/697\/revisions"}],"predecessor-version":[{"id":2283,"href":"https:\/\/didierlemarchand.net\/site\/wp-json\/wp\/v2\/pages\/697\/revisions\/2283"}],"up":[{"embeddable":true,"href":"https:\/\/didierlemarchand.net\/site\/wp-json\/wp\/v2\/pages\/1298"}],"wp:attachment":[{"href":"https:\/\/didierlemarchand.net\/site\/wp-json\/wp\/v2\/media?parent=697"}],"curies":[{"name":"wp","href":"https:\/\/api.w.org\/{rel}","templated":true}]}}