{"id":695,"date":"2014-10-14T18:47:11","date_gmt":"2014-10-14T16:47:11","guid":{"rendered":"http:\/\/didierlemarchand.net\/site\/?page_id=695"},"modified":"2018-02-22T15:25:23","modified_gmt":"2018-02-22T14:25:23","slug":"remanence-1","status":"publish","type":"page","link":"https:\/\/didierlemarchand.net\/site\/portfolio-2\/espace\/remanence-1\/","title":{"rendered":"r\u00e9manence 1"},"content":{"rendered":"<p>1997 &#8211; s\u00e9rie en cours de num\u00e9risation &#8211; 20 x 20 cm &#8211; impression pigmentaire<\/p>\n<div id=\"pratiques_texte\">\n<p>Pour origine des chutes ou des clich\u00e9s rat\u00e9s.<\/p>\n<p>Initialement j&rsquo;avais fait des montages traditionnel avec colle et ciseaux. L\u2019ordinateur m&rsquo;a permis d\u2019apporter en plus des interventions color\u00e9es pour :<\/p>\n<ul>\n<li>explorer ce qui m\u2019avait fait conserver ces chutes, ces clich\u00e9s rat\u00e9s.<\/li>\n<li>faire se d\u00e9canter ce qui persistait apr\u00e8s oubli du lieu et du moment de la prise de vue.<\/li>\n<li>d\u00e9passer ses propres arch\u00e9types visuels cach\u00e9s derri\u00e8re ces clich\u00e9s pour aller au-devant d\u2019espaces inconnus.<\/li>\n<\/ul>\n<p><img loading=\"lazy\" decoding=\"async\" class=\"aligncenter colorbox-695\" src=\"http:\/\/didierlemarchand.net\/4_site_nouveau\/portfolio-N3\/travaux_anciens\/remanence_02.jpg\" alt=\"r\u00e9manence 2\" width=\"438\" height=\"438\" \/><\/p>\n<\/div>\n","protected":false},"excerpt":{"rendered":"<p>1997 &#8211; s\u00e9rie en cours de num\u00e9risation &#8211; 20 x 20 cm &#8211; impression pigmentaire Pour origine des chutes ou <span class=\"ellipsis\">&hellip;<\/span> <span class=\"more-link-wrap\"><a href=\"https:\/\/didierlemarchand.net\/site\/portfolio-2\/espace\/remanence-1\/\" class=\"more-link\"><span>Continue Reading &rarr;<\/span><\/a><\/span><\/p>\n","protected":false},"author":2,"featured_media":0,"parent":1298,"menu_order":289,"comment_status":"closed","ping_status":"closed","template":"","meta":{"_seopress_robots_primary_cat":"","_seopress_titles_title":"","_seopress_titles_desc":"","_seopress_robots_index":"","footnotes":""},"_links":{"self":[{"href":"https:\/\/didierlemarchand.net\/site\/wp-json\/wp\/v2\/pages\/695"}],"collection":[{"href":"https:\/\/didierlemarchand.net\/site\/wp-json\/wp\/v2\/pages"}],"about":[{"href":"https:\/\/didierlemarchand.net\/site\/wp-json\/wp\/v2\/types\/page"}],"author":[{"embeddable":true,"href":"https:\/\/didierlemarchand.net\/site\/wp-json\/wp\/v2\/users\/2"}],"replies":[{"embeddable":true,"href":"https:\/\/didierlemarchand.net\/site\/wp-json\/wp\/v2\/comments?post=695"}],"version-history":[{"count":4,"href":"https:\/\/didierlemarchand.net\/site\/wp-json\/wp\/v2\/pages\/695\/revisions"}],"predecessor-version":[{"id":2281,"href":"https:\/\/didierlemarchand.net\/site\/wp-json\/wp\/v2\/pages\/695\/revisions\/2281"}],"up":[{"embeddable":true,"href":"https:\/\/didierlemarchand.net\/site\/wp-json\/wp\/v2\/pages\/1298"}],"wp:attachment":[{"href":"https:\/\/didierlemarchand.net\/site\/wp-json\/wp\/v2\/media?parent=695"}],"curies":[{"name":"wp","href":"https:\/\/api.w.org\/{rel}","templated":true}]}}