{"id":671,"date":"2014-10-09T15:40:07","date_gmt":"2014-10-09T13:40:07","guid":{"rendered":"http:\/\/didierlemarchand.net\/site\/?page_id=671"},"modified":"2018-02-22T15:26:25","modified_gmt":"2018-02-22T14:26:25","slug":"coincidences-1","status":"publish","type":"page","link":"https:\/\/didierlemarchand.net\/site\/portfolio-2\/espace\/coincidences-1\/","title":{"rendered":"co\u00efncidences 1"},"content":{"rendered":"<div id=\"pratiques_texte\">\n<p align=\"justify\">1996 \u2013 s\u00e9rie de 6 travaux \u2013 122 x 167 cm \u2013 colle et pigment noir sur 4 couches de tarlatane<\/p>\n<p align=\"justify\">4 \u00e9paisseurs de gaze superpos\u00e9es sur lesquelles est d\u00e9pos\u00e9 un m\u00e9lange de colle et de pigment noir. Les structures peintes des couches inf\u00e9rieures co\u00efncident plus ou moins, comme en \u00e9cho, avec les structures du dessus.<\/p>\n<p align=\"justify\">La conception initiale a \u00e9t\u00e9 r\u00e9alis\u00e9e avec le photocopieur en 5 \u00e9tapes successives :<\/p>\n<div align=\"justify\">\n<ul>\n<li>des rebuts de coupe d\u2019autres travaux (Occurrences IV) \u00e9taient photocopi\u00e9s sur papier calque<\/li>\n<li>ces photocopies \u00e9taient superpos\u00e9es jusqu\u2019au moment o\u00f9 par hasard (co\u00efncidence), des structures graphiques se r\u00e9pondaient, semblaient \u00eatre en chemin pour se recouvrir (co\u00efncider) sans y parvenir compl\u00e8tement<\/li>\n<li>ces superpositions obtenues \u00e9taient cadr\u00e9es dans un format 7 x 9,5 cm<\/li>\n<li>puis r\u00e9duites au format 24 x 36 mm sur film transparent<\/li>\n<li>afin d\u2019\u00eatre projet\u00e9e sur la gaze o\u00f9 le m\u00e9lange de colle et de pigment noir \u00e9tait appliqu\u00e9.<\/li>\n<\/ul>\n<p>&nbsp;<\/p>\n<h1 style=\"text-align: center;\">&#8211;<\/h1>\n<p>&nbsp;<\/p>\n<\/div>\n<\/div>\n<h1 id=\"photo\" style=\"text-align: center;\"><img class=\"colorbox-671\"  loading=\"lazy\" decoding=\"async\" src=\"http:\/\/didierlemarchand.net\/4_site_nouveau\/portfolio-N3\/travaux_anciens\/coincidence1.png\" alt=\"co\u00efncidences 1\" width=\"588\" height=\"438\" \/><\/h1>\n<h1 style=\"text-align: center;\"><\/h1>\n<h1 style=\"text-align: center;\">&#8211;<\/h1>\n<h1 style=\"text-align: center;\"><\/h1>\n<h1 id=\"photo_fin\"><img loading=\"lazy\" decoding=\"async\" class=\"aligncenter colorbox-671\" src=\"http:\/\/didierlemarchand.net\/4_site_nouveau\/portfolio-N3\/travaux_anciens\/coincidence1_det.png\" alt=\"co\u00efncidences 1\" width=\"630\" height=\"407\" \/><\/h1>\n","protected":false},"excerpt":{"rendered":"<p>1996 \u2013 s\u00e9rie de 6 travaux \u2013 122 x 167 cm \u2013 colle et pigment noir sur 4 couches de <span class=\"ellipsis\">&hellip;<\/span> <span class=\"more-link-wrap\"><a href=\"https:\/\/didierlemarchand.net\/site\/portfolio-2\/espace\/coincidences-1\/\" class=\"more-link\"><span>Continue Reading &rarr;<\/span><\/a><\/span><\/p>\n","protected":false},"author":2,"featured_media":0,"parent":1298,"menu_order":188,"comment_status":"closed","ping_status":"closed","template":"","meta":{"_seopress_robots_primary_cat":"","_seopress_titles_title":"","_seopress_titles_desc":"","_seopress_robots_index":"","footnotes":""},"_links":{"self":[{"href":"https:\/\/didierlemarchand.net\/site\/wp-json\/wp\/v2\/pages\/671"}],"collection":[{"href":"https:\/\/didierlemarchand.net\/site\/wp-json\/wp\/v2\/pages"}],"about":[{"href":"https:\/\/didierlemarchand.net\/site\/wp-json\/wp\/v2\/types\/page"}],"author":[{"embeddable":true,"href":"https:\/\/didierlemarchand.net\/site\/wp-json\/wp\/v2\/users\/2"}],"replies":[{"embeddable":true,"href":"https:\/\/didierlemarchand.net\/site\/wp-json\/wp\/v2\/comments?post=671"}],"version-history":[{"count":7,"href":"https:\/\/didierlemarchand.net\/site\/wp-json\/wp\/v2\/pages\/671\/revisions"}],"predecessor-version":[{"id":2282,"href":"https:\/\/didierlemarchand.net\/site\/wp-json\/wp\/v2\/pages\/671\/revisions\/2282"}],"up":[{"embeddable":true,"href":"https:\/\/didierlemarchand.net\/site\/wp-json\/wp\/v2\/pages\/1298"}],"wp:attachment":[{"href":"https:\/\/didierlemarchand.net\/site\/wp-json\/wp\/v2\/media?parent=671"}],"curies":[{"name":"wp","href":"https:\/\/api.w.org\/{rel}","templated":true}]}}