{"id":583,"date":"2014-10-06T21:25:34","date_gmt":"2014-10-06T19:25:34","guid":{"rendered":"http:\/\/didierlemarchand.net\/site\/?page_id=583"},"modified":"2018-02-21T17:03:18","modified_gmt":"2018-02-21T16:03:18","slug":"apparence-3","status":"publish","type":"page","link":"https:\/\/didierlemarchand.net\/site\/portfolio-2\/espace\/apparence-3\/","title":{"rendered":"apparence 3"},"content":{"rendered":"<p style=\"text-align: center;\">1997 &#8211; 20 x 20 cm &#8211; impression jet d&rsquo;encre<\/p>\n<p style=\"text-align: center;\"><a href=\"http:\/\/didierlemarchand.net\/4_site_nouveau\/dossiers_telechargeables\/D_Lemarchand_apparence_3.pdf\" target=\"_blank\" rel=\"noopener\">dossier de pr\u00e9sentation t\u00e9l\u00e9chargeable<\/a><\/p>\n<h1 style=\"text-align: center;\">&#8211;<\/h1>\n<h1 id=\"photo\" style=\"text-align: center;\"><img class=\"colorbox-583\"  loading=\"lazy\" decoding=\"async\" src=\"http:\/\/didierlemarchand.net\/4_site_nouveau\/portfolio-N3\/espace_N3\/apparence_3\/apparence_03_01.jpg\" alt=\"apparence 3.01\" width=\"438\" height=\"438\" \/><\/h1>\n<h1><\/h1>\n<p>&nbsp;<\/p>\n<h1 style=\"text-align: center;\">&#8211;<\/h1>\n<h1><\/h1>\n<p>&nbsp;<\/p>\n<h1 id=\"photo\" style=\"text-align: center;\"><img class=\"colorbox-583\"  loading=\"lazy\" decoding=\"async\" src=\"http:\/\/didierlemarchand.net\/4_site_nouveau\/portfolio-N3\/espace_N3\/apparence_3\/apparence_03_02.jpg\" alt=\"apparence 3.02\" width=\"438\" height=\"438\" \/><\/h1>\n<h1><\/h1>\n<p>&nbsp;<\/p>\n<h1 style=\"text-align: center;\">&#8211;<\/h1>\n<h1><\/h1>\n<p>&nbsp;<\/p>\n<h1 id=\"photo\" style=\"text-align: center;\"><img class=\"colorbox-583\"  loading=\"lazy\" decoding=\"async\" src=\"http:\/\/didierlemarchand.net\/4_site_nouveau\/portfolio-N3\/espace_N3\/apparence_3\/apparence_03_03.jpg\" alt=\"apparence 3.03\" width=\"438\" height=\"438\" \/><\/h1>\n<h1><\/h1>\n<p>&nbsp;<\/p>\n<h1 style=\"text-align: center;\">&#8211;<\/h1>\n<h1><\/h1>\n<p>&nbsp;<\/p>\n<h1 id=\"photo\" style=\"text-align: center;\"><img class=\"colorbox-583\"  loading=\"lazy\" decoding=\"async\" src=\"http:\/\/didierlemarchand.net\/4_site_nouveau\/portfolio-N3\/espace_N3\/apparence_3\/apparence_03_04.jpg\" alt=\"apparence 3.04\" width=\"438\" height=\"438\" \/><\/h1>\n<h1><\/h1>\n<p>&nbsp;<\/p>\n<h1 style=\"text-align: center;\">&#8211;<\/h1>\n<h1><\/h1>\n<p>&nbsp;<\/p>\n<h1 id=\"photo\" style=\"text-align: center;\"><img class=\"colorbox-583\"  loading=\"lazy\" decoding=\"async\" src=\"http:\/\/didierlemarchand.net\/4_site_nouveau\/portfolio-N3\/espace_N3\/apparence_3\/apparence_03_05.jpg\" alt=\"apparence 3.05\" width=\"438\" height=\"438\" \/><\/h1>\n<h1><\/h1>\n<p>&nbsp;<\/p>\n<h1 style=\"text-align: center;\">&#8211;<\/h1>\n<h1><\/h1>\n<p>&nbsp;<\/p>\n<h1 id=\"photo\" style=\"text-align: center;\"><img class=\"colorbox-583\"  loading=\"lazy\" decoding=\"async\" src=\"http:\/\/didierlemarchand.net\/4_site_nouveau\/portfolio-N3\/espace_N3\/apparence_3\/apparence_03_06.jpg\" alt=\"apparence 3.06\" width=\"438\" height=\"438\" \/><\/h1>\n<h1><\/h1>\n<p>&nbsp;<\/p>\n<h1 style=\"text-align: center;\">&#8211;<\/h1>\n<h1><\/h1>\n<p>&nbsp;<\/p>\n<h1 id=\"photo_fin\" style=\"text-align: center;\"><img class=\"colorbox-583\"  loading=\"lazy\" decoding=\"async\" src=\"http:\/\/didierlemarchand.net\/4_site_nouveau\/portfolio-N3\/espace_N3\/apparence_3\/apparence_03_07.jpg\" alt=\"apparence 3.07\" width=\"438\" height=\"438\" \/><\/h1>\n<h1><\/h1>\n<h1 style=\"text-align: center;\">&#8211;<\/h1>\n<p align=\"left\">La nuit, dans la rue. Attendre que le bus arrive, que le plein de carburant se fasse, que la file au cin\u00e9ma avance ou que l\u2019amie soit arriv\u00e9e pour entrer au restaurant.<br \/>\nIl faut bien passer le temps. Je ne vais pas observer mes voisins qui partagent mon sort.<br \/>\nRegarder au loin, on n\u2019y distingue peu de choses.<\/p>\n<p align=\"left\">Et pour cause : une vitre s\u2019interpose entre soi et ce que l\u2019on veut voir. Filtre ou miroir.<br \/>\nSe satisfaire de cela, y trouver m\u00eame une certaine jubilation visuelle, voire corporelle : regarder au-del\u00e0 des choses connues, de leur contour. Se perdre dans ce territoire inconnu, bien plus consolant que l\u2019obscurit\u00e9 qui nous entoure.<\/p>\n","protected":false},"excerpt":{"rendered":"<p>1997 &#8211; 20 x 20 cm &#8211; impression jet d&rsquo;encre dossier de pr\u00e9sentation t\u00e9l\u00e9chargeable &#8211; &nbsp; &#8211; &nbsp; &nbsp; &#8211; <span class=\"ellipsis\">&hellip;<\/span> <span class=\"more-link-wrap\"><a href=\"https:\/\/didierlemarchand.net\/site\/portfolio-2\/espace\/apparence-3\/\" class=\"more-link\"><span>Continue Reading &rarr;<\/span><\/a><\/span><\/p>\n","protected":false},"author":2,"featured_media":0,"parent":1298,"menu_order":127,"comment_status":"closed","ping_status":"closed","template":"","meta":{"_seopress_robots_primary_cat":"","_seopress_titles_title":"","_seopress_titles_desc":"","_seopress_robots_index":"","footnotes":""},"_links":{"self":[{"href":"https:\/\/didierlemarchand.net\/site\/wp-json\/wp\/v2\/pages\/583"}],"collection":[{"href":"https:\/\/didierlemarchand.net\/site\/wp-json\/wp\/v2\/pages"}],"about":[{"href":"https:\/\/didierlemarchand.net\/site\/wp-json\/wp\/v2\/types\/page"}],"author":[{"embeddable":true,"href":"https:\/\/didierlemarchand.net\/site\/wp-json\/wp\/v2\/users\/2"}],"replies":[{"embeddable":true,"href":"https:\/\/didierlemarchand.net\/site\/wp-json\/wp\/v2\/comments?post=583"}],"version-history":[{"count":8,"href":"https:\/\/didierlemarchand.net\/site\/wp-json\/wp\/v2\/pages\/583\/revisions"}],"predecessor-version":[{"id":2243,"href":"https:\/\/didierlemarchand.net\/site\/wp-json\/wp\/v2\/pages\/583\/revisions\/2243"}],"up":[{"embeddable":true,"href":"https:\/\/didierlemarchand.net\/site\/wp-json\/wp\/v2\/pages\/1298"}],"wp:attachment":[{"href":"https:\/\/didierlemarchand.net\/site\/wp-json\/wp\/v2\/media?parent=583"}],"curies":[{"name":"wp","href":"https:\/\/api.w.org\/{rel}","templated":true}]}}