{"id":579,"date":"2014-10-06T21:22:09","date_gmt":"2014-10-06T19:22:09","guid":{"rendered":"http:\/\/didierlemarchand.net\/site\/?page_id=579"},"modified":"2018-02-27T11:46:55","modified_gmt":"2018-02-27T10:46:55","slug":"presence-2","status":"publish","type":"page","link":"https:\/\/didierlemarchand.net\/site\/portfolio-2\/presence\/presence-2\/","title":{"rendered":"l&rsquo;autre-l\u00e0 1"},"content":{"rendered":"<p style=\"text-align: center;\">1998 \u2013 s\u00e9rie de 9 travaux \u2013 25,3 x 23,5 cm \u2013 impression pigmentaire<\/p>\n<p style=\"text-align: center;\"><a href=\"http:\/\/didierlemarchand.net\/4_site_nouveau\/dossiers_telechargeables\/D_Lemarchand_autre_la_1.pdf\" target=\"_blank\" rel=\"noopener\">dossier de pr\u00e9sentation t\u00e9l\u00e9chargeable<\/a><\/p>\n<h1 style=\"text-align: center;\">&#8211;<\/h1>\n<p style=\"text-align: center;\"><img loading=\"lazy\" decoding=\"async\" class=\"alignnone size-medium colorbox-579\" src=\"http:\/\/didierlemarchand.net\/4_site_nouveau\/portfolio-N3\/presence_N3\/PF3_autre_la_1\/autre_la_1_01.jpg\" width=\"398\" height=\"438\" \/><\/p>\n<h1><\/h1>\n<p>&nbsp;<\/p>\n<h1 style=\"text-align: center;\">&#8211;<\/h1>\n<h1><\/h1>\n<p>&nbsp;<\/p>\n<p style=\"text-align: center;\"><img loading=\"lazy\" decoding=\"async\" class=\"alignnone size-medium colorbox-579\" src=\"http:\/\/didierlemarchand.net\/4_site_nouveau\/portfolio-N3\/presence_N3\/PF3_autre_la_1\/autre_la_1_02.jpg\" width=\"398\" height=\"438\" \/><\/p>\n<h1><\/h1>\n<p>&nbsp;<\/p>\n<h1 style=\"text-align: center;\">&#8211;<\/h1>\n<h1><\/h1>\n<p>&nbsp;<\/p>\n<p style=\"text-align: center;\"><img loading=\"lazy\" decoding=\"async\" class=\"alignnone size-medium colorbox-579\" src=\"http:\/\/didierlemarchand.net\/4_site_nouveau\/portfolio-N3\/presence_N3\/PF3_autre_la_1\/autre_la_1_03.jpg\" width=\"398\" height=\"438\" \/><\/p>\n<h1><\/h1>\n<p>&nbsp;<\/p>\n<h1 style=\"text-align: center;\">&#8211;<\/h1>\n<h1><\/h1>\n<p>&nbsp;<\/p>\n<p style=\"text-align: center;\"><img loading=\"lazy\" decoding=\"async\" class=\"alignnone size-medium colorbox-579\" src=\"http:\/\/didierlemarchand.net\/4_site_nouveau\/portfolio-N3\/presence_N3\/PF3_autre_la_1\/autre_la_1_04.jpg\" width=\"398\" height=\"438\" \/><\/p>\n<h1><\/h1>\n<p>&nbsp;<\/p>\n<h1 style=\"text-align: center;\">&#8211;<\/h1>\n<h1><\/h1>\n<p>&nbsp;<\/p>\n<p style=\"text-align: center;\"><img loading=\"lazy\" decoding=\"async\" class=\"alignnone size-medium colorbox-579\" src=\"http:\/\/didierlemarchand.net\/4_site_nouveau\/portfolio-N3\/presence_N3\/PF3_autre_la_1\/autre_la_1_05.jpg\" width=\"398\" height=\"438\" \/><\/p>\n<h1><\/h1>\n<p>&nbsp;<\/p>\n<h1 style=\"text-align: center;\">&#8211;<\/h1>\n<h1><\/h1>\n<p>&nbsp;<\/p>\n<p style=\"text-align: center;\"><img loading=\"lazy\" decoding=\"async\" class=\"alignnone size-medium colorbox-579\" src=\"http:\/\/didierlemarchand.net\/4_site_nouveau\/portfolio-N3\/presence_N3\/PF3_autre_la_1\/autre_la_1_06.jpg\" width=\"398\" height=\"438\" \/><\/p>\n<h1><\/h1>\n<p>&nbsp;<\/p>\n<h1 style=\"text-align: center;\">&#8211;<\/h1>\n<h1><\/h1>\n<p>&nbsp;<\/p>\n<p style=\"text-align: center;\"><img loading=\"lazy\" decoding=\"async\" class=\"alignnone size-medium colorbox-579\" src=\"http:\/\/didierlemarchand.net\/4_site_nouveau\/portfolio-N3\/presence_N3\/PF3_autre_la_1\/autre_la_1_07.jpg\" width=\"398\" height=\"438\" \/><\/p>\n<h1><\/h1>\n<p>&nbsp;<\/p>\n<h1 style=\"text-align: center;\">&#8211;<\/h1>\n<h1><\/h1>\n<p>&nbsp;<\/p>\n<p style=\"text-align: center;\"><img loading=\"lazy\" decoding=\"async\" class=\"alignnone size-medium colorbox-579\" src=\"http:\/\/didierlemarchand.net\/4_site_nouveau\/portfolio-N3\/presence_N3\/PF3_autre_la_1\/autre_la_1_08.jpg\" width=\"398\" height=\"438\" \/><\/p>\n<h1><\/h1>\n<p>&nbsp;<\/p>\n<h1 style=\"text-align: center;\">&#8211;<\/h1>\n<h1><\/h1>\n<p>&nbsp;<\/p>\n<p style=\"text-align: center;\"><img loading=\"lazy\" decoding=\"async\" class=\"alignnone size-medium colorbox-579\" src=\"http:\/\/didierlemarchand.net\/4_site_nouveau\/portfolio-N3\/presence_N3\/PF3_autre_la_1\/autre_la_1_09.jpg\" width=\"398\" height=\"438\" \/><\/p>\n<h1><\/h1>\n<p>&nbsp;<\/p>\n<h1 style=\"text-align: center;\">&#8211;<\/h1>\n<h1><\/h1>\n<p style=\"text-align: left;\">\u00a0<strong>Syndrome de Blow-up.<\/strong><\/p>\n<p>A souvent photographier des vitrines, des fa\u00e7ades, des lieux, on a \u00e0 affronter le probl\u00e8me d\u2019avoir dans le champ une personne que l\u2019on n&rsquo;attendait pas et qui appara\u00eet, soit directement, soit par reflet.<\/p>\n<p>Quelquefois on ne s\u2019en aper\u00e7oit pas, tout concentr\u00e9 que l\u2019on est sur autre chose. La pr\u00e9sence de l\u2019intrus ne se r\u00e9v\u00e9lera qu\u2019apr\u00e8s l\u2019examen approfondi du tirage (Blow-up).<br \/>\nD\u2019autres fois, l&rsquo;intrus est d\u00e9masqu\u00e9 : on reprend le clich\u00e9, quitte \u00e0 patienter longtemps. L\u2019attente s\u2019av\u00e8re profitable : un autre univers appara\u00eet sous nos yeux, parfois plus riche que celui entrevu initialement.<\/p>\n<p>Dans les deux cas le lieu d\u00e9livre sa pr\u00e9sence, r\u00e9v\u00e8le la pr\u00e9sence de l\u2019autre et interroge sa propre pr\u00e9sence en ce lieu.<br \/>\nPr\u00e9sence personnelle face \u00e0 un autre et plus g\u00e9n\u00e9ralement pr\u00e9sence au monde, pr\u00e9sence qui s\u2019av\u00e8re n\u00e9cessiter l\u2019utilisation d\u2019un appendice, d\u2019un filtre : l\u2019appareil photographique.<\/p>\n","protected":false},"excerpt":{"rendered":"<p>1998 \u2013 s\u00e9rie de 9 travaux \u2013 25,3 x 23,5 cm \u2013 impression pigmentaire dossier de pr\u00e9sentation t\u00e9l\u00e9chargeable &#8211; &nbsp; <span class=\"ellipsis\">&hellip;<\/span> <span class=\"more-link-wrap\"><a href=\"https:\/\/didierlemarchand.net\/site\/portfolio-2\/presence\/presence-2\/\" class=\"more-link\"><span>Continue Reading &rarr;<\/span><\/a><\/span><\/p>\n","protected":false},"author":2,"featured_media":0,"parent":1313,"menu_order":53,"comment_status":"closed","ping_status":"closed","template":"","meta":{"_seopress_robots_primary_cat":"","_seopress_titles_title":"","_seopress_titles_desc":"","_seopress_robots_index":"","footnotes":""},"_links":{"self":[{"href":"https:\/\/didierlemarchand.net\/site\/wp-json\/wp\/v2\/pages\/579"}],"collection":[{"href":"https:\/\/didierlemarchand.net\/site\/wp-json\/wp\/v2\/pages"}],"about":[{"href":"https:\/\/didierlemarchand.net\/site\/wp-json\/wp\/v2\/types\/page"}],"author":[{"embeddable":true,"href":"https:\/\/didierlemarchand.net\/site\/wp-json\/wp\/v2\/users\/2"}],"replies":[{"embeddable":true,"href":"https:\/\/didierlemarchand.net\/site\/wp-json\/wp\/v2\/comments?post=579"}],"version-history":[{"count":11,"href":"https:\/\/didierlemarchand.net\/site\/wp-json\/wp\/v2\/pages\/579\/revisions"}],"predecessor-version":[{"id":2350,"href":"https:\/\/didierlemarchand.net\/site\/wp-json\/wp\/v2\/pages\/579\/revisions\/2350"}],"up":[{"embeddable":true,"href":"https:\/\/didierlemarchand.net\/site\/wp-json\/wp\/v2\/pages\/1313"}],"wp:attachment":[{"href":"https:\/\/didierlemarchand.net\/site\/wp-json\/wp\/v2\/media?parent=579"}],"curies":[{"name":"wp","href":"https:\/\/api.w.org\/{rel}","templated":true}]}}