{"id":563,"date":"2014-10-06T21:13:48","date_gmt":"2014-10-06T19:13:48","guid":{"rendered":"http:\/\/didierlemarchand.net\/site\/?page_id=563"},"modified":"2018-02-21T16:42:27","modified_gmt":"2018-02-21T15:42:27","slug":"baie-1","status":"publish","type":"page","link":"https:\/\/didierlemarchand.net\/site\/portfolio-2\/espace\/baie-1\/","title":{"rendered":"baie 1"},"content":{"rendered":"<p style=\"text-align: center;\">1999 &#8211; 22,3 x 30,5 cm &#8211; impression pigmentaire<\/p>\n<p style=\"text-align: center;\"><a href=\"http:\/\/didierlemarchand.net\/4_site_nouveau\/dossiers_telechargeables\/D_Lemarchand_baie_1.pdf\" target=\"_blank\" rel=\"noopener\">dossier de pr\u00e9sentation t\u00e9l\u00e9chargeable<\/a><\/p>\n<h1 style=\"text-align: center;\">&#8211;<\/h1>\n<h1 id=\"photo\" style=\"text-align: center;\"><img class=\"colorbox-563\"  loading=\"lazy\" decoding=\"async\" src=\"http:\/\/www.didierlemarchand.net\/4_site_nouveau\/portfolio-N3\/espace_N3\/baie_1\/baie_01_01.jpg\" alt=\"baie 1.01\" width=\"599\" height=\"438\" \/><\/h1>\n<h1><\/h1>\n<p>&nbsp;<\/p>\n<h1 style=\"text-align: center;\">&#8211;<\/h1>\n<h1><\/h1>\n<p>&nbsp;<\/p>\n<h1 id=\"photo\" style=\"text-align: center;\"><img class=\"colorbox-563\"  loading=\"lazy\" decoding=\"async\" src=\"http:\/\/www.didierlemarchand.net\/4_site_nouveau\/portfolio-N3\/espace_N3\/baie_1\/baie_01_02.jpg\" alt=\"baie 1.02\" width=\"599\" height=\"438\" \/><\/h1>\n<h1><\/h1>\n<p>&nbsp;<\/p>\n<h1 style=\"text-align: center;\">&#8211;<\/h1>\n<h1><\/h1>\n<p>&nbsp;<\/p>\n<h1 id=\"photo\" style=\"text-align: center;\"><img class=\"colorbox-563\"  loading=\"lazy\" decoding=\"async\" src=\"http:\/\/www.didierlemarchand.net\/4_site_nouveau\/portfolio-N3\/espace_N3\/baie_1\/baie_01_03.jpg\" alt=\"baie 1.03\" width=\"599\" height=\"438\" \/><\/h1>\n<h1><\/h1>\n<p>&nbsp;<\/p>\n<h1 style=\"text-align: center;\">&#8211;<\/h1>\n<h1><\/h1>\n<p>&nbsp;<\/p>\n<h1 id=\"photo\" style=\"text-align: center;\"><img class=\"colorbox-563\"  loading=\"lazy\" decoding=\"async\" src=\"http:\/\/www.didierlemarchand.net\/4_site_nouveau\/portfolio-N3\/espace_N3\/baie_1\/baie_01_04.jpg\" alt=\"baie 1.04\" width=\"599\" height=\"438\" \/><\/h1>\n<h1><\/h1>\n<p>&nbsp;<\/p>\n<h1 style=\"text-align: center;\">&#8211;<\/h1>\n<h1><\/h1>\n<p>&nbsp;<\/p>\n<h1 id=\"photo\" style=\"text-align: center;\"><img class=\"colorbox-563\"  loading=\"lazy\" decoding=\"async\" src=\"http:\/\/www.didierlemarchand.net\/4_site_nouveau\/portfolio-N3\/espace_N3\/baie_1\/baie_01_05.jpg\" alt=\"baie 1.05\" width=\"599\" height=\"438\" \/><\/h1>\n<h1><\/h1>\n<p>&nbsp;<\/p>\n<h1 style=\"text-align: center;\">&#8211;<\/h1>\n<h1><\/h1>\n<p>&nbsp;<\/p>\n<h1 id=\"photo\" style=\"text-align: center;\"><img class=\"colorbox-563\"  loading=\"lazy\" decoding=\"async\" src=\"http:\/\/www.didierlemarchand.net\/4_site_nouveau\/portfolio-N3\/espace_N3\/baie_1\/baie_01_06.jpg\" alt=\"baie 1.06\" width=\"599\" height=\"438\" \/><\/h1>\n<h1><\/h1>\n<p>&nbsp;<\/p>\n<h1 style=\"text-align: center;\">&#8211;<\/h1>\n<h1><\/h1>\n<p>&nbsp;<\/p>\n<h1 id=\"photo\" style=\"text-align: center;\"><img class=\"colorbox-563\"  loading=\"lazy\" decoding=\"async\" src=\"http:\/\/www.didierlemarchand.net\/4_site_nouveau\/portfolio-N3\/espace_N3\/baie_1\/baie_01_07.jpg\" alt=\"baie 1.07\" width=\"599\" height=\"438\" \/><\/h1>\n<h1><\/h1>\n<p>&nbsp;<\/p>\n<h1 style=\"text-align: center;\">&#8211;<\/h1>\n<h1><\/h1>\n<p>&nbsp;<\/p>\n<h1 id=\"photo\" style=\"text-align: center;\"><img class=\"colorbox-563\"  loading=\"lazy\" decoding=\"async\" src=\"http:\/\/www.didierlemarchand.net\/4_site_nouveau\/portfolio-N3\/espace_N3\/baie_1\/baie_01_08.jpg\" alt=\"baie 1.08\" width=\"599\" height=\"438\" \/><\/h1>\n<h1><\/h1>\n<p>&nbsp;<\/p>\n<h1 style=\"text-align: center;\">&#8211;<\/h1>\n<h1><\/h1>\n<p>&nbsp;<\/p>\n<h1 id=\"photo\" style=\"text-align: center;\"><img class=\"colorbox-563\"  loading=\"lazy\" decoding=\"async\" src=\"http:\/\/www.didierlemarchand.net\/4_site_nouveau\/portfolio-N3\/espace_N3\/baie_1\/baie_01_09.jpg\" alt=\"baie 1.09\" width=\"599\" height=\"438\" \/><\/h1>\n<h1><\/h1>\n<p>&nbsp;<\/p>\n<h1 style=\"text-align: center;\">&#8211;<\/h1>\n<h1><\/h1>\n<p>&nbsp;<\/p>\n<h1 id=\"photo_fin\" style=\"text-align: center;\"><img class=\"colorbox-563\"  loading=\"lazy\" decoding=\"async\" src=\"http:\/\/www.didierlemarchand.net\/4_site_nouveau\/portfolio-N3\/espace_N3\/baie_1\/baie_01_10.jpg\" alt=\"baie 1.10\" width=\"599\" height=\"438\" \/><\/h1>\n<h1><\/h1>\n<h1 style=\"text-align: center;\">&#8211;<\/h1>\n<p>Lyc\u00e9en, j\u2019\u00e9tais interne. Tous les dimanches soirs pour aller de la gare \u00e0 l\u2019internat, je passais devant plusieurs r\u00e9sidences vers 21 h et je voyais certaines baies \u00e9clair\u00e9es d\u2019une lumi\u00e8re jaun\u00e2tre ou bleu\u00e2tre. Je jalousais ces privil\u00e9gi\u00e9s.<br \/>\nPlus tard il m\u2019est souvent arriv\u00e9 de voyager en Belgique ou en Hollande. Une chose m\u2019a tout de suite frapp\u00e9 : ce sont ces grandes baies vitr\u00e9es des maisons, ouvertes \u00e0 tout regard ext\u00e9rieur, o\u00f9 les occupants pla\u00e7aient une multitude d\u2019objets personnels pour d\u00e9corer mais surtout &#8211; c\u2019est comme cela que je l\u2019ai ressenti &#8211; pour exposer \u00e0 tous leur intimit\u00e9 \u00e0 travers des attributs ou des embl\u00e8mes. Dans cette volont\u00e9 de s\u2019exposer, quelque chose me troublait : ces objets intimes, de par leur position, obstruaient en partie la baie et, paradoxalement, nous cachaient l\u2019int\u00e9rieur de la maison : la v\u00e9ritable intimit\u00e9. \u00c9tait-ce une subtile ruse : on fait mine de s\u2019exposer pour encore mieux se cacher. Pour ne rien simplifier, la forte luminosit\u00e9 du ciel cr\u00e9ait sur les vitres de ces baies des reflets : obstacles suppl\u00e9mentaires !<br \/>\nLes clich\u00e9s de cette s\u00e9rie n\u2019ont \u00e9t\u00e9 pris ni o\u00f9 se situait mon internat ni en Belgique ni en Hollande. Peu importe. Le questionnement y est n\u00e9 et a perdur\u00e9.<\/p>\n","protected":false},"excerpt":{"rendered":"<p>1999 &#8211; 22,3 x 30,5 cm &#8211; impression pigmentaire dossier de pr\u00e9sentation t\u00e9l\u00e9chargeable &#8211; &nbsp; &#8211; &nbsp; &nbsp; &#8211; &nbsp; <span class=\"ellipsis\">&hellip;<\/span> <span class=\"more-link-wrap\"><a href=\"https:\/\/didierlemarchand.net\/site\/portfolio-2\/espace\/baie-1\/\" class=\"more-link\"><span>Continue Reading &rarr;<\/span><\/a><\/span><\/p>\n","protected":false},"author":2,"featured_media":0,"parent":1298,"menu_order":183,"comment_status":"closed","ping_status":"closed","template":"","meta":{"_seopress_robots_primary_cat":"","_seopress_titles_title":"","_seopress_titles_desc":"","_seopress_robots_index":"","footnotes":""},"_links":{"self":[{"href":"https:\/\/didierlemarchand.net\/site\/wp-json\/wp\/v2\/pages\/563"}],"collection":[{"href":"https:\/\/didierlemarchand.net\/site\/wp-json\/wp\/v2\/pages"}],"about":[{"href":"https:\/\/didierlemarchand.net\/site\/wp-json\/wp\/v2\/types\/page"}],"author":[{"embeddable":true,"href":"https:\/\/didierlemarchand.net\/site\/wp-json\/wp\/v2\/users\/2"}],"replies":[{"embeddable":true,"href":"https:\/\/didierlemarchand.net\/site\/wp-json\/wp\/v2\/comments?post=563"}],"version-history":[{"count":12,"href":"https:\/\/didierlemarchand.net\/site\/wp-json\/wp\/v2\/pages\/563\/revisions"}],"predecessor-version":[{"id":2239,"href":"https:\/\/didierlemarchand.net\/site\/wp-json\/wp\/v2\/pages\/563\/revisions\/2239"}],"up":[{"embeddable":true,"href":"https:\/\/didierlemarchand.net\/site\/wp-json\/wp\/v2\/pages\/1298"}],"wp:attachment":[{"href":"https:\/\/didierlemarchand.net\/site\/wp-json\/wp\/v2\/media?parent=563"}],"curies":[{"name":"wp","href":"https:\/\/api.w.org\/{rel}","templated":true}]}}