{"id":558,"date":"2014-10-06T21:11:07","date_gmt":"2014-10-06T19:11:07","guid":{"rendered":"http:\/\/didierlemarchand.net\/site\/?page_id=558"},"modified":"2018-02-21T16:40:58","modified_gmt":"2018-02-21T15:40:58","slug":"apparence-4","status":"publish","type":"page","link":"https:\/\/didierlemarchand.net\/site\/portfolio-2\/espace\/apparence-4\/","title":{"rendered":"apparence 4"},"content":{"rendered":"<p style=\"text-align: center;\">2000 &#8211; 23 x 30,5 cm &#8211; impression jet d&rsquo;encre<\/p>\n<p style=\"text-align: center;\"><a href=\"http:\/\/didierlemarchand.net\/4_site_nouveau\/dossiers_telechargeables\/D_Lemarchand_apparence_4.pdf\" target=\"_blank\" rel=\"noopener\">dossier de pr\u00e9sentation t\u00e9l\u00e9chargeable<\/a><\/p>\n<h1 style=\"text-align: center;\">&#8211;<\/h1>\n<h1 id=\"photo\" style=\"text-align: center;\"><img class=\"colorbox-558\"  loading=\"lazy\" decoding=\"async\" src=\"http:\/\/didierlemarchand.net\/4_site_nouveau\/portfolio-N3\/espace_N3\/apparence_4\/apparence_04_01.jpg\" alt=\"apparence 4.01\" width=\"516\" height=\"438\" \/><\/h1>\n<h1><\/h1>\n<p>&nbsp;<\/p>\n<h1 style=\"text-align: center;\">&#8211;<\/h1>\n<h1><\/h1>\n<p>&nbsp;<\/p>\n<h1 id=\"photo\" style=\"text-align: center;\"><img class=\"colorbox-558\"  loading=\"lazy\" decoding=\"async\" src=\"http:\/\/didierlemarchand.net\/4_site_nouveau\/portfolio-N3\/espace_N3\/apparence_4\/apparence_04_02.jpg\" alt=\"apparence 4.02\" width=\"516\" height=\"438\" \/><\/h1>\n<h1><\/h1>\n<p>&nbsp;<\/p>\n<h1 style=\"text-align: center;\">&#8211;<\/h1>\n<h1><\/h1>\n<p>&nbsp;<\/p>\n<h1 id=\"photo\" style=\"text-align: center;\"><img class=\"colorbox-558\"  loading=\"lazy\" decoding=\"async\" src=\"http:\/\/didierlemarchand.net\/4_site_nouveau\/portfolio-N3\/espace_N3\/apparence_4\/apparence_04_03.jpg\" alt=\"apparence 4.03\" width=\"516\" height=\"438\" \/><\/h1>\n<h1><\/h1>\n<p>&nbsp;<\/p>\n<h1 style=\"text-align: center;\">&#8211;<\/h1>\n<h1><\/h1>\n<p>&nbsp;<\/p>\n<h1 id=\"photo\" style=\"text-align: center;\"><img class=\"colorbox-558\"  loading=\"lazy\" decoding=\"async\" src=\"http:\/\/didierlemarchand.net\/4_site_nouveau\/portfolio-N3\/espace_N3\/apparence_4\/apparence_04_04.jpg\" alt=\"apparence 4.04\" width=\"516\" height=\"438\" \/><\/h1>\n<h1><\/h1>\n<p>&nbsp;<\/p>\n<h1 style=\"text-align: center;\">&#8211;<\/h1>\n<h1><\/h1>\n<p>&nbsp;<\/p>\n<h1 id=\"photo\" style=\"text-align: center;\"><img class=\"colorbox-558\"  loading=\"lazy\" decoding=\"async\" src=\"http:\/\/didierlemarchand.net\/4_site_nouveau\/portfolio-N3\/espace_N3\/apparence_4\/apparence_04_05.jpg\" alt=\"apparence 4.05\" width=\"516\" height=\"438\" \/><\/h1>\n<h1><\/h1>\n<p>&nbsp;<\/p>\n<h1 style=\"text-align: center;\">&#8211;<\/h1>\n<h1><\/h1>\n<p>&nbsp;<\/p>\n<h1 id=\"photo\" style=\"text-align: center;\"><img class=\"colorbox-558\"  loading=\"lazy\" decoding=\"async\" src=\"http:\/\/didierlemarchand.net\/4_site_nouveau\/portfolio-N3\/espace_N3\/apparence_4\/apparence_04_06.jpg\" alt=\"apparence 4.06\" width=\"516\" height=\"438\" \/><\/h1>\n<h1><\/h1>\n<p>&nbsp;<\/p>\n<h1 style=\"text-align: center;\">&#8211;<\/h1>\n<h1><\/h1>\n<p>&nbsp;<\/p>\n<h1 id=\"photo_fin\" style=\"text-align: center;\"><img class=\"colorbox-558\"  loading=\"lazy\" decoding=\"async\" src=\"http:\/\/didierlemarchand.net\/4_site_nouveau\/portfolio-N3\/espace_N3\/apparence_4\/apparence_04_07.jpg\" alt=\"apparence 4.07\" width=\"516\" height=\"438\" \/><\/h1>\n<h1><\/h1>\n<h1 style=\"text-align: center;\">&#8211;<\/h1>\n<p>Au d\u00e9part des vitrines, que je ne l\u00e8che pas : trouble de la vision, d\u00e9sint\u00e9r\u00eat pour les objets expos\u00e9s, peu importe, mon regard ne se focalise pas sur les objets du d\u00e9sir.<\/p>\n<p>L\u2019illusion, le simulacre ne fonctionne pas.<br \/>\nJ\u2019en reviens \u00e0 l\u2019aspect sensible des choses, \u00e0 ce qui se pr\u00e9sente imm\u00e9diatement, \u00e0 ma vue : des plans color\u00e9s, des mati\u00e8res.<br \/>\nCe qui est donn\u00e9 \u00e0 voir me permet de regarder ailleurs, un ailleurs autrement plus d\u00e9sirable.<\/p>\n","protected":false},"excerpt":{"rendered":"<p>2000 &#8211; 23 x 30,5 cm &#8211; impression jet d&rsquo;encre dossier de pr\u00e9sentation t\u00e9l\u00e9chargeable &#8211; &nbsp; &#8211; &nbsp; &nbsp; &#8211; <span class=\"ellipsis\">&hellip;<\/span> <span class=\"more-link-wrap\"><a href=\"https:\/\/didierlemarchand.net\/site\/portfolio-2\/espace\/apparence-4\/\" class=\"more-link\"><span>Continue Reading &rarr;<\/span><\/a><\/span><\/p>\n","protected":false},"author":2,"featured_media":0,"parent":1298,"menu_order":126,"comment_status":"closed","ping_status":"closed","template":"","meta":{"_seopress_robots_primary_cat":"","_seopress_titles_title":"","_seopress_titles_desc":"","_seopress_robots_index":"","footnotes":""},"_links":{"self":[{"href":"https:\/\/didierlemarchand.net\/site\/wp-json\/wp\/v2\/pages\/558"}],"collection":[{"href":"https:\/\/didierlemarchand.net\/site\/wp-json\/wp\/v2\/pages"}],"about":[{"href":"https:\/\/didierlemarchand.net\/site\/wp-json\/wp\/v2\/types\/page"}],"author":[{"embeddable":true,"href":"https:\/\/didierlemarchand.net\/site\/wp-json\/wp\/v2\/users\/2"}],"replies":[{"embeddable":true,"href":"https:\/\/didierlemarchand.net\/site\/wp-json\/wp\/v2\/comments?post=558"}],"version-history":[{"count":10,"href":"https:\/\/didierlemarchand.net\/site\/wp-json\/wp\/v2\/pages\/558\/revisions"}],"predecessor-version":[{"id":2237,"href":"https:\/\/didierlemarchand.net\/site\/wp-json\/wp\/v2\/pages\/558\/revisions\/2237"}],"up":[{"embeddable":true,"href":"https:\/\/didierlemarchand.net\/site\/wp-json\/wp\/v2\/pages\/1298"}],"wp:attachment":[{"href":"https:\/\/didierlemarchand.net\/site\/wp-json\/wp\/v2\/media?parent=558"}],"curies":[{"name":"wp","href":"https:\/\/api.w.org\/{rel}","templated":true}]}}