{"id":550,"date":"2014-10-06T21:07:03","date_gmt":"2014-10-06T19:07:03","guid":{"rendered":"http:\/\/didierlemarchand.net\/site\/?page_id=550"},"modified":"2018-02-21T14:47:12","modified_gmt":"2018-02-21T13:47:12","slug":"transfert","status":"publish","type":"page","link":"https:\/\/didierlemarchand.net\/site\/portfolio-2\/espace\/transfert\/","title":{"rendered":"transfert"},"content":{"rendered":"<p style=\"text-align: center;\">2000 \u2013 s\u00e9rie de 6 travaux \u2013 23 x 30,8 cm &#8211; impression pigmentaire<\/p>\n<p style=\"text-align: center;\"><a href=\"http:\/\/didierlemarchand.net\/4_site_nouveau\/dossiers_telechargeables\/D_Lemarchand_transfert_1.pdf\" target=\"_blank\" rel=\"noopener\">dossier de pr\u00e9sentation t\u00e9l\u00e9chargeable<\/a><\/p>\n<h1 style=\"text-align: center;\">&#8211;<\/h1>\n<h1 id=\"photo\" style=\"text-align: center;\"><img class=\"colorbox-550\"  loading=\"lazy\" decoding=\"async\" src=\"http:\/\/didierlemarchand.net\/4_site_nouveau\/portfolio-N3\/espace_N3\/transfert_1\/transfert_01_01.jpg\" alt=\"transfert 1\" width=\"587\" height=\"438\" \/><\/h1>\n<h1><\/h1>\n<p>&nbsp;<\/p>\n<h1 style=\"text-align: center;\">&#8211;<\/h1>\n<h1><\/h1>\n<p>&nbsp;<\/p>\n<h1 id=\"photo\" style=\"text-align: center;\"><img class=\"colorbox-550\"  loading=\"lazy\" decoding=\"async\" src=\"http:\/\/didierlemarchand.net\/4_site_nouveau\/portfolio-N3\/espace_N3\/transfert_1\/transfert_01_02.jpg\" alt=\"transfert 2\" width=\"587\" height=\"438\" \/><\/h1>\n<h1><\/h1>\n<p>&nbsp;<\/p>\n<h1 style=\"text-align: center;\">&#8211;<\/h1>\n<h1><\/h1>\n<p>&nbsp;<\/p>\n<h1 id=\"photo\" style=\"text-align: center;\"><img class=\"colorbox-550\"  loading=\"lazy\" decoding=\"async\" src=\"http:\/\/didierlemarchand.net\/4_site_nouveau\/portfolio-N3\/espace_N3\/transfert_1\/transfert_01_03.jpg\" alt=\"transfert 3\" width=\"587\" height=\"438\" \/><\/h1>\n<h1><\/h1>\n<p>&nbsp;<\/p>\n<h1 style=\"text-align: center;\">&#8211;<\/h1>\n<h1><\/h1>\n<p>&nbsp;<\/p>\n<h1 id=\"photo\" style=\"text-align: center;\"><img class=\"colorbox-550\"  loading=\"lazy\" decoding=\"async\" src=\"http:\/\/didierlemarchand.net\/4_site_nouveau\/portfolio-N3\/espace_N3\/transfert_1\/transfert_01_04.jpg\" alt=\"transfert 4\" width=\"587\" height=\"438\" \/><\/h1>\n<h1><\/h1>\n<p>&nbsp;<\/p>\n<h1 style=\"text-align: center;\">&#8211;<\/h1>\n<h1><\/h1>\n<p>&nbsp;<\/p>\n<h1 id=\"photo\" style=\"text-align: center;\"><img class=\"colorbox-550\"  loading=\"lazy\" decoding=\"async\" src=\"http:\/\/didierlemarchand.net\/4_site_nouveau\/portfolio-N3\/espace_N3\/transfert_1\/transfert_01_05.jpg\" alt=\"transfert 5\" width=\"587\" height=\"438\" \/><\/h1>\n<h1><\/h1>\n<p>&nbsp;<\/p>\n<h1 style=\"text-align: center;\">&#8211;<\/h1>\n<h1><\/h1>\n<p>&nbsp;<\/p>\n<h1 id=\"photo\" style=\"text-align: center;\"><img class=\"colorbox-550\"  loading=\"lazy\" decoding=\"async\" src=\"http:\/\/didierlemarchand.net\/4_site_nouveau\/portfolio-N3\/espace_N3\/transfert_1\/transfert_01_06.jpg\" alt=\"transfert 6\" width=\"587\" height=\"438\" \/><\/h1>\n<h1><\/h1>\n<p>&nbsp;<\/p>\n<h1 style=\"text-align: center;\">&#8211;<\/h1>\n<h1><\/h1>\n<p>&nbsp;<\/p>\n<h1 id=\"photo\" style=\"text-align: center;\"><img class=\"colorbox-550\"  loading=\"lazy\" decoding=\"async\" src=\"http:\/\/didierlemarchand.net\/4_site_nouveau\/portfolio-N3\/espace_N3\/transfert_1\/transfert_01_07.jpg\" alt=\"transfert 7\" width=\"587\" height=\"438\" \/><\/h1>\n<h1><\/h1>\n<p>&nbsp;<\/p>\n<h1 style=\"text-align: center;\">&#8211;<\/h1>\n<h1><\/h1>\n<p>&nbsp;<\/p>\n<h1 id=\"photo_fin\" style=\"text-align: center;\"><img class=\"colorbox-550\"  loading=\"lazy\" decoding=\"async\" src=\"http:\/\/didierlemarchand.net\/4_site_nouveau\/portfolio-N3\/espace_N3\/transfert_1\/transfert_01_08.jpg\" alt=\"transfert 8\" width=\"587\" height=\"438\" \/><\/h1>\n<h1><\/h1>\n<h1 style=\"text-align: center;\">&#8211;<\/h1>\n<p><strong>marges des vitrines, marges de la communication.<\/strong><\/p>\n<p>Photographions des vitrines (les apparences).<br \/>\nOn est amen\u00e9 \u00e0 \u00e9viter \u00e0 tout prix ce qui les outrepasse : des murs d\u2019une autre \u00e9poque, des c\u00e2bles d&rsquo;\u00e9lectricit\u00e9, de t\u00e9l\u00e9phone, des conduites d&rsquo;eau, de gaz, des alarmes, des interrupteurs de n\u00e9ons, des gaines d&rsquo;a\u00e9ration, etc&#8230;<\/p>\n<p>Ainsi, on d\u00e9couvre, sur les marges, un monde que la mise en sc\u00e8ne de la vitrine \u00e0 chercher \u00e0 nier, monde de la non-s\u00e9duction, monde trouble, monde autre.<br \/>\nMonde transf\u00e9rant de l&rsquo;\u00e9nergie, des fluides, des paroles, des images.<br \/>\nMonde transf\u00e9r\u00e9 par reflet dans la vitrine d\u2019en face&#8230;<\/p>\n<p>Ce monde est devenu un sujet \u00e0 part enti\u00e8re.<\/p>\n","protected":false},"excerpt":{"rendered":"<p>2000 \u2013 s\u00e9rie de 6 travaux \u2013 23 x 30,8 cm &#8211; impression pigmentaire dossier de pr\u00e9sentation t\u00e9l\u00e9chargeable &#8211; &nbsp; <span class=\"ellipsis\">&hellip;<\/span> <span class=\"more-link-wrap\"><a href=\"https:\/\/didierlemarchand.net\/site\/portfolio-2\/espace\/transfert\/\" class=\"more-link\"><span>Continue Reading &rarr;<\/span><\/a><\/span><\/p>\n","protected":false},"author":2,"featured_media":0,"parent":1298,"menu_order":300,"comment_status":"closed","ping_status":"closed","template":"","meta":{"_seopress_robots_primary_cat":"","_seopress_titles_title":"","_seopress_titles_desc":"","_seopress_robots_index":"","footnotes":""},"_links":{"self":[{"href":"https:\/\/didierlemarchand.net\/site\/wp-json\/wp\/v2\/pages\/550"}],"collection":[{"href":"https:\/\/didierlemarchand.net\/site\/wp-json\/wp\/v2\/pages"}],"about":[{"href":"https:\/\/didierlemarchand.net\/site\/wp-json\/wp\/v2\/types\/page"}],"author":[{"embeddable":true,"href":"https:\/\/didierlemarchand.net\/site\/wp-json\/wp\/v2\/users\/2"}],"replies":[{"embeddable":true,"href":"https:\/\/didierlemarchand.net\/site\/wp-json\/wp\/v2\/comments?post=550"}],"version-history":[{"count":12,"href":"https:\/\/didierlemarchand.net\/site\/wp-json\/wp\/v2\/pages\/550\/revisions"}],"predecessor-version":[{"id":2217,"href":"https:\/\/didierlemarchand.net\/site\/wp-json\/wp\/v2\/pages\/550\/revisions\/2217"}],"up":[{"embeddable":true,"href":"https:\/\/didierlemarchand.net\/site\/wp-json\/wp\/v2\/pages\/1298"}],"wp:attachment":[{"href":"https:\/\/didierlemarchand.net\/site\/wp-json\/wp\/v2\/media?parent=550"}],"curies":[{"name":"wp","href":"https:\/\/api.w.org\/{rel}","templated":true}]}}