{"id":526,"date":"2014-10-06T18:59:56","date_gmt":"2014-10-06T16:59:56","guid":{"rendered":"http:\/\/didierlemarchand.net\/site\/?page_id=526"},"modified":"2018-02-27T15:08:06","modified_gmt":"2018-02-27T14:08:06","slug":"fleur-de-peau-2","status":"publish","type":"page","link":"https:\/\/didierlemarchand.net\/site\/portfolio-2\/presence\/fleur-de-peau-2\/","title":{"rendered":"fleur de peau 2"},"content":{"rendered":"<p style=\"text-align: center;\">2001 \u2013 s\u00e9rie de 15 travaux \u2013 24 x 24 cm &#8211; impression pigmentaire<br \/>\n<a href=\"http:\/\/didierlemarchand.net\/4_site_nouveau\/dossiers_telechargeables\/D_Lemarchand_fleur_peau_2.pdf\" target=\"_blank\" rel=\"noopener\">dossier de pr\u00e9sentation t\u00e9l\u00e9chargeable<\/a><\/p>\n<h1 style=\"text-align: center;\">&#8211;<\/h1>\n<p style=\"text-align: center;\"><img loading=\"lazy\" decoding=\"async\" class=\"alignnone size-medium colorbox-526\" src=\"http:\/\/didierlemarchand.net\/4_site_nouveau\/portfolio-N3\/presence_N3\/PF3_fleur_peau_02\/fleur_peau_02_01.jpg\" width=\"438\" height=\"232\" \/><\/p>\n<h1><\/h1>\n<p>&nbsp;<\/p>\n<h1 style=\"text-align: center;\">&#8211;<\/h1>\n<h1><\/h1>\n<p>&nbsp;<\/p>\n<p style=\"text-align: center;\"><img loading=\"lazy\" decoding=\"async\" class=\"alignnone size-medium colorbox-526\" src=\"http:\/\/didierlemarchand.net\/4_site_nouveau\/portfolio-N3\/presence_N3\/PF3_fleur_peau_02\/fleur_peau_02_02.jpg\" width=\"438\" height=\"232\" \/><\/p>\n<h1><\/h1>\n<p>&nbsp;<\/p>\n<h1 style=\"text-align: center;\">&#8211;<\/h1>\n<h1><\/h1>\n<p>&nbsp;<\/p>\n<p style=\"text-align: center;\"><img loading=\"lazy\" decoding=\"async\" class=\"alignnone size-medium colorbox-526\" src=\"http:\/\/didierlemarchand.net\/4_site_nouveau\/portfolio-N3\/presence_N3\/PF3_fleur_peau_02\/fleur_peau_02_03.jpg\" width=\"438\" height=\"232\" \/><\/p>\n<h1><\/h1>\n<p>&nbsp;<\/p>\n<h1 style=\"text-align: center;\">&#8211;<\/h1>\n<h1><\/h1>\n<p>&nbsp;<\/p>\n<p style=\"text-align: center;\"><img loading=\"lazy\" decoding=\"async\" class=\"alignnone size-medium colorbox-526\" src=\"http:\/\/didierlemarchand.net\/4_site_nouveau\/portfolio-N3\/presence_N3\/PF3_fleur_peau_02\/fleur_peau_02_04.jpg\" width=\"438\" height=\"232\" \/><\/p>\n<h1><\/h1>\n<p>&nbsp;<\/p>\n<h1 style=\"text-align: center;\">&#8211;<\/h1>\n<h1><\/h1>\n<p>&nbsp;<\/p>\n<p style=\"text-align: center;\"><img loading=\"lazy\" decoding=\"async\" class=\"alignnone size-medium colorbox-526\" src=\"http:\/\/didierlemarchand.net\/4_site_nouveau\/portfolio-N3\/presence_N3\/PF3_fleur_peau_02\/fleur_peau_02_05.jpg\" width=\"438\" height=\"232\" \/><\/p>\n<h1><\/h1>\n<p>f<\/p>\n<h1 style=\"text-align: center;\">&#8211;<\/h1>\n<h1><\/h1>\n<p>&nbsp;<\/p>\n<p style=\"text-align: center;\"><img loading=\"lazy\" decoding=\"async\" class=\"alignnone size-medium colorbox-526\" src=\"http:\/\/didierlemarchand.net\/4_site_nouveau\/portfolio-N3\/presence_N3\/PF3_fleur_peau_02\/fleur_peau_02_06.jpg\" width=\"438\" height=\"232\" \/><\/p>\n<h1><\/h1>\n<p>&nbsp;<\/p>\n<h1 style=\"text-align: center;\">&#8211;<\/h1>\n<h1><\/h1>\n<p>&nbsp;<\/p>\n<p style=\"text-align: center;\"><img loading=\"lazy\" decoding=\"async\" class=\"alignnone size-medium colorbox-526\" src=\"http:\/\/didierlemarchand.net\/4_site_nouveau\/portfolio-N3\/presence_N3\/PF3_fleur_peau_02\/fleur_peau_02_07.jpg\" width=\"438\" height=\"232\" \/><\/p>\n<h1><\/h1>\n<p>&nbsp;<\/p>\n<h1 style=\"text-align: center;\">&#8211;<\/h1>\n<h1><\/h1>\n<p>&nbsp;<\/p>\n<p style=\"text-align: center;\"><img loading=\"lazy\" decoding=\"async\" class=\"alignnone size-medium colorbox-526\" src=\"http:\/\/didierlemarchand.net\/4_site_nouveau\/portfolio-N3\/presence_N3\/PF3_fleur_peau_02\/fleur_peau_02_08.jpg\" width=\"438\" height=\"232\" \/><\/p>\n<h1><\/h1>\n<p>&nbsp;<\/p>\n<h1 style=\"text-align: center;\">&#8211;<\/h1>\n<h1><\/h1>\n<p>&nbsp;<\/p>\n<p style=\"text-align: center;\"><img loading=\"lazy\" decoding=\"async\" class=\"alignnone size-medium colorbox-526\" src=\"http:\/\/didierlemarchand.net\/4_site_nouveau\/portfolio-N3\/presence_N3\/PF3_fleur_peau_02\/fleur_peau_02_09.jpg\" width=\"438\" height=\"232\" \/><\/p>\n<h1><\/h1>\n<p>&nbsp;<\/p>\n<h1 style=\"text-align: center;\">&#8211;<\/h1>\n<h1><\/h1>\n<p>&nbsp;<\/p>\n<p style=\"text-align: center;\"><img loading=\"lazy\" decoding=\"async\" class=\"alignnone size-medium colorbox-526\" src=\"http:\/\/didierlemarchand.net\/4_site_nouveau\/portfolio-N3\/presence_N3\/PF3_fleur_peau_02\/fleur_peau_02_10.jpg\" width=\"438\" height=\"232\" \/><\/p>\n<h1><\/h1>\n<p>&nbsp;<\/p>\n<h1 style=\"text-align: center;\">&#8211;<\/h1>\n<h1><\/h1>\n<p>&nbsp;<\/p>\n<p style=\"text-align: center;\"><img loading=\"lazy\" decoding=\"async\" class=\"alignnone size-medium colorbox-526\" src=\"http:\/\/didierlemarchand.net\/4_site_nouveau\/portfolio-N3\/presence_N3\/PF3_fleur_peau_02\/fleur_peau_02_11.jpg\" width=\"438\" height=\"232\" \/><\/p>\n<h1><\/h1>\n<p>&nbsp;<\/p>\n<h1 style=\"text-align: center;\">&#8211;<\/h1>\n<h1><\/h1>\n<p>&nbsp;<\/p>\n<p style=\"text-align: center;\"><img loading=\"lazy\" decoding=\"async\" class=\"alignnone size-medium colorbox-526\" src=\"http:\/\/didierlemarchand.net\/4_site_nouveau\/portfolio-N3\/presence_N3\/PF3_fleur_peau_02\/fleur_peau_02_12.jpg\" width=\"438\" height=\"232\" \/><\/p>\n<h1><\/h1>\n<p>&nbsp;<\/p>\n<h1 style=\"text-align: center;\">&#8211;<\/h1>\n<h1><\/h1>\n<p>&nbsp;<\/p>\n<p style=\"text-align: center;\"><img loading=\"lazy\" decoding=\"async\" class=\"alignnone size-medium colorbox-526\" src=\"http:\/\/didierlemarchand.net\/4_site_nouveau\/portfolio-N3\/presence_N3\/PF3_fleur_peau_02\/fleur_peau_02_13.jpg\" width=\"438\" height=\"232\" \/><\/p>\n<h1><\/h1>\n<p>&nbsp;<\/p>\n<h1 style=\"text-align: center;\">&#8211;<\/h1>\n<h1><\/h1>\n<p>&nbsp;<\/p>\n<p style=\"text-align: center;\"><img loading=\"lazy\" decoding=\"async\" class=\"alignnone size-medium colorbox-526\" src=\"http:\/\/didierlemarchand.net\/4_site_nouveau\/portfolio-N3\/presence_N3\/PF3_fleur_peau_02\/fleur_peau_02_14.jpg\" width=\"438\" height=\"232\" \/><\/p>\n<h1><\/h1>\n<p>&nbsp;<\/p>\n<h1 style=\"text-align: center;\">&#8211;<\/h1>\n<h1><\/h1>\n<p>&nbsp;<\/p>\n<p style=\"text-align: center;\"><img loading=\"lazy\" decoding=\"async\" class=\"alignnone size-medium colorbox-526\" src=\"http:\/\/didierlemarchand.net\/4_site_nouveau\/portfolio-N3\/presence_N3\/PF3_fleur_peau_02\/fleur_peau_02_15.jpg\" width=\"438\" height=\"232\" \/><\/p>\n<h1><\/h1>\n<p>&nbsp;<\/p>\n<h1 style=\"text-align: center;\">&#8211;<\/h1>\n<h1><\/h1>\n<p>&nbsp;<\/p>\n<p style=\"text-align: center;\"><img loading=\"lazy\" decoding=\"async\" class=\"alignnone size-medium colorbox-526\" src=\"http:\/\/didierlemarchand.net\/4_site_nouveau\/portfolio-N3\/presence_N3\/PF3_fleur_peau_02\/fleur_peau_02_15.jpg\" width=\"438\" height=\"232\" \/><\/p>\n<h1><\/h1>\n<p>&nbsp;<\/p>\n<h1 style=\"text-align: center;\">&#8211;<\/h1>\n<h1><\/h1>\n<p style=\"text-align: left;\"><strong>\u00a0<\/strong><\/p>\n<p>Cette s\u00e9rie appartient \u00e0 un ensemble plus important sur le corps.<\/p>\n<p>Printemps 2000. Un mod\u00e8le vient de d\u00e9couvrir mon travail lors de l&rsquo;\u2019une de mes expositions. Elle me propose de poser en \u00e9change des images que je produirais.<\/p>\n<p>Je n\u2019avais pas encore abord\u00e9 la repr\u00e9sentation du corps par la photographie. Mon projet s\u2019est d\u00e9fini par d\u00e9faut :<\/p>\n<ul>\n<li>pas de corps pr\u00e9texte \u00e0 effet de mati\u00e8re ou de volume, ramen\u00e9 au statut de poivron, d\u2019ersatz de sculpture.<\/li>\n<li>pas de corps voyeuris\u00e9 pour choquer le bourgeois.<\/li>\n<\/ul>\n<p>Hiver 2000, je r\u00e9alise les premiers clich\u00e9s.<\/p>\n<p>4 s\u00e9ries vont se suivre : long travelling avant visuel et mental face \u00e0 un corps.<\/p>\n<ul>\n<li>d&rsquo;abord le corps vu de loin, \u00e0 distance, derri\u00e8re une vitre <a href=\"http:\/\/didierlemarchand.net\/site\/prises-de-vue\/vis-a-vis\/\">:<\/a> <a href=\"http:\/\/didierlemarchand.net\/site\/prises-de-vue\/vis-a-vis\/\">vi(e)s \u00e0 vi(e)s<\/a><\/li>\n<li>puis le corps vu de tr\u00e8s pr\u00e8s, caress\u00e9 du regard : fleur de peau<a href=\"http:\/\/didierlemarchand.net\/site\/prises-de-vue\/fleur-de-peau-1\/\">\u00a0<\/a>1 &amp;\u00a02<\/li>\n<li>enfin le corps fantasm\u00e9, fusionnel, comme ressenti de l\u2019int\u00e9rieur : <a href=\"http:\/\/didierlemarchand.net\/site\/portfolio-2\/presence\/effusion\/\">&amp;fusion<\/a><\/li>\n<\/ul>\n<p><strong>fleur de peau<\/strong> <strong>01 &amp; 02, une affaire de surfaces sensibles. <\/strong><\/p>\n<p>Le mod\u00e8le est plac\u00e9 derri\u00e8re une plaque de verre enduite de talc pulv\u00e9ris\u00e9 que j&rsquo;essuie jusqu&rsquo;\u00e0 ce qu&rsquo;il se passe quelque chose entre les quatre surfaces : la peau, le verre, la r\u00e9tine, le film.<\/p>\n<p><em>\u00ab\u00a0[\u2026]son regard est accueilli dans ce teint transparent par plus de lumi\u00e8re. Il se sent jusqu&rsquo;aux tr\u00e9fonds de sa chair fouill\u00e9 par la lumi\u00e8re qui a \u00e9chou\u00e9 dans le corps qui est devant lui la forme dont son corps est sorti. Entre son foyer lumineux et la premi\u00e8re zone de sa chair il y a un vide que la beaut\u00e9 de la femme ne demande qu\u2019\u00e0 remplir avec cette voie lact\u00e9e de lumi\u00e8re et de fragilit\u00e9.\u00a0\u00bb<\/em><br \/>\nJo\u00eb Bousquet, Le cahier noir<\/p>\n","protected":false},"excerpt":{"rendered":"<p>2001 \u2013 s\u00e9rie de 15 travaux \u2013 24 x 24 cm &#8211; impression pigmentaire dossier de pr\u00e9sentation t\u00e9l\u00e9chargeable &#8211; &nbsp; <span class=\"ellipsis\">&hellip;<\/span> <span class=\"more-link-wrap\"><a href=\"https:\/\/didierlemarchand.net\/site\/portfolio-2\/presence\/fleur-de-peau-2\/\" class=\"more-link\"><span>Continue Reading &rarr;<\/span><\/a><\/span><\/p>\n","protected":false},"author":2,"featured_media":0,"parent":1313,"menu_order":80,"comment_status":"closed","ping_status":"closed","template":"","meta":{"_seopress_robots_primary_cat":"","_seopress_titles_title":"","_seopress_titles_desc":"","_seopress_robots_index":"","footnotes":""},"_links":{"self":[{"href":"https:\/\/didierlemarchand.net\/site\/wp-json\/wp\/v2\/pages\/526"}],"collection":[{"href":"https:\/\/didierlemarchand.net\/site\/wp-json\/wp\/v2\/pages"}],"about":[{"href":"https:\/\/didierlemarchand.net\/site\/wp-json\/wp\/v2\/types\/page"}],"author":[{"embeddable":true,"href":"https:\/\/didierlemarchand.net\/site\/wp-json\/wp\/v2\/users\/2"}],"replies":[{"embeddable":true,"href":"https:\/\/didierlemarchand.net\/site\/wp-json\/wp\/v2\/comments?post=526"}],"version-history":[{"count":21,"href":"https:\/\/didierlemarchand.net\/site\/wp-json\/wp\/v2\/pages\/526\/revisions"}],"predecessor-version":[{"id":2366,"href":"https:\/\/didierlemarchand.net\/site\/wp-json\/wp\/v2\/pages\/526\/revisions\/2366"}],"up":[{"embeddable":true,"href":"https:\/\/didierlemarchand.net\/site\/wp-json\/wp\/v2\/pages\/1313"}],"wp:attachment":[{"href":"https:\/\/didierlemarchand.net\/site\/wp-json\/wp\/v2\/media?parent=526"}],"curies":[{"name":"wp","href":"https:\/\/api.w.org\/{rel}","templated":true}]}}