{"id":522,"date":"2014-10-06T18:55:33","date_gmt":"2014-10-06T16:55:33","guid":{"rendered":"http:\/\/didierlemarchand.net\/site\/?page_id=522"},"modified":"2018-02-27T14:24:29","modified_gmt":"2018-02-27T13:24:29","slug":"effusion","status":"publish","type":"page","link":"https:\/\/didierlemarchand.net\/site\/portfolio-2\/presence\/effusion\/","title":{"rendered":"&#038;fusion"},"content":{"rendered":"<p style=\"text-align: center;\">2001 \u2013 s\u00e9rie de 12 travaux \u2013 24 x 24 cm &#8211; impression pigmentaire<\/p>\n<p style=\"text-align: center;\"><a href=\"http:\/\/didierlemarchand.net\/4_site_nouveau\/dossiers_telechargeables\/D_Lemarchand_effusion_1.pdf\" target=\"_blank\" rel=\"noopener\">dossier de pr\u00e9sentation t\u00e9l\u00e9chargeable<\/a><\/p>\n<h1 style=\"text-align: center;\">&#8211;<\/h1>\n<p style=\"text-align: center;\"><img loading=\"lazy\" decoding=\"async\" class=\"alignnone size-medium colorbox-522\" src=\"http:\/\/didierlemarchand.net\/4_site_nouveau\/portfolio-N3\/presence_N3\/PF3_effusion_01\/effusion_01_01.jpg\" width=\"438\" height=\"438\" \/><\/p>\n<h1><\/h1>\n<p>&nbsp;<\/p>\n<h1 style=\"text-align: center;\">&#8211;<\/h1>\n<h1><\/h1>\n<p>&nbsp;<\/p>\n<p style=\"text-align: center;\"><img loading=\"lazy\" decoding=\"async\" class=\"alignnone size-medium colorbox-522\" src=\"http:\/\/didierlemarchand.net\/4_site_nouveau\/portfolio-N3\/presence_N3\/PF3_effusion_01\/effusion_01_02.jpg\" width=\"438\" height=\"438\" \/><\/p>\n<h1><\/h1>\n<p>&nbsp;<\/p>\n<h1 style=\"text-align: center;\">&#8211;<\/h1>\n<h1><\/h1>\n<p>&nbsp;<\/p>\n<p style=\"text-align: center;\"><img loading=\"lazy\" decoding=\"async\" class=\"alignnone size-medium colorbox-522\" src=\"http:\/\/didierlemarchand.net\/4_site_nouveau\/portfolio-N3\/presence_N3\/PF3_effusion_01\/effusion_01_03.jpg\" width=\"438\" height=\"438\" \/><\/p>\n<h1><\/h1>\n<p>&nbsp;<\/p>\n<h1 style=\"text-align: center;\">&#8211;<\/h1>\n<h1><\/h1>\n<p>&nbsp;<\/p>\n<p style=\"text-align: center;\"><img loading=\"lazy\" decoding=\"async\" class=\"alignnone size-medium colorbox-522\" src=\"http:\/\/didierlemarchand.net\/4_site_nouveau\/portfolio-N3\/presence_N3\/PF3_effusion_01\/effusion_01_04.jpg\" width=\"438\" height=\"438\" \/><\/p>\n<h1><\/h1>\n<p>&nbsp;<\/p>\n<h1 style=\"text-align: center;\">&#8211;<\/h1>\n<h1><\/h1>\n<p>&nbsp;<\/p>\n<p style=\"text-align: center;\"><img loading=\"lazy\" decoding=\"async\" class=\"alignnone size-medium colorbox-522\" src=\"http:\/\/didierlemarchand.net\/4_site_nouveau\/portfolio-N3\/presence_N3\/PF3_effusion_01\/effusion_01_05.jpg\" width=\"438\" height=\"438\" \/><\/p>\n<h1><\/h1>\n<p>f<\/p>\n<h1 style=\"text-align: center;\">&#8211;<\/h1>\n<h1><\/h1>\n<p>&nbsp;<\/p>\n<p style=\"text-align: center;\"><img loading=\"lazy\" decoding=\"async\" class=\"alignnone size-medium colorbox-522\" src=\"http:\/\/didierlemarchand.net\/4_site_nouveau\/portfolio-N3\/presence_N3\/PF3_effusion_01\/effusion_01_06.jpg\" width=\"438\" height=\"438\" \/><\/p>\n<h1><\/h1>\n<p>&nbsp;<\/p>\n<h1 style=\"text-align: center;\">&#8211;<\/h1>\n<h1><\/h1>\n<p>&nbsp;<\/p>\n<p style=\"text-align: center;\"><img loading=\"lazy\" decoding=\"async\" class=\"alignnone size-medium colorbox-522\" src=\"http:\/\/didierlemarchand.net\/4_site_nouveau\/portfolio-N3\/presence_N3\/PF3_effusion_01\/effusion_01_07.jpg\" width=\"438\" height=\"438\" \/><\/p>\n<h1><\/h1>\n<p>&nbsp;<\/p>\n<h1 style=\"text-align: center;\">&#8211;<\/h1>\n<h1><\/h1>\n<p>&nbsp;<\/p>\n<p style=\"text-align: center;\"><img loading=\"lazy\" decoding=\"async\" class=\"alignnone size-medium colorbox-522\" src=\"http:\/\/didierlemarchand.net\/4_site_nouveau\/portfolio-N3\/presence_N3\/PF3_effusion_01\/effusion_01_08.jpg\" width=\"438\" height=\"438\" \/><\/p>\n<h1><\/h1>\n<p>&nbsp;<\/p>\n<h1 style=\"text-align: center;\">&#8211;<\/h1>\n<h1><\/h1>\n<p>&nbsp;<\/p>\n<p style=\"text-align: center;\"><img loading=\"lazy\" decoding=\"async\" class=\"alignnone size-medium colorbox-522\" src=\"http:\/\/didierlemarchand.net\/4_site_nouveau\/portfolio-N3\/presence_N3\/PF3_effusion_01\/effusion_01_09.jpg\" width=\"438\" height=\"438\" \/><\/p>\n<h1><\/h1>\n<p>&nbsp;<\/p>\n<h1 style=\"text-align: center;\">&#8211;<\/h1>\n<h1><\/h1>\n<p>&nbsp;<\/p>\n<p style=\"text-align: center;\"><img loading=\"lazy\" decoding=\"async\" class=\"alignnone size-medium colorbox-522\" src=\"http:\/\/didierlemarchand.net\/4_site_nouveau\/portfolio-N3\/presence_N3\/PF3_effusion_01\/effusion_01_10.jpg\" width=\"438\" height=\"438\" \/><\/p>\n<h1><\/h1>\n<p>&nbsp;<\/p>\n<h1 style=\"text-align: center;\">&#8211;<\/h1>\n<h1><\/h1>\n<p>&nbsp;<\/p>\n<p style=\"text-align: center;\"><img loading=\"lazy\" decoding=\"async\" class=\"alignnone size-medium colorbox-522\" src=\"http:\/\/didierlemarchand.net\/4_site_nouveau\/portfolio-N3\/presence_N3\/PF3_effusion_01\/effusion_01_11.jpg\" width=\"438\" height=\"438\" \/><\/p>\n<h1><\/h1>\n<p>&nbsp;<\/p>\n<h1 style=\"text-align: center;\">&#8211;<\/h1>\n<h1><\/h1>\n<p>&nbsp;<\/p>\n<p style=\"text-align: center;\"><img loading=\"lazy\" decoding=\"async\" class=\"alignnone size-medium colorbox-522\" src=\"http:\/\/didierlemarchand.net\/4_site_nouveau\/portfolio-N3\/presence_N3\/PF3_effusion_01\/effusion_01_12.jpg\" width=\"438\" height=\"438\" \/><\/p>\n<p>&nbsp;<\/p>\n<h1 style=\"text-align: center;\">&#8211;<\/h1>\n<h1 style=\"text-align: center;\"><\/h1>\n<p>Cette s\u00e9rie appartient \u00e0 un ensemble plus important sur le corps.<\/p>\n<p>Printemps 2000. Un mod\u00e8le vient de d\u00e9couvrir mon travail lors de l&rsquo;\u2019une de mes expositions. Elle me propose de poser en \u00e9change des images que je produirais.<\/p>\n<p>Je n\u2019avais pas encore abord\u00e9 la repr\u00e9sentation du corps par la photographie. Mon projet s\u2019est d\u00e9fini par d\u00e9faut :<\/p>\n<ul>\n<li>pas de corps pr\u00e9texte \u00e0 effet de mati\u00e8re ou de volume, ramen\u00e9 au statut de poivron, d\u2019ersatz de sculpture.<\/li>\n<li>pas de corps voyeuris\u00e9 pour choquer le bourgeois.<\/li>\n<\/ul>\n<p>Hiver 2000, je r\u00e9alise les premiers clich\u00e9s.<\/p>\n<p>4 s\u00e9ries vont se suivre : long travelling avant visuel et mental face \u00e0 un corps.<\/p>\n<ul>\n<li>d&rsquo;abord le corps vu de loin, \u00e0 distance, derri\u00e8re une vitre\u00a0: <a href=\"http:\/\/didierlemarchand.net\/site\/portfolio-2\/presence\/vis-a-vis\/\">vies \u00e0 vies<\/a><\/li>\n<li>puis le corps vu de tr\u00e8s pr\u00e8s, caress\u00e9 du regard\u00a0: <a href=\"http:\/\/didierlemarchand.net\/site\/portfolio-2\/presence\/fleur-de-peau-2\/\">fleur de peau<\/a> 1 &amp; 2<\/li>\n<li>enfin le corps fantasm\u00e9, fusionnel, comme ressenti de l\u2019int\u00e9rieur : &amp;fusion<\/li>\n<\/ul>\n<p>&nbsp;<\/p>\n<p><strong>&amp;fusion, au del\u00e0 de la fronti\u00e8re de la peau.<\/strong><\/p>\n<p>\u00ab\u00a0[\u2026] elle se p\u00e9n\u00e9trait de la pens\u00e9e que je la voyais comme d\u2019un besoin de m\u2019envelopper dans la ti\u00e9deur int\u00e9rieure de sa chair, et c\u2019\u00e9tait le grand jour qu\u2019elle \u00e9veillait \u00e0 travers sa nudit\u00e9, comme si elle avait senti sa nudit\u00e9 traverser les nuages de mon \u00eatre vivant, se r\u00e9veiller \u00e0 travers la pr\u00e9sence du jour \u00e0 la solidit\u00e9 de la chair dont elle \u00e9tait form\u00e9e.\u00a0\u00bb<\/p>\n<p>Jo\u00eb Bousquet, Le cahier noir<\/p>\n<p>&nbsp;<\/p>\n","protected":false},"excerpt":{"rendered":"<p>2001 \u2013 s\u00e9rie de 12 travaux \u2013 24 x 24 cm &#8211; impression pigmentaire dossier de pr\u00e9sentation t\u00e9l\u00e9chargeable &#8211; &nbsp; <span class=\"ellipsis\">&hellip;<\/span> <span class=\"more-link-wrap\"><a href=\"https:\/\/didierlemarchand.net\/site\/portfolio-2\/presence\/effusion\/\" class=\"more-link\"><span>Continue Reading &rarr;<\/span><\/a><\/span><\/p>\n","protected":false},"author":2,"featured_media":0,"parent":1313,"menu_order":83,"comment_status":"closed","ping_status":"closed","template":"","meta":{"_seopress_robots_primary_cat":"","_seopress_titles_title":"","_seopress_titles_desc":"","_seopress_robots_index":"","footnotes":""},"_links":{"self":[{"href":"https:\/\/didierlemarchand.net\/site\/wp-json\/wp\/v2\/pages\/522"}],"collection":[{"href":"https:\/\/didierlemarchand.net\/site\/wp-json\/wp\/v2\/pages"}],"about":[{"href":"https:\/\/didierlemarchand.net\/site\/wp-json\/wp\/v2\/types\/page"}],"author":[{"embeddable":true,"href":"https:\/\/didierlemarchand.net\/site\/wp-json\/wp\/v2\/users\/2"}],"replies":[{"embeddable":true,"href":"https:\/\/didierlemarchand.net\/site\/wp-json\/wp\/v2\/comments?post=522"}],"version-history":[{"count":17,"href":"https:\/\/didierlemarchand.net\/site\/wp-json\/wp\/v2\/pages\/522\/revisions"}],"predecessor-version":[{"id":2363,"href":"https:\/\/didierlemarchand.net\/site\/wp-json\/wp\/v2\/pages\/522\/revisions\/2363"}],"up":[{"embeddable":true,"href":"https:\/\/didierlemarchand.net\/site\/wp-json\/wp\/v2\/pages\/1313"}],"wp:attachment":[{"href":"https:\/\/didierlemarchand.net\/site\/wp-json\/wp\/v2\/media?parent=522"}],"curies":[{"name":"wp","href":"https:\/\/api.w.org\/{rel}","templated":true}]}}