{"id":506,"date":"2014-10-06T18:37:12","date_gmt":"2014-10-06T16:37:12","guid":{"rendered":"http:\/\/didierlemarchand.net\/site\/?page_id=506"},"modified":"2025-10-13T07:57:17","modified_gmt":"2025-10-13T05:57:17","slug":"vanite-1-1","status":"publish","type":"page","link":"https:\/\/didierlemarchand.net\/site\/portfolio-2\/vanite\/vanite-1-1\/","title":{"rendered":"vanit\u00e9 1.1 vigilance -propret\u00e9"},"content":{"rendered":"<p style=\"text-align: center;\">2005 \u2013 s\u00e9rie de 17 travaux \u2013 30 x 30 cm &#8211; impression pigmentaire<\/p>\n<p style=\"text-align: center;\"><a href=\"http:\/\/didierlemarchand.net\/4_site_nouveau\/dossiers_telechargeables\/D-Lemarchand-vanite-1-1.pdf\" target=\"_blank\" rel=\"noopener\">dossier de pr\u00e9sentation t\u00e9l\u00e9chargeable<\/a><\/p>\n<p>&nbsp;<\/p>\n<h1 style=\"text-align: center;\">&#8211;<\/h1>\n<p style=\"text-align: center;\"><img loading=\"lazy\" decoding=\"async\" class=\"alignnone size-medium colorbox-506\" src=\"http:\/\/didierlemarchand.net\/4_site_nouveau\/portfolio-N3\/vanite_N3\/PF3_vanite_5\/vanite_5_01.jpg\" width=\"438\" height=\"438\" \/><\/p>\n<h1><\/h1>\n<p>&nbsp;<\/p>\n<h1 style=\"text-align: center;\">&#8211;<\/h1>\n<h1><\/h1>\n<p>&nbsp;<\/p>\n<p style=\"text-align: center;\"><img loading=\"lazy\" decoding=\"async\" class=\"alignnone size-medium colorbox-506\" src=\"http:\/\/didierlemarchand.net\/4_site_nouveau\/portfolio-N3\/vanite_N3\/PF3_vanite_5\/vanite_5_02.jpg\" width=\"438\" height=\"438\" \/><\/p>\n<h1><\/h1>\n<p>&nbsp;<\/p>\n<h1 style=\"text-align: center;\">&#8211;<\/h1>\n<h1><\/h1>\n<p>&nbsp;<\/p>\n<p style=\"text-align: center;\"><img loading=\"lazy\" decoding=\"async\" class=\"alignnone size-medium colorbox-506\" src=\"http:\/\/didierlemarchand.net\/4_site_nouveau\/portfolio-N3\/vanite_N3\/PF3_vanite_5\/vanite_5_03.jpg\" width=\"438\" height=\"438\" \/><\/p>\n<h1><\/h1>\n<p>&nbsp;<\/p>\n<h1 style=\"text-align: center;\">&#8211;<\/h1>\n<h1><\/h1>\n<p>&nbsp;<\/p>\n<p style=\"text-align: center;\"><img loading=\"lazy\" decoding=\"async\" class=\"alignnone size-medium colorbox-506\" src=\"http:\/\/didierlemarchand.net\/4_site_nouveau\/portfolio-N3\/vanite_N3\/PF3_vanite_5\/vanite_5_04.jpg\" width=\"438\" height=\"438\" \/><\/p>\n<h1><\/h1>\n<p>&nbsp;<\/p>\n<h1 style=\"text-align: center;\">&#8211;<\/h1>\n<h1><\/h1>\n<p>&nbsp;<\/p>\n<p style=\"text-align: center;\"><img loading=\"lazy\" decoding=\"async\" class=\"alignnone size-medium colorbox-506\" src=\"http:\/\/didierlemarchand.net\/4_site_nouveau\/portfolio-N3\/vanite_N3\/PF3_vanite_5\/vanite_5_05.jpg\" width=\"438\" height=\"438\" \/><\/p>\n<h1><\/h1>\n<p>&nbsp;<\/p>\n<h1 style=\"text-align: center;\">&#8211;<\/h1>\n<h1><\/h1>\n<p>&nbsp;<\/p>\n<p style=\"text-align: center;\"><img loading=\"lazy\" decoding=\"async\" class=\"alignnone size-medium colorbox-506\" src=\"http:\/\/didierlemarchand.net\/4_site_nouveau\/portfolio-N3\/vanite_N3\/PF3_vanite_5\/vanite_5_06.jpg\" width=\"438\" height=\"438\" \/><\/p>\n<h1><\/h1>\n<p>&nbsp;<\/p>\n<h1 style=\"text-align: center;\">&#8211;<\/h1>\n<h1><\/h1>\n<p>&nbsp;<\/p>\n<p style=\"text-align: center;\"><img loading=\"lazy\" decoding=\"async\" class=\"alignnone size-medium colorbox-506\" src=\"http:\/\/didierlemarchand.net\/4_site_nouveau\/portfolio-N3\/vanite_N3\/PF3_vanite_5\/vanite_5_07.jpg\" width=\"438\" height=\"438\" \/><\/p>\n<h1><\/h1>\n<p>&nbsp;<\/p>\n<h1 style=\"text-align: center;\">&#8211;<\/h1>\n<h1><\/h1>\n<p>&nbsp;<\/p>\n<p style=\"text-align: center;\"><img loading=\"lazy\" decoding=\"async\" class=\"alignnone size-medium colorbox-506\" src=\"http:\/\/didierlemarchand.net\/4_site_nouveau\/portfolio-N3\/vanite_N3\/PF3_vanite_5\/vanite_5_08.jpg\" width=\"438\" height=\"438\" \/><\/p>\n<h1><\/h1>\n<p>&nbsp;<\/p>\n<h1 style=\"text-align: center;\">&#8211;<\/h1>\n<h1><\/h1>\n<p>&nbsp;<\/p>\n<p style=\"text-align: center;\"><img loading=\"lazy\" decoding=\"async\" class=\"alignnone size-medium colorbox-506\" src=\"http:\/\/didierlemarchand.net\/4_site_nouveau\/portfolio-N3\/vanite_N3\/PF3_vanite_5\/vanite_5_09.jpg\" width=\"438\" height=\"438\" \/><\/p>\n<h1><\/h1>\n<p>&nbsp;<\/p>\n<h1 style=\"text-align: center;\">&#8211;<\/h1>\n<h1><\/h1>\n<p>&nbsp;<\/p>\n<p style=\"text-align: center;\"><img loading=\"lazy\" decoding=\"async\" class=\"alignnone size-medium colorbox-506\" src=\"http:\/\/didierlemarchand.net\/4_site_nouveau\/portfolio-N3\/vanite_N3\/PF3_vanite_5\/vanite_5_10.jpg\" width=\"438\" height=\"438\" \/><\/p>\n<h1><\/h1>\n<p>&nbsp;<\/p>\n<h1 style=\"text-align: center;\">&#8211;<\/h1>\n<h1><\/h1>\n<p>&nbsp;<\/p>\n<p style=\"text-align: center;\"><img loading=\"lazy\" decoding=\"async\" class=\"alignnone size-medium colorbox-506\" src=\"http:\/\/didierlemarchand.net\/4_site_nouveau\/portfolio-N3\/vanite_N3\/PF3_vanite_5\/vanite_5_11.jpg\" width=\"438\" height=\"438\" \/><\/p>\n<h1><\/h1>\n<p>&nbsp;<\/p>\n<h1 style=\"text-align: center;\">&#8211;<\/h1>\n<h1><\/h1>\n<p>&nbsp;<\/p>\n<p style=\"text-align: center;\"><img loading=\"lazy\" decoding=\"async\" class=\"alignnone size-medium colorbox-506\" src=\"http:\/\/didierlemarchand.net\/4_site_nouveau\/portfolio-N3\/vanite_N3\/PF3_vanite_5\/vanite_5_12.jpg\" width=\"438\" height=\"438\" \/><\/p>\n<h1><\/h1>\n<p>&nbsp;<\/p>\n<h1 style=\"text-align: center;\">&#8211;<\/h1>\n<h1><\/h1>\n<p>&nbsp;<\/p>\n<p style=\"text-align: center;\"><img loading=\"lazy\" decoding=\"async\" class=\"alignnone size-medium colorbox-506\" src=\"http:\/\/didierlemarchand.net\/4_site_nouveau\/portfolio-N3\/vanite_N3\/PF3_vanite_5\/vanite_5_13.jpg\" width=\"438\" height=\"438\" \/><\/p>\n<h1><\/h1>\n<p>&nbsp;<\/p>\n<h1 style=\"text-align: center;\">&#8211;<\/h1>\n<h1><\/h1>\n<p>&nbsp;<\/p>\n<p style=\"text-align: center;\"><img loading=\"lazy\" decoding=\"async\" class=\"alignnone size-medium colorbox-506\" src=\"http:\/\/didierlemarchand.net\/4_site_nouveau\/portfolio-N3\/vanite_N3\/PF3_vanite_5\/vanite_5_14.jpg\" width=\"438\" height=\"438\" \/><\/p>\n<h1><\/h1>\n<p>&nbsp;<\/p>\n<h1 style=\"text-align: center;\">&#8211;<\/h1>\n<h1><\/h1>\n<p>&nbsp;<\/p>\n<p style=\"text-align: center;\"><img loading=\"lazy\" decoding=\"async\" class=\"alignnone size-medium colorbox-506\" src=\"http:\/\/didierlemarchand.net\/4_site_nouveau\/portfolio-N3\/vanite_N3\/PF3_vanite_5\/vanite_5_15.jpg\" width=\"438\" height=\"438\" \/><\/p>\n<h1><\/h1>\n<p>&nbsp;<\/p>\n<h1 style=\"text-align: center;\">&#8211;<\/h1>\n<h1><\/h1>\n<p>&nbsp;<\/p>\n<p style=\"text-align: center;\"><img loading=\"lazy\" decoding=\"async\" class=\"alignnone size-medium colorbox-506\" src=\"http:\/\/didierlemarchand.net\/4_site_nouveau\/portfolio-N3\/vanite_N3\/PF3_vanite_5\/vanite_5_16.jpg\" width=\"438\" height=\"438\" \/><\/p>\n<h1><\/h1>\n<p>&nbsp;<\/p>\n<h1 style=\"text-align: center;\">&#8211;<\/h1>\n<h1><\/h1>\n<p>&nbsp;<\/p>\n<p style=\"text-align: center;\"><img loading=\"lazy\" decoding=\"async\" class=\"alignnone size-medium colorbox-506\" src=\"http:\/\/didierlemarchand.net\/4_site_nouveau\/portfolio-N3\/vanite_N3\/PF3_vanite_5\/vanite_5_17.jpg\" width=\"438\" height=\"438\" \/><\/p>\n<h1><\/h1>\n<p>&nbsp;<\/p>\n<h1 style=\"text-align: center;\">&#8211;<\/h1>\n<h1 style=\"text-align: center;\"><\/h1>\n<p><strong>Vigilance\/propret\u00e9<\/strong><\/p>\n<p>En cette \u00e9poque, o\u00f9 des cadavres ensanglant\u00e9s sont servis dans l\u2019assiette des t\u00e9l\u00e9spectateurs au journal de 20 h, il ne me para\u00eet plus envisageable d\u2019aborder frontalement les trag\u00e9dies internationales. Trop d\u2019image tue l\u2019image. Il ne reste plus, pour parler dans cette cacophonie g\u00e9n\u00e9rale, qu\u2019\u00e0 chuchoter et emprunter des chemins d\u00e9tourn\u00e9s.<\/p>\n<p>Cette s\u00e9rie a \u00e9t\u00e9 ma fa\u00e7on de parler du 11 septembre 2001. Dans l\u2019apr\u00e8s-coup, une fois pass\u00e9es les \u00e9motions premi\u00e8res, les poubelles install\u00e9es \u00e0 Paris \u00e0 la suite de cet \u00e9v\u00e9nement m\u2019ont paru condenser \u00e0 elles seules toute la complexit\u00e9 de nos r\u00e9actions : elles nous rassurent en emp\u00eachant la dissimulation d&rsquo;une bombe mais en m\u00eame temps nous rappellent que le rejet de la civilisation occidentale, celle de l\u2019hyperconsommation a servi entre autre de pr\u00e9texte \u00e0 cet acte de barbarie. Elles nous d\u00e9barrassent de nos d\u00e9chets mais en m\u00eame temps changent leur statut : d\u2019objets abandonn\u00e9s ils sont visuellement valoris\u00e9s \u00e0 travers un filtre vert. Pourquoi vert d\u2019ailleurs ? En fait de transparence, c\u2019est le glauque, l\u2019informe, nos peurs enfouies qui remontent \u00e0 la surface.<\/p>\n<p>Ces travaux n\u2019ont pas cherch\u00e9 d&#8217;embl\u00e9e \u00e0 poser ces questions encore moins \u00e0 y r\u00e9pondre. Si ces images se sont impos\u00e9es \u00e0 moi, c\u2019est qu\u2019elles devaient potentiellement les contenir au point de s\u2019\u00e9riger comme signes.<\/p>\n<p>D. Lemarchand 2005<\/p>\n<p>&nbsp;<\/p>\n","protected":false},"excerpt":{"rendered":"<p>2005 \u2013 s\u00e9rie de 17 travaux \u2013 30 x 30 cm &#8211; impression pigmentaire dossier de pr\u00e9sentation t\u00e9l\u00e9chargeable &nbsp; &#8211; <span class=\"ellipsis\">&hellip;<\/span> <span class=\"more-link-wrap\"><a href=\"https:\/\/didierlemarchand.net\/site\/portfolio-2\/vanite\/vanite-1-1\/\" class=\"more-link\"><span>Continue Reading &rarr;<\/span><\/a><\/span><\/p>\n","protected":false},"author":2,"featured_media":0,"parent":1342,"menu_order":1,"comment_status":"closed","ping_status":"closed","template":"","meta":{"_seopress_robots_primary_cat":"","_seopress_titles_title":"","_seopress_titles_desc":"","_seopress_robots_index":"","footnotes":""},"_links":{"self":[{"href":"https:\/\/didierlemarchand.net\/site\/wp-json\/wp\/v2\/pages\/506"}],"collection":[{"href":"https:\/\/didierlemarchand.net\/site\/wp-json\/wp\/v2\/pages"}],"about":[{"href":"https:\/\/didierlemarchand.net\/site\/wp-json\/wp\/v2\/types\/page"}],"author":[{"embeddable":true,"href":"https:\/\/didierlemarchand.net\/site\/wp-json\/wp\/v2\/users\/2"}],"replies":[{"embeddable":true,"href":"https:\/\/didierlemarchand.net\/site\/wp-json\/wp\/v2\/comments?post=506"}],"version-history":[{"count":15,"href":"https:\/\/didierlemarchand.net\/site\/wp-json\/wp\/v2\/pages\/506\/revisions"}],"predecessor-version":[{"id":20571,"href":"https:\/\/didierlemarchand.net\/site\/wp-json\/wp\/v2\/pages\/506\/revisions\/20571"}],"up":[{"embeddable":true,"href":"https:\/\/didierlemarchand.net\/site\/wp-json\/wp\/v2\/pages\/1342"}],"wp:attachment":[{"href":"https:\/\/didierlemarchand.net\/site\/wp-json\/wp\/v2\/media?parent=506"}],"curies":[{"name":"wp","href":"https:\/\/api.w.org\/{rel}","templated":true}]}}