{"id":501,"date":"2014-10-06T18:29:58","date_gmt":"2014-10-06T16:29:58","guid":{"rendered":"http:\/\/didierlemarchand.net\/site\/?page_id=501"},"modified":"2018-02-21T11:59:20","modified_gmt":"2018-02-21T10:59:20","slug":"entrefil-1","status":"publish","type":"page","link":"https:\/\/didierlemarchand.net\/site\/portfolio-2\/espace\/entrefil-1\/","title":{"rendered":"entrefils"},"content":{"rendered":"<p style=\"text-align: center;\">2006 \u2013 s\u00e9rie en cours \u2013 100 x 100 cm &#8211; impression pigmentaire<\/p>\n<p style=\"text-align: center;\"><a href=\"http:\/\/didierlemarchand.net\/4_site_nouveau\/dossiers_telechargeables\/D_Lemarchand_entrefil.pdf\" target=\"_blank\" rel=\"noopener\">dossier de pr\u00e9sentation t\u00e9l\u00e9chargeable<\/a><\/p>\n<h1 style=\"text-align: center;\">&#8211;<\/h1>\n<p>&nbsp;<\/p>\n<h1 id=\"photo\" style=\"text-align: center;\"><img class=\"colorbox-501\"  loading=\"lazy\" decoding=\"async\" src=\"http:\/\/didierlemarchand.net\/4_site_nouveau\/portfolio-N3\/espace_N3\/entrefil_1\/entrefils_01_01.jpg\" alt=\"entrefil 1.01\" width=\"438\" height=\"438\" \/><\/h1>\n<h1><\/h1>\n<p>&nbsp;<\/p>\n<h1 style=\"text-align: center;\">&#8211;<\/h1>\n<h1><\/h1>\n<p>&nbsp;<\/p>\n<h1 id=\"photo\" style=\"text-align: center;\"><img class=\"colorbox-501\"  loading=\"lazy\" decoding=\"async\" src=\"http:\/\/didierlemarchand.net\/4_site_nouveau\/portfolio-N3\/espace_N3\/entrefil_1\/entrefils_01_02.jpg\" alt=\"entrefil 1.02\" width=\"438\" height=\"438\" \/><\/h1>\n<h1><\/h1>\n<p>&nbsp;<\/p>\n<h1 style=\"text-align: center;\">&#8211;<\/h1>\n<h1><\/h1>\n<p>&nbsp;<\/p>\n<h1 id=\"photo_fin\" style=\"text-align: center;\"><img class=\"colorbox-501\"  loading=\"lazy\" decoding=\"async\" src=\"http:\/\/didierlemarchand.net\/4_site_nouveau\/portfolio-N3\/espace_N3\/entrefil_1\/entrefils_01_03.jpg\" alt=\"entrefil 1.03\" width=\"438\" height=\"438\" \/><\/h1>\n<h1 style=\"text-align: center;\"><\/h1>\n<h1 style=\"text-align: center;\">&#8211;<\/h1>\n<p><strong>protocole<\/strong> : 4 personnes sollicit\u00e9es me font chacune rencontrer 2 personnes inconnues.<\/p>\n<p><strong>projet<\/strong> : interroger l&rsquo;espace mental qui peut exister entre 13 personnes : moi, les 4 personnes sollicit\u00e9es et les 8 inconnus.<\/p>\n<p>Le t\u00e9l\u00e9phone fixe m\u2019est apparu comme un bel \u00e9l\u00e9ment de lien. Au cours d\u2019une communication, pour les deux interlocuteurs, m\u00eame si l&rsquo;on connait l\u2019espace intime de son correspondant, on ne cherche jamais \u00e0 visualiser cet espace pendant l&rsquo;appel. On est dans un autre espace sans \u00eatre nulle part. Entre l\u2019espace imagin\u00e9 et l\u2019espace r\u00e9el, entre les deux espaces des deux bouts de la ligne s\u2019ouvrent des espaces mentaux incommensurables.<\/p>\n<p><strong>r\u00e9alisation<\/strong> : je prends, chez chacun, des clich\u00e9s d&rsquo;un espace d&rsquo;1m2 autour du t\u00e9l\u00e9phone. Ces clich\u00e9s sont assembl\u00e9s et superpos\u00e9s selon un ordre pr\u00e9con\u00e7u :<\/p>\n<ul>\n<li>au centre mon espace et celui des 4 premi\u00e8res personnes<\/li>\n<li>a la p\u00e9riph\u00e9rie ces 4 personnes et leur 2 relations<\/li>\n<li>dans les angles, rencontre peut-\u00eatre improbable entre les 2 relations (voir le sch\u00e9ma dans le pdf joint)<\/li>\n<\/ul>\n","protected":false},"excerpt":{"rendered":"<p>2006 \u2013 s\u00e9rie en cours \u2013 100 x 100 cm &#8211; impression pigmentaire dossier de pr\u00e9sentation t\u00e9l\u00e9chargeable &#8211; &nbsp; &nbsp; <span class=\"ellipsis\">&hellip;<\/span> <span class=\"more-link-wrap\"><a href=\"https:\/\/didierlemarchand.net\/site\/portfolio-2\/espace\/entrefil-1\/\" class=\"more-link\"><span>Continue Reading &rarr;<\/span><\/a><\/span><\/p>\n","protected":false},"author":2,"featured_media":0,"parent":1298,"menu_order":214,"comment_status":"closed","ping_status":"closed","template":"","meta":{"_seopress_robots_primary_cat":"","_seopress_titles_title":"","_seopress_titles_desc":"","_seopress_robots_index":"","footnotes":""},"_links":{"self":[{"href":"https:\/\/didierlemarchand.net\/site\/wp-json\/wp\/v2\/pages\/501"}],"collection":[{"href":"https:\/\/didierlemarchand.net\/site\/wp-json\/wp\/v2\/pages"}],"about":[{"href":"https:\/\/didierlemarchand.net\/site\/wp-json\/wp\/v2\/types\/page"}],"author":[{"embeddable":true,"href":"https:\/\/didierlemarchand.net\/site\/wp-json\/wp\/v2\/users\/2"}],"replies":[{"embeddable":true,"href":"https:\/\/didierlemarchand.net\/site\/wp-json\/wp\/v2\/comments?post=501"}],"version-history":[{"count":10,"href":"https:\/\/didierlemarchand.net\/site\/wp-json\/wp\/v2\/pages\/501\/revisions"}],"predecessor-version":[{"id":2207,"href":"https:\/\/didierlemarchand.net\/site\/wp-json\/wp\/v2\/pages\/501\/revisions\/2207"}],"up":[{"embeddable":true,"href":"https:\/\/didierlemarchand.net\/site\/wp-json\/wp\/v2\/pages\/1298"}],"wp:attachment":[{"href":"https:\/\/didierlemarchand.net\/site\/wp-json\/wp\/v2\/media?parent=501"}],"curies":[{"name":"wp","href":"https:\/\/api.w.org\/{rel}","templated":true}]}}