{"id":498,"date":"2014-10-06T18:27:11","date_gmt":"2014-10-06T16:27:11","guid":{"rendered":"http:\/\/didierlemarchand.net\/site\/?page_id=498"},"modified":"2025-10-13T08:18:18","modified_gmt":"2025-10-13T06:18:18","slug":"vanite-4-1","status":"publish","type":"page","link":"https:\/\/didierlemarchand.net\/site\/portfolio-2\/vanite\/vanite-4-1\/","title":{"rendered":"vanit\u00e9 4.1 tout doit dispara\u00eetre"},"content":{"rendered":"<p style=\"text-align: center;\">2006 \u2013 30 x 30 cm \u2013 impression pigmentaire<\/p>\n<p style=\"text-align: center;\"><a href=\"http:\/\/didierlemarchand.net\/4_site_nouveau\/dossiers_telechargeables\/D-Lemarchand-vanite-4-1.pdf\" target=\"_blank\" rel=\"noopener\">dossier de pr\u00e9sentation t\u00e9l\u00e9chargeable<\/a><\/p>\n<h1 style=\"text-align: center;\">&#8211;<\/h1>\n<p style=\"text-align: center;\"><img loading=\"lazy\" decoding=\"async\" class=\"alignnone size-medium colorbox-498\" src=\"http:\/\/didierlemarchand.net\/4_site_nouveau\/portfolio-N3\/vanite_N3\/PF3_vanite_7\/vanite_7_01.jpg\" width=\"438\" height=\"438\" \/><\/p>\n<h1><\/h1>\n<p>&nbsp;<\/p>\n<h1 style=\"text-align: center;\">&#8211;<\/h1>\n<h1><\/h1>\n<p>&nbsp;<\/p>\n<p style=\"text-align: center;\"><img loading=\"lazy\" decoding=\"async\" class=\"alignnone size-medium colorbox-498\" src=\"http:\/\/didierlemarchand.net\/4_site_nouveau\/portfolio-N3\/vanite_N3\/PF3_vanite_7\/vanite_7_02.jpg\" width=\"438\" height=\"438\" \/><\/p>\n<h1><\/h1>\n<p>&nbsp;<\/p>\n<h1 style=\"text-align: center;\">&#8211;<\/h1>\n<h1><\/h1>\n<p>&nbsp;<\/p>\n<p style=\"text-align: center;\"><img loading=\"lazy\" decoding=\"async\" class=\"alignnone size-medium colorbox-498\" src=\"http:\/\/didierlemarchand.net\/4_site_nouveau\/portfolio-N3\/vanite_N3\/PF3_vanite_7\/vanite_7_03.jpg\" width=\"438\" height=\"438\" \/><\/p>\n<h1><\/h1>\n<p>&nbsp;<\/p>\n<h1 style=\"text-align: center;\">&#8211;<\/h1>\n<h1><\/h1>\n<p>&nbsp;<\/p>\n<p style=\"text-align: center;\"><img loading=\"lazy\" decoding=\"async\" class=\"alignnone size-medium colorbox-498\" src=\"http:\/\/didierlemarchand.net\/4_site_nouveau\/portfolio-N3\/vanite_N3\/PF3_vanite_7\/vanite_7_04.jpg\" width=\"438\" height=\"438\" \/><\/p>\n<h1><\/h1>\n<p>&nbsp;<\/p>\n<h1 style=\"text-align: center;\">&#8211;<\/h1>\n<h1><\/h1>\n<p>&nbsp;<\/p>\n<p style=\"text-align: center;\"><img loading=\"lazy\" decoding=\"async\" class=\"alignnone size-medium colorbox-498\" src=\"http:\/\/didierlemarchand.net\/4_site_nouveau\/portfolio-N3\/vanite_N3\/PF3_vanite_7\/vanite_7_05.jpg\" width=\"438\" height=\"438\" \/><\/p>\n<h1><\/h1>\n<p>&nbsp;<\/p>\n<h1 style=\"text-align: center;\">&#8211;<\/h1>\n<h1><\/h1>\n<p>&nbsp;<\/p>\n<p style=\"text-align: center;\"><img loading=\"lazy\" decoding=\"async\" class=\"alignnone size-medium colorbox-498\" src=\"http:\/\/didierlemarchand.net\/4_site_nouveau\/portfolio-N3\/vanite_N3\/PF3_vanite_7\/vanite_7_06.jpg\" width=\"438\" height=\"438\" \/><\/p>\n<h1><\/h1>\n<p>&nbsp;<\/p>\n<h1 style=\"text-align: center;\">&#8211;<\/h1>\n<h1><\/h1>\n<p>&nbsp;<\/p>\n<p style=\"text-align: center;\"><img loading=\"lazy\" decoding=\"async\" class=\"alignnone size-medium colorbox-498\" src=\"http:\/\/didierlemarchand.net\/4_site_nouveau\/portfolio-N3\/vanite_N3\/PF3_vanite_7\/vanite_7_07.jpg\" width=\"438\" height=\"438\" \/><\/p>\n<h1><\/h1>\n<p>&nbsp;<\/p>\n<h1 style=\"text-align: center;\">&#8211;<\/h1>\n<h1><\/h1>\n<p>&nbsp;<\/p>\n<p style=\"text-align: center;\"><img loading=\"lazy\" decoding=\"async\" class=\"alignnone size-medium colorbox-498\" src=\"http:\/\/didierlemarchand.net\/4_site_nouveau\/portfolio-N3\/vanite_N3\/PF3_vanite_7\/vanite_7_08.jpg\" width=\"438\" height=\"438\" \/><\/p>\n<h1><\/h1>\n<p>&nbsp;<\/p>\n<h1 style=\"text-align: center;\">&#8211;<\/h1>\n<h1><\/h1>\n<p>&nbsp;<\/p>\n<p style=\"text-align: center;\"><img loading=\"lazy\" decoding=\"async\" class=\"alignnone size-medium colorbox-498\" src=\"http:\/\/didierlemarchand.net\/4_site_nouveau\/portfolio-N3\/vanite_N3\/PF3_vanite_7\/vanite_7_09.jpg\" width=\"438\" height=\"438\" \/><\/p>\n<h1><\/h1>\n<p>&nbsp;<\/p>\n<h1 style=\"text-align: center;\">&#8211;<\/h1>\n<h1><\/h1>\n<p>&nbsp;<\/p>\n<p style=\"text-align: center;\"><img loading=\"lazy\" decoding=\"async\" class=\"alignnone size-medium colorbox-498\" src=\"http:\/\/didierlemarchand.net\/4_site_nouveau\/portfolio-N3\/vanite_N3\/PF3_vanite_7\/vanite_7_10.jpg\" width=\"438\" height=\"438\" \/><\/p>\n<h1><\/h1>\n<p>&nbsp;<\/p>\n<h1 style=\"text-align: center;\">&#8211;<\/h1>\n<h1><\/h1>\n<p>&nbsp;<\/p>\n<p style=\"text-align: center;\"><img loading=\"lazy\" decoding=\"async\" class=\"alignnone size-medium colorbox-498\" src=\"http:\/\/didierlemarchand.net\/4_site_nouveau\/portfolio-N3\/vanite_N3\/PF3_vanite_7\/vanite_7_11.jpg\" width=\"438\" height=\"438\" \/><\/p>\n<h1><\/h1>\n<p>&nbsp;<\/p>\n<h1 style=\"text-align: center;\">&#8211;<\/h1>\n<h1><\/h1>\n<p>&nbsp;<\/p>\n<p style=\"text-align: center;\"><img loading=\"lazy\" decoding=\"async\" class=\"alignnone size-medium colorbox-498\" src=\"http:\/\/didierlemarchand.net\/4_site_nouveau\/portfolio-N3\/vanite_N3\/PF3_vanite_7\/vanite_7_12.jpg\" width=\"438\" height=\"438\" \/><\/p>\n<h1><\/h1>\n<p>&nbsp;<\/p>\n<h1 style=\"text-align: center;\">&#8211;<\/h1>\n<h1><\/h1>\n<p>&nbsp;<\/p>\n<p style=\"text-align: center;\"><img loading=\"lazy\" decoding=\"async\" class=\"alignnone size-medium colorbox-498\" src=\"http:\/\/didierlemarchand.net\/4_site_nouveau\/portfolio-N3\/vanite_N3\/PF3_vanite_7\/vanite_7_13.jpg\" width=\"438\" height=\"438\" \/><\/p>\n<h1><\/h1>\n<p>&nbsp;<\/p>\n<h1 style=\"text-align: center;\">&#8211;<\/h1>\n<h1><\/h1>\n<p>&nbsp;<\/p>\n<p style=\"text-align: center;\"><img loading=\"lazy\" decoding=\"async\" class=\"alignnone size-medium colorbox-498\" src=\"http:\/\/didierlemarchand.net\/4_site_nouveau\/portfolio-N3\/vanite_N3\/PF3_vanite_7\/vanite_7_14.jpg\" width=\"438\" height=\"438\" \/><\/p>\n<h1><\/h1>\n<p>&nbsp;<\/p>\n<h1 style=\"text-align: center;\">&#8211;<\/h1>\n<h1><\/h1>\n<p>&nbsp;<\/p>\n<p style=\"text-align: center;\"><img loading=\"lazy\" decoding=\"async\" class=\"alignnone size-medium colorbox-498\" src=\"http:\/\/didierlemarchand.net\/4_site_nouveau\/portfolio-N3\/vanite_N3\/PF3_vanite_7\/vanite_7_15.jpg\" width=\"438\" height=\"438\" \/><\/p>\n<h1><\/h1>\n<p>&nbsp;<\/p>\n<h1 style=\"text-align: center;\">&#8211;<\/h1>\n<h1><\/h1>\n<p>&nbsp;<\/p>\n<p style=\"text-align: center;\"><img loading=\"lazy\" decoding=\"async\" class=\"alignnone size-medium colorbox-498\" src=\"http:\/\/didierlemarchand.net\/4_site_nouveau\/portfolio-N3\/vanite_N3\/PF3_vanite_7\/vanite_7_16.jpg\" width=\"438\" height=\"438\" \/><\/p>\n<h1><\/h1>\n<p>&nbsp;<\/p>\n<h1 style=\"text-align: center;\">&#8211;<\/h1>\n<h1><\/h1>\n<p>&nbsp;<\/p>\n<p style=\"text-align: center;\"><img loading=\"lazy\" decoding=\"async\" class=\"alignnone size-medium colorbox-498\" src=\"http:\/\/didierlemarchand.net\/4_site_nouveau\/portfolio-N3\/vanite_N3\/PF3_vanite_7\/vanite_7_17.jpg\" width=\"438\" height=\"438\" \/><\/p>\n<h1><\/h1>\n<p>&nbsp;<\/p>\n<h1 style=\"text-align: center;\">&#8211;<\/h1>\n<h1><\/h1>\n<p>&nbsp;<\/p>\n<p style=\"text-align: center;\"><img loading=\"lazy\" decoding=\"async\" class=\"alignnone size-medium colorbox-498\" src=\"http:\/\/didierlemarchand.net\/4_site_nouveau\/portfolio-N3\/vanite_N3\/PF3_vanite_7\/vanite_7_18.jpg\" width=\"438\" height=\"438\" \/><\/p>\n<h1><\/h1>\n<p>&nbsp;<\/p>\n<h1 style=\"text-align: center;\">&#8211;<\/h1>\n<h1><\/h1>\n<p>&nbsp;<\/p>\n<p style=\"text-align: center;\"><img loading=\"lazy\" decoding=\"async\" class=\"alignnone size-medium colorbox-498\" src=\"http:\/\/didierlemarchand.net\/4_site_nouveau\/portfolio-N3\/vanite_N3\/PF3_vanite_7\/vanite_7_19.jpg\" width=\"438\" height=\"438\" \/><\/p>\n<h1><\/h1>\n<p>&nbsp;<\/p>\n<h1 style=\"text-align: center;\">&#8211;<\/h1>\n<h1><\/h1>\n<p>&nbsp;<\/p>\n<p style=\"text-align: center;\"><img loading=\"lazy\" decoding=\"async\" class=\"alignnone size-medium colorbox-498\" src=\"http:\/\/didierlemarchand.net\/4_site_nouveau\/portfolio-N3\/vanite_N3\/PF3_vanite_7\/vanite_7_20.jpg\" width=\"438\" height=\"438\" \/><\/p>\n<h1><\/h1>\n<p>&nbsp;<\/p>\n<h1 style=\"text-align: center;\">&#8211;<\/h1>\n<h1><\/h1>\n<p>&nbsp;<\/p>\n<p style=\"text-align: center;\"><img loading=\"lazy\" decoding=\"async\" class=\"alignnone size-medium colorbox-498\" src=\"http:\/\/didierlemarchand.net\/4_site_nouveau\/portfolio-N3\/vanite_N3\/PF3_vanite_7\/vanite_7_21.jpg\" width=\"438\" height=\"438\" \/><\/p>\n<h1><\/h1>\n<p>&nbsp;<\/p>\n<h1 style=\"text-align: center;\">&#8211;<\/h1>\n<h1><\/h1>\n<p>&nbsp;<\/p>\n<p style=\"text-align: center;\"><img loading=\"lazy\" decoding=\"async\" class=\"alignnone size-medium colorbox-498\" src=\"http:\/\/didierlemarchand.net\/4_site_nouveau\/portfolio-N3\/vanite_N3\/PF3_vanite_7\/vanite_7_22.jpg\" width=\"438\" height=\"438\" \/><\/p>\n<h1><\/h1>\n<p>&nbsp;<\/p>\n<h1 style=\"text-align: center;\">&#8211;<\/h1>\n<h1><\/h1>\n<p>&nbsp;<\/p>\n<p style=\"text-align: center;\"><img loading=\"lazy\" decoding=\"async\" class=\"alignnone size-medium colorbox-498\" src=\"http:\/\/didierlemarchand.net\/4_site_nouveau\/portfolio-N3\/vanite_N3\/PF3_vanite_7\/vanite_7_23.jpg\" width=\"438\" height=\"438\" \/><\/p>\n<h1><\/h1>\n<p>&nbsp;<\/p>\n<h1 style=\"text-align: center;\">&#8211;<\/h1>\n<h1><\/h1>\n<p>&nbsp;<\/p>\n<p style=\"text-align: center;\"><img loading=\"lazy\" decoding=\"async\" class=\"alignnone size-medium colorbox-498\" src=\"http:\/\/didierlemarchand.net\/4_site_nouveau\/portfolio-N3\/vanite_N3\/PF3_vanite_7\/vanite_7_24.jpg\" width=\"438\" height=\"438\" \/><\/p>\n<h1><\/h1>\n<p>&nbsp;<\/p>\n<h1 style=\"text-align: center;\">&#8211;<\/h1>\n<h1><\/h1>\n<p>&nbsp;<\/p>\n<p style=\"text-align: center;\"><img loading=\"lazy\" decoding=\"async\" class=\"alignnone size-medium colorbox-498\" src=\"http:\/\/didierlemarchand.net\/4_site_nouveau\/portfolio-N3\/vanite_N3\/PF3_vanite_7\/vanite_7_25.jpg\" width=\"438\" height=\"438\" \/><\/p>\n<h1><\/h1>\n<p>&nbsp;<\/p>\n<h1 style=\"text-align: center;\">&#8211;<\/h1>\n<h1><\/h1>\n<p>&nbsp;<\/p>\n<p style=\"text-align: center;\"><img loading=\"lazy\" decoding=\"async\" class=\"alignnone size-medium colorbox-498\" src=\"http:\/\/didierlemarchand.net\/4_site_nouveau\/portfolio-N3\/vanite_N3\/PF3_vanite_7\/vanite_7_26.jpg\" width=\"438\" height=\"438\" \/><\/p>\n<h1><\/h1>\n<p>&nbsp;<\/p>\n<h1 style=\"text-align: center;\">&#8211;<\/h1>\n<h1><\/h1>\n<p>&nbsp;<\/p>\n<p style=\"text-align: center;\"><img loading=\"lazy\" decoding=\"async\" class=\"alignnone size-medium colorbox-498\" src=\"http:\/\/didierlemarchand.net\/4_site_nouveau\/portfolio-N3\/vanite_N3\/PF3_vanite_7\/vanite_7_27.jpg\" width=\"438\" height=\"438\" \/><\/p>\n<h1><\/h1>\n<p>&nbsp;<\/p>\n<h1 style=\"text-align: center;\">&#8211;<\/h1>\n<h1><\/h1>\n<p>&nbsp;<\/p>\n<p style=\"text-align: center;\"><img loading=\"lazy\" decoding=\"async\" class=\"alignnone size-medium colorbox-498\" src=\"http:\/\/didierlemarchand.net\/4_site_nouveau\/portfolio-N3\/vanite_N3\/PF3_vanite_7\/vanite_7_28.jpg\" width=\"438\" height=\"438\" \/><\/p>\n<h1><\/h1>\n<p>&nbsp;<\/p>\n<h1 style=\"text-align: center;\">&#8211;<\/h1>\n<h1><\/h1>\n<p>&nbsp;<\/p>\n<p style=\"text-align: center;\"><img loading=\"lazy\" decoding=\"async\" class=\"alignnone size-medium colorbox-498\" src=\"http:\/\/didierlemarchand.net\/4_site_nouveau\/portfolio-N3\/vanite_N3\/PF3_vanite_7\/vanite_7_29.jpg\" width=\"438\" height=\"438\" \/><\/p>\n<h1><\/h1>\n<p>&nbsp;<\/p>\n<h1 style=\"text-align: center;\">&#8211;<\/h1>\n<h1><\/h1>\n<p>&nbsp;<\/p>\n<p style=\"text-align: center;\"><img loading=\"lazy\" decoding=\"async\" class=\"alignnone size-medium colorbox-498\" src=\"http:\/\/didierlemarchand.net\/4_site_nouveau\/portfolio-N3\/vanite_N3\/PF3_vanite_7\/vanite_7_30.jpg\" width=\"438\" height=\"438\" \/><\/p>\n<h1><\/h1>\n<p>&nbsp;<\/p>\n<h1 style=\"text-align: center;\">&#8211;<\/h1>\n<h1><\/h1>\n<p>&nbsp;<\/p>\n<p style=\"text-align: center;\"><img loading=\"lazy\" decoding=\"async\" class=\"alignnone size-medium colorbox-498\" src=\"http:\/\/didierlemarchand.net\/4_site_nouveau\/portfolio-N3\/vanite_N3\/PF3_vanite_7\/vanite_7_31.jpg\" width=\"438\" height=\"438\" \/><\/p>\n<h1><\/h1>\n<p>&nbsp;<\/p>\n<h1 style=\"text-align: center;\">&#8211;<\/h1>\n<h1 style=\"text-align: center;\"><\/h1>\n<p><strong>A c\u00e9der<br \/>\n<\/strong><\/p>\n<p>Deux vanit\u00e9s contemporaines s\u2019\u00e9talent \u00e0 notre vue dans les centres villes : d\u2019une part les vitrines barbouill\u00e9es de blanc de Meudon quand les boutiques se r\u00e9novent ou ferment, et d\u2019autre part les publicit\u00e9s pour les soins corporels. Ces deux sujets, que j\u2019ai condens\u00e9s en une seule image, me sont apparus comme des signes paradoxaux de notre \u00e9poque. La recherche effr\u00e9n\u00e9e de la nouveaut\u00e9 et simultan\u00e9ment la lutte contre les outrages du temps ne sont que leurre et chim\u00e8re.<br \/>\n\u00c9poque de l\u2019instant et de l\u2019apparence, \u00e0 en oublier que les boutiques sont \u00e9ph\u00e9m\u00e8res, comme les corps, comme les images, comme la lumi\u00e8re, comme &#8230;<\/p>\n<p>Ces images sont composites. Elles r\u00e9sultent de la superposition de 2 clich\u00e9s : l\u2019un d\u2019une vitrine barbouill\u00e9es de blanc, l\u2019autre de publicit\u00e9 pour les soins corporels. La matrice de l\u2019ensemble a \u00e9t\u00e9 un clich\u00e9 o\u00f9 les \u00e9l\u00e9ments \u00e9taient r\u00e9ellement pr\u00e9sents ensemble.<\/p>\n","protected":false},"excerpt":{"rendered":"<p>2006 \u2013 30 x 30 cm \u2013 impression pigmentaire dossier de pr\u00e9sentation t\u00e9l\u00e9chargeable &#8211; &nbsp; &#8211; &nbsp; &nbsp; &#8211; &nbsp; <span class=\"ellipsis\">&hellip;<\/span> <span class=\"more-link-wrap\"><a href=\"https:\/\/didierlemarchand.net\/site\/portfolio-2\/vanite\/vanite-4-1\/\" class=\"more-link\"><span>Continue Reading &rarr;<\/span><\/a><\/span><\/p>\n","protected":false},"author":2,"featured_media":0,"parent":1342,"menu_order":5,"comment_status":"closed","ping_status":"closed","template":"","meta":{"_seopress_robots_primary_cat":"","_seopress_titles_title":"","_seopress_titles_desc":"","_seopress_robots_index":"","footnotes":""},"_links":{"self":[{"href":"https:\/\/didierlemarchand.net\/site\/wp-json\/wp\/v2\/pages\/498"}],"collection":[{"href":"https:\/\/didierlemarchand.net\/site\/wp-json\/wp\/v2\/pages"}],"about":[{"href":"https:\/\/didierlemarchand.net\/site\/wp-json\/wp\/v2\/types\/page"}],"author":[{"embeddable":true,"href":"https:\/\/didierlemarchand.net\/site\/wp-json\/wp\/v2\/users\/2"}],"replies":[{"embeddable":true,"href":"https:\/\/didierlemarchand.net\/site\/wp-json\/wp\/v2\/comments?post=498"}],"version-history":[{"count":16,"href":"https:\/\/didierlemarchand.net\/site\/wp-json\/wp\/v2\/pages\/498\/revisions"}],"predecessor-version":[{"id":20579,"href":"https:\/\/didierlemarchand.net\/site\/wp-json\/wp\/v2\/pages\/498\/revisions\/20579"}],"up":[{"embeddable":true,"href":"https:\/\/didierlemarchand.net\/site\/wp-json\/wp\/v2\/pages\/1342"}],"wp:attachment":[{"href":"https:\/\/didierlemarchand.net\/site\/wp-json\/wp\/v2\/media?parent=498"}],"curies":[{"name":"wp","href":"https:\/\/api.w.org\/{rel}","templated":true}]}}