{"id":488,"date":"2014-10-06T18:19:05","date_gmt":"2014-10-06T16:19:05","guid":{"rendered":"http:\/\/didierlemarchand.net\/site\/?page_id=488"},"modified":"2023-05-08T11:14:28","modified_gmt":"2023-05-08T09:14:28","slug":"autre-la-4","status":"publish","type":"page","link":"https:\/\/didierlemarchand.net\/site\/portfolio-2\/presence\/autre-la-4\/","title":{"rendered":"l&rsquo;autre-l\u00e0 4"},"content":{"rendered":"<p style=\"text-align: center;\">s\u00e9rie commenc\u00e9e en 2007 &#8211; impressions jet d&rsquo;encre pigmentaire &#8211; formats : 30 x 30 cm<\/p>\n<p style=\"text-align: center;\"><a href=\"http:\/\/didierlemarchand.net\/4_site_nouveau\/dossiers_telechargeables\/D_Lemarchand_autre_la_4.pdf\" target=\"_blank\" rel=\"noopener\">dossier de pr\u00e9sentation t\u00e9l\u00e9chargeable<\/a><\/p>\n<h1 style=\"text-align: center;\">&#8211;<\/h1>\n<h1 id=\"photo\" style=\"text-align: center;\"><img class=\"colorbox-488\"  loading=\"lazy\" decoding=\"async\" src=\"http:\/\/didierlemarchand.net\/4_site_nouveau\/portfolio-N3\/presence_N3\/PF3_autre_la_4\/autre_la_4_01.jpg\" alt=\"autre-la-4-1\" width=\"438\" height=\"438\" \/><\/h1>\n<h1 style=\"text-align: center;\">&#8211;<\/h1>\n<h1 id=\"photo\" style=\"text-align: center;\"><img class=\"colorbox-488\"  loading=\"lazy\" decoding=\"async\" src=\"http:\/\/didierlemarchand.net\/4_site_nouveau\/portfolio-N3\/presence_N3\/PF3_autre_la_4\/autre_la_4_02.jpg\" alt=\"autre-la-4-2\" width=\"438\" height=\"438\" \/><\/h1>\n<h1 style=\"text-align: center;\">&#8211;<\/h1>\n<h1 id=\"photo\" style=\"text-align: center;\"><img class=\"colorbox-488\"  loading=\"lazy\" decoding=\"async\" src=\"http:\/\/didierlemarchand.net\/4_site_nouveau\/portfolio-N3\/presence_N3\/PF3_autre_la_4\/autre_la_4_03.jpg\" alt=\"autre-la-4-3\" width=\"438\" height=\"438\" \/><\/h1>\n<h1 style=\"text-align: center;\">&#8211;<\/h1>\n<h1 id=\"photo\" style=\"text-align: center;\"><img class=\"colorbox-488\"  loading=\"lazy\" decoding=\"async\" src=\"http:\/\/didierlemarchand.net\/4_site_nouveau\/portfolio-N3\/presence_N3\/PF3_autre_la_4\/autre_la_4_04.jpg\" alt=\"autre-la-4-4\" width=\"438\" height=\"438\" \/><\/h1>\n<h1 style=\"text-align: center;\">&#8211;<\/h1>\n<h1 id=\"photo\" style=\"text-align: center;\"><img class=\"colorbox-488\"  loading=\"lazy\" decoding=\"async\" src=\"http:\/\/didierlemarchand.net\/4_site_nouveau\/portfolio-N3\/presence_N3\/PF3_autre_la_4\/autre_la_4_05.jpg\" alt=\"autre-la-4-5\" width=\"438\" height=\"438\" \/><\/h1>\n<h1 style=\"text-align: center;\">&#8211;<\/h1>\n<h1 id=\"photo\" style=\"text-align: center;\"><img class=\"colorbox-488\"  loading=\"lazy\" decoding=\"async\" src=\"http:\/\/didierlemarchand.net\/4_site_nouveau\/portfolio-N3\/presence_N3\/PF3_autre_la_4\/autre_la_4_06.jpg\" alt=\"autre-la-4-6\" width=\"438\" height=\"438\" \/><\/h1>\n<h1 style=\"text-align: center;\">&#8211;<\/h1>\n<h1 id=\"photo\" style=\"text-align: center;\"><img class=\"colorbox-488\"  loading=\"lazy\" decoding=\"async\" src=\"http:\/\/didierlemarchand.net\/4_site_nouveau\/portfolio-N3\/presence_N3\/PF3_autre_la_4\/autre_la_4_07.jpg\" alt=\"autre-la-4-7\" width=\"438\" height=\"438\" \/><\/h1>\n<h1 style=\"text-align: center;\">&#8211;<\/h1>\n<h1 id=\"photo\" style=\"text-align: center;\"><img class=\"colorbox-488\"  loading=\"lazy\" decoding=\"async\" src=\"http:\/\/didierlemarchand.net\/4_site_nouveau\/portfolio-N3\/presence_N3\/PF3_autre_la_4\/autre_la_4_08.jpg\" alt=\"autre-la-4-8\" width=\"438\" height=\"438\" \/><\/h1>\n<h1 style=\"text-align: center;\">&#8211;<\/h1>\n<h1 id=\"photo\" style=\"text-align: center;\"><img class=\"colorbox-488\"  loading=\"lazy\" decoding=\"async\" src=\"http:\/\/didierlemarchand.net\/4_site_nouveau\/portfolio-N3\/presence_N3\/PF3_autre_la_4\/autre_la_4_09.jpg\" alt=\"autre-la-4-9\" width=\"438\" height=\"438\" \/><\/h1>\n<h1 style=\"text-align: center;\">&#8211;<\/h1>\n<h1 id=\"photo\" style=\"text-align: center;\"><img class=\"colorbox-488\"  loading=\"lazy\" decoding=\"async\" src=\"http:\/\/didierlemarchand.net\/4_site_nouveau\/portfolio-N3\/presence_N3\/PF3_autre_la_4\/autre_la_4_10.jpg\" alt=\"autre-la-4-10\" width=\"438\" height=\"438\" \/><\/h1>\n<h1 style=\"text-align: center;\">&#8211;<\/h1>\n<h1 id=\"photo\" style=\"text-align: center;\"><img class=\"colorbox-488\"  loading=\"lazy\" decoding=\"async\" src=\"http:\/\/didierlemarchand.net\/4_site_nouveau\/portfolio-N3\/presence_N3\/PF3_autre_la_4\/autre_la_4_11.jpg\" alt=\"autre-la-4-11\" width=\"438\" height=\"438\" \/><\/h1>\n<h1 style=\"text-align: center;\">&#8211;<\/h1>\n<h1 id=\"photo\" style=\"text-align: center;\"><img class=\"colorbox-488\"  loading=\"lazy\" decoding=\"async\" src=\"http:\/\/didierlemarchand.net\/4_site_nouveau\/portfolio-N3\/presence_N3\/PF3_autre_la_4\/autre_la_4_12.jpg\" alt=\"autre-la-4-121\" width=\"438\" height=\"438\" \/><\/h1>\n<h1 style=\"text-align: center;\">&#8211;<\/h1>\n<h1 id=\"photo\" style=\"text-align: center;\"><img class=\"colorbox-488\"  loading=\"lazy\" decoding=\"async\" src=\"http:\/\/didierlemarchand.net\/4_site_nouveau\/portfolio-N3\/presence_N3\/PF3_autre_la_4\/autre_la_4_13.jpg\" alt=\"autre-la-4-13\" width=\"438\" height=\"438\" \/><\/h1>\n<h1 style=\"text-align: center;\">&#8211;<\/h1>\n<h1 id=\"photo\" style=\"text-align: center;\"><img class=\"colorbox-488\"  loading=\"lazy\" decoding=\"async\" src=\"http:\/\/didierlemarchand.net\/4_site_nouveau\/portfolio-N3\/presence_N3\/PF3_autre_la_4\/autre_la_4_14.jpg\" alt=\"autre-la-4-14\" width=\"438\" height=\"438\" \/><\/h1>\n<h1 style=\"text-align: center;\">&#8211;<\/h1>\n<h1 id=\"photo\" style=\"text-align: center;\"><img class=\"colorbox-488\"  loading=\"lazy\" decoding=\"async\" src=\"http:\/\/didierlemarchand.net\/4_site_nouveau\/portfolio-N3\/presence_N3\/PF3_autre_la_4\/autre_la_4_15.jpg\" alt=\"autre-la-4-15\" width=\"438\" height=\"438\" \/><\/h1>\n<h1 style=\"text-align: center;\">&#8211;<\/h1>\n<h1 id=\"photo\" style=\"text-align: center;\"><img class=\"colorbox-488\"  loading=\"lazy\" decoding=\"async\" src=\"http:\/\/didierlemarchand.net\/4_site_nouveau\/portfolio-N3\/presence_N3\/PF3_autre_la_4\/autre_la_4_16.jpg\" alt=\"autre-la-4-16\" width=\"438\" height=\"438\" \/><\/h1>\n<h1 style=\"text-align: center;\">&#8211;<\/h1>\n<h1 id=\"photo\" style=\"text-align: center;\"><img class=\"colorbox-488\"  loading=\"lazy\" decoding=\"async\" src=\"http:\/\/didierlemarchand.net\/4_site_nouveau\/portfolio-N3\/presence_N3\/PF3_autre_la_4\/autre_la_4_17.jpg\" alt=\"autre-la-4-17\" width=\"438\" height=\"438\" \/><\/h1>\n<h1 style=\"text-align: center;\">&#8211;<\/h1>\n<h1 id=\"photo\" style=\"text-align: center;\"><img class=\"colorbox-488\"  loading=\"lazy\" decoding=\"async\" src=\"http:\/\/didierlemarchand.net\/4_site_nouveau\/portfolio-N3\/presence_N3\/PF3_autre_la_4\/autre_la_4_18.jpg\" alt=\"autre-la-4-18\" width=\"438\" height=\"438\" \/><\/h1>\n<h1 style=\"text-align: center;\">&#8211;<\/h1>\n<h1 id=\"photo\" style=\"text-align: center;\"><img class=\"colorbox-488\"  loading=\"lazy\" decoding=\"async\" src=\"http:\/\/didierlemarchand.net\/4_site_nouveau\/portfolio-N3\/presence_N3\/PF3_autre_la_4\/autre_la_4_19.jpg\" alt=\"autre-la-4-19\" width=\"438\" height=\"438\" \/><\/h1>\n<h1 style=\"text-align: center;\">&#8211;<\/h1>\n<h1 id=\"photo\" style=\"text-align: center;\"><img class=\"colorbox-488\"  loading=\"lazy\" decoding=\"async\" src=\"http:\/\/didierlemarchand.net\/4_site_nouveau\/portfolio-N3\/presence_N3\/PF3_autre_la_4\/autre_la_4_20.jpg\" alt=\"autre-la-4-20\" width=\"438\" height=\"438\" \/><\/h1>\n<h1 style=\"text-align: center;\">&#8211;<\/h1>\n<h1 id=\"photo\" style=\"text-align: center;\"><img class=\"colorbox-488\"  loading=\"lazy\" decoding=\"async\" src=\"http:\/\/didierlemarchand.net\/4_site_nouveau\/portfolio-N3\/presence_N3\/PF3_autre_la_4\/autre_la_4_21.jpg\" alt=\"autre-la-4-21\" width=\"438\" height=\"438\" \/><\/h1>\n<h1 style=\"text-align: center;\">&#8211;<\/h1>\n<h1 id=\"photo\" style=\"text-align: center;\"><img class=\"colorbox-488\"  loading=\"lazy\" decoding=\"async\" src=\"http:\/\/didierlemarchand.net\/4_site_nouveau\/portfolio-N3\/presence_N3\/PF3_autre_la_4\/autre_la_4_22.jpg\" alt=\"autre-la-4-22\" width=\"438\" height=\"438\" \/><\/h1>\n<h1 style=\"text-align: center;\">&#8211;<\/h1>\n<h1 id=\"photo\" style=\"text-align: center;\"><img class=\"colorbox-488\"  loading=\"lazy\" decoding=\"async\" src=\"http:\/\/didierlemarchand.net\/4_site_nouveau\/portfolio-N3\/presence_N3\/PF3_autre_la_4\/autre_la_4_23.jpg\" alt=\"autre-la-4-23\" width=\"438\" height=\"438\" \/><\/h1>\n<h1 style=\"text-align: center;\">&#8211;<\/h1>\n<h1 id=\"photo\" style=\"text-align: center;\"><img class=\"colorbox-488\"  loading=\"lazy\" decoding=\"async\" src=\"http:\/\/didierlemarchand.net\/4_site_nouveau\/portfolio-N3\/presence_N3\/PF3_autre_la_4\/autre_la_4_24.jpg\" alt=\"autre-la-4-24\" width=\"438\" height=\"438\" \/><\/h1>\n<h1 style=\"text-align: center;\">&#8211;<\/h1>\n<h1 id=\"photo\" style=\"text-align: center;\"><img class=\"colorbox-488\"  loading=\"lazy\" decoding=\"async\" src=\"http:\/\/didierlemarchand.net\/4_site_nouveau\/portfolio-N3\/presence_N3\/PF3_autre_la_4\/autre_la_4_25.jpg\" alt=\"autre-la-4-25\" width=\"438\" height=\"438\" \/><\/h1>\n<h1 style=\"text-align: center;\">&#8211;<\/h1>\n<h1 id=\"photo\" style=\"text-align: center;\"><img class=\"colorbox-488\"  loading=\"lazy\" decoding=\"async\" src=\"http:\/\/didierlemarchand.net\/4_site_nouveau\/portfolio-N3\/presence_N3\/PF3_autre_la_4\/autre_la_4_26.jpg\" alt=\"autre-la-4-26\" width=\"438\" height=\"438\" \/><\/h1>\n<h1 style=\"text-align: center;\">&#8211;<\/h1>\n<h1 id=\"photo\" style=\"text-align: center;\"><img class=\"colorbox-488\"  loading=\"lazy\" decoding=\"async\" src=\"http:\/\/didierlemarchand.net\/4_site_nouveau\/portfolio-N3\/presence_N3\/PF3_autre_la_4\/autre_la_4_27.jpg\" alt=\"autre-la-4-27\" width=\"438\" height=\"438\" \/><\/h1>\n<h1 style=\"text-align: center;\">&#8211;<\/h1>\n<h1 id=\"photo\" style=\"text-align: center;\"><img class=\"colorbox-488\"  loading=\"lazy\" decoding=\"async\" src=\"http:\/\/didierlemarchand.net\/4_site_nouveau\/portfolio-N3\/presence_N3\/PF3_autre_la_4\/autre_la_4_28.jpg\" alt=\"autre-la-4-28\" width=\"438\" height=\"438\" \/><\/h1>\n<h1 style=\"text-align: center;\">&#8211;<\/h1>\n<h1 id=\"photo\" style=\"text-align: center;\"><img class=\"colorbox-488\"  loading=\"lazy\" decoding=\"async\" src=\"http:\/\/didierlemarchand.net\/4_site_nouveau\/portfolio-N3\/presence_N3\/PF3_autre_la_4\/autre_la_4_29.jpg\" alt=\"autre-la-4-29\" width=\"438\" height=\"438\" \/><\/h1>\n<h1 style=\"text-align: center;\">&#8211;<\/h1>\n<h1 id=\"photo\" style=\"text-align: center;\"><img class=\"colorbox-488\"  loading=\"lazy\" decoding=\"async\" src=\"http:\/\/didierlemarchand.net\/4_site_nouveau\/portfolio-N3\/presence_N3\/PF3_autre_la_4\/autre_la_4_30.jpg\" alt=\"autre-la-4-30\" width=\"438\" height=\"438\" \/><\/h1>\n<h1 style=\"text-align: center;\">&#8211;<\/h1>\n<h1 id=\"photo\" style=\"text-align: center;\"><img class=\"colorbox-488\"  loading=\"lazy\" decoding=\"async\" src=\"http:\/\/didierlemarchand.net\/4_site_nouveau\/portfolio-N3\/presence_N3\/PF3_autre_la_4\/autre_la_4_31.jpg\" alt=\"autre-la-4-31\" width=\"438\" height=\"438\" \/><\/h1>\n<h1 style=\"text-align: center;\">&#8211;<\/h1>\n<h1 id=\"photo\" style=\"text-align: center;\"><img class=\"colorbox-488\"  loading=\"lazy\" decoding=\"async\" src=\"http:\/\/didierlemarchand.net\/4_site_nouveau\/portfolio-N3\/presence_N3\/PF3_autre_la_4\/autre_la_4_32.jpg\" alt=\"autre-la-4-32\" width=\"438\" height=\"438\" \/><\/h1>\n<h1 style=\"text-align: center;\">&#8211;<\/h1>\n<p><strong>Exp\u00e9rience de d\u00e9placement<\/strong><\/p>\n<p>Pendant un an j\u2019ai effectu\u00e9 en train des allers-retours entre Compi\u00e8gne et Paris. Mon regard a \u00e9t\u00e9 naturellement attir\u00e9 par les changements de paysages, les variations de lumi\u00e8re du matin, le passage de la ville \u00e0 la campagne, les graphismes cr\u00e9\u00e9s par les signaux lumineux, les porte-cat\u00e9naires, la signal\u00e9tique des gares. Le v\u00e9g\u00e9tal se fondait avec le m\u00e9tallique, l\u2019espace a\u00e9rien avec l\u2019espace int\u00e9rieur. J\u2019ai regard\u00e9 cela \u00e0 travers des vitres plus ou moins givr\u00e9es qui d\u00e9formaient la vision de toutes ces choses, les po\u00e9tisaient, les complexifiaient par des reflets que d\u2019autres auraient qualifi\u00e9s de parasites.<\/p>\n<p>Le vision morne du petit matin ou fatigu\u00e9e du soir m\u2019enchantait doublement : le r\u00e9el s\u2019en trouvait sublim\u00e9 et cela d\u2019autant plus que me revenaient les souvenirs ferroviaires de mes \u00e9tudes de cin\u00e9ma (\u00ab\u00a0Pacific 231\u00a0\u00bb de Jean Mitry sur la musique de Honegger, \u00ab\u00a0Nogent, l&rsquo;Eldorado du Dimanche\u00a0\u00bb de Marcel Carn\u00e9, \u00ab\u00a0le Meccano de la G\u00e9n\u00e9rale\u00a0\u00bb de Buster Keaton, les films exp\u00e9rimentaux de Jonas Mekas, \u00ab\u00a0La Prose du Transsib\u00e9rien\u00a0\u00bb de Blaise Cendrars.)<\/p>\n<p>Parall\u00e8lement j\u2019ai regard\u00e9 mes voisins d&rsquo;infortune (il ne s\u2019agissait pas d&rsquo;un voyage de loisir, on allait au travail) pour qui les baies ne semblaient manifestement pas exister. Ils ne regardaient pas \u00e0 l\u2019ext\u00e9rieur, ils se livraient \u00e0 d&rsquo;autres activit\u00e9s bien plus prosa\u00efques\u00a0:<\/p>\n<ul>\n<li>la lecture de revues, la pratique de jeux solitaires<\/li>\n<li>le travail sur ordinateur, ou le visionnement d\u2019un dvd<\/li>\n<li>la discussion avec leurs voisins sur les petits tracas du quotidien ou le choix d&rsquo;une voiture<\/li>\n<li>le peaufinage ultime du maquillage, etc<\/li>\n<\/ul>\n<p><strong>Millefeuille spatial et temporel<\/strong><\/p>\n<p>A partir d&rsquo;un trajet r\u00e9p\u00e9titif et de courte distance, c\u2019est \u00e0 dire l&rsquo;antith\u00e8se m\u00eame du voyage, trois voyages se sont superpos\u00e9s : mon voyage \u00e0 l\u2019ext\u00e9rieur de la voiture, mon voyage dans le pass\u00e9 et le voyage des autres passagers, chacun avec son propre espace physique et mental, son propre temps.<\/p>\n<p>Pour mener \u00e0 bien ce projet, j\u2019ai pris beaucoup de clich\u00e9s de vitres et j\u2019ai saisi, \u00e0 la d\u00e9rob\u00e9e et en gros plan, quelques traces des diverses activit\u00e9s des passagers (J&rsquo;ai tout fait pour que les personnes ne soient pas reconnaissables). Ces 2 types de clich\u00e9s ont \u00e9t\u00e9 associ\u00e9s par superposition. cr\u00e9ant de la sorte des d\u00e9placements parall\u00e8les : oscillation entre deux univers intimes, passage d\u2019une vision en travelling lat\u00e9ral \u00e0 une circulation en profondeur dans le plan.<\/p>\n<p>&nbsp;<\/p>\n","protected":false},"excerpt":{"rendered":"<p>s\u00e9rie commenc\u00e9e en 2007 &#8211; impressions jet d&rsquo;encre pigmentaire &#8211; formats : 30 x 30 cm dossier de pr\u00e9sentation t\u00e9l\u00e9chargeable <span class=\"ellipsis\">&hellip;<\/span> <span class=\"more-link-wrap\"><a href=\"https:\/\/didierlemarchand.net\/site\/portfolio-2\/presence\/autre-la-4\/\" class=\"more-link\"><span>Continue Reading &rarr;<\/span><\/a><\/span><\/p>\n","protected":false},"author":2,"featured_media":0,"parent":1313,"menu_order":69,"comment_status":"closed","ping_status":"closed","template":"","meta":{"_seopress_robots_primary_cat":"","_seopress_titles_title":"","_seopress_titles_desc":"","_seopress_robots_index":"","footnotes":""},"_links":{"self":[{"href":"https:\/\/didierlemarchand.net\/site\/wp-json\/wp\/v2\/pages\/488"}],"collection":[{"href":"https:\/\/didierlemarchand.net\/site\/wp-json\/wp\/v2\/pages"}],"about":[{"href":"https:\/\/didierlemarchand.net\/site\/wp-json\/wp\/v2\/types\/page"}],"author":[{"embeddable":true,"href":"https:\/\/didierlemarchand.net\/site\/wp-json\/wp\/v2\/users\/2"}],"replies":[{"embeddable":true,"href":"https:\/\/didierlemarchand.net\/site\/wp-json\/wp\/v2\/comments?post=488"}],"version-history":[{"count":21,"href":"https:\/\/didierlemarchand.net\/site\/wp-json\/wp\/v2\/pages\/488\/revisions"}],"predecessor-version":[{"id":20325,"href":"https:\/\/didierlemarchand.net\/site\/wp-json\/wp\/v2\/pages\/488\/revisions\/20325"}],"up":[{"embeddable":true,"href":"https:\/\/didierlemarchand.net\/site\/wp-json\/wp\/v2\/pages\/1313"}],"wp:attachment":[{"href":"https:\/\/didierlemarchand.net\/site\/wp-json\/wp\/v2\/media?parent=488"}],"curies":[{"name":"wp","href":"https:\/\/api.w.org\/{rel}","templated":true}]}}