{"id":481,"date":"2014-10-06T17:19:28","date_gmt":"2014-10-06T15:19:28","guid":{"rendered":"http:\/\/didierlemarchand.net\/site\/?page_id=481"},"modified":"2018-02-22T11:49:47","modified_gmt":"2018-02-22T10:49:47","slug":"prelevement-1","status":"publish","type":"page","link":"https:\/\/didierlemarchand.net\/site\/portfolio-2\/espace\/prelevement-1\/","title":{"rendered":"pr\u00e9l\u00e8vement 1"},"content":{"rendered":"<p style=\"text-align: center;\">1998 \u2013 impressions jet d\u2019encre pigmentaire &#8211; 19 x 14,5 cm<\/p>\n<p style=\"text-align: center;\"><a href=\"http:\/\/didierlemarchand.net\/4_site_nouveau\/dossiers_telechargeables\/D_Lemarchand_prelevement_1.pdf\" target=\"_blank\" rel=\"noopener\">dossier de pr\u00e9sentation t\u00e9l\u00e9chargeable<\/a><\/p>\n<h1 style=\"text-align: center;\">&#8211;<\/h1>\n<h1><img loading=\"lazy\" decoding=\"async\" class=\"size-medium aligncenter colorbox-481\" src=\"http:\/\/didierlemarchand.net\/4_site_nouveau\/portfolio-N3\/espace_N3\/prelevement_1\/prelevement_1_01.jpg\" width=\"378\" height=\"438\" \/><\/h1>\n<p>&nbsp;<\/p>\n<h1 style=\"text-align: center;\">&#8211;<\/h1>\n<h1><\/h1>\n<p>&nbsp;<\/p>\n<h1><\/h1>\n<h1><img loading=\"lazy\" decoding=\"async\" class=\"size-medium aligncenter colorbox-481\" src=\"http:\/\/didierlemarchand.net\/4_site_nouveau\/portfolio-N3\/espace_N3\/prelevement_1\/prelevement_1_02.jpg\" width=\"378\" height=\"438\" \/><\/h1>\n<p>&nbsp;<\/p>\n<h1 style=\"text-align: center;\">&#8211;<\/h1>\n<h1><\/h1>\n<p>&nbsp;<\/p>\n<h1><\/h1>\n<h1><img loading=\"lazy\" decoding=\"async\" class=\"size-medium aligncenter colorbox-481\" src=\"http:\/\/didierlemarchand.net\/4_site_nouveau\/portfolio-N3\/espace_N3\/prelevement_1\/prelevement_1_03.jpg\" width=\"378\" height=\"438\" \/><\/h1>\n<p>&nbsp;<\/p>\n<h1 style=\"text-align: center;\">&#8211;<\/h1>\n<h1><\/h1>\n<p>&nbsp;<\/p>\n<h1><\/h1>\n<h1><img loading=\"lazy\" decoding=\"async\" class=\"size-medium aligncenter colorbox-481\" src=\"http:\/\/didierlemarchand.net\/4_site_nouveau\/portfolio-N3\/espace_N3\/prelevement_1\/prelevement_1_04.jpg\" width=\"378\" height=\"438\" \/><\/h1>\n<p>&nbsp;<\/p>\n<h1 style=\"text-align: center;\">&#8211;<\/h1>\n<h1><\/h1>\n<p>&nbsp;<\/p>\n<h1><\/h1>\n<h1><img loading=\"lazy\" decoding=\"async\" class=\"size-medium aligncenter colorbox-481\" src=\"http:\/\/didierlemarchand.net\/4_site_nouveau\/portfolio-N3\/espace_N3\/prelevement_1\/prelevement_1_05.jpg\" width=\"378\" height=\"438\" \/><\/h1>\n<p>&nbsp;<\/p>\n<h1 style=\"text-align: center;\">&#8211;<\/h1>\n<h1><\/h1>\n<p>&nbsp;<\/p>\n<h1><\/h1>\n<h1><img loading=\"lazy\" decoding=\"async\" class=\"size-medium aligncenter colorbox-481\" src=\"http:\/\/didierlemarchand.net\/4_site_nouveau\/portfolio-N3\/espace_N3\/prelevement_1\/prelevement_1_06.jpg\" width=\"378\" height=\"438\" \/><\/h1>\n<p>&nbsp;<\/p>\n<h1 style=\"text-align: center;\">&#8211;<\/h1>\n<h1><\/h1>\n<p>&nbsp;<\/p>\n<h1><\/h1>\n<h1><img loading=\"lazy\" decoding=\"async\" class=\"size-medium aligncenter colorbox-481\" src=\"http:\/\/didierlemarchand.net\/4_site_nouveau\/portfolio-N3\/espace_N3\/prelevement_1\/prelevement_1_07.jpg\" width=\"378\" height=\"438\" \/><\/h1>\n<p>&nbsp;<\/p>\n<h1 style=\"text-align: center;\">&#8211;<\/h1>\n<h1><\/h1>\n<p>&nbsp;<\/p>\n<h1><\/h1>\n<h1><img loading=\"lazy\" decoding=\"async\" class=\"size-medium aligncenter colorbox-481\" src=\"http:\/\/didierlemarchand.net\/4_site_nouveau\/portfolio-N3\/espace_N3\/prelevement_1\/prelevement_1_08.jpg\" width=\"378\" height=\"438\" \/><\/h1>\n<p>&nbsp;<\/p>\n<h1 style=\"text-align: center;\">&#8211;<\/h1>\n<h1><\/h1>\n<p>&nbsp;<\/p>\n<h1><\/h1>\n<h1><img loading=\"lazy\" decoding=\"async\" class=\"size-medium aligncenter colorbox-481\" src=\"http:\/\/didierlemarchand.net\/4_site_nouveau\/portfolio-N3\/espace_N3\/prelevement_1\/prelevement_1_09.jpg\" width=\"378\" height=\"438\" \/><\/h1>\n<p>&nbsp;<\/p>\n<h1 style=\"text-align: center;\">&#8211;<\/h1>\n<h1><\/h1>\n<p>&nbsp;<\/p>\n<h1><\/h1>\n<h1><img loading=\"lazy\" decoding=\"async\" class=\"size-medium aligncenter colorbox-481\" src=\"http:\/\/didierlemarchand.net\/4_site_nouveau\/portfolio-N3\/espace_N3\/prelevement_1\/prelevement_1_10.jpg\" width=\"378\" height=\"438\" \/><\/h1>\n<p>&nbsp;<\/p>\n<h1 style=\"text-align: center;\">&#8211;<\/h1>\n<h1><\/h1>\n<p>&nbsp;<\/p>\n<h1><\/h1>\n<h1><img loading=\"lazy\" decoding=\"async\" class=\"size-medium aligncenter colorbox-481\" src=\"http:\/\/didierlemarchand.net\/4_site_nouveau\/portfolio-N3\/espace_N3\/prelevement_1\/prelevement_1_11.jpg\" width=\"378\" height=\"438\" \/><\/h1>\n<h1 style=\"text-align: center;\">&#8211;<\/h1>\n<p>A l&rsquo;origine, des photographies reproduites dans des livres et rencontr\u00e9es au hasard : sentiment complexe du plaisir de trouver un \u00e9cho \u00e0 ses propres pr\u00e9occupations brouill\u00e9 par l\u2019insatisfaction de ne pas avoir devant soi l\u2019original.<br \/>\nCes images je vais les explorer, et ensuite me les approprier par recadrage et par d\u2019autres manipulations.<br \/>\nProbl\u00e8me du double et de l\u2019alt\u00e9rit\u00e9 : la singularit\u00e9 n\u2019est peut-\u00eatre \u00e0 trouver que lorsque l\u2019on a fr\u00e9quent\u00e9 de tr\u00e8s pr\u00e8s ce avec quoi on a cru pouvoir fusionner.<\/p>\n","protected":false},"excerpt":{"rendered":"<p>1998 \u2013 impressions jet d\u2019encre pigmentaire &#8211; 19 x 14,5 cm dossier de pr\u00e9sentation t\u00e9l\u00e9chargeable &#8211; &nbsp; &#8211; &nbsp; &nbsp; <span class=\"ellipsis\">&hellip;<\/span> <span class=\"more-link-wrap\"><a href=\"https:\/\/didierlemarchand.net\/site\/portfolio-2\/espace\/prelevement-1\/\" class=\"more-link\"><span>Continue Reading &rarr;<\/span><\/a><\/span><\/p>\n","protected":false},"author":2,"featured_media":0,"parent":1298,"menu_order":281,"comment_status":"closed","ping_status":"closed","template":"","meta":{"_seopress_robots_primary_cat":"","_seopress_titles_title":"","_seopress_titles_desc":"","_seopress_robots_index":"","footnotes":""},"_links":{"self":[{"href":"https:\/\/didierlemarchand.net\/site\/wp-json\/wp\/v2\/pages\/481"}],"collection":[{"href":"https:\/\/didierlemarchand.net\/site\/wp-json\/wp\/v2\/pages"}],"about":[{"href":"https:\/\/didierlemarchand.net\/site\/wp-json\/wp\/v2\/types\/page"}],"author":[{"embeddable":true,"href":"https:\/\/didierlemarchand.net\/site\/wp-json\/wp\/v2\/users\/2"}],"replies":[{"embeddable":true,"href":"https:\/\/didierlemarchand.net\/site\/wp-json\/wp\/v2\/comments?post=481"}],"version-history":[{"count":7,"href":"https:\/\/didierlemarchand.net\/site\/wp-json\/wp\/v2\/pages\/481\/revisions"}],"predecessor-version":[{"id":2273,"href":"https:\/\/didierlemarchand.net\/site\/wp-json\/wp\/v2\/pages\/481\/revisions\/2273"}],"up":[{"embeddable":true,"href":"https:\/\/didierlemarchand.net\/site\/wp-json\/wp\/v2\/pages\/1298"}],"wp:attachment":[{"href":"https:\/\/didierlemarchand.net\/site\/wp-json\/wp\/v2\/media?parent=481"}],"curies":[{"name":"wp","href":"https:\/\/api.w.org\/{rel}","templated":true}]}}