{"id":478,"date":"2014-10-06T17:16:31","date_gmt":"2014-10-06T15:16:31","guid":{"rendered":"http:\/\/didierlemarchand.net\/site\/?page_id=478"},"modified":"2018-02-22T11:28:08","modified_gmt":"2018-02-22T10:28:08","slug":"prelevement-2","status":"publish","type":"page","link":"https:\/\/didierlemarchand.net\/site\/portfolio-2\/espace\/prelevement-2\/","title":{"rendered":"pr\u00e9l\u00e8vement 2"},"content":{"rendered":"<p style=\"text-align: center;\">1998 \u2013 impressions jet d\u2019encre pigmentaire &#8211; 19,5 x 14,5 cm<\/p>\n<p style=\"text-align: center;\"><a href=\"http:\/\/didierlemarchand.net\/4_site_nouveau\/dossiers_telechargeables\/D_Lemarchand_prelevement_2.pdf\" target=\"_blank\" rel=\"noopener\">dossier de pr\u00e9sentation t\u00e9l\u00e9chargeable<\/a><\/p>\n<h1 style=\"text-align: center;\">&#8211;<\/h1>\n<h1><img loading=\"lazy\" decoding=\"async\" class=\"size-medium aligncenter colorbox-478\" src=\"http:\/\/didierlemarchand.net\/4_site_nouveau\/portfolio-N3\/espace_N3\/prelevement_2\/prelevement_2_01.jpg\" width=\"378\" height=\"438\" \/><\/h1>\n<p>&nbsp;<\/p>\n<h1 style=\"text-align: center;\">&#8211;<\/h1>\n<h1><\/h1>\n<p>&nbsp;<\/p>\n<h1><\/h1>\n<h1><img loading=\"lazy\" decoding=\"async\" class=\"size-medium aligncenter colorbox-478\" src=\"http:\/\/didierlemarchand.net\/4_site_nouveau\/portfolio-N3\/espace_N3\/prelevement_2\/prelevement_2_02.jpg\" width=\"378\" height=\"438\" \/><\/h1>\n<p>&nbsp;<\/p>\n<h1 style=\"text-align: center;\">&#8211;<\/h1>\n<h1><\/h1>\n<p>&nbsp;<\/p>\n<h1><\/h1>\n<h1><img loading=\"lazy\" decoding=\"async\" class=\"size-medium aligncenter colorbox-478\" src=\"http:\/\/didierlemarchand.net\/4_site_nouveau\/portfolio-N3\/espace_N3\/prelevement_2\/prelevement_2_03.jpg\" width=\"378\" height=\"438\" \/><\/h1>\n<p>&nbsp;<\/p>\n<h1 style=\"text-align: center;\">&#8211;<\/h1>\n<h1><\/h1>\n<p>&nbsp;<\/p>\n<h1><\/h1>\n<h1><img loading=\"lazy\" decoding=\"async\" class=\"size-medium aligncenter colorbox-478\" src=\"http:\/\/didierlemarchand.net\/4_site_nouveau\/portfolio-N3\/espace_N3\/prelevement_2\/prelevement_2_04.jpg\" width=\"378\" height=\"438\" \/><\/h1>\n<p>&nbsp;<\/p>\n<h1 style=\"text-align: center;\">&#8211;<\/h1>\n<h1><\/h1>\n<p>&nbsp;<\/p>\n<h1><\/h1>\n<h1><img loading=\"lazy\" decoding=\"async\" class=\"size-medium aligncenter colorbox-478\" src=\"http:\/\/didierlemarchand.net\/4_site_nouveau\/portfolio-N3\/espace_N3\/prelevement_2\/prelevement_2_05.jpg\" width=\"378\" height=\"438\" \/><\/h1>\n<p>&nbsp;<\/p>\n<h1 style=\"text-align: center;\">&#8211;<\/h1>\n<h1><\/h1>\n<p>&nbsp;<\/p>\n<h1><\/h1>\n<h1><img loading=\"lazy\" decoding=\"async\" class=\"size-medium aligncenter colorbox-478\" src=\"http:\/\/didierlemarchand.net\/4_site_nouveau\/portfolio-N3\/espace_N3\/prelevement_2\/prelevement_2_06.jpg\" width=\"378\" height=\"438\" \/><\/h1>\n<p>&nbsp;<\/p>\n<h1 style=\"text-align: center;\">&#8211;<\/h1>\n<h1><\/h1>\n<p>&nbsp;<\/p>\n<h1><\/h1>\n<h1><img loading=\"lazy\" decoding=\"async\" class=\"size-medium aligncenter colorbox-478\" src=\"http:\/\/didierlemarchand.net\/4_site_nouveau\/portfolio-N3\/espace_N3\/prelevement_2\/prelevement_2_07.jpg\" width=\"378\" height=\"438\" \/><\/h1>\n<p>&nbsp;<\/p>\n<h1 style=\"text-align: center;\">&#8211;<\/h1>\n<h1><\/h1>\n<p>&nbsp;<\/p>\n<h1><\/h1>\n<h1><img loading=\"lazy\" decoding=\"async\" class=\"size-medium aligncenter colorbox-478\" src=\"http:\/\/didierlemarchand.net\/4_site_nouveau\/portfolio-N3\/espace_N3\/prelevement_2\/prelevement_2_08.jpg\" width=\"378\" height=\"438\" \/><\/h1>\n<p>&nbsp;<\/p>\n<h1 style=\"text-align: center;\">&#8211;<\/h1>\n<h1><\/h1>\n<p>&nbsp;<\/p>\n<h1><\/h1>\n<h1><img loading=\"lazy\" decoding=\"async\" class=\"size-medium aligncenter colorbox-478\" src=\"http:\/\/didierlemarchand.net\/4_site_nouveau\/portfolio-N3\/espace_N3\/prelevement_2\/prelevement_2_09.jpg\" width=\"378\" height=\"438\" \/><\/h1>\n<p>&nbsp;<\/p>\n<h1 style=\"text-align: center;\">&#8211;<\/h1>\n<h1><\/h1>\n<p>&nbsp;<\/p>\n<h1><\/h1>\n<h1><img loading=\"lazy\" decoding=\"async\" class=\"size-medium aligncenter colorbox-478\" src=\"http:\/\/didierlemarchand.net\/4_site_nouveau\/portfolio-N3\/espace_N3\/prelevement_2\/prelevement_2_10.jpg\" width=\"378\" height=\"438\" \/><\/h1>\n<p>&nbsp;<\/p>\n<h1 style=\"text-align: center;\">&#8211;<\/h1>\n<h1><\/h1>\n<p>&nbsp;<\/p>\n<h1><\/h1>\n<h1><img loading=\"lazy\" decoding=\"async\" class=\"size-medium aligncenter colorbox-478\" src=\"http:\/\/didierlemarchand.net\/4_site_nouveau\/portfolio-N3\/espace_N3\/prelevement_2\/prelevement_2_11.jpg\" width=\"378\" height=\"438\" \/><\/h1>\n<p>&nbsp;<\/p>\n<h1 style=\"text-align: center;\">&#8211;<\/h1>\n<h1><\/h1>\n<p>&nbsp;<\/p>\n<h1><\/h1>\n<h1><img loading=\"lazy\" decoding=\"async\" class=\"size-medium aligncenter colorbox-478\" src=\"http:\/\/didierlemarchand.net\/4_site_nouveau\/portfolio-N3\/espace_N3\/prelevement_2\/prelevement_2_12.jpg\" width=\"378\" height=\"438\" \/><\/h1>\n<p>&nbsp;<\/p>\n<h1 style=\"text-align: center;\">&#8211;<\/h1>\n<h1><\/h1>\n<p>&nbsp;<\/p>\n<h1><\/h1>\n<h1><img loading=\"lazy\" decoding=\"async\" class=\"size-medium aligncenter colorbox-478\" src=\"http:\/\/didierlemarchand.net\/4_site_nouveau\/portfolio-N3\/espace_N3\/prelevement_2\/prelevement_2_13.jpg\" width=\"378\" height=\"438\" \/><\/h1>\n<p>&nbsp;<\/p>\n<h1 style=\"text-align: center;\">&#8211;<\/h1>\n<h1><\/h1>\n<p>&nbsp;<\/p>\n<h1><\/h1>\n<h1><img loading=\"lazy\" decoding=\"async\" class=\"size-medium aligncenter colorbox-478\" src=\"http:\/\/didierlemarchand.net\/4_site_nouveau\/portfolio-N3\/espace_N3\/prelevement_2\/prelevement_2_14.jpg\" width=\"378\" height=\"438\" \/><\/h1>\n<p>&nbsp;<\/p>\n<h1 style=\"text-align: center;\">&#8211;<\/h1>\n<p>Les photographies de cin\u00e9ma (photographies de plateau ou photogrammes) que l\u2019on trouve dans les livres, les revues ou \u00e0 l\u2019entr\u00e9e des salles de cin\u00e9ma ont perdu l\u2019essentiel : la palpitation de la lumi\u00e8re et du grain de la pellicule, les mouvements de la cam\u00e9ra et le d\u00e9placement des acteurs ou des objets. Les autres images et les sons qui les accompagnent aussi ont disparu.<br \/>\nCe sont bien plus que des images fig\u00e9es, ce sont des images mortes.<br \/>\nLe regard qui ne supporte pas la frustration va y chercher une autre vie.<br \/>\nAu mouvement absent va se substituer un mouvement oculaire : l\u2019\u0153il va balayer la surface de ces images. Des d\u00e9tails invisibles lors de la projection apparaissent.<br \/>\nL\u2019\u0153il va stimuler le cerveau : ces d\u00e9tails vont mettre en branle tout un monde int\u00e9rieur. D\u2019autres images vont se superposer \u00e0 l\u2019image initiale : souvenirs personnels enfouis, images d&rsquo;autres films, dessins, peintures.<\/p>\n","protected":false},"excerpt":{"rendered":"<p>1998 \u2013 impressions jet d\u2019encre pigmentaire &#8211; 19,5 x 14,5 cm dossier de pr\u00e9sentation t\u00e9l\u00e9chargeable &#8211; &nbsp; &#8211; &nbsp; &nbsp; <span class=\"ellipsis\">&hellip;<\/span> <span class=\"more-link-wrap\"><a href=\"https:\/\/didierlemarchand.net\/site\/portfolio-2\/espace\/prelevement-2\/\" class=\"more-link\"><span>Continue Reading &rarr;<\/span><\/a><\/span><\/p>\n","protected":false},"author":2,"featured_media":0,"parent":1298,"menu_order":282,"comment_status":"closed","ping_status":"closed","template":"","meta":{"_seopress_robots_primary_cat":"","_seopress_titles_title":"","_seopress_titles_desc":"","_seopress_robots_index":"","footnotes":""},"_links":{"self":[{"href":"https:\/\/didierlemarchand.net\/site\/wp-json\/wp\/v2\/pages\/478"}],"collection":[{"href":"https:\/\/didierlemarchand.net\/site\/wp-json\/wp\/v2\/pages"}],"about":[{"href":"https:\/\/didierlemarchand.net\/site\/wp-json\/wp\/v2\/types\/page"}],"author":[{"embeddable":true,"href":"https:\/\/didierlemarchand.net\/site\/wp-json\/wp\/v2\/users\/2"}],"replies":[{"embeddable":true,"href":"https:\/\/didierlemarchand.net\/site\/wp-json\/wp\/v2\/comments?post=478"}],"version-history":[{"count":8,"href":"https:\/\/didierlemarchand.net\/site\/wp-json\/wp\/v2\/pages\/478\/revisions"}],"predecessor-version":[{"id":2263,"href":"https:\/\/didierlemarchand.net\/site\/wp-json\/wp\/v2\/pages\/478\/revisions\/2263"}],"up":[{"embeddable":true,"href":"https:\/\/didierlemarchand.net\/site\/wp-json\/wp\/v2\/pages\/1298"}],"wp:attachment":[{"href":"https:\/\/didierlemarchand.net\/site\/wp-json\/wp\/v2\/media?parent=478"}],"curies":[{"name":"wp","href":"https:\/\/api.w.org\/{rel}","templated":true}]}}