{"id":475,"date":"2014-10-06T17:11:48","date_gmt":"2014-10-06T15:11:48","guid":{"rendered":"http:\/\/didierlemarchand.net\/site\/?page_id=475"},"modified":"2023-02-07T16:07:42","modified_gmt":"2023-02-07T15:07:42","slug":"accident-4","status":"publish","type":"page","link":"https:\/\/didierlemarchand.net\/site\/portfolio-2\/espace\/accident-4\/","title":{"rendered":"accident 04"},"content":{"rendered":"<p style=\"text-align: center;\">1999 &#8211; impressions jet d&rsquo;encre pigmentaire &#8211; formats : 17 x 26,4 cm<\/p>\n<p style=\"text-align: center;\"><a href=\"http:\/\/didierlemarchand.net\/4_site_nouveau\/dossiers_telechargeables\/D_Lemarchand_accident_4.pdf\" target=\"_blank\" rel=\"noopener\">dossier de pr\u00e9sentation t\u00e9l\u00e9chargeable<\/a><\/p>\n<h1 style=\"text-align: center;\">&#8211;<\/h1>\n<h1 id=\"photo\" style=\"text-align: center;\"><img class=\"colorbox-475\"  loading=\"lazy\" decoding=\"async\" src=\"http:\/\/didierlemarchand.net\/4_site_nouveau\/portfolio-N3\/espace_N3\/accident_4\/accident_04_01.jpg\" alt=\"accident 4.1\" width=\"682\" height=\"438\" \/><\/h1>\n<h1><\/h1>\n<p>&nbsp;<\/p>\n<h1 style=\"text-align: center;\">&#8211;<\/h1>\n<h1><\/h1>\n<p>&nbsp;<\/p>\n<h1 id=\"photo\" style=\"text-align: center;\"><img class=\"colorbox-475\"  loading=\"lazy\" decoding=\"async\" src=\"http:\/\/didierlemarchand.net\/4_site_nouveau\/portfolio-N3\/espace_N3\/accident_4\/accident_04_02.jpg\" alt=\"accident 4.2\" width=\"682\" height=\"438\" \/><\/h1>\n<h1><\/h1>\n<p>&nbsp;<\/p>\n<h1 style=\"text-align: center;\">&#8211;<\/h1>\n<h1><\/h1>\n<p>&nbsp;<\/p>\n<h1 id=\"photo\" style=\"text-align: center;\"><img class=\"colorbox-475\"  loading=\"lazy\" decoding=\"async\" src=\"http:\/\/didierlemarchand.net\/4_site_nouveau\/portfolio-N3\/espace_N3\/accident_4\/accident_04_03.jpg\" alt=\"accident 4.3\" width=\"682\" height=\"438\" \/><\/h1>\n<h1><\/h1>\n<p>&nbsp;<\/p>\n<h1 style=\"text-align: center;\">&#8211;<\/h1>\n<h1><\/h1>\n<p>&nbsp;<\/p>\n<h1 id=\"photo\" style=\"text-align: center;\"><img class=\"colorbox-475\"  loading=\"lazy\" decoding=\"async\" src=\"http:\/\/didierlemarchand.net\/4_site_nouveau\/portfolio-N3\/espace_N3\/accident_4\/accident_04_04.jpg\" alt=\"accident 4.4\" width=\"682\" height=\"438\" \/><\/h1>\n<h1><\/h1>\n<p>&nbsp;<\/p>\n<h1 style=\"text-align: center;\">&#8211;<\/h1>\n<h1><\/h1>\n<p>&nbsp;<\/p>\n<h1 id=\"photo\" style=\"text-align: center;\"><img class=\"colorbox-475\"  loading=\"lazy\" decoding=\"async\" src=\"http:\/\/didierlemarchand.net\/4_site_nouveau\/portfolio-N3\/espace_N3\/accident_4\/accident_04_05.jpg\" alt=\"accident 4.5\" width=\"682\" height=\"438\" \/><\/h1>\n<h1><\/h1>\n<p>&nbsp;<\/p>\n<h1 style=\"text-align: center;\">&#8211;<\/h1>\n<h1><\/h1>\n<p>&nbsp;<\/p>\n<h1 id=\"photo\" style=\"text-align: center;\"><img class=\"colorbox-475\"  loading=\"lazy\" decoding=\"async\" src=\"http:\/\/didierlemarchand.net\/4_site_nouveau\/portfolio-N3\/espace_N3\/accident_4\/accident_04_07.jpg\" alt=\"accident 4.7\" width=\"682\" height=\"438\" \/><\/h1>\n<h1><\/h1>\n<p>&nbsp;<\/p>\n<h1 style=\"text-align: center;\">&#8211;<\/h1>\n<h1><\/h1>\n<p>&nbsp;<\/p>\n<h1 id=\"photo\" style=\"text-align: center;\"><img class=\"colorbox-475\"  loading=\"lazy\" decoding=\"async\" src=\"http:\/\/didierlemarchand.net\/4_site_nouveau\/portfolio-N3\/espace_N3\/accident_4\/accident_04_08.jpg\" alt=\"accident 4.8\" width=\"682\" height=\"438\" \/><\/h1>\n<h1><\/h1>\n<p>&nbsp;<\/p>\n<h1 style=\"text-align: center;\">&#8211;<\/h1>\n<h1><\/h1>\n<p>&nbsp;<\/p>\n<h1 id=\"photo\" style=\"text-align: center;\"><img class=\"colorbox-475\"  loading=\"lazy\" decoding=\"async\" src=\"http:\/\/didierlemarchand.net\/4_site_nouveau\/portfolio-N3\/espace_N3\/accident_4\/accident_04_09.jpg\" alt=\"accident 4.9\" width=\"682\" height=\"438\" \/><\/h1>\n<h1><\/h1>\n<p>&nbsp;<\/p>\n<h1 style=\"text-align: center;\">&#8211;<\/h1>\n<h1><\/h1>\n<p>&nbsp;<\/p>\n<h1 id=\"photo\" style=\"text-align: center;\"><img class=\"colorbox-475\"  loading=\"lazy\" decoding=\"async\" src=\"http:\/\/didierlemarchand.net\/4_site_nouveau\/portfolio-N3\/espace_N3\/accident_4\/accident_04_11.jpg\" alt=\"accident 4.11\" width=\"682\" height=\"438\" \/><\/h1>\n<h1><\/h1>\n<p>&nbsp;<\/p>\n<h1 style=\"text-align: center;\">&#8211;<\/h1>\n<h1><\/h1>\n<p>&nbsp;<\/p>\n<h1 id=\"photo_fin\" style=\"text-align: center;\"><img class=\"colorbox-475\"  loading=\"lazy\" decoding=\"async\" src=\"http:\/\/didierlemarchand.net\/4_site_nouveau\/portfolio-N3\/espace_N3\/accident_4\/accident_04_13.jpg\" alt=\"accident 4.13\" width=\"682\" height=\"438\" \/><\/h1>\n<h1><\/h1>\n<h1 style=\"text-align: center;\">&#8211;<\/h1>\n<p>Qu\u2019est-ce qu\u2019un paysage sur une carte postale, de surcroit ancienne ?<br \/>\nC\u2019est un morceau de r\u00e9el, un ersatz d\u2019un lieu magnifique que les touristes ramenaient avec eux avant la d\u00e9mocratisation de la photographie.<br \/>\nLa prolif\u00e9ration des cartes postales a fa\u00e7onn\u00e9 l&rsquo;id\u00e9e que l&rsquo;on s&rsquo;est fait du paysage : \u00e0 la limite, on voyage pour retrouver ces images emmagasin\u00e9es dans l\u2019inconscient collectif. Le regard est devenu st\u00e9r\u00e9otyp\u00e9.<br \/>\nHeureusement les divers accidents (tampons, flammes, timbres d\u00e9coll\u00e9s, taches, etc.) qu\u2019ont subi ces cartes postales, par pur hasard, viennent perturber cette \u00e9vidence. Ils sont des signes visuels aussi pr\u00e9gnants que ceux du r\u00e9el qui nous permettent d\u2019identifier un paysage.<br \/>\nDor\u00e9navant nous sommes dans une ambig\u00fcit\u00e9 totale. O\u00f9 sont nos rep\u00e8res, o\u00f9 sont le haut et et le bas, le proche et le lointain, pourquoi focaliser sur cet \u00e9l\u00e9ment plut\u00f4t que telle autre ? Le r\u00e9el redevient un objet de d\u00e9couverte et de connaissance, ce n\u2019est plus un objet de consommation.<\/p>\n","protected":false},"excerpt":{"rendered":"<p>1999 &#8211; impressions jet d&rsquo;encre pigmentaire &#8211; formats : 17 x 26,4 cm dossier de pr\u00e9sentation t\u00e9l\u00e9chargeable &#8211; &nbsp; &#8211; <span class=\"ellipsis\">&hellip;<\/span> <span class=\"more-link-wrap\"><a href=\"https:\/\/didierlemarchand.net\/site\/portfolio-2\/espace\/accident-4\/\" class=\"more-link\"><span>Continue Reading &rarr;<\/span><\/a><\/span><\/p>\n","protected":false},"author":2,"featured_media":0,"parent":1298,"menu_order":1,"comment_status":"closed","ping_status":"closed","template":"","meta":{"_seopress_robots_primary_cat":"","_seopress_titles_title":"","_seopress_titles_desc":"","_seopress_robots_index":"","footnotes":""},"_links":{"self":[{"href":"https:\/\/didierlemarchand.net\/site\/wp-json\/wp\/v2\/pages\/475"}],"collection":[{"href":"https:\/\/didierlemarchand.net\/site\/wp-json\/wp\/v2\/pages"}],"about":[{"href":"https:\/\/didierlemarchand.net\/site\/wp-json\/wp\/v2\/types\/page"}],"author":[{"embeddable":true,"href":"https:\/\/didierlemarchand.net\/site\/wp-json\/wp\/v2\/users\/2"}],"replies":[{"embeddable":true,"href":"https:\/\/didierlemarchand.net\/site\/wp-json\/wp\/v2\/comments?post=475"}],"version-history":[{"count":10,"href":"https:\/\/didierlemarchand.net\/site\/wp-json\/wp\/v2\/pages\/475\/revisions"}],"predecessor-version":[{"id":2268,"href":"https:\/\/didierlemarchand.net\/site\/wp-json\/wp\/v2\/pages\/475\/revisions\/2268"}],"up":[{"embeddable":true,"href":"https:\/\/didierlemarchand.net\/site\/wp-json\/wp\/v2\/pages\/1298"}],"wp:attachment":[{"href":"https:\/\/didierlemarchand.net\/site\/wp-json\/wp\/v2\/media?parent=475"}],"curies":[{"name":"wp","href":"https:\/\/api.w.org\/{rel}","templated":true}]}}