{"id":462,"date":"2014-10-06T17:04:44","date_gmt":"2014-10-06T15:04:44","guid":{"rendered":"http:\/\/didierlemarchand.net\/site\/?page_id=462"},"modified":"2018-03-01T17:09:37","modified_gmt":"2018-03-01T16:09:37","slug":"accident6","status":"publish","type":"page","link":"https:\/\/didierlemarchand.net\/site\/portfolio-2\/mots\/accident6\/","title":{"rendered":"accident 06"},"content":{"rendered":"<p style=\"text-align: center;\">2006 \u2013 s\u00e9rie de 41 diptyques (photo-graphies &amp; textes) &#8211; 45 x 60,5 cm<\/p>\n<p style=\"text-align: center;\"><a href=\"http:\/\/didierlemarchand.net\/4_site_nouveau\/dossiers_telechargeables\/D_Lemarchand_accident_6.pdf\" target=\"_blank\" rel=\"noopener\">dossier de pr\u00e9sentation t\u00e9l\u00e9chargeable<\/a><\/p>\n<h1 style=\"text-align: center;\">&#8211;<\/h1>\n<p style=\"text-align: center;\"><img loading=\"lazy\" decoding=\"async\" class=\"alignnone size-medium colorbox-462\" src=\"http:\/\/didierlemarchand.net\/4_site_nouveau\/portfolio-N3\/mot_N3\/PF3_accident_6\/accident_6_01.jpg\" width=\"588\" height=\"438\" \/><\/p>\n<p style=\"text-align: center;\"><img loading=\"lazy\" decoding=\"async\" class=\"alignnone size-medium colorbox-462\" src=\"http:\/\/didierlemarchand.net\/4_site_nouveau\/portfolio-N3\/mot_N3\/PF3_accident_6\/accident_6_02.jpg\" width=\"588\" height=\"438\" \/><\/p>\n<p style=\"text-align: center;\"><img loading=\"lazy\" decoding=\"async\" class=\"alignnone size-medium colorbox-462\" src=\"http:\/\/didierlemarchand.net\/4_site_nouveau\/portfolio-N3\/mot_N3\/PF3_accident_6\/accident_6_03.jpg\" width=\"588\" height=\"438\" \/><\/p>\n<p style=\"text-align: center;\"><img loading=\"lazy\" decoding=\"async\" class=\"alignnone size-medium colorbox-462\" src=\"http:\/\/didierlemarchand.net\/4_site_nouveau\/portfolio-N3\/mot_N3\/PF3_accident_6\/accident_6_04.jpg\" width=\"588\" height=\"438\" \/><\/p>\n<p style=\"text-align: center;\"><img loading=\"lazy\" decoding=\"async\" class=\"alignnone size-medium colorbox-462\" src=\"http:\/\/didierlemarchand.net\/4_site_nouveau\/portfolio-N3\/mot_N3\/PF3_accident_6\/accident_6_05.jpg\" width=\"588\" height=\"438\" \/><\/p>\n<p style=\"text-align: center;\"><img loading=\"lazy\" decoding=\"async\" class=\"alignnone size-medium colorbox-462\" src=\"http:\/\/didierlemarchand.net\/4_site_nouveau\/portfolio-N3\/mot_N3\/PF3_accident_6\/accident_6_06.jpg\" width=\"588\" height=\"438\" \/><\/p>\n<p style=\"text-align: center;\"><img loading=\"lazy\" decoding=\"async\" class=\"alignnone size-medium colorbox-462\" src=\"http:\/\/didierlemarchand.net\/4_site_nouveau\/portfolio-N3\/mot_N3\/PF3_accident_6\/accident_6_07.jpg\" width=\"588\" height=\"438\" \/><\/p>\n<p style=\"text-align: center;\"><img loading=\"lazy\" decoding=\"async\" class=\"alignnone size-medium colorbox-462\" src=\"http:\/\/didierlemarchand.net\/4_site_nouveau\/portfolio-N3\/mot_N3\/PF3_accident_6\/accident_6_08.jpg\" width=\"588\" height=\"438\" \/><\/p>\n<p style=\"text-align: center;\"><img loading=\"lazy\" decoding=\"async\" class=\"alignnone size-medium colorbox-462\" src=\"http:\/\/didierlemarchand.net\/4_site_nouveau\/portfolio-N3\/mot_N3\/PF3_accident_6\/accident_6_09.jpg\" width=\"588\" height=\"438\" \/><\/p>\n<p style=\"text-align: center;\"><img loading=\"lazy\" decoding=\"async\" class=\"alignnone size-medium colorbox-462\" src=\"http:\/\/didierlemarchand.net\/4_site_nouveau\/portfolio-N3\/mot_N3\/PF3_accident_6\/accident_6_10.jpg\" width=\"588\" height=\"438\" \/><\/p>\n<p style=\"text-align: center;\"><img loading=\"lazy\" decoding=\"async\" class=\"alignnone size-medium colorbox-462\" src=\"http:\/\/didierlemarchand.net\/4_site_nouveau\/portfolio-N3\/mot_N3\/PF3_accident_6\/accident_6_11.jpg\" width=\"588\" height=\"438\" \/><\/p>\n<p style=\"text-align: center;\"><img loading=\"lazy\" decoding=\"async\" class=\"alignnone size-medium colorbox-462\" src=\"http:\/\/didierlemarchand.net\/4_site_nouveau\/portfolio-N3\/mot_N3\/PF3_accident_6\/accident_6_12.jpg\" width=\"588\" height=\"438\" \/><\/p>\n<p style=\"text-align: center;\"><img loading=\"lazy\" decoding=\"async\" class=\"alignnone size-medium colorbox-462\" src=\"http:\/\/didierlemarchand.net\/4_site_nouveau\/portfolio-N3\/mot_N3\/PF3_accident_6\/accident_6_13.jpg\" width=\"588\" height=\"438\" \/><\/p>\n<p style=\"text-align: center;\"><img loading=\"lazy\" decoding=\"async\" class=\"alignnone size-medium colorbox-462\" src=\"http:\/\/didierlemarchand.net\/4_site_nouveau\/portfolio-N3\/mot_N3\/PF3_accident_6\/accident_6_14.jpg\" width=\"588\" height=\"438\" \/><\/p>\n<p style=\"text-align: center;\"><img loading=\"lazy\" decoding=\"async\" class=\"alignnone size-medium colorbox-462\" src=\"http:\/\/didierlemarchand.net\/4_site_nouveau\/portfolio-N3\/mot_N3\/PF3_accident_6\/accident_6_15.jpg\" width=\"588\" height=\"438\" \/><\/p>\n<p style=\"text-align: center;\"><img loading=\"lazy\" decoding=\"async\" class=\"alignnone size-medium colorbox-462\" src=\"http:\/\/didierlemarchand.net\/4_site_nouveau\/portfolio-N3\/mot_N3\/PF3_accident_6\/accident_6_16.jpg\" width=\"588\" height=\"438\" \/><\/p>\n<p style=\"text-align: center;\"><img loading=\"lazy\" decoding=\"async\" class=\"alignnone size-medium colorbox-462\" src=\"http:\/\/didierlemarchand.net\/4_site_nouveau\/portfolio-N3\/mot_N3\/PF3_accident_6\/accident_6_17.jpg\" width=\"588\" height=\"438\" \/><\/p>\n<p style=\"text-align: center;\"><img loading=\"lazy\" decoding=\"async\" class=\"alignnone size-medium colorbox-462\" src=\"http:\/\/didierlemarchand.net\/4_site_nouveau\/portfolio-N3\/mot_N3\/PF3_accident_6\/accident_6_18.jpg\" width=\"588\" height=\"438\" \/><\/p>\n<p style=\"text-align: center;\"><img loading=\"lazy\" decoding=\"async\" class=\"alignnone size-medium colorbox-462\" src=\"http:\/\/didierlemarchand.net\/4_site_nouveau\/portfolio-N3\/mot_N3\/PF3_accident_6\/accident_6_19.jpg\" width=\"588\" height=\"438\" \/><\/p>\n<p style=\"text-align: center;\"><img loading=\"lazy\" decoding=\"async\" class=\"alignnone size-medium colorbox-462\" src=\"http:\/\/didierlemarchand.net\/4_site_nouveau\/portfolio-N3\/mot_N3\/PF3_accident_6\/accident_6_20.jpg\" width=\"588\" height=\"438\" \/><\/p>\n<p style=\"text-align: center;\"><img loading=\"lazy\" decoding=\"async\" class=\"alignnone size-medium colorbox-462\" src=\"http:\/\/didierlemarchand.net\/4_site_nouveau\/portfolio-N3\/mot_N3\/PF3_accident_6\/accident_6_21.jpg\" width=\"588\" height=\"438\" \/><\/p>\n<p style=\"text-align: center;\"><img loading=\"lazy\" decoding=\"async\" class=\"alignnone size-medium colorbox-462\" src=\"http:\/\/didierlemarchand.net\/4_site_nouveau\/portfolio-N3\/mot_N3\/PF3_accident_6\/accident_6_22.jpg\" width=\"588\" height=\"438\" \/><\/p>\n<p style=\"text-align: center;\"><img loading=\"lazy\" decoding=\"async\" class=\"alignnone size-medium colorbox-462\" src=\"http:\/\/didierlemarchand.net\/4_site_nouveau\/portfolio-N3\/mot_N3\/PF3_accident_6\/accident_6_23.jpg\" width=\"588\" height=\"438\" \/><\/p>\n<p style=\"text-align: center;\"><img loading=\"lazy\" decoding=\"async\" class=\"alignnone size-medium colorbox-462\" src=\"http:\/\/didierlemarchand.net\/4_site_nouveau\/portfolio-N3\/mot_N3\/PF3_accident_6\/accident_6_24.jpg\" width=\"588\" height=\"438\" \/><\/p>\n<p style=\"text-align: center;\"><img loading=\"lazy\" decoding=\"async\" class=\"alignnone size-medium colorbox-462\" src=\"http:\/\/didierlemarchand.net\/4_site_nouveau\/portfolio-N3\/mot_N3\/PF3_accident_6\/accident_6_25.jpg\" width=\"588\" height=\"438\" \/><\/p>\n<p style=\"text-align: center;\"><img loading=\"lazy\" decoding=\"async\" class=\"alignnone size-medium colorbox-462\" src=\"http:\/\/didierlemarchand.net\/4_site_nouveau\/portfolio-N3\/mot_N3\/PF3_accident_6\/accident_6_26.jpg\" width=\"588\" height=\"438\" \/><\/p>\n<p style=\"text-align: center;\"><img loading=\"lazy\" decoding=\"async\" class=\"alignnone size-medium colorbox-462\" src=\"http:\/\/didierlemarchand.net\/4_site_nouveau\/portfolio-N3\/mot_N3\/PF3_accident_6\/accident_6_27.jpg\" width=\"588\" height=\"438\" \/><\/p>\n<p style=\"text-align: center;\"><img loading=\"lazy\" decoding=\"async\" class=\"alignnone size-medium colorbox-462\" src=\"http:\/\/didierlemarchand.net\/4_site_nouveau\/portfolio-N3\/mot_N3\/PF3_accident_6\/accident_6_28.jpg\" width=\"588\" height=\"438\" \/><\/p>\n<p style=\"text-align: center;\"><img loading=\"lazy\" decoding=\"async\" class=\"alignnone size-medium colorbox-462\" src=\"http:\/\/didierlemarchand.net\/4_site_nouveau\/portfolio-N3\/mot_N3\/PF3_accident_6\/accident_6_29.jpg\" width=\"588\" height=\"438\" \/><\/p>\n<p style=\"text-align: center;\"><img loading=\"lazy\" decoding=\"async\" class=\"alignnone size-medium colorbox-462\" src=\"http:\/\/didierlemarchand.net\/4_site_nouveau\/portfolio-N3\/mot_N3\/PF3_accident_6\/accident_6_31.jpg\" width=\"588\" height=\"438\" \/><\/p>\n<p style=\"text-align: center;\"><img loading=\"lazy\" decoding=\"async\" class=\"alignnone size-medium colorbox-462\" src=\"http:\/\/didierlemarchand.net\/4_site_nouveau\/portfolio-N3\/mot_N3\/PF3_accident_6\/accident_6_32.jpg\" width=\"588\" height=\"438\" \/><\/p>\n<p style=\"text-align: center;\"><img loading=\"lazy\" decoding=\"async\" class=\"alignnone size-medium colorbox-462\" src=\"http:\/\/didierlemarchand.net\/4_site_nouveau\/portfolio-N3\/mot_N3\/PF3_accident_6\/accident_6_34.jpg\" width=\"588\" height=\"438\" \/><\/p>\n<p style=\"text-align: center;\"><img loading=\"lazy\" decoding=\"async\" class=\"alignnone size-medium colorbox-462\" src=\"http:\/\/didierlemarchand.net\/4_site_nouveau\/portfolio-N3\/mot_N3\/PF3_accident_6\/accident_6_35.jpg\" width=\"588\" height=\"438\" \/><\/p>\n<p style=\"text-align: center;\"><img loading=\"lazy\" decoding=\"async\" class=\"alignnone size-medium colorbox-462\" src=\"http:\/\/didierlemarchand.net\/4_site_nouveau\/portfolio-N3\/mot_N3\/PF3_accident_6\/accident_6_36.jpg\" width=\"588\" height=\"438\" \/><\/p>\n<p style=\"text-align: center;\"><img loading=\"lazy\" decoding=\"async\" class=\"alignnone size-medium colorbox-462\" src=\"http:\/\/didierlemarchand.net\/4_site_nouveau\/portfolio-N3\/mot_N3\/PF3_accident_6\/accident_6_37.jpg\" width=\"588\" height=\"438\" \/><\/p>\n<p style=\"text-align: center;\"><img loading=\"lazy\" decoding=\"async\" class=\"alignnone size-medium colorbox-462\" src=\"http:\/\/didierlemarchand.net\/4_site_nouveau\/portfolio-N3\/mot_N3\/PF3_accident_6\/accident_6_38.jpg\" width=\"588\" height=\"438\" \/><\/p>\n<p style=\"text-align: center;\"><img loading=\"lazy\" decoding=\"async\" class=\"alignnone size-medium colorbox-462\" src=\"http:\/\/didierlemarchand.net\/4_site_nouveau\/portfolio-N3\/mot_N3\/PF3_accident_6\/accident_6_39.jpg\" width=\"588\" height=\"438\" \/><\/p>\n<p style=\"text-align: center;\"><img loading=\"lazy\" decoding=\"async\" class=\"alignnone size-medium colorbox-462\" src=\"http:\/\/didierlemarchand.net\/4_site_nouveau\/portfolio-N3\/mot_N3\/PF3_accident_6\/accident_6_40.jpg\" width=\"588\" height=\"438\" \/><\/p>\n<p style=\"text-align: center;\"><img loading=\"lazy\" decoding=\"async\" class=\"alignnone size-medium colorbox-462\" src=\"http:\/\/didierlemarchand.net\/4_site_nouveau\/portfolio-N3\/mot_N3\/PF3_accident_6\/accident_6_41.jpg\" width=\"588\" height=\"438\" \/><\/p>\n<h1><\/h1>\n<p>&nbsp;<\/p>\n<h1 style=\"text-align: center;\">&#8211;<\/h1>\n<h1 style=\"text-align: center;\"><\/h1>\n<p align=\"justify\">Ce travail a pour point de d\u00e9part des accidents d\u2019impression survenus sur des journaux quotidiens.<\/p>\n<p style=\"padding-left: 30px;\" align=\"justify\">\u00ab\u00a0Lisons le journal : subrepticement le regard abandonne la violence ou la vacuit\u00e9 du quotidien en glissant dans les marges, dans les accidents survenus sur le papier des pages. Il y d\u00e9couvre l\u2019empreinte invers\u00e9e de la page en vis-\u00e0-vis cr\u00e9\u00e9e par l\u2019encre fra\u00eeche au moment du pliage, le recto qui transpara\u00eet \u00e0 travers la finesse du papier. Textes, graphismes, traces de photographies se trouvent m\u00eal\u00e9s entre eux : palimpseste d\u2019une journ\u00e9e dans le monde dont l\u2019actualit\u00e9 ne serait pas celle de la presse. Le regard circule, l\u2019espace et le temps s\u2019en trouvent d\u00e9multipli\u00e9s : espace de la page, espace r\u00e9f\u00e9rentiel\/espace sugg\u00e9r\u00e9, espace entre l\u2019endroit et l\u2019envers, espace entre l\u2019\u00e9crit et l\u2019image, espace entre les mots, espace ou temps de la m\u00e9moire, temps lin\u00e9aire ou temps achronique, temps dilu\u00e9 ou temps de l\u2019instant.\u00a0\u00bb<\/p>\n<p align=\"justify\">Ces accidents ont \u00e9t\u00e9s scann\u00e9s, recompos\u00e9s et retravaill\u00e9s pour, \u00e0 la fin, donner ces photo-graphies pr\u00e9sent\u00e9es en diptyque selon ce principe : Le premier devait avoir le d\u00e9but d\u2019un mot \u00e0 droite, le dernier la fin d\u2019un mot \u00e0 gauche et entre eux, les 19 interm\u00e9diaires la fin d\u2019un mot \u00e0 gauche et le d\u00e9but d\u2019un autre \u00e0 droite.<\/p>\n<p align=\"justify\">Ces diptyques ont ensuite \u00e9t\u00e9 confi\u00e9s \u00e0 G\u00e9rard Fournaison, \u00e0 charge pour lui de cr\u00e9er des textes en diptyque qui se situeraient entre deux.<\/p>\n<p style=\"padding-left: 30px;\">\u00ab\u00a0Didier Lemarchand m\u2019a confi\u00e9 ses images.<br \/>\nElles sont arriv\u00e9es alors que je \u00abreconstruisais\u00bb mes souvenirs.<br \/>\nCeux des amis disparus et ces longues ann\u00e9es pass\u00e9es dans ce lieu-dit \u00abL\u2019Aulnaie\u00bb, dans les marais bordant une rivi\u00e8re o\u00f9 parfois le brouillard est si dense que le jour se confond avec la tomb\u00e9e du soir \u00e9loignant \u00e0 la fois les lieux et les voix.<br \/>\nDe ces images, des mots souvent voil\u00e9s, des signes, des \u00e9chos entra\u00eenent d\u2019autres mots, des bribes de phrase, avec en continu, une \u00abbasse\u00bb murmur\u00e9e qui peut se r\u00e9citer \u00e0 l\u2019infini. Ces voix sont des possibles. Des m\u00eames images r\u00e9p\u00e9t\u00e9es pourraient venir d\u2019autres mots et sans doute y percevrait-on, comme dans les remous des courants qui traversent \u00abL\u2019Aulnaie\u00bb, les effets d\u2019un infini tuilage des pens\u00e9es.\u00a0\u00bb<br \/>\nG\u00e9rard Fournaison<\/p>\n<p>&nbsp;<\/p>\n<p>&nbsp;<\/p>\n<p><img loading=\"lazy\" decoding=\"async\" class=\"size-medium aligncenter colorbox-462\" src=\"http:\/\/didierlemarchand.net\/4_site_nouveau\/portfolio-N3\/mot_N3\/PF3_accident_6\/expoAccident6.jpg\" width=\"397\" height=\"199\" \/><\/p>\n<h1><\/h1>\n<p>&nbsp;<\/p>\n<h1 style=\"text-align: center;\">&#8211;<\/h1>\n<h1 style=\"text-align: center;\"><\/h1>\n<p>Ce travail existe aussi sous la forme d\u2019un\u00a0<strong>livre-accord\u00e9on<\/strong>.<\/p>\n<p><strong><a href=\"http:\/\/didierlemarchand.net\/4_site_nouveau\/portfolio-N3\/mot_N3\/PF3_accident_6\/DL_maquette_accident_06.pdf\" target=\"_blank\" rel=\"noopener\">Sa maquette<\/a><\/strong> se pr\u00e9sente sous la forme d\u2019un leporello (accord\u00e9on) de 82 pages.<br \/>\nRepli\u00e9 il mesure 19cm de haut et 12,9 de large, d\u00e9pli\u00e9 il mesure 10,5m de long.<\/p>\n<p>On peut le consulter de fa\u00e7on libre :<\/p>\n<ul>\n<li>page apr\u00e8s page comme un livre traditionnel,<\/li>\n<li>en d\u00e9pliant autant de pages que l\u2019on souhaite<\/li>\n<li>en mettant en relation au hasard n\u2019importe quels des textes et\/ou des image \u00e0 la mani\u00e8re d&rsquo;un cut-up<\/li>\n<\/ul>\n<p>&nbsp;<\/p>\n","protected":false},"excerpt":{"rendered":"<p>2006 \u2013 s\u00e9rie de 41 diptyques (photo-graphies &amp; textes) &#8211; 45 x 60,5 cm dossier de pr\u00e9sentation t\u00e9l\u00e9chargeable &#8211; &nbsp; <span class=\"ellipsis\">&hellip;<\/span> <span class=\"more-link-wrap\"><a href=\"https:\/\/didierlemarchand.net\/site\/portfolio-2\/mots\/accident6\/\" class=\"more-link\"><span>Continue Reading &rarr;<\/span><\/a><\/span><\/p>\n","protected":false},"author":2,"featured_media":0,"parent":1315,"menu_order":29,"comment_status":"closed","ping_status":"closed","template":"","meta":{"_seopress_robots_primary_cat":"","_seopress_titles_title":"","_seopress_titles_desc":"","_seopress_robots_index":"","footnotes":""},"_links":{"self":[{"href":"https:\/\/didierlemarchand.net\/site\/wp-json\/wp\/v2\/pages\/462"}],"collection":[{"href":"https:\/\/didierlemarchand.net\/site\/wp-json\/wp\/v2\/pages"}],"about":[{"href":"https:\/\/didierlemarchand.net\/site\/wp-json\/wp\/v2\/types\/page"}],"author":[{"embeddable":true,"href":"https:\/\/didierlemarchand.net\/site\/wp-json\/wp\/v2\/users\/2"}],"replies":[{"embeddable":true,"href":"https:\/\/didierlemarchand.net\/site\/wp-json\/wp\/v2\/comments?post=462"}],"version-history":[{"count":24,"href":"https:\/\/didierlemarchand.net\/site\/wp-json\/wp\/v2\/pages\/462\/revisions"}],"predecessor-version":[{"id":20219,"href":"https:\/\/didierlemarchand.net\/site\/wp-json\/wp\/v2\/pages\/462\/revisions\/20219"}],"up":[{"embeddable":true,"href":"https:\/\/didierlemarchand.net\/site\/wp-json\/wp\/v2\/pages\/1315"}],"wp:attachment":[{"href":"https:\/\/didierlemarchand.net\/site\/wp-json\/wp\/v2\/media?parent=462"}],"curies":[{"name":"wp","href":"https:\/\/api.w.org\/{rel}","templated":true}]}}