{"id":456,"date":"2014-10-06T16:57:11","date_gmt":"2014-10-06T14:57:11","guid":{"rendered":"http:\/\/didierlemarchand.net\/site\/?page_id=456"},"modified":"2018-02-27T12:47:39","modified_gmt":"2018-02-27T11:47:39","slug":"ex-position-1","status":"publish","type":"page","link":"https:\/\/didierlemarchand.net\/site\/portfolio-2\/presence\/ex-position-1\/","title":{"rendered":"ex-position"},"content":{"rendered":"<p style=\"text-align: center;\">2001 \u2013 s\u00e9rie en cours \u2013 24 x 24 cm \u2013 impression pigmentaire<\/p>\n<p style=\"text-align: center;\"><a href=\"http:\/\/didierlemarchand.net\/4_site_nouveau\/dossiers_telechargeables\/D_Lemarchand_ex_position_01.pdf\">dossier t\u00e9l\u00e9chargeable en pdf<\/a><\/p>\n<h1 style=\"text-align: center;\">&#8211;<\/h1>\n<p style=\"text-align: center;\"><img loading=\"lazy\" decoding=\"async\" class=\"alignnone size-medium colorbox-456\" src=\"http:\/\/didierlemarchand.net\/4_site_nouveau\/portfolio-N3\/presence_N3\/PF3_ex_position_01\/ex_position_01_01.jpg\" width=\"438\" height=\"438\" \/><\/p>\n<h1><\/h1>\n<p>&nbsp;<\/p>\n<h1 style=\"text-align: center;\">&#8211;<\/h1>\n<h1><\/h1>\n<p>&nbsp;<\/p>\n<p style=\"text-align: center;\"><img loading=\"lazy\" decoding=\"async\" class=\"alignnone size-medium colorbox-456\" src=\"http:\/\/didierlemarchand.net\/4_site_nouveau\/portfolio-N3\/presence_N3\/PF3_ex_position_01\/ex_position_01_02.jpg\" width=\"438\" height=\"438\" \/><\/p>\n<h1><\/h1>\n<p>&nbsp;<\/p>\n<h1 style=\"text-align: center;\">&#8211;<\/h1>\n<h1><\/h1>\n<p>&nbsp;<\/p>\n<p style=\"text-align: center;\"><img loading=\"lazy\" decoding=\"async\" class=\"alignnone size-medium colorbox-456\" src=\"http:\/\/didierlemarchand.net\/4_site_nouveau\/portfolio-N3\/presence_N3\/PF3_ex_position_01\/ex_position_01_03.jpg\" width=\"438\" height=\"438\" \/><\/p>\n<h1><\/h1>\n<p>&nbsp;<\/p>\n<h1 style=\"text-align: center;\">&#8211;<\/h1>\n<h1><\/h1>\n<p>&nbsp;<\/p>\n<p style=\"text-align: center;\"><img loading=\"lazy\" decoding=\"async\" class=\"alignnone size-medium colorbox-456\" src=\"http:\/\/didierlemarchand.net\/4_site_nouveau\/portfolio-N3\/presence_N3\/PF3_ex_position_01\/ex_position_01_04.jpg\" width=\"438\" height=\"438\" \/><\/p>\n<h1><\/h1>\n<p>&nbsp;<\/p>\n<h1 style=\"text-align: center;\">&#8211;<\/h1>\n<h1><\/h1>\n<p>&nbsp;<\/p>\n<p style=\"text-align: center;\"><img loading=\"lazy\" decoding=\"async\" class=\"alignnone size-medium colorbox-456\" src=\"http:\/\/didierlemarchand.net\/4_site_nouveau\/portfolio-N3\/presence_N3\/PF3_ex_position_01\/ex_position_01_05.jpg\" width=\"438\" height=\"438\" \/><\/p>\n<h1><\/h1>\n<p>f<\/p>\n<h1 style=\"text-align: center;\">&#8211;<\/h1>\n<h1><\/h1>\n<p>&nbsp;<\/p>\n<p style=\"text-align: center;\"><img loading=\"lazy\" decoding=\"async\" class=\"alignnone size-medium colorbox-456\" src=\"http:\/\/didierlemarchand.net\/4_site_nouveau\/portfolio-N3\/presence_N3\/PF3_ex_position_01\/ex_position_01_06.jpg\" width=\"438\" height=\"438\" \/><\/p>\n<h1><\/h1>\n<p>&nbsp;<\/p>\n<h1 style=\"text-align: center;\">&#8211;<\/h1>\n<h1><\/h1>\n<p>&nbsp;<\/p>\n<p style=\"text-align: center;\"><img loading=\"lazy\" decoding=\"async\" class=\"alignnone size-medium colorbox-456\" src=\"http:\/\/didierlemarchand.net\/4_site_nouveau\/portfolio-N3\/presence_N3\/PF3_ex_position_01\/ex_position_01_07.jpg\" width=\"438\" height=\"438\" \/><\/p>\n<h1><\/h1>\n<p>&nbsp;<\/p>\n<h1 style=\"text-align: center;\">&#8211;<\/h1>\n<h1 style=\"text-align: center;\"><\/h1>\n<p><strong>web<\/strong><\/p>\n<p>De jeunes femmes s\u2019exhibent sur le net. Nombrilisme, actuation de la parole warholienne : \u00ab\u00a0\u00e0 l\u2019avenir, chacun aura son quart d\u2019heure de c\u00e9l\u00e9brit\u00e9 mondiale\u00a0\u00bb.<br \/>\nLes vues sont d\u00e9multipli\u00e9es et les poses tr\u00e8s st\u00e9r\u00e9otyp\u00e9es. Le d\u00e9cor est trivial. Le tout est vu en plan moyen. La femme en est d\u00e9personnalis\u00e9e. On voit un corps mais le d\u00e9sir est absent.<\/p>\n<p><strong>protocole<\/strong><\/p>\n<ol>\n<li>partir d&rsquo;un jeu de photographies pr\u00e9lev\u00e9es sur une page<\/li>\n<li>r\u00e9aliser un recadrage sur le visage, se rapprocher<\/li>\n<li>r\u00e9int\u00e9grer ce qui est \u00e0 la p\u00e9riph\u00e9rie (le corps, le d\u00e9cor) par un jeu de superposition et de transparence<\/li>\n<\/ol>\n<p><strong>projet<\/strong><\/p>\n<p>Par ce jeu visuel retrouver une relation plus complexe, plus ambig\u00fce avec le mod\u00e8le :\u00a0visage qu&rsquo;il faut chercher en s\u2019enfon\u00e7ant dans la profondeur du plan<\/p>\n<ul>\n<li>regard qui fixe le spectateur, mais qui par ailleurs se d\u00e9robe<\/li>\n<li>personnalit\u00e9 qui ne transparait que par bribes de formes et de mati\u00e8re<\/li>\n<li>corps sugg\u00e9r\u00e9 par des parties de chair non-identifiables avec certitude<\/li>\n<\/ul>\n<p>Nous ne sommes plus dans l\u2019exposition d\u2019un corps mais sur le chemin qui m\u00e8ne au corps : en un mot, dans le fantasme.<\/p>\n","protected":false},"excerpt":{"rendered":"<p>2001 \u2013 s\u00e9rie en cours \u2013 24 x 24 cm \u2013 impression pigmentaire dossier t\u00e9l\u00e9chargeable en pdf &#8211; &nbsp; &#8211; <span class=\"ellipsis\">&hellip;<\/span> <span class=\"more-link-wrap\"><a href=\"https:\/\/didierlemarchand.net\/site\/portfolio-2\/presence\/ex-position-1\/\" class=\"more-link\"><span>Continue Reading &rarr;<\/span><\/a><\/span><\/p>\n","protected":false},"author":2,"featured_media":0,"parent":1313,"menu_order":85,"comment_status":"closed","ping_status":"closed","template":"","meta":{"_seopress_robots_primary_cat":"","_seopress_titles_title":"","_seopress_titles_desc":"","_seopress_robots_index":"","footnotes":""},"_links":{"self":[{"href":"https:\/\/didierlemarchand.net\/site\/wp-json\/wp\/v2\/pages\/456"}],"collection":[{"href":"https:\/\/didierlemarchand.net\/site\/wp-json\/wp\/v2\/pages"}],"about":[{"href":"https:\/\/didierlemarchand.net\/site\/wp-json\/wp\/v2\/types\/page"}],"author":[{"embeddable":true,"href":"https:\/\/didierlemarchand.net\/site\/wp-json\/wp\/v2\/users\/2"}],"replies":[{"embeddable":true,"href":"https:\/\/didierlemarchand.net\/site\/wp-json\/wp\/v2\/comments?post=456"}],"version-history":[{"count":9,"href":"https:\/\/didierlemarchand.net\/site\/wp-json\/wp\/v2\/pages\/456\/revisions"}],"predecessor-version":[{"id":2351,"href":"https:\/\/didierlemarchand.net\/site\/wp-json\/wp\/v2\/pages\/456\/revisions\/2351"}],"up":[{"embeddable":true,"href":"https:\/\/didierlemarchand.net\/site\/wp-json\/wp\/v2\/pages\/1313"}],"wp:attachment":[{"href":"https:\/\/didierlemarchand.net\/site\/wp-json\/wp\/v2\/media?parent=456"}],"curies":[{"name":"wp","href":"https:\/\/api.w.org\/{rel}","templated":true}]}}