{"id":428,"date":"2014-10-05T22:23:42","date_gmt":"2014-10-05T20:23:42","guid":{"rendered":"http:\/\/didierlemarchand.net\/site\/?page_id=428"},"modified":"2025-10-13T06:32:03","modified_gmt":"2025-10-13T04:32:03","slug":"4-2","status":"publish","type":"page","link":"https:\/\/didierlemarchand.net\/site\/portfolio-2\/resurgences\/4-2\/","title":{"rendered":"r\u00e9surgence 4.2 : Theresienstadt"},"content":{"rendered":"<p style=\"text-align: center;\">2002 \u2013 30 x 60 cm &#8211; impression pigmentaire<\/p>\n<p style=\"text-align: center;\"><a href=\"http:\/\/didierlemarchand.net\/4_site_nouveau\/dossiers_telechargeables\/D-Lemarchand-resurgence-4-2-terezin.pdf\" target=\"_blank\" rel=\"noopener\">dossier de pr\u00e9sentation t\u00e9l\u00e9chargeable<\/a><\/p>\n<h1 style=\"text-align: center;\">&#8211;<\/h1>\n<p style=\"text-align: center;\"><img loading=\"lazy\" decoding=\"async\" class=\"alignnone size-medium colorbox-428\" src=\"http:\/\/didierlemarchand.net\/4_site_nouveau\/portfolio-N3\/resurgence_N3\/PF3_resurgence_03\/resurgence_03_01.jpg\" width=\"695\" height=\"343\" \/><\/p>\n<h1><\/h1>\n<p>&nbsp;<\/p>\n<h1 style=\"text-align: center;\">&#8211;<\/h1>\n<h1><\/h1>\n<p>&nbsp;<\/p>\n<p style=\"text-align: center;\"><img loading=\"lazy\" decoding=\"async\" class=\"alignnone size-medium colorbox-428\" src=\"http:\/\/didierlemarchand.net\/4_site_nouveau\/portfolio-N3\/resurgence_N3\/PF3_resurgence_03\/resurgence_03_02.jpg\" width=\"695\" height=\"343\" \/><\/p>\n<h1><\/h1>\n<p>&nbsp;<\/p>\n<h1 style=\"text-align: center;\">&#8211;<\/h1>\n<h1><\/h1>\n<p>&nbsp;<\/p>\n<p style=\"text-align: center;\"><img loading=\"lazy\" decoding=\"async\" class=\"alignnone size-medium colorbox-428\" src=\"http:\/\/didierlemarchand.net\/4_site_nouveau\/portfolio-N3\/resurgence_N3\/PF3_resurgence_03\/resurgence_03_03.jpg\" width=\"695\" height=\"343\" \/><\/p>\n<h1><\/h1>\n<p>&nbsp;<\/p>\n<h1 style=\"text-align: center;\">&#8211;<\/h1>\n<h1><\/h1>\n<p>&nbsp;<\/p>\n<p style=\"text-align: center;\"><img loading=\"lazy\" decoding=\"async\" class=\"alignnone size-medium colorbox-428\" src=\"http:\/\/didierlemarchand.net\/4_site_nouveau\/portfolio-N3\/resurgence_N3\/PF3_resurgence_03\/resurgence_03_04.jpg\" width=\"695\" height=\"343\" \/><\/p>\n<h1><\/h1>\n<p>&nbsp;<\/p>\n<h1 style=\"text-align: center;\">&#8211;<\/h1>\n<h1><\/h1>\n<p>&nbsp;<\/p>\n<p style=\"text-align: center;\"><img loading=\"lazy\" decoding=\"async\" class=\"alignnone size-medium colorbox-428\" src=\"http:\/\/didierlemarchand.net\/4_site_nouveau\/portfolio-N3\/resurgence_N3\/PF3_resurgence_03\/resurgence_03_05.jpg\" width=\"695\" height=\"343\" \/><\/p>\n<h1><\/h1>\n<p>&nbsp;<\/p>\n<h1 style=\"text-align: center;\">&#8211;<\/h1>\n<h1><\/h1>\n<p>&nbsp;<\/p>\n<p style=\"text-align: center;\"><img loading=\"lazy\" decoding=\"async\" class=\"alignnone size-medium colorbox-428\" src=\"http:\/\/didierlemarchand.net\/4_site_nouveau\/portfolio-N3\/resurgence_N3\/PF3_resurgence_03\/resurgence_03_06.jpg\" width=\"695\" height=\"343\" \/><\/p>\n<h1><\/h1>\n<p>&nbsp;<\/p>\n<h1 style=\"text-align: center;\">&#8211;<\/h1>\n<h1><\/h1>\n<p>&nbsp;<\/p>\n<p style=\"text-align: center;\"><img loading=\"lazy\" decoding=\"async\" class=\"alignnone size-medium colorbox-428\" src=\"http:\/\/didierlemarchand.net\/4_site_nouveau\/portfolio-N3\/resurgence_N3\/PF3_resurgence_03\/resurgence_03_07.jpg\" width=\"695\" height=\"343\" \/><\/p>\n<h1><\/h1>\n<p>&nbsp;<\/p>\n<h1 style=\"text-align: center;\">&#8211;<\/h1>\n<h1><\/h1>\n<p>&nbsp;<\/p>\n<p style=\"text-align: center;\"><img loading=\"lazy\" decoding=\"async\" class=\"alignnone size-medium colorbox-428\" src=\"http:\/\/didierlemarchand.net\/4_site_nouveau\/portfolio-N3\/resurgence_N3\/PF3_resurgence_03\/resurgence_03_08.jpg\" width=\"695\" height=\"343\" \/><\/p>\n<h1><\/h1>\n<p>&nbsp;<\/p>\n<h1 style=\"text-align: center;\">&#8211;<\/h1>\n<h1><\/h1>\n<p>&nbsp;<\/p>\n<p style=\"text-align: center;\"><img loading=\"lazy\" decoding=\"async\" class=\"alignnone size-medium colorbox-428\" src=\"http:\/\/didierlemarchand.net\/4_site_nouveau\/portfolio-N3\/resurgence_N3\/PF3_resurgence_03\/resurgence_03_09.jpg\" width=\"695\" height=\"343\" \/><\/p>\n<h1><\/h1>\n<p>&nbsp;<\/p>\n<h1 style=\"text-align: center;\">&#8211;<\/h1>\n<h1><\/h1>\n<p>&nbsp;<\/p>\n<p style=\"text-align: center;\"><img loading=\"lazy\" decoding=\"async\" class=\"alignnone size-medium colorbox-428\" src=\"http:\/\/didierlemarchand.net\/4_site_nouveau\/portfolio-N3\/resurgence_N3\/PF3_resurgence_03\/resurgence_03_10.jpg\" width=\"695\" height=\"343\" \/><\/p>\n<h1><\/h1>\n<p>&nbsp;<\/p>\n<h1 style=\"text-align: center;\">&#8211;<\/h1>\n<h1><\/h1>\n<p>&nbsp;<\/p>\n<p style=\"text-align: center;\"><img loading=\"lazy\" decoding=\"async\" class=\"alignnone size-medium colorbox-428\" src=\"http:\/\/didierlemarchand.net\/4_site_nouveau\/portfolio-N3\/resurgence_N3\/PF3_resurgence_03\/resurgence_03_11.jpg\" width=\"695\" height=\"343\" \/><\/p>\n<h1><\/h1>\n<p>&nbsp;<\/p>\n<h1 style=\"text-align: center;\">&#8211;<\/h1>\n<h1><\/h1>\n<p>&nbsp;<\/p>\n<p style=\"text-align: center;\"><img loading=\"lazy\" decoding=\"async\" class=\"alignnone size-medium colorbox-428\" src=\"http:\/\/didierlemarchand.net\/4_site_nouveau\/portfolio-N3\/resurgence_N3\/PF3_resurgence_03\/resurgence_03_12.jpg\" width=\"695\" height=\"343\" \/><\/p>\n<h1><\/h1>\n<p>&nbsp;<\/p>\n<h1 style=\"text-align: center;\">&#8211;<\/h1>\n<h1><\/h1>\n<p>&nbsp;<\/p>\n<p style=\"text-align: center;\"><img loading=\"lazy\" decoding=\"async\" class=\"alignnone size-medium colorbox-428\" src=\"http:\/\/didierlemarchand.net\/4_site_nouveau\/portfolio-N3\/resurgence_N3\/PF3_resurgence_03\/resurgence_03_13.jpg\" width=\"695\" height=\"343\" \/><\/p>\n<h1><\/h1>\n<p>&nbsp;<\/p>\n<h1 style=\"text-align: center;\">&#8211;<\/h1>\n<h1><\/h1>\n<p>&nbsp;<\/p>\n<p style=\"text-align: center;\"><img loading=\"lazy\" decoding=\"async\" class=\"alignnone size-medium colorbox-428\" src=\"http:\/\/didierlemarchand.net\/4_site_nouveau\/portfolio-N3\/resurgence_N3\/PF3_resurgence_03\/resurgence_03_14.jpg\" width=\"695\" height=\"343\" \/><\/p>\n<h1><\/h1>\n<p>&nbsp;<\/p>\n<h1 style=\"text-align: center;\">&#8211;<\/h1>\n<h1><\/h1>\n<p>&nbsp;<\/p>\n<p style=\"text-align: center;\"><img loading=\"lazy\" decoding=\"async\" class=\"alignnone size-medium colorbox-428\" src=\"http:\/\/didierlemarchand.net\/4_site_nouveau\/portfolio-N3\/resurgence_N3\/PF3_resurgence_03\/resurgence_03_15.jpg\" width=\"695\" height=\"343\" \/><\/p>\n<h1><\/h1>\n<p>&nbsp;<\/p>\n<h1 style=\"text-align: center;\">&#8211;<\/h1>\n<h1 style=\"text-align: center;\"><\/h1>\n<p><strong>photographier un camp nazi<\/strong><\/p>\n<p>Arriv\u00e9e au camps de Theresienstadt : une grande croix sur le terre-plein, un marchand de souvenirs et de glaces \u00e0 l\u2019entr\u00e9e. Suis-je autoris\u00e9 (moralement s&rsquo;entend) \u00e0 photographier?<br \/>\nLes premi\u00e8res pi\u00e8ces me glacent le dos. Je dois r\u00e9agir, t\u00e9moigner avec mes modestes moyens, \u00e9viter les pi\u00e8ges de l\u2019esth\u00e9tisme et du sentimentalisme. Mais de quelle fa\u00e7on le dire : des choses ont disparu, le temps a mus\u00e9ifi\u00e9 ces vestiges, je n\u2019ai pas v\u00e9cu dans ma propre chair ce que d\u2019autres y ont v\u00e9cu, l\u2019inconcevable ne peut pas \u00eatre figur\u00e9.<\/p>\n<p>Imm\u00e9diatement et inconsciemment, une vision de pr\u00e8s s\u2019est impos\u00e9e, vision qui, apr\u00e8s-coup, s\u2019est av\u00e9r\u00e9e \u00eatre celle d\u2019une absence, d\u2019un au-del\u00e0 spatial et temporel. Le temps de la d\u00e9cantation et la lecture de \u00ab Les naufrag\u00e9s et les rescap\u00e9s \u00bb de Primo Levi ont fait le reste.<\/p>\n<p>&nbsp;<\/p>\n<p>2002 \u2013 s\u00e9rie de 15 diptyques \u2013 30 x 60 cm &#8211; impression pigmentaire<\/p>\n<p><a href=\"http:\/\/didierlemarchand.net\/4_site_nouveau\/dossiers_telechargeables\/D_Lemarchand_resurgence_3.pdf\" target=\"_blank\" rel=\"noopener\">dossier t\u00e9l\u00e9chargeable en pdf<\/a><\/p>\n","protected":false},"excerpt":{"rendered":"<p>2002 \u2013 30 x 60 cm &#8211; impression pigmentaire dossier de pr\u00e9sentation t\u00e9l\u00e9chargeable &#8211; &nbsp; &#8211; &nbsp; &nbsp; &#8211; &nbsp; <span class=\"ellipsis\">&hellip;<\/span> <span class=\"more-link-wrap\"><a href=\"https:\/\/didierlemarchand.net\/site\/portfolio-2\/resurgences\/4-2\/\" class=\"more-link\"><span>Continue Reading &rarr;<\/span><\/a><\/span><\/p>\n","protected":false},"author":2,"featured_media":0,"parent":1300,"menu_order":10,"comment_status":"closed","ping_status":"closed","template":"","meta":{"_seopress_robots_primary_cat":"","_seopress_titles_title":"","_seopress_titles_desc":"","_seopress_robots_index":"","footnotes":""},"_links":{"self":[{"href":"https:\/\/didierlemarchand.net\/site\/wp-json\/wp\/v2\/pages\/428"}],"collection":[{"href":"https:\/\/didierlemarchand.net\/site\/wp-json\/wp\/v2\/pages"}],"about":[{"href":"https:\/\/didierlemarchand.net\/site\/wp-json\/wp\/v2\/types\/page"}],"author":[{"embeddable":true,"href":"https:\/\/didierlemarchand.net\/site\/wp-json\/wp\/v2\/users\/2"}],"replies":[{"embeddable":true,"href":"https:\/\/didierlemarchand.net\/site\/wp-json\/wp\/v2\/comments?post=428"}],"version-history":[{"count":18,"href":"https:\/\/didierlemarchand.net\/site\/wp-json\/wp\/v2\/pages\/428\/revisions"}],"predecessor-version":[{"id":20560,"href":"https:\/\/didierlemarchand.net\/site\/wp-json\/wp\/v2\/pages\/428\/revisions\/20560"}],"up":[{"embeddable":true,"href":"https:\/\/didierlemarchand.net\/site\/wp-json\/wp\/v2\/pages\/1300"}],"wp:attachment":[{"href":"https:\/\/didierlemarchand.net\/site\/wp-json\/wp\/v2\/media?parent=428"}],"curies":[{"name":"wp","href":"https:\/\/api.w.org\/{rel}","templated":true}]}}