{"id":365,"date":"2014-10-05T18:04:55","date_gmt":"2014-10-05T16:04:55","guid":{"rendered":"http:\/\/didierlemarchand.net\/site\/?page_id=365"},"modified":"2025-10-13T05:53:09","modified_gmt":"2025-10-13T03:53:09","slug":"3-1-6","status":"publish","type":"page","link":"https:\/\/didierlemarchand.net\/site\/portfolio-2\/resurgences\/3-1-6\/","title":{"rendered":"r\u00e9surgence 3.1.6"},"content":{"rendered":"<p style=\"text-align: center;\">2012 \u2013 30 x 30 cm \u2013 impression pigmentaire<\/p>\n<p style=\"text-align: center;\"><a href=\"http:\/\/didierlemarchand.net\/4_site_nouveau\/dossiers_telechargeables\/D-Lemarchand-resurgence-3-1-6.pdf\" target=\"_blank\" rel=\"noopener\">dossier de pr\u00e9sentation t\u00e9l\u00e9chargeable<\/a><\/p>\n<h1 style=\"text-align: center;\">&#8211;<\/h1>\n<p style=\"text-align: center;\"><img loading=\"lazy\" decoding=\"async\" class=\"alignnone size-medium colorbox-365\" src=\"http:\/\/didierlemarchand.net\/4_site_nouveau\/portfolio-N3\/resurgence_N3\/PF3_resurgence_04_3\/resurgence_04_3_01.jpg\" width=\"438\" height=\"438\" \/><\/p>\n<h1><\/h1>\n<p>&nbsp;<\/p>\n<h1 style=\"text-align: center;\">&#8211;<\/h1>\n<h1><\/h1>\n<p>&nbsp;<\/p>\n<p style=\"text-align: center;\"><img loading=\"lazy\" decoding=\"async\" class=\"alignnone size-medium colorbox-365\" src=\"http:\/\/didierlemarchand.net\/4_site_nouveau\/portfolio-N3\/resurgence_N3\/PF3_resurgence_04_3\/resurgence_04_3_02.jpg\" width=\"438\" height=\"438\" \/><\/p>\n<h1><\/h1>\n<p>&nbsp;<\/p>\n<h1 style=\"text-align: center;\">&#8211;<\/h1>\n<h1><\/h1>\n<p>&nbsp;<\/p>\n<p style=\"text-align: center;\"><img loading=\"lazy\" decoding=\"async\" class=\"alignnone size-medium colorbox-365\" src=\"http:\/\/didierlemarchand.net\/4_site_nouveau\/portfolio-N3\/resurgence_N3\/PF3_resurgence_04_3\/resurgence_04_3_03.jpg\" width=\"438\" height=\"438\" \/><\/p>\n<h1><\/h1>\n<p>&nbsp;<\/p>\n<h1 style=\"text-align: center;\">&#8211;<\/h1>\n<h1><\/h1>\n<p>&nbsp;<\/p>\n<p style=\"text-align: center;\"><img loading=\"lazy\" decoding=\"async\" class=\"alignnone size-medium colorbox-365\" src=\"http:\/\/didierlemarchand.net\/4_site_nouveau\/portfolio-N3\/resurgence_N3\/PF3_resurgence_04_3\/resurgence_04_3_04.jpg\" width=\"438\" height=\"438\" \/><\/p>\n<h1><\/h1>\n<p>&nbsp;<\/p>\n<h1 style=\"text-align: center;\">&#8211;<\/h1>\n<h1><\/h1>\n<p>&nbsp;<\/p>\n<p style=\"text-align: center;\"><img loading=\"lazy\" decoding=\"async\" class=\"alignnone size-medium colorbox-365\" src=\"http:\/\/didierlemarchand.net\/4_site_nouveau\/portfolio-N3\/resurgence_N3\/PF3_resurgence_04_3\/resurgence_04_3_05.jpg\" width=\"438\" height=\"438\" \/><\/p>\n<h1><\/h1>\n<p>&nbsp;<\/p>\n<h1 style=\"text-align: center;\">&#8211;<\/h1>\n<h1><\/h1>\n<p>&nbsp;<\/p>\n<p style=\"text-align: center;\"><img loading=\"lazy\" decoding=\"async\" class=\"alignnone size-medium colorbox-365\" src=\"http:\/\/didierlemarchand.net\/4_site_nouveau\/portfolio-N3\/resurgence_N3\/PF3_resurgence_04_3\/resurgence_04_3_06.jpg\" width=\"438\" height=\"438\" \/><\/p>\n<h1><\/h1>\n<p>&nbsp;<\/p>\n<h1 style=\"text-align: center;\">&#8211;<\/h1>\n<h1><\/h1>\n<p>&nbsp;<\/p>\n<p style=\"text-align: center;\"><img loading=\"lazy\" decoding=\"async\" class=\"alignnone size-medium colorbox-365\" src=\"http:\/\/didierlemarchand.net\/4_site_nouveau\/portfolio-N3\/resurgence_N3\/PF3_resurgence_04_3\/resurgence_04_3_07.jpg\" width=\"438\" height=\"438\" \/><\/p>\n<h1><\/h1>\n<p>&nbsp;<\/p>\n<h1 style=\"text-align: center;\">&#8211;<\/h1>\n<h1><\/h1>\n<p>&nbsp;<\/p>\n<p style=\"text-align: center;\"><img loading=\"lazy\" decoding=\"async\" class=\"alignnone size-medium colorbox-365\" src=\"http:\/\/didierlemarchand.net\/4_site_nouveau\/portfolio-N3\/resurgence_N3\/PF3_resurgence_04_3\/resurgence_04_3_08.jpg\" width=\"438\" height=\"438\" \/><\/p>\n<h1><\/h1>\n<p>&nbsp;<\/p>\n<h1 style=\"text-align: center;\">&#8211;<\/h1>\n<h1><\/h1>\n<p>&nbsp;<\/p>\n<p style=\"text-align: center;\"><img loading=\"lazy\" decoding=\"async\" class=\"alignnone size-medium colorbox-365\" src=\"http:\/\/didierlemarchand.net\/4_site_nouveau\/portfolio-N3\/resurgence_N3\/PF3_resurgence_04_3\/resurgence_04_3_09.jpg\" width=\"438\" height=\"438\" \/><\/p>\n<h1><\/h1>\n<p>&nbsp;<\/p>\n<h1 style=\"text-align: center;\">&#8211;<\/h1>\n<h1><\/h1>\n<p>&nbsp;<\/p>\n<p style=\"text-align: center;\"><img loading=\"lazy\" decoding=\"async\" class=\"alignnone size-medium colorbox-365\" src=\"http:\/\/didierlemarchand.net\/4_site_nouveau\/portfolio-N3\/resurgence_N3\/PF3_resurgence_04_3\/resurgence_04_3_10.jpg\" width=\"438\" height=\"438\" \/><\/p>\n<h1><\/h1>\n<p>&nbsp;<\/p>\n<h1 style=\"text-align: center;\">&#8211;<\/h1>\n<h1><\/h1>\n<p>&nbsp;<\/p>\n<p style=\"text-align: center;\"><img loading=\"lazy\" decoding=\"async\" class=\"alignnone size-medium colorbox-365\" src=\"http:\/\/didierlemarchand.net\/4_site_nouveau\/portfolio-N3\/resurgence_N3\/PF3_resurgence_04_3\/resurgence_04_3_11.jpg\" width=\"438\" height=\"438\" \/><\/p>\n<h1><\/h1>\n<p>&nbsp;<\/p>\n<h1 style=\"text-align: center;\">&#8211;<\/h1>\n<h1><\/h1>\n<p>&nbsp;<\/p>\n<p style=\"text-align: center;\"><img loading=\"lazy\" decoding=\"async\" class=\"alignnone size-medium colorbox-365\" src=\"http:\/\/didierlemarchand.net\/4_site_nouveau\/portfolio-N3\/resurgence_N3\/PF3_resurgence_04_3\/resurgence_04_3_12.jpg\" width=\"438\" height=\"438\" \/><\/p>\n<h1><\/h1>\n<p>&nbsp;<\/p>\n<h1 style=\"text-align: center;\">&#8211;<\/h1>\n<h1><\/h1>\n<p>&nbsp;<\/p>\n<p style=\"text-align: center;\"><img loading=\"lazy\" decoding=\"async\" class=\"alignnone size-medium colorbox-365\" src=\"http:\/\/didierlemarchand.net\/4_site_nouveau\/portfolio-N3\/resurgence_N3\/PF3_resurgence_04_3\/resurgence_04_3_13.jpg\" width=\"438\" height=\"438\" \/><\/p>\n<h1><\/h1>\n<p>&nbsp;<\/p>\n<h1 style=\"text-align: center;\">&#8211;<\/h1>\n<h1><\/h1>\n<p>&nbsp;<\/p>\n<p style=\"text-align: center;\"><img loading=\"lazy\" decoding=\"async\" class=\"alignnone size-medium colorbox-365\" src=\"http:\/\/didierlemarchand.net\/4_site_nouveau\/portfolio-N3\/resurgence_N3\/PF3_resurgence_04_3\/resurgence_04_3_14.jpg\" width=\"438\" height=\"438\" \/><\/p>\n<h1><\/h1>\n<p>&nbsp;<\/p>\n<h1 style=\"text-align: center;\">&#8211;<\/h1>\n<h1><\/h1>\n<p>&nbsp;<\/p>\n<p style=\"text-align: center;\"><img loading=\"lazy\" decoding=\"async\" class=\"alignnone size-medium colorbox-365\" src=\"http:\/\/didierlemarchand.net\/4_site_nouveau\/portfolio-N3\/resurgence_N3\/PF3_resurgence_04_3\/resurgence_04_3_15.jpg\" width=\"438\" height=\"438\" \/><\/p>\n<h1><\/h1>\n<p>&nbsp;<\/p>\n<h1 style=\"text-align: center;\">&#8211;<\/h1>\n<h1><\/h1>\n<p>&nbsp;<\/p>\n<p style=\"text-align: center;\"><img loading=\"lazy\" decoding=\"async\" class=\"alignnone size-medium colorbox-365\" src=\"http:\/\/didierlemarchand.net\/4_site_nouveau\/portfolio-N3\/resurgence_N3\/PF3_resurgence_04_3\/resurgence_04_3_16.jpg\" width=\"438\" height=\"438\" \/><\/p>\n<h1><\/h1>\n<p>&nbsp;<\/p>\n<h1 style=\"text-align: center;\">&#8211;<\/h1>\n<h1><\/h1>\n<p>&nbsp;<\/p>\n<p style=\"text-align: center;\"><img loading=\"lazy\" decoding=\"async\" class=\"alignnone size-medium colorbox-365\" src=\"http:\/\/didierlemarchand.net\/4_site_nouveau\/portfolio-N3\/resurgence_N3\/PF3_resurgence_04_3\/resurgence_04_3_17.jpg\" width=\"438\" height=\"438\" \/><\/p>\n<h1><\/h1>\n<p>&nbsp;<\/p>\n<h1 style=\"text-align: center;\">&#8211;<\/h1>\n<h1><\/h1>\n<p>&nbsp;<\/p>\n<p style=\"text-align: center;\"><img loading=\"lazy\" decoding=\"async\" class=\"alignnone size-medium colorbox-365\" src=\"http:\/\/didierlemarchand.net\/4_site_nouveau\/portfolio-N3\/resurgence_N3\/PF3_resurgence_04_3\/resurgence_04_3_18.jpg\" width=\"438\" height=\"438\" \/><\/p>\n<h1><\/h1>\n<p>&nbsp;<\/p>\n<h1 style=\"text-align: center;\">&#8211;<\/h1>\n<h1><\/h1>\n<p>&nbsp;<\/p>\n<p style=\"text-align: center;\"><img loading=\"lazy\" decoding=\"async\" class=\"alignnone size-medium colorbox-365\" src=\"http:\/\/didierlemarchand.net\/4_site_nouveau\/portfolio-N3\/resurgence_N3\/PF3_resurgence_04_3\/resurgence_04_3_19.jpg\" width=\"438\" height=\"438\" \/><\/p>\n<h1><\/h1>\n<p>&nbsp;<\/p>\n<h1 style=\"text-align: center;\">&#8211;<\/h1>\n<h1><\/h1>\n<p>&nbsp;<\/p>\n<p style=\"text-align: center;\"><img loading=\"lazy\" decoding=\"async\" class=\"alignnone size-medium colorbox-365\" src=\"http:\/\/didierlemarchand.net\/4_site_nouveau\/portfolio-N3\/resurgence_N3\/PF3_resurgence_04_3\/resurgence_04_3_20.jpg\" width=\"438\" height=\"438\" \/><\/p>\n<h1><\/h1>\n<p>&nbsp;<\/p>\n<h1 style=\"text-align: center;\">&#8211;<\/h1>\n<h1><\/h1>\n<p>&nbsp;<\/p>\n<p style=\"text-align: center;\"><img loading=\"lazy\" decoding=\"async\" class=\"alignnone size-medium colorbox-365\" src=\"http:\/\/didierlemarchand.net\/4_site_nouveau\/portfolio-N3\/resurgence_N3\/PF3_resurgence_04_3\/resurgence_04_3_21.jpg\" width=\"438\" height=\"438\" \/><\/p>\n<h1><\/h1>\n<p>&nbsp;<\/p>\n<h1 style=\"text-align: center;\">&#8211;<\/h1>\n<h1><\/h1>\n<p>&nbsp;<\/p>\n<p style=\"text-align: center;\"><img loading=\"lazy\" decoding=\"async\" class=\"alignnone size-medium colorbox-365\" src=\"http:\/\/didierlemarchand.net\/4_site_nouveau\/portfolio-N3\/resurgence_N3\/PF3_resurgence_04_3\/resurgence_04_3_22.jpg\" width=\"438\" height=\"438\" \/><\/p>\n<h1><\/h1>\n<p>&nbsp;<\/p>\n<h1 style=\"text-align: center;\">&#8211;<\/h1>\n<h1><\/h1>\n<p>&nbsp;<\/p>\n<p style=\"text-align: center;\"><img loading=\"lazy\" decoding=\"async\" class=\"alignnone size-medium colorbox-365\" src=\"http:\/\/didierlemarchand.net\/4_site_nouveau\/portfolio-N3\/resurgence_N3\/PF3_resurgence_04_3\/resurgence_04_3_23.jpg\" width=\"438\" height=\"438\" \/><\/p>\n<h1><\/h1>\n<p>&nbsp;<\/p>\n<h1 style=\"text-align: center;\">&#8211;<\/h1>\n<h1 style=\"text-align: center;\"><\/h1>\n<p>Dans le cadre de la manifestation Invitation d&rsquo;Artiste organis\u00e9e par la R\u00e9gion Picardie, j&rsquo;ai expos\u00e9 \u00e0 l&rsquo;automne 2012 au Mus\u00e9e de l&rsquo;Archerie et du Valois \u00e0 Cr\u00e9py-en-Valois. La contrainte \u00e9tait de travailler sur le th\u00e8me de la m\u00e9moire \u00e0 partir du fonds du mus\u00e9e.<\/p>\n<p><strong>Mus\u00e9e et photographie<\/strong><br \/>\nUn constat s&rsquo;est imm\u00e9diatement impos\u00e9\u00a0: la photographie partage de nombreux points communs avec le mus\u00e9e.<br \/>\nTous deux d\u00e9contextualisent\u00a0: le mus\u00e9e pr\u00e9sente des \u0153uvres ou des objets sortis de leur environnement original, la photographie tranche dans le r\u00e9el qui est un hors-champ infini. Souvent on est oblig\u00e9 d&rsquo;accompagner les pi\u00e8ces mus\u00e9ales ou les clich\u00e9s de l\u00e9gendes pour combler cette absence.<br \/>\nDans les deux cas, le spectateur se trouve mis \u00e0 distance\u00a0: dans le mus\u00e9e, par des vitrines ou des cordons de protection, en photographie, par les multiples lentilles de l&rsquo;objectif et du viseur.<br \/>\nL&rsquo;image du pass\u00e9 dans les deux cas est lacunaire\u00a0: des \u0153uvres nous resteront \u00e0 jamais inconnues et d&rsquo;autres, de par leur mauvais \u00e9tat de conservation, sont loin de nous donner une id\u00e9e de ce qu&rsquo;elles \u00e9taient \u00e0 l&rsquo;origine. La photographie ne pr\u00e9sente qu&rsquo;un extrait furtif de temps\u00a0: un instantan\u00e9.<\/p>\n<p>Ceci \u00e9tant admis, tout ce que j&rsquo;avais sous les yeux devenait stimuli : autant l&rsquo;objet que sa vitrine et la lumi\u00e8re qui l&rsquo;\u00e9claire. A ce que j&rsquo;avais sous le yeux, se superposaient les \u0153uvres que j&rsquo;avais d\u00e9j\u00e0 vues et mes propres images int\u00e9rieures.<br \/>\nDe ces chevauchements, condensations, liaisons rhysomiques, allaient na\u00eetre de nouvelles images, mille-feuilles spatio-temporels. Le manque, l\u2019\u00e9cart \u00e9taient alors devenus espaces d\u2019invention.<\/p>\n<p><strong>Mus\u00e9e et spectateur<\/strong><br \/>\nLes 26 photographies ont \u00e9t\u00e9 accroch\u00e9es parmi les \u0153uvres photographi\u00e9es<br \/>\nCela n&rsquo;aurait \u00e9t\u00e9 que plaisir \u00e9go\u00efste de ma part si une partie de cache-cache ne s&rsquo;\u00e9tait pas engag\u00e9e avec le spectateur. Il a \u00e9t\u00e9 amen\u00e9 \u00e0 rechercher l&rsquo;origine du clich\u00e9 et par l\u00e0-m\u00eame \u00e0 avoir un \u0153il neuf et plus p\u00e9n\u00e9trant sur les \u0153uvres qu&rsquo;il aurait peut-\u00eatre regard\u00e9es de mani\u00e8re distraite voire blas\u00e9e.<\/p>\n","protected":false},"excerpt":{"rendered":"<p>2012 \u2013 30 x 30 cm \u2013 impression pigmentaire dossier de pr\u00e9sentation t\u00e9l\u00e9chargeable &#8211; &nbsp; &#8211; &nbsp; &nbsp; &#8211; &nbsp; <span class=\"ellipsis\">&hellip;<\/span> <span class=\"more-link-wrap\"><a href=\"https:\/\/didierlemarchand.net\/site\/portfolio-2\/resurgences\/3-1-6\/\" class=\"more-link\"><span>Continue Reading &rarr;<\/span><\/a><\/span><\/p>\n","protected":false},"author":2,"featured_media":0,"parent":1300,"menu_order":8,"comment_status":"closed","ping_status":"closed","template":"","meta":{"_seopress_robots_primary_cat":"","_seopress_titles_title":"","_seopress_titles_desc":"","_seopress_robots_index":"","footnotes":""},"_links":{"self":[{"href":"https:\/\/didierlemarchand.net\/site\/wp-json\/wp\/v2\/pages\/365"}],"collection":[{"href":"https:\/\/didierlemarchand.net\/site\/wp-json\/wp\/v2\/pages"}],"about":[{"href":"https:\/\/didierlemarchand.net\/site\/wp-json\/wp\/v2\/types\/page"}],"author":[{"embeddable":true,"href":"https:\/\/didierlemarchand.net\/site\/wp-json\/wp\/v2\/users\/2"}],"replies":[{"embeddable":true,"href":"https:\/\/didierlemarchand.net\/site\/wp-json\/wp\/v2\/comments?post=365"}],"version-history":[{"count":28,"href":"https:\/\/didierlemarchand.net\/site\/wp-json\/wp\/v2\/pages\/365\/revisions"}],"predecessor-version":[{"id":20553,"href":"https:\/\/didierlemarchand.net\/site\/wp-json\/wp\/v2\/pages\/365\/revisions\/20553"}],"up":[{"embeddable":true,"href":"https:\/\/didierlemarchand.net\/site\/wp-json\/wp\/v2\/pages\/1300"}],"wp:attachment":[{"href":"https:\/\/didierlemarchand.net\/site\/wp-json\/wp\/v2\/media?parent=365"}],"curies":[{"name":"wp","href":"https:\/\/api.w.org\/{rel}","templated":true}]}}