{"id":240,"date":"2014-10-05T11:09:05","date_gmt":"2014-10-05T09:09:05","guid":{"rendered":"http:\/\/didierlemarchand.net\/site\/?page_id=240"},"modified":"2018-02-22T17:10:21","modified_gmt":"2018-02-22T16:10:21","slug":"echappees-du-recit","status":"publish","type":"page","link":"https:\/\/didierlemarchand.net\/site\/ecrits\/echappees-du-recit\/","title":{"rendered":"\u00e9chapp\u00e9es du r\u00e9cit"},"content":{"rendered":"<div id=\"ecrits_liens_texte\">\n<p><strong>texte de Jean Antonini<\/strong><\/p>\n<p>&nbsp;<\/p>\n<p style=\"text-align: center;\"><a href=\"http:\/\/www.didierlemarchand.net\/1_ecrits\/publications\/echappee_recit_livre.pdf\" target=\"_blank\" rel=\"noopener\"><img class=\"colorbox-240\"  loading=\"lazy\" decoding=\"async\" src=\"http:\/\/didierlemarchand.net\/4_site_nouveau\/portfolio-N3\/mot_N3\/PF3_echappee_recit\/echappee_couverture_livre.jpeg\" alt=\"echappee\" width=\"300\" height=\"310\" border=\"0\" \/><\/a><\/p>\n<p>&nbsp;<\/p>\n<p><strong><a href=\"http:\/\/didierlemarchand.net\/4_site_nouveau\/portfolio-N3\/mot_N3\/PF3_echappee_recit\/echappee_recit_livre.pdf\" target=\"_blank\" rel=\"noopener\">la maquette<\/a><\/strong><\/p>\n<\/div>\n<div id=\"ecrits_photo\">\n<ul>\n<li>78 pages, 19,2 x18,6 cm, couverture en couleur<\/li>\n<li>168 images en n&amp;b :\u00a0pr\u00e9l\u00e8vements de romans-photos des ann\u00e9es 60, retravaill\u00e9s.<\/li>\n<li>28 textes<\/li>\n<\/ul>\n<p>Le livre, s&rsquo;il rend compte de l\u2019univers visuel du roman-photo de l\u2019\u00e9poque, il interroge surtout le m\u00e9dium photographique dans sa mat\u00e9rialit\u00e9 et son rapport au texte.<\/p>\n<p style=\"padding-left: 30px;\">Objet compos\u00e9 \u00e0 4 mains\/4 yeux : structure contrapuntique entre textes et images.<br \/>\nObjet de dialogue \u00e0 trois tons : celui de la technique, \u00ab hors du temps \u00bb ; celui des photos, \u00e9clats d\u2019un pr\u00e9sent ; celui des romans li\u00e9s \u00e0 la succession chronologique.<br \/>\nObjet \u00e0 tenir en main, dans l\u2019intimit\u00e9 de la lecture.<\/p>\n<p>&nbsp;<\/p>\n<p><strong>3 objets<\/strong> : ce livre s&rsquo;int\u00e8gre dans un ensemble comprenant aussi une exposition de 59 photographies et une animation flash vid\u00e9oprojet\u00e9e.<\/p>\n<ul>\n<li><a href=\"http:\/\/didierlemarchand.net\/site\/portfolio\/prises-dimages\/echappees-du-recit\/ \"><strong>l&rsquo;exposition\u00a0<\/strong><\/a>: \u00e9chapp\u00e9es du r\u00e9cit 2<\/li>\n<\/ul>\n<p style=\"padding-left: 30px;\">59 photographies (50 x 50 cm, impression n&amp;b jet d\u2019encre pigmentaire sur papier aquarelle) s\u00e9lectionn\u00e9es parmi celles du livre.<br \/>\nCes photographies s\u2019\u00e9loignent davantage de la narration et du r\u00e9alisme imm\u00e9diat vers l\u2019intime, le fantasme.<br \/>\nSur ces photographies, des bribes de textes, en partie hors-champ &#8211; extraits de dialogues pr\u00e9lev\u00e9s dans les romans-photos, repris dans la typographie originelle.<\/p>\n<p style=\"padding-left: 30px;\">Objet de dialogue image\/texte, ici\/l\u00e0.<br \/>\nObjet o\u00f9 s\u2019expose le photographe.<br \/>\nObjet devant soi, devant lequel le corps se d\u00e9place, s\u2019arr\u00eate.<\/p>\n<ul>\n<li><strong><a style=\"line-height: 1.5em;\" href=\"http:\/\/didierlemarchand.net\/4_site_nouveau\/portfolio-N3\/mot_N3\/PF3_echappee_recit\/echappee_projection.swf\" target=\"_blank\" rel=\"noopener\">la projection<\/a><\/strong><span style=\"line-height: 1.5em;\">\u00a0: \u00e9chapp\u00e9es du r\u00e9cit 3<\/span><\/li>\n<\/ul>\n<p style=\"padding-left: 30px;\">Animation Flash projet\u00e9e en boucle dans une salle obscure : une centaine de textes d\u2019\u00e9criture blanche sur fond noir, pr\u00e9lev\u00e9s eux aussi dans des romans-photos, apparaissent, disparaissent, se d\u00e9placent \u00e0 des vitesses variables dans l\u2019espace ind\u00e9termin\u00e9 du fond noir.<br \/>\nLes textes ont la m\u00eame origine que ceux de l\u2019exposition.<br \/>\nDu fait de la spatialisation, du nombre, et du montage en boucle, le spectateur peut difficilement m\u00e9moriser les textes, les mettre \u00e0 distance. Il les subit davantage, se trouve immerg\u00e9 au milieu d\u2019eux.<\/p>\n<p style=\"padding-left: 30px;\">Objet de la pr\u00e9-lecture, du d\u00e9chiffrage.<br \/>\nObjet du manque, objet virtuel, mouvant, insaisissable, venant de derri\u00e8re soi.<br \/>\nObjet o\u00f9 le lecteur, par la seule pr\u00e9sence de mots, est amen\u00e9 \u00e0 stimuler son imaginaire visuel, \u00e0 se projeter.<\/p>\n<\/div>\n","protected":false},"excerpt":{"rendered":"<p>texte de Jean Antonini &nbsp; &nbsp; la maquette 78 pages, 19,2 x18,6 cm, couverture en couleur 168 images en n&amp;b <span class=\"ellipsis\">&hellip;<\/span> <span class=\"more-link-wrap\"><a href=\"https:\/\/didierlemarchand.net\/site\/ecrits\/echappees-du-recit\/\" class=\"more-link\"><span>Continue Reading &rarr;<\/span><\/a><\/span><\/p>\n","protected":false},"author":2,"featured_media":0,"parent":22,"menu_order":105,"comment_status":"closed","ping_status":"closed","template":"","meta":{"_seopress_robots_primary_cat":"","_seopress_titles_title":"","_seopress_titles_desc":"","_seopress_robots_index":"","footnotes":""},"_links":{"self":[{"href":"https:\/\/didierlemarchand.net\/site\/wp-json\/wp\/v2\/pages\/240"}],"collection":[{"href":"https:\/\/didierlemarchand.net\/site\/wp-json\/wp\/v2\/pages"}],"about":[{"href":"https:\/\/didierlemarchand.net\/site\/wp-json\/wp\/v2\/types\/page"}],"author":[{"embeddable":true,"href":"https:\/\/didierlemarchand.net\/site\/wp-json\/wp\/v2\/users\/2"}],"replies":[{"embeddable":true,"href":"https:\/\/didierlemarchand.net\/site\/wp-json\/wp\/v2\/comments?post=240"}],"version-history":[{"count":14,"href":"https:\/\/didierlemarchand.net\/site\/wp-json\/wp\/v2\/pages\/240\/revisions"}],"predecessor-version":[{"id":2317,"href":"https:\/\/didierlemarchand.net\/site\/wp-json\/wp\/v2\/pages\/240\/revisions\/2317"}],"up":[{"embeddable":true,"href":"https:\/\/didierlemarchand.net\/site\/wp-json\/wp\/v2\/pages\/22"}],"wp:attachment":[{"href":"https:\/\/didierlemarchand.net\/site\/wp-json\/wp\/v2\/media?parent=240"}],"curies":[{"name":"wp","href":"https:\/\/api.w.org\/{rel}","templated":true}]}}