{"id":238,"date":"2014-10-05T11:08:28","date_gmt":"2014-10-05T09:08:28","guid":{"rendered":"http:\/\/didierlemarchand.net\/site\/?page_id=238"},"modified":"2018-03-01T18:12:01","modified_gmt":"2018-03-01T17:12:01","slug":"a-poil-a-plume","status":"publish","type":"page","link":"https:\/\/didierlemarchand.net\/site\/portfolio-2\/mots\/a-poil-a-plume\/","title":{"rendered":"\u00e0 poil, \u00e0 plume"},"content":{"rendered":"<p>&nbsp;<\/p>\n<p><img loading=\"lazy\" decoding=\"async\" class=\"aligncenter size-medium colorbox-238\" src=\"http:\/\/didierlemarchand.net\/4_site_nouveau\/portfolio-N3\/mot_N3\/PF3_a_poil\/a_poil_a_plume_couverture.jpeg\" width=\"651\" height=\"243\" \/><\/p>\n<p>&nbsp;<\/p>\n<p>ce<strong> livre <\/strong>de 29 pages, 12 x 16 cm, est la version \u00e9ditoriale de l&rsquo;exposition <a href=\"http:\/\/didierlemarchand.net\/site\/resurgence-1\/\">r\u00e9surgences 1.1<\/a>\u00a0&amp;\u00a0 <a href=\"http:\/\/didierlemarchand.net\/site\/prises-de-vue\/resurgence-2\/\">r\u00e9surgences 1.2<\/a> : chaque photographie est accompagn\u00e9e en vis \u00e0 vis d&rsquo;un texte de <strong>G\u00e9rard Fournaison.<\/strong><\/p>\n<p>Les 2 r\u00e9surgences sont t\u00eate-b\u00eache.<br \/>\nSur un cot\u00e9, la couverture est : \u201c\u00e0 poil \u201d; on retourne le livre la couverture est : \u201c\u00e0 plume\u201d.<\/p>\n<p>Sur le rabat d&rsquo;une couverture se trouve le texte expliquant l\u2019origine du projet,<\/p>\n<p style=\"padding-left: 30px;\">\u00ab\u00a0Qu\u2019est-ce qui pousse les hommes \u00e0 naturaliser des animaux? Que veut dire naturaliser?<\/p>\n<p style=\"padding-left: 30px;\">La photographie animali\u00e8re naturalise aussi \u00e0 sa fa\u00e7on les animaux.<br \/>\nProjet photographique : d\u00e9naturaliser les animaux empaill\u00e9s pour leur redonner vie derri\u00e8re l\u2019oeil du spectateur, retrouver, par le surgissement, le mouvement dans sa potentialit\u00e9.<br \/>\nAu del\u00e0, interroger la renaissance de son propre regard.\u00a0\u00bb<\/p>\n<p>sur l&rsquo;autre un texte de G. Fournaison expliquant comment il a abord\u00e9 son \u00e9criture par rapport aux images.<\/p>\n<p style=\"padding-left: 30px;\">\u00ab\u00a0Lorsque Didier Lemarchand m\u2019a envoy\u00e9 ses \u201cphoto-graphies\u201d, c\u2019est ce titre qui a retenu mon attention, avec l\u2019id\u00e9e d\u2019un courant continu venu du plus profond du monde souterrain, de je ne sais quelle myst\u00e9rieuse grotte dont les murs auraient \u00e9t\u00e9 rev\u00eatus de peintures rupestres, images emprunt\u00e9es \u00e0 de tr\u00e8s anciennes \u201ccivilisations\u201d. L\u2019\u00e9cho s\u2019en trouve dans le mono-logue int\u00e9rieur qui accompagne l\u2019ensemble des images. \u201cR\u00e9surgence\u201d \u00e9voquait aussi le souvenir, l\u2019\u00e9merveillement de l\u2019enfant qui dans un lointain mus\u00e9e de province d\u00e9couvrait les animaux naturalis\u00e9s par le taxidermiste attach\u00e9 aux \u201ccabinets de curiosit\u00e9s\u201d et les dialogues silencieux qui s\u2019en suivaient. S\u2019y ajoutait la m\u00e9moire de moments heureux de notre culture\u2026 C\u2019est \u00e9vident : les animaux de Didier Lemarchand devaient nous parler. Surpris dans leur immobilit\u00e9 ils nous apostrophent. H\u00e9ros singuliers, ne nous renvoient-ils pas \u00e0 ces mots de Paul Val\u00e9ry : \u201c\u2026Achille immobile \u00e0 grands pas\u2026\u201d ? \u00ab\u00a0<\/p>\n<p>Chaque s\u00e9rie est pr\u00e9c\u00e9d\u00e9e d\u2019un texte g\u00e9n\u00e9rique de G. Fournaison.<\/p>\n<p style=\"padding-left: 30px;\">\u00e0 plume<\/p>\n<p style=\"padding-left: 30px;\">Ploy\u00e9s en S la t\u00eate rentr\u00e9e dans les \u00e9paules<br \/>\nHarponnent leur proie se d\u00e9tendant\u2026<br \/>\nY forment des familles<br \/>\nSur les arbres ou parmi les roseaux<br \/>\nIls sont. Tous sociables vivent en colonies<br \/>\nO\u00f9 les nids, les nids, sont \u00e9tablis \u00e0 la cime des grands pins\u2026<\/p>\n<p style=\"padding-left: 30px;\">La parade nuptiale\u2026 R\u00e9v\u00e9rences<br \/>\nOu quelquefois brouille dans les m\u00e9nages\u2026<\/p>\n<p style=\"padding-left: 30px;\">Gargazette &#8211; se dit-il &#8211; Gargazette \u2026<br \/>\nUne migrante, une\u2026<br \/>\nSur mes rives\u2026<\/p>\n<p style=\"padding-left: 30px;\">\u00e0 poil<\/p>\n<p style=\"padding-left: 30px;\">Poursuivis ne craignent pas.<br \/>\nHors de l\u2019eau reconnaissent leur ennemi.<br \/>\nY chassent de l&rsquo;aube au cr\u00e9puscule.<br \/>\nSe taisent si on entre.<\/p>\n<p style=\"padding-left: 30px;\">Ils passent leur journ\u00e9e au creux d&rsquo;un arbre<br \/>\nO\u00f9 ils tassent feuilles et feuilles.<br \/>\nLes toucher\u2026<br \/>\nAllure habituelle en zigzag<br \/>\nOu l\u2019escalade, l&rsquo;escalade.<br \/>\nGaloper, galoper\u2026Le bluff r\u00e9ussit.<\/p>\n<p style=\"padding-left: 30px;\">Un m\u00e2le vagabonde. Sans cesse.<br \/>\nSouvent souvent avec plusieurs compagnes.<\/p>\n<p><a href=\"http:\/\/didierlemarchand.net\/4_site_nouveau\/portfolio-N3\/mot_N3\/PF3_a_poil\/DLemarchand_a_poil_a_plume_maquette.pdf\" target=\"_blank\" rel=\"noopener\"><strong>La\u00a0maquette<\/strong> <\/a>est t\u00e9l\u00e9chargeable en basse d\u00e9finition<\/p>\n","protected":false},"excerpt":{"rendered":"<p>&nbsp; &nbsp; ce livre de 29 pages, 12 x 16 cm, est la version \u00e9ditoriale de l&rsquo;exposition r\u00e9surgences 1.1\u00a0&amp;\u00a0 r\u00e9surgences <span class=\"ellipsis\">&hellip;<\/span> <span class=\"more-link-wrap\"><a href=\"https:\/\/didierlemarchand.net\/site\/portfolio-2\/mots\/a-poil-a-plume\/\" class=\"more-link\"><span>Continue Reading &rarr;<\/span><\/a><\/span><\/p>\n","protected":false},"author":2,"featured_media":0,"parent":1315,"menu_order":33,"comment_status":"closed","ping_status":"closed","template":"","meta":{"_seopress_robots_primary_cat":"","_seopress_titles_title":"","_seopress_titles_desc":"","_seopress_robots_index":"","footnotes":""},"_links":{"self":[{"href":"https:\/\/didierlemarchand.net\/site\/wp-json\/wp\/v2\/pages\/238"}],"collection":[{"href":"https:\/\/didierlemarchand.net\/site\/wp-json\/wp\/v2\/pages"}],"about":[{"href":"https:\/\/didierlemarchand.net\/site\/wp-json\/wp\/v2\/types\/page"}],"author":[{"embeddable":true,"href":"https:\/\/didierlemarchand.net\/site\/wp-json\/wp\/v2\/users\/2"}],"replies":[{"embeddable":true,"href":"https:\/\/didierlemarchand.net\/site\/wp-json\/wp\/v2\/comments?post=238"}],"version-history":[{"count":19,"href":"https:\/\/didierlemarchand.net\/site\/wp-json\/wp\/v2\/pages\/238\/revisions"}],"predecessor-version":[{"id":2420,"href":"https:\/\/didierlemarchand.net\/site\/wp-json\/wp\/v2\/pages\/238\/revisions\/2420"}],"up":[{"embeddable":true,"href":"https:\/\/didierlemarchand.net\/site\/wp-json\/wp\/v2\/pages\/1315"}],"wp:attachment":[{"href":"https:\/\/didierlemarchand.net\/site\/wp-json\/wp\/v2\/media?parent=238"}],"curies":[{"name":"wp","href":"https:\/\/api.w.org\/{rel}","templated":true}]}}