{"id":2308,"date":"2018-02-22T16:01:00","date_gmt":"2018-02-22T15:01:00","guid":{"rendered":"http:\/\/didierlemarchand.net\/site\/?page_id=2308"},"modified":"2018-02-22T16:01:00","modified_gmt":"2018-02-22T15:01:00","slug":"ouverture-7","status":"publish","type":"page","link":"https:\/\/didierlemarchand.net\/site\/portfolio-2\/espace\/ouverture-7\/","title":{"rendered":"ouverture 7"},"content":{"rendered":"<p>1987\u00a0 &#8211; 21 x 17 cm &#8211; encre sur papier<\/p>\n<p>Dessins faits \u00e0 partir de photographies.<\/p>\n<p>Besoin apr\u00e8s plusieurs ann\u00e9es de non-figuration de revenir au r\u00e9el qui sous-tendait cette pratique.<br \/>\nFen\u00eatres : m\u00e9taphore de la peinture, d\u00e9but d&rsquo;autre chose.<\/p>\n<p>La totalit\u00e9 des dessins est en cours de num\u00e9risation..<\/p>\n<p>&nbsp;<\/p>\n<p style=\"text-align: center;\">&#8211;<\/p>\n<div id=\"photo\"><img loading=\"lazy\" decoding=\"async\" class=\"aligncenter colorbox-2308\" src=\"http:\/\/didierlemarchand.net\/4_site_nouveau\/portfolio-N3\/travaux_anciens\/ouverture7.jpg\" alt=\"ouverture 8\" width=\"356\" height=\"438\" \/><\/div>\n<p>&nbsp;<\/p>\n","protected":false},"excerpt":{"rendered":"<p>1987\u00a0 &#8211; 21 x 17 cm &#8211; encre sur papier Dessins faits \u00e0 partir de photographies. Besoin apr\u00e8s plusieurs ann\u00e9es <span class=\"ellipsis\">&hellip;<\/span> <span class=\"more-link-wrap\"><a href=\"https:\/\/didierlemarchand.net\/site\/portfolio-2\/espace\/ouverture-7\/\" class=\"more-link\"><span>Continue Reading &rarr;<\/span><\/a><\/span><\/p>\n","protected":false},"author":2,"featured_media":0,"parent":1298,"menu_order":267,"comment_status":"closed","ping_status":"closed","template":"","meta":{"_seopress_robots_primary_cat":"","_seopress_titles_title":"","_seopress_titles_desc":"","_seopress_robots_index":"","footnotes":""},"_links":{"self":[{"href":"https:\/\/didierlemarchand.net\/site\/wp-json\/wp\/v2\/pages\/2308"}],"collection":[{"href":"https:\/\/didierlemarchand.net\/site\/wp-json\/wp\/v2\/pages"}],"about":[{"href":"https:\/\/didierlemarchand.net\/site\/wp-json\/wp\/v2\/types\/page"}],"author":[{"embeddable":true,"href":"https:\/\/didierlemarchand.net\/site\/wp-json\/wp\/v2\/users\/2"}],"replies":[{"embeddable":true,"href":"https:\/\/didierlemarchand.net\/site\/wp-json\/wp\/v2\/comments?post=2308"}],"version-history":[{"count":1,"href":"https:\/\/didierlemarchand.net\/site\/wp-json\/wp\/v2\/pages\/2308\/revisions"}],"predecessor-version":[{"id":2309,"href":"https:\/\/didierlemarchand.net\/site\/wp-json\/wp\/v2\/pages\/2308\/revisions\/2309"}],"up":[{"embeddable":true,"href":"https:\/\/didierlemarchand.net\/site\/wp-json\/wp\/v2\/pages\/1298"}],"wp:attachment":[{"href":"https:\/\/didierlemarchand.net\/site\/wp-json\/wp\/v2\/media?parent=2308"}],"curies":[{"name":"wp","href":"https:\/\/api.w.org\/{rel}","templated":true}]}}