{"id":229,"date":"2014-10-05T11:04:52","date_gmt":"2014-10-05T09:04:52","guid":{"rendered":"http:\/\/didierlemarchand.net\/site\/?page_id=229"},"modified":"2018-02-10T16:22:01","modified_gmt":"2018-02-10T15:22:01","slug":"accident-08","status":"publish","type":"page","link":"https:\/\/didierlemarchand.net\/site\/ecrits\/accident-08\/","title":{"rendered":"accident 08"},"content":{"rendered":"<div id=\"ecrits_liens_texte\">\n<p><strong>textes de Denis Dormoy<\/strong><\/p>\n<p>Co\u00e9dition Les Imaginayres\/<a href=\"http:\/\/www.diaphane.org\/\" target=\"_blank\" rel=\"noopener\">Diaphane<\/a>, collection DialogueS *<\/p>\n<p>&nbsp;<\/p>\n<\/div>\n<div id=\"ecrits_photo\">\n<div align=\"center\"><a href=\"http:\/\/www.didierlemarchand.net\/1_ecrits\/publications\/declic.pdf\" target=\"_blank\" rel=\"noopener\"><img class=\"colorbox-229\"  loading=\"lazy\" decoding=\"async\" src=\"http:\/\/www.didierlemarchand.net\/4_site_nouveau\/portfolio-N3\/mot_N3\/PF3_accident_8\/\/accident_08.jpeg\" alt=\"declic\" width=\"300\" height=\"300\" border=\"0\" \/><\/a><\/div>\n<div align=\"center\"><\/div>\n<div align=\"center\"><\/div>\n<p>&nbsp;<\/p>\n<ul>\n<li>72 pages &#8211; format 16 x 16 cm<\/li>\n<li>couverture : rabat sur carte 300 gr &#8211; impression en bichromie &#8211; papier int\u00e9rieur couch\u00e9 moderne mat 170gr &#8211; dos carr\u00e9 coll\u00e9 cousu<\/li>\n<li>Prix de vente 12 \u20ac<\/li>\n<li><a href=\"http:\/\/www.didierlemarchand.net\/1_ecrits\/publications\/accident_08_dos_presse.pdf\">dossier de presse<\/a><\/li>\n<\/ul>\n<p>&nbsp;<\/p>\n<ul>\n<li>\u00abDans la presse quotidienne, l\u2019image imprim\u00e9e au recto se superpose parfois \u00e0 celle du verso. Cela parasite et court-circuite la lecture ordinaire. Des mondes qui s\u2019ignoraient se trouvent r\u00e9unis, des espaces impossibles se mettent en place. La vraie vie ne serait-elle pas ici et non pas dans l\u2019id\u00e9e que le journalisme veut nous donner du quotidien ? Mon travail s\u2019est limit\u00e9 \u00e0, d\u2019abord, trouver au hasard des jours les images qui offraient ce genre de rencontre, ensuite \u00e0 les cadrer puis enfin \u00e0 les regrouper dans des s\u00e9ries.\u00a0\u00bb<br \/>\nDidier Lemarchand \u00a0<a href=\"http:\/\/didierlemarchand.net\/site\/prises-dimages\/accident-08\/\" target=\"_blank\" rel=\"noopener\"><span style=\"line-height: 1.5em;\">accident 08, les photographies<\/span><\/a><\/li>\n<\/ul>\n<p>&nbsp;<\/p>\n<ul>\n<li>\u00ab Pour m\u2019ins\u00e9rer dans l\u2019entre-deux des images propos\u00e9es, dans le miroitement de l\u2019infime espace entre recto et verso, j\u2019ai crois\u00e9 deux voix. L\u2019une, li\u00e9e \u00e0 l\u2019instant, ouvre l\u2019espace du po\u00e8me, une saisie de l\u2019image et de l\u2019\u00e9motion imm\u00e9diate, l\u2019autre s\u2019inscrit dans le temps, sa dur\u00e9e, temps de l\u2019histoire collective, de la vie qui court. Deux ondes provoqu\u00e9es par l\u2019accident des images,\u00a0<span style=\"line-height: 1.5em;\">qui se propagent et qui r\u00e9sonnent. \u00bb<\/span><br \/>\nDenis Dormoy<\/li>\n<\/ul>\n<p>&nbsp;<\/p>\n<p>* La collection<\/p>\n<p>Avec la collection DialogueS , Les Imaginayres et Diaphane proposent \u00e0 des photographes et des \u00e9crivains de confronter leurs regards et leurs voix, dans l&rsquo;espace d&rsquo;un livre, espace dans lequel il est possible de d\u00e9finir une relation particuli\u00e8re, unique et impr\u00e9visible.<br \/>\nPour l&rsquo;\u00e9crivain, il s&rsquo;agit dans cette cour de re-cr\u00e9ation d&rsquo;accepter le d\u00e9calage que propose le projet du photographe, d&rsquo;aller explorer un peu de cette voix nouvelle que l&rsquo;air de son regard propose, de courir le risque de parler un peu de travers pour d\u00e9nicher le chant qu&rsquo;il ne pourrait murmurer sans ce dialogue. Bref d&rsquo;\u00e9crire ce qu&rsquo;il n&rsquo;aurait jamais \u00e9crit s&rsquo;il n&rsquo;y avait eu ce t\u00eate-\u00e0-t\u00eate, ou plut\u00f4t cet oeil en bouche ou cette langue dans l&rsquo;oeil, ce co- sens(uel) rendez-vous.<br \/>\nPour le photographe, il pourra se jouer de cette description du r\u00e9el, en se frottant \u00e0 de nouvelles exp\u00e9rimentations, qu&rsquo;il n&rsquo;aurait pas forcement faites sans cette proximit\u00e9 du texte.<br \/>\nChacun des deux fera sa place dans la place de l&rsquo;autre, son l\u00e9ger d\u00e9placement de biais, un pas de c\u00f4t\u00e9, pour prolonger incessamment cette question: que peuvent se dire textes et photographies, que peuvent-ils nous dire?<br \/>\nLa collection DialogueS t\u00e9moignera des multiples r\u00e9ponses.<\/p>\n<\/div>\n","protected":false},"excerpt":{"rendered":"<p>textes de Denis Dormoy Co\u00e9dition Les Imaginayres\/Diaphane, collection DialogueS * &nbsp; &nbsp; 72 pages &#8211; format 16 x 16 cm <span class=\"ellipsis\">&hellip;<\/span> <span class=\"more-link-wrap\"><a href=\"https:\/\/didierlemarchand.net\/site\/ecrits\/accident-08\/\" class=\"more-link\"><span>Continue Reading &rarr;<\/span><\/a><\/span><\/p>\n","protected":false},"author":2,"featured_media":0,"parent":22,"menu_order":91,"comment_status":"closed","ping_status":"open","template":"","meta":{"_seopress_robots_primary_cat":"","_seopress_titles_title":"","_seopress_titles_desc":"","_seopress_robots_index":"","footnotes":""},"_links":{"self":[{"href":"https:\/\/didierlemarchand.net\/site\/wp-json\/wp\/v2\/pages\/229"}],"collection":[{"href":"https:\/\/didierlemarchand.net\/site\/wp-json\/wp\/v2\/pages"}],"about":[{"href":"https:\/\/didierlemarchand.net\/site\/wp-json\/wp\/v2\/types\/page"}],"author":[{"embeddable":true,"href":"https:\/\/didierlemarchand.net\/site\/wp-json\/wp\/v2\/users\/2"}],"replies":[{"embeddable":true,"href":"https:\/\/didierlemarchand.net\/site\/wp-json\/wp\/v2\/comments?post=229"}],"version-history":[{"count":9,"href":"https:\/\/didierlemarchand.net\/site\/wp-json\/wp\/v2\/pages\/229\/revisions"}],"predecessor-version":[{"id":2073,"href":"https:\/\/didierlemarchand.net\/site\/wp-json\/wp\/v2\/pages\/229\/revisions\/2073"}],"up":[{"embeddable":true,"href":"https:\/\/didierlemarchand.net\/site\/wp-json\/wp\/v2\/pages\/22"}],"wp:attachment":[{"href":"https:\/\/didierlemarchand.net\/site\/wp-json\/wp\/v2\/media?parent=229"}],"curies":[{"name":"wp","href":"https:\/\/api.w.org\/{rel}","templated":true}]}}