{"id":20537,"date":"2025-10-07T23:04:36","date_gmt":"2025-10-07T21:04:36","guid":{"rendered":"https:\/\/didierlemarchand.net\/site\/?page_id=20537"},"modified":"2025-10-13T06:25:27","modified_gmt":"2025-10-13T04:25:27","slug":"5-1","status":"publish","type":"page","link":"https:\/\/didierlemarchand.net\/site\/portfolio-2\/resurgences\/5-1\/","title":{"rendered":"r\u00e9surgence 5.1 : muser sans r\u00e9serve"},"content":{"rendered":"<p style=\"text-align: center;\">s\u00e9rie d\u00e9velopp\u00e9e depuis 2005 &#8211; impressions jet d&rsquo;encre pigmentaire &#8211; formats : 30 x 30 cm<\/p>\n<p style=\"text-align: center;\"><a href=\"http:\/\/didierlemarchand.net\/4_site_nouveau\/dossiers_telechargeables\/D-Lemarchand-resurgence-5-1.pdf\" target=\"_blank\" rel=\"noopener\">dossier de pr\u00e9sentation t\u00e9l\u00e9chargeable<\/a><\/p>\n<h1 style=\"text-align: center;\">&#8211;<\/h1>\n<h1 id=\"photo\" style=\"text-align: center;\"><img class=\"colorbox-20537\"  loading=\"lazy\" decoding=\"async\" src=\"http:\/\/didierlemarchand.net\/4_site_nouveau\/portfolio-N3\/resurgence_N3\/PF3_resurgence-5-1\/resurgence-5-1-01.JPG\" alt=\"resurgence-5-1-1\" width=\"438\" height=\"438\" \/><\/h1>\n<h1 style=\"text-align: center;\">&#8211;<\/h1>\n<h1 id=\"photo\" style=\"text-align: center;\"><img class=\"colorbox-20537\"  loading=\"lazy\" decoding=\"async\" src=\"http:\/\/didierlemarchand.net\/4_site_nouveau\/portfolio-N3\/resurgence_N3\/PF3_resurgence-5-1\/resurgence-5-1-02.JPG\" alt=\"resurgence-5-1-2\" width=\"438\" height=\"438\" \/><\/h1>\n<h1 style=\"text-align: center;\">&#8211;<\/h1>\n<h1 id=\"photo\" style=\"text-align: center;\"><img class=\"colorbox-20537\"  loading=\"lazy\" decoding=\"async\" src=\"http:\/\/didierlemarchand.net\/4_site_nouveau\/portfolio-N3\/resurgence_N3\/PF3_resurgence-5-1\/resurgence-5-1-03.JPG\" alt=\"resurgence-5-1-3\" width=\"438\" height=\"438\" \/><\/h1>\n<h1 style=\"text-align: center;\">&#8211;<\/h1>\n<h1 id=\"photo\" style=\"text-align: center;\"><img class=\"colorbox-20537\"  loading=\"lazy\" decoding=\"async\" src=\"http:\/\/didierlemarchand.net\/4_site_nouveau\/portfolio-N3\/resurgence_N3\/PF3_resurgence-5-1\/resurgence-5-1-04.JPG\" alt=\"resurgence-5-1-4\" width=\"438\" height=\"438\" \/><\/h1>\n<h1 style=\"text-align: center;\">&#8211;<\/h1>\n<h1 id=\"photo\" style=\"text-align: center;\"><img class=\"colorbox-20537\"  loading=\"lazy\" decoding=\"async\" src=\"http:\/\/didierlemarchand.net\/4_site_nouveau\/portfolio-N3\/resurgence_N3\/PF3_resurgence-5-1\/resurgence-5-1-05.JPG\" alt=\"resurgence-5-1-5\" width=\"438\" height=\"438\" \/><\/h1>\n<h1 style=\"text-align: center;\">&#8211;<\/h1>\n<h1 id=\"photo\" style=\"text-align: center;\"><img class=\"colorbox-20537\"  loading=\"lazy\" decoding=\"async\" src=\"http:\/\/didierlemarchand.net\/4_site_nouveau\/portfolio-N3\/resurgence_N3\/PF3_resurgence-5-1\/resurgence-5-1-06.JPG\" alt=\"resurgence-5-1-6\" width=\"438\" height=\"438\" \/><\/h1>\n<h1 style=\"text-align: center;\">&#8211;<\/h1>\n<h1 id=\"photo\" style=\"text-align: center;\"><img class=\"colorbox-20537\"  loading=\"lazy\" decoding=\"async\" src=\"http:\/\/didierlemarchand.net\/4_site_nouveau\/portfolio-N3\/resurgence_N3\/PF3_resurgence-5-1\/resurgence-5-1-07.JPG\" alt=\"resurgence-5-1-7\" width=\"438\" height=\"438\" \/><\/h1>\n<h1 style=\"text-align: center;\">&#8211;<\/h1>\n<h1 id=\"photo\" style=\"text-align: center;\"><img class=\"colorbox-20537\"  loading=\"lazy\" decoding=\"async\" src=\"http:\/\/didierlemarchand.net\/4_site_nouveau\/portfolio-N3\/resurgence_N3\/PF3_resurgence-5-1\/resurgence-5-1-08.JPG\" alt=\"resurgence-5-1-8\" width=\"438\" height=\"438\" \/><\/h1>\n<h1 style=\"text-align: center;\">&#8211;<\/h1>\n<h1 id=\"photo\" style=\"text-align: center;\"><img class=\"colorbox-20537\"  loading=\"lazy\" decoding=\"async\" src=\"http:\/\/didierlemarchand.net\/4_site_nouveau\/portfolio-N3\/resurgence_N3\/PF3_resurgence-5-1\/resurgence-5-1-09.JPG\" alt=\"resurgence-5-1-9\" width=\"438\" height=\"438\" \/><\/h1>\n<h1 style=\"text-align: center;\">&#8211;<\/h1>\n<h1 id=\"photo\" style=\"text-align: center;\"><img class=\"colorbox-20537\"  loading=\"lazy\" decoding=\"async\" src=\"http:\/\/didierlemarchand.net\/4_site_nouveau\/portfolio-N3\/resurgence_N3\/PF3_resurgence-5-1\/resurgence-5-1-10.JPG\" alt=\"resurgence-5-1-10\" width=\"438\" height=\"438\" \/><\/h1>\n<h1 style=\"text-align: center;\">&#8211;<\/h1>\n<h1 id=\"photo\" style=\"text-align: center;\"><img class=\"colorbox-20537\"  loading=\"lazy\" decoding=\"async\" src=\"http:\/\/didierlemarchand.net\/4_site_nouveau\/portfolio-N3\/resurgence_N3\/PF3_resurgence-5-1\/resurgence-5-1-11.JPG\" alt=\"resurgence-5-1-11\" width=\"438\" height=\"438\" \/><\/h1>\n<h1 style=\"text-align: center;\">&#8211;<\/h1>\n<h1 id=\"photo\" style=\"text-align: center;\"><img class=\"colorbox-20537\"  loading=\"lazy\" decoding=\"async\" src=\"http:\/\/didierlemarchand.net\/4_site_nouveau\/portfolio-N3\/resurgence_N3\/PF3_resurgence-5-1\/resurgence-5-1-12.JPG\" alt=\"resurgence-5-1-121\" width=\"438\" height=\"438\" \/><\/h1>\n<h1 style=\"text-align: center;\">&#8211;<\/h1>\n<h1 id=\"photo\" style=\"text-align: center;\"><img class=\"colorbox-20537\"  loading=\"lazy\" decoding=\"async\" src=\"http:\/\/didierlemarchand.net\/4_site_nouveau\/portfolio-N3\/resurgence_N3\/PF3_resurgence-5-1\/resurgence-5-1-13.JPG\" alt=\"resurgence-5-1-13\" width=\"438\" height=\"438\" \/><\/h1>\n<h1 style=\"text-align: center;\">&#8211;<\/h1>\n<h1 id=\"photo\" style=\"text-align: center;\"><img class=\"colorbox-20537\"  loading=\"lazy\" decoding=\"async\" src=\"http:\/\/didierlemarchand.net\/4_site_nouveau\/portfolio-N3\/resurgence_N3\/PF3_resurgence-5-1\/resurgence-5-1-14.JPG\" alt=\"resurgence-5-1-14\" width=\"438\" height=\"438\" \/><\/h1>\n<h1 style=\"text-align: center;\">&#8211;<\/h1>\n<h1 id=\"photo\" style=\"text-align: center;\"><img class=\"colorbox-20537\"  loading=\"lazy\" decoding=\"async\" src=\"http:\/\/didierlemarchand.net\/4_site_nouveau\/portfolio-N3\/resurgence_N3\/PF3_resurgence-5-1\/resurgence-5-1-15.JPG\" alt=\"resurgence-5-1-15\" width=\"438\" height=\"438\" \/><\/h1>\n<h1 style=\"text-align: center;\">&#8211;<\/h1>\n<h1 id=\"photo\" style=\"text-align: center;\"><img class=\"colorbox-20537\"  loading=\"lazy\" decoding=\"async\" src=\"http:\/\/didierlemarchand.net\/4_site_nouveau\/portfolio-N3\/resurgence_N3\/PF3_resurgence-5-1\/resurgence-5-1-16.JPG\" alt=\"resurgence-5-1-16\" width=\"438\" height=\"438\" \/><\/h1>\n<h1 style=\"text-align: center;\">&#8211;<\/h1>\n<h1 id=\"photo\" style=\"text-align: center;\"><img class=\"colorbox-20537\"  loading=\"lazy\" decoding=\"async\" src=\"http:\/\/didierlemarchand.net\/4_site_nouveau\/portfolio-N3\/resurgence_N3\/PF3_resurgence-5-1\/resurgence-5-1-17.JPG\" alt=\"resurgence-5-1-17\" width=\"438\" height=\"438\" \/><\/h1>\n<h1 style=\"text-align: center;\">&#8211;<\/h1>\n<h1 id=\"photo\" style=\"text-align: center;\"><img class=\"colorbox-20537\"  loading=\"lazy\" decoding=\"async\" src=\"http:\/\/didierlemarchand.net\/4_site_nouveau\/portfolio-N3\/resurgence_N3\/PF3_resurgence-5-1\/resurgence-5-1-18.JPG\" alt=\"resurgence-5-1-18\" width=\"438\" height=\"438\" \/><\/h1>\n<h1 style=\"text-align: center;\">&#8211;<\/h1>\n<h1 id=\"photo\" style=\"text-align: center;\"><img class=\"colorbox-20537\"  loading=\"lazy\" decoding=\"async\" src=\"http:\/\/didierlemarchand.net\/4_site_nouveau\/portfolio-N3\/resurgence_N3\/PF3_resurgence-5-1\/resurgence-5-1-19.JPG\" alt=\"resurgence-5-1-19\" width=\"438\" height=\"438\" \/><\/h1>\n<h1 style=\"text-align: center;\">&#8211;<\/h1>\n<h1 id=\"photo\" style=\"text-align: center;\"><img class=\"colorbox-20537\"  loading=\"lazy\" decoding=\"async\" src=\"http:\/\/didierlemarchand.net\/4_site_nouveau\/portfolio-N3\/resurgence_N3\/PF3_resurgence-5-1\/resurgence-5-1-20.JPG\" alt=\"resurgence-5-1-20\" width=\"438\" height=\"438\" \/><\/h1>\n<h1 style=\"text-align: center;\">&#8211;<\/h1>\n<h1 id=\"photo\" style=\"text-align: center;\"><img class=\"colorbox-20537\"  loading=\"lazy\" decoding=\"async\" src=\"http:\/\/didierlemarchand.net\/4_site_nouveau\/portfolio-N3\/resurgence_N3\/PF3_resurgence-5-1\/resurgence-5-1-21.JPG\" alt=\"resurgence-5-1-21\" width=\"438\" height=\"438\" \/><\/h1>\n<h1 style=\"text-align: center;\">&#8211;<\/h1>\n<h1 id=\"photo\" style=\"text-align: center;\"><img class=\"colorbox-20537\"  loading=\"lazy\" decoding=\"async\" src=\"http:\/\/didierlemarchand.net\/4_site_nouveau\/portfolio-N3\/resurgence_N3\/PF3_resurgence-5-1\/resurgence-5-1-22.JPG\" alt=\"resurgence-5-1-22\" width=\"438\" height=\"438\" \/><\/h1>\n<h1 style=\"text-align: center;\">&#8211;<\/h1>\n<h1 id=\"photo\" style=\"text-align: center;\"><img class=\"colorbox-20537\"  loading=\"lazy\" decoding=\"async\" src=\"http:\/\/didierlemarchand.net\/4_site_nouveau\/portfolio-N3\/resurgence_N3\/PF3_resurgence-5-1\/resurgence-5-1-23.JPG\" alt=\"resurgence-5-1-23\" width=\"438\" height=\"438\" \/><\/h1>\n<h1 style=\"text-align: center;\">&#8211;<\/h1>\n<h1 id=\"photo\" style=\"text-align: center;\"><img class=\"colorbox-20537\"  loading=\"lazy\" decoding=\"async\" src=\"http:\/\/didierlemarchand.net\/4_site_nouveau\/portfolio-N3\/resurgence_N3\/PF3_resurgence-5-1\/resurgence-5-1-24.JPG\" alt=\"resurgence-5-1-24\" width=\"438\" height=\"438\" \/><\/h1>\n<h1 style=\"text-align: center;\">&#8211;<\/h1>\n<h1 id=\"photo\" style=\"text-align: center;\"><img class=\"colorbox-20537\"  loading=\"lazy\" decoding=\"async\" src=\"http:\/\/didierlemarchand.net\/4_site_nouveau\/portfolio-N3\/resurgence_N3\/PF3_resurgence-5-1\/resurgence-5-1-25.JPG\" alt=\"resurgence-5-1-25\" width=\"438\" height=\"438\" \/><\/h1>\n<h1 style=\"text-align: center;\">&#8211;<\/h1>\n<h1 id=\"photo\" style=\"text-align: center;\"><img class=\"colorbox-20537\"  loading=\"lazy\" decoding=\"async\" src=\"http:\/\/didierlemarchand.net\/4_site_nouveau\/portfolio-N3\/resurgence_N3\/PF3_resurgence-5-1\/resurgence-5-1-26.JPG\" alt=\"resurgence-5-1-26\" width=\"438\" height=\"438\" \/><\/h1>\n<h1 style=\"text-align: center;\">&#8211;<\/h1>\n<h1 id=\"photo\" style=\"text-align: center;\"><img class=\"colorbox-20537\"  loading=\"lazy\" decoding=\"async\" src=\"http:\/\/didierlemarchand.net\/4_site_nouveau\/portfolio-N3\/resurgence_N3\/PF3_resurgence-5-1\/resurgence-5-1-27.JPG\" alt=\"resurgence-5-1-27\" width=\"438\" height=\"438\" \/><\/h1>\n<h1 style=\"text-align: center;\">&#8211;<\/h1>\n<h1 id=\"photo\" style=\"text-align: center;\"><img class=\"colorbox-20537\"  loading=\"lazy\" decoding=\"async\" src=\"http:\/\/didierlemarchand.net\/4_site_nouveau\/portfolio-N3\/resurgence_N3\/PF3_resurgence-5-1\/resurgence-5-1-28.JPG\" alt=\"resurgence-5-1-28\" width=\"438\" height=\"438\" \/><\/h1>\n<h1 style=\"text-align: center;\">&#8211;<\/h1>\n<h1 id=\"photo\" style=\"text-align: center;\"><img class=\"colorbox-20537\"  loading=\"lazy\" decoding=\"async\" src=\"http:\/\/didierlemarchand.net\/4_site_nouveau\/portfolio-N3\/resurgence_N3\/PF3_resurgence-5-1\/resurgence-5-1-29.JPG\" alt=\"resurgence-5-1-29\" width=\"438\" height=\"438\" \/><\/h1>\n<h1 style=\"text-align: center;\">&#8211;<\/h1>\n<h1 id=\"photo\" style=\"text-align: center;\"><img class=\"colorbox-20537\"  loading=\"lazy\" decoding=\"async\" src=\"http:\/\/didierlemarchand.net\/4_site_nouveau\/portfolio-N3\/resurgence_N3\/PF3_resurgence-5-1\/resurgence-5-1-30.JPG\" alt=\"resurgence-5-1-30\" width=\"438\" height=\"438\" \/><\/h1>\n<h1 style=\"text-align: center;\">&#8211;<\/h1>\n<h1 id=\"photo\" style=\"text-align: center;\"><img class=\"colorbox-20537\"  loading=\"lazy\" decoding=\"async\" src=\"http:\/\/didierlemarchand.net\/4_site_nouveau\/portfolio-N3\/resurgence_N3\/PF3_resurgence-5-1\/resurgence-5-1-31.JPG\" alt=\"resurgence-5-1-31\" width=\"438\" height=\"438\" \/><\/h1>\n<h1 style=\"text-align: center;\">&#8211;<\/h1>\n<h1 id=\"photo\" style=\"text-align: center;\"><img class=\"colorbox-20537\"  loading=\"lazy\" decoding=\"async\" src=\"http:\/\/didierlemarchand.net\/4_site_nouveau\/portfolio-N3\/resurgence_N3\/PF3_resurgence-5-1\/resurgence-5-1-32.JPG\" alt=\"resurgence-5-1-32\" width=\"438\" height=\"438\" \/><\/h1>\n<h1 style=\"text-align: center;\">&#8211;<\/h1>\n<h1 id=\"photo\" style=\"text-align: center;\"><img class=\"colorbox-20537\"  loading=\"lazy\" decoding=\"async\" src=\"http:\/\/didierlemarchand.net\/4_site_nouveau\/portfolio-N3\/resurgence_N3\/PF3_resurgence-5-1\/resurgence-5-1-33.JPG\" alt=\"resurgence-5-1-33\" width=\"438\" height=\"438\" \/><\/h1>\n<h1 style=\"text-align: center;\">&#8211;<\/h1>\n<h1 id=\"photo\" style=\"text-align: center;\"><img class=\"colorbox-20537\"  loading=\"lazy\" decoding=\"async\" src=\"http:\/\/didierlemarchand.net\/4_site_nouveau\/portfolio-N3\/resurgence_N3\/PF3_resurgence-5-1\/resurgence-5-1-34.JPG\" alt=\"resurgence-5-1-34\" width=\"438\" height=\"438\" \/><\/h1>\n<h1 style=\"text-align: center;\">&#8211;<\/h1>\n<h1 id=\"photo\" style=\"text-align: center;\"><img class=\"colorbox-20537\"  loading=\"lazy\" decoding=\"async\" src=\"http:\/\/didierlemarchand.net\/4_site_nouveau\/portfolio-N3\/resurgence_N3\/PF3_resurgence-5-1\/resurgence-5-1-35.JPG\" alt=\"resurgence-5-1-35\" width=\"438\" height=\"438\" \/><\/h1>\n<h1 style=\"text-align: center;\">&#8211;<\/h1>\n<h1 id=\"photo\" style=\"text-align: center;\"><img class=\"colorbox-20537\"  loading=\"lazy\" decoding=\"async\" src=\"http:\/\/didierlemarchand.net\/4_site_nouveau\/portfolio-N3\/resurgence_N3\/PF3_resurgence-5-1\/resurgence-5-1-36.JPG\" alt=\"resurgence-5-1-36\" width=\"438\" height=\"438\" \/><\/h1>\n<h1 style=\"text-align: center;\">&#8211;<\/h1>\n<h1 id=\"photo\" style=\"text-align: center;\"><img class=\"colorbox-20537\"  loading=\"lazy\" decoding=\"async\" src=\"http:\/\/didierlemarchand.net\/4_site_nouveau\/portfolio-N3\/resurgence_N3\/PF3_resurgence-5-1\/resurgence-5-1-37.JPG\" alt=\"resurgence-5-1-37\" width=\"438\" height=\"438\" \/><\/h1>\n<h1 style=\"text-align: center;\">&#8211;<\/h1>\n<p><strong>Mus\u00e9e avec r\u00e9serve<br \/>\n<\/strong>Je suis un visiteur assidu des mus\u00e9es depuis mes jeunes ann\u00e9es.<br \/>\nLe regard de l&rsquo;\u00e9tudiant a laiss\u00e9 sa place \u00e0 celui de l&rsquo;artiste. Je vais moins au mus\u00e9e pour parfaire une culture encyclop\u00e9dique que pour conforter mon propre regard, le solliciter et l&rsquo;interroger, le bousculer, cela en dehors de toute r\u00e9f\u00e9rence savante quelconque. Le mus\u00e9e m&rsquo;est un terrain d&rsquo;aventure visuelle comme peut l&rsquo;\u00eatre tout le r\u00e9el environnant.<br \/>\nInversement \u00e0 ce cheminement personnel, les mus\u00e9es actuels \u00e9voluent vers davantage de rigueur scientifique\u00a0: les \u0153uvres expos\u00e9es sont class\u00e9es, restaur\u00e9es, accompagn\u00e9es de cartel informatif ou d&rsquo;un commentaire proposant une lecture. Nous sommes loin des cabinets de curiosit\u00e9 ou des chambres des merveilles. Ce que nous avons gagn\u00e9 en exactitude nous l&rsquo;avons perdu en po\u00e9sie. Le regard est guid\u00e9, rassur\u00e9 par des certitudes.<br \/>\nCes deux ph\u00e9nom\u00e8nes expliquent que, maintenant, je suis plus attir\u00e9 par les petits mus\u00e9es de province qui souvent faute de moyens n&rsquo;ont pas connu cette \u00e9volution. J&rsquo;y aime le m\u00e9lange des genres, la coexistence de chefs d\u2019\u0153uvre au milieu de \u00ab\u00a0cro\u00fbtes\u00a0\u00bb. La pr\u00e9sentation des collections n&rsquo;y ob\u00e9it pas \u00e0 une logique \u00e9vidente, elle n&rsquo;a pas toujours de vell\u00e9it\u00e9 p\u00e9dagogique. Des associations improbables se mettent en place. M\u00eame la mus\u00e9ographie, parfois vieillotte, est en soi source d&rsquo;\u00e9tonnement\u00a0par ses \u00e9clairages, la mati\u00e8re de ses murs, ses vitrines au verre d\u00e9formant.<\/p>\n<p><strong>R\u00e9ser(voir)<\/strong><br \/>\nEntrer dans une r\u00e9serve de mus\u00e9e d\u00e9multiplie cet \u00e9tat de fait. C&rsquo;est y trouver des objets qui ne sont pas toujours des \u0153uvres et encore moins des chefs d&rsquo;oeuvre, des objets dont on peut encore ignorer la fonction, la provenance ou les auteurs, des objets qui sont en l&rsquo;\u00e9tat, en partie emball\u00e9s, poussi\u00e9reux.<br \/>\nTout cela est une invitation \u00e0 un regard neuf, curieux, aventureux, surr\u00e9aliste au sens ou l&rsquo;entendait Andr\u00e9 Breton\u00a0: \u00ab\u00a0Surr\u00e9alisme, n. m. Automatisme psychique pur par lequel on se propose d\u2019exprimer, soit verbalement, soit par \u00e9crit, soit de toute autre mani\u00e8re, le fonctionnement r\u00e9el de la pens\u00e9e. Dict\u00e9e de la pens\u00e9e, en l\u2019absence de tout contr\u00f4le exerc\u00e9 par la raison, en dehors de toute pr\u00e9occupation esth\u00e9tique ou morale.\u00a0\u00bb\u00a0 Manifestes du surr\u00e9alisme, Folio, p 36.<br \/>\nLes r\u00e9serves du Mus\u00e9e de l&rsquo;Archerie et du Valois, comme le r\u00e9v\u00e8le son intitul\u00e9, rec\u00e8lent un panel d&rsquo;objets h\u00e9t\u00e9roclites\u00a0: s&rsquo;y c\u00f4toient le sport et la religion, l&rsquo;art populaire et l&rsquo;art savant, le Moyen Age et notre \u00e9poque.<br \/>\nCes r\u00e9serves sont \u00e0 l&rsquo;\u00e9troit compte-tenu de la quantit\u00e9 d&rsquo;oeuvres qui y sont stock\u00e9es. Elles sont tr\u00e8s peu \u00e9clair\u00e9es, certainement dans un souci de conservation.<br \/>\nOn y d\u00e9couvre donc des objets dans la p\u00e9nombre, entass\u00e9s, en attente de restauration, dispos\u00e9s \u00e0 cot\u00e9 d&rsquo;autres objets uniquement pour des raisons d&rsquo;espace disponible.<br \/>\nC&rsquo;est \u00e0 la fois un inventaire \u00e0 la Pr\u00e9vert, la caverne d&rsquo;AliBaba ou le grenier de Moulinsart, en un mot, un paradis pour mes yeux.<\/p>\n<p><strong>Photographier et travailler l&rsquo;image sans r\u00e9serve<\/strong><br \/>\nJ&rsquo;ai commenc\u00e9 mes prises de vue avec seulement deux axes de travail\u00a0:<br \/>\n\u2022 mon regard serait celui de la glanerie, de l&rsquo;\u00e9cole buissonni\u00e8re, des chemins de traverse. &#8211; \u00e9tat de r\u00eaverie o\u00f9 l&rsquo;on se d\u00e9tache momentan\u00e9ment de la r\u00e9alit\u00e9 pr\u00e9sente, o\u00f9 l&rsquo;on dissocie les objets de leur environnement r\u00e9el pour les faire entrer dans une autre dimension,<br \/>\n\u2022 je photographierais les objets dans leur jus, sans mise en sc\u00e8ne pseudo surr\u00e9aliste. Le principe n&rsquo;\u00e9tant pas de cr\u00e9er du myst\u00e8re, mais de se contenter de r\u00e9v\u00e9ler celui qui pr\u00e9existe, la photographie devant rester pour moi un art du hasard, du saisissement.<\/p>\n","protected":false},"excerpt":{"rendered":"<p>s\u00e9rie d\u00e9velopp\u00e9e depuis 2005 &#8211; impressions jet d&rsquo;encre pigmentaire &#8211; formats : 30 x 30 cm dossier de pr\u00e9sentation t\u00e9l\u00e9chargeable <span class=\"ellipsis\">&hellip;<\/span> <span class=\"more-link-wrap\"><a href=\"https:\/\/didierlemarchand.net\/site\/portfolio-2\/resurgences\/5-1\/\" class=\"more-link\"><span>Continue Reading &rarr;<\/span><\/a><\/span><\/p>\n","protected":false},"author":2,"featured_media":0,"parent":1300,"menu_order":0,"comment_status":"closed","ping_status":"closed","template":"","meta":{"_seopress_robots_primary_cat":"","_seopress_titles_title":"","_seopress_titles_desc":"","_seopress_robots_index":"","footnotes":""},"_links":{"self":[{"href":"https:\/\/didierlemarchand.net\/site\/wp-json\/wp\/v2\/pages\/20537"}],"collection":[{"href":"https:\/\/didierlemarchand.net\/site\/wp-json\/wp\/v2\/pages"}],"about":[{"href":"https:\/\/didierlemarchand.net\/site\/wp-json\/wp\/v2\/types\/page"}],"author":[{"embeddable":true,"href":"https:\/\/didierlemarchand.net\/site\/wp-json\/wp\/v2\/users\/2"}],"replies":[{"embeddable":true,"href":"https:\/\/didierlemarchand.net\/site\/wp-json\/wp\/v2\/comments?post=20537"}],"version-history":[{"count":8,"href":"https:\/\/didierlemarchand.net\/site\/wp-json\/wp\/v2\/pages\/20537\/revisions"}],"predecessor-version":[{"id":20555,"href":"https:\/\/didierlemarchand.net\/site\/wp-json\/wp\/v2\/pages\/20537\/revisions\/20555"}],"up":[{"embeddable":true,"href":"https:\/\/didierlemarchand.net\/site\/wp-json\/wp\/v2\/pages\/1300"}],"wp:attachment":[{"href":"https:\/\/didierlemarchand.net\/site\/wp-json\/wp\/v2\/media?parent=20537"}],"curies":[{"name":"wp","href":"https:\/\/api.w.org\/{rel}","templated":true}]}}