{"id":20510,"date":"2025-10-07T12:44:20","date_gmt":"2025-10-07T10:44:20","guid":{"rendered":"https:\/\/didierlemarchand.net\/site\/?page_id=20510"},"modified":"2025-10-13T06:19:50","modified_gmt":"2025-10-13T04:19:50","slug":"5-2","status":"publish","type":"page","link":"https:\/\/didierlemarchand.net\/site\/portfolio-2\/resurgences\/5-2\/","title":{"rendered":"r\u00e9surgence 5.2 : rester sur la r\u00e9serve"},"content":{"rendered":"<p style=\"text-align: center;\">s\u00e9rie d\u00e9velopp\u00e9e depuis 2005 &#8211; impressions jet d&rsquo;encre pigmentaire &#8211; formats : 30 x 30 cm<\/p>\n<p style=\"text-align: center;\"><a href=\"http:\/\/didierlemarchand.net\/4_site_nouveau\/dossiers_telechargeables\/D-Lemarchand-resurgence-5-2.pdf\" target=\"_blank\" rel=\"noopener\">dossier de pr\u00e9sentation t\u00e9l\u00e9chargeable<\/a><\/p>\n<h1 style=\"text-align: center;\">&#8211;<\/h1>\n<h1 id=\"photo\" style=\"text-align: center;\"><img class=\"colorbox-20510\"  loading=\"lazy\" decoding=\"async\" src=\"http:\/\/didierlemarchand.net\/4_site_nouveau\/portfolio-N3\/resurgence_N3\/PF3_resurgence-5-2\/resurgence-5-2-01.jpg\" alt=\"resurgence-5-2-1\" width=\"438\" height=\"438\" \/><\/h1>\n<h1 style=\"text-align: center;\">&#8211;<\/h1>\n<h1 id=\"photo\" style=\"text-align: center;\"><img class=\"colorbox-20510\"  loading=\"lazy\" decoding=\"async\" src=\"http:\/\/didierlemarchand.net\/4_site_nouveau\/portfolio-N3\/resurgence_N3\/PF3_resurgence-5-2\/resurgence-5-2-02.jpg\" alt=\"resurgence-5-2-2\" width=\"438\" height=\"438\" \/><\/h1>\n<h1 style=\"text-align: center;\">&#8211;<\/h1>\n<h1 id=\"photo\" style=\"text-align: center;\"><img class=\"colorbox-20510\"  loading=\"lazy\" decoding=\"async\" src=\"http:\/\/didierlemarchand.net\/4_site_nouveau\/portfolio-N3\/resurgence_N3\/PF3_resurgence-5-2\/resurgence-5-2-03.jpg\" alt=\"resurgence-5-2-3\" width=\"438\" height=\"438\" \/><\/h1>\n<h1 style=\"text-align: center;\">&#8211;<\/h1>\n<h1 id=\"photo\" style=\"text-align: center;\"><img class=\"colorbox-20510\"  loading=\"lazy\" decoding=\"async\" src=\"http:\/\/didierlemarchand.net\/4_site_nouveau\/portfolio-N3\/resurgence_N3\/PF3_resurgence-5-2\/resurgence-5-2-04.jpg\" alt=\"resurgence-5-2-4\" width=\"438\" height=\"438\" \/><\/h1>\n<h1 style=\"text-align: center;\">&#8211;<\/h1>\n<h1 id=\"photo\" style=\"text-align: center;\"><img class=\"colorbox-20510\"  loading=\"lazy\" decoding=\"async\" src=\"http:\/\/didierlemarchand.net\/4_site_nouveau\/portfolio-N3\/resurgence_N3\/PF3_resurgence-5-2\/resurgence-5-2-05.jpg\" alt=\"resurgence-5-2-5\" width=\"438\" height=\"438\" \/><\/h1>\n<h1 style=\"text-align: center;\">&#8211;<\/h1>\n<h1 id=\"photo\" style=\"text-align: center;\"><img class=\"colorbox-20510\"  loading=\"lazy\" decoding=\"async\" src=\"http:\/\/didierlemarchand.net\/4_site_nouveau\/portfolio-N3\/resurgence_N3\/PF3_resurgence-5-2\/resurgence-5-2-06.jpg\" alt=\"resurgence-5-2-6\" width=\"438\" height=\"438\" \/><\/h1>\n<h1 style=\"text-align: center;\">&#8211;<\/h1>\n<h1 id=\"photo\" style=\"text-align: center;\"><img class=\"colorbox-20510\"  loading=\"lazy\" decoding=\"async\" src=\"http:\/\/didierlemarchand.net\/4_site_nouveau\/portfolio-N3\/resurgence_N3\/PF3_resurgence-5-2\/resurgence-5-2-07.jpg\" alt=\"resurgence-5-2-7\" width=\"438\" height=\"438\" \/><\/h1>\n<h1 style=\"text-align: center;\">&#8211;<\/h1>\n<h1 id=\"photo\" style=\"text-align: center;\"><img class=\"colorbox-20510\"  loading=\"lazy\" decoding=\"async\" src=\"http:\/\/didierlemarchand.net\/4_site_nouveau\/portfolio-N3\/resurgence_N3\/PF3_resurgence-5-2\/resurgence-5-2-08.jpg\" alt=\"resurgence-5-2-8\" width=\"438\" height=\"438\" \/><\/h1>\n<h1 style=\"text-align: center;\">&#8211;<\/h1>\n<h1 id=\"photo\" style=\"text-align: center;\"><img class=\"colorbox-20510\"  loading=\"lazy\" decoding=\"async\" src=\"http:\/\/didierlemarchand.net\/4_site_nouveau\/portfolio-N3\/resurgence_N3\/PF3_resurgence-5-2\/resurgence-5-2-09.jpg\" alt=\"resurgence-5-2-9\" width=\"438\" height=\"438\" \/><\/h1>\n<h1 style=\"text-align: center;\">&#8211;<\/h1>\n<h1 id=\"photo\" style=\"text-align: center;\"><img class=\"colorbox-20510\"  loading=\"lazy\" decoding=\"async\" src=\"http:\/\/didierlemarchand.net\/4_site_nouveau\/portfolio-N3\/resurgence_N3\/PF3_resurgence-5-2\/resurgence-5-2-10.jpg\" alt=\"resurgence-5-2-10\" width=\"438\" height=\"438\" \/><\/h1>\n<h1 style=\"text-align: center;\">&#8211;<\/h1>\n<h1 id=\"photo\" style=\"text-align: center;\"><img class=\"colorbox-20510\"  loading=\"lazy\" decoding=\"async\" src=\"http:\/\/didierlemarchand.net\/4_site_nouveau\/portfolio-N3\/resurgence_N3\/PF3_resurgence-5-2\/resurgence-5-2-11.jpg\" alt=\"resurgence-5-2-11\" width=\"438\" height=\"438\" \/><\/h1>\n<h1 style=\"text-align: center;\">&#8211;<\/h1>\n<h1 id=\"photo\" style=\"text-align: center;\"><img class=\"colorbox-20510\"  loading=\"lazy\" decoding=\"async\" src=\"http:\/\/didierlemarchand.net\/4_site_nouveau\/portfolio-N3\/resurgence_N3\/PF3_resurgence-5-2\/resurgence-5-2-12.jpg\" alt=\"resurgence-5-2-121\" width=\"438\" height=\"438\" \/><\/h1>\n<h1 style=\"text-align: center;\">&#8211;<\/h1>\n<h1 id=\"photo\" style=\"text-align: center;\"><img class=\"colorbox-20510\"  loading=\"lazy\" decoding=\"async\" src=\"http:\/\/didierlemarchand.net\/4_site_nouveau\/portfolio-N3\/resurgence_N3\/PF3_resurgence-5-2\/resurgence-5-2-13.jpg\" alt=\"resurgence-5-2-13\" width=\"438\" height=\"438\" \/><\/h1>\n<h1 style=\"text-align: center;\">&#8211;<\/h1>\n<h1 id=\"photo\" style=\"text-align: center;\"><img class=\"colorbox-20510\"  loading=\"lazy\" decoding=\"async\" src=\"http:\/\/didierlemarchand.net\/4_site_nouveau\/portfolio-N3\/resurgence_N3\/PF3_resurgence-5-2\/resurgence-5-2-14.jpg\" alt=\"resurgence-5-2-14\" width=\"438\" height=\"438\" \/><\/h1>\n<h1 style=\"text-align: center;\">&#8211;<\/h1>\n<h1 id=\"photo\" style=\"text-align: center;\"><img class=\"colorbox-20510\"  loading=\"lazy\" decoding=\"async\" src=\"http:\/\/didierlemarchand.net\/4_site_nouveau\/portfolio-N3\/resurgence_N3\/PF3_resurgence-5-2\/resurgence-5-2-15.jpg\" alt=\"resurgence-5-2-15\" width=\"438\" height=\"438\" \/><\/h1>\n<h1 style=\"text-align: center;\">&#8211;<\/h1>\n<h1 id=\"photo\" style=\"text-align: center;\"><img class=\"colorbox-20510\"  loading=\"lazy\" decoding=\"async\" src=\"http:\/\/didierlemarchand.net\/4_site_nouveau\/portfolio-N3\/resurgence_N3\/PF3_resurgence-5-2\/resurgence-5-2-16.jpg\" alt=\"resurgence-5-2-16\" width=\"438\" height=\"438\" \/><\/h1>\n<h1 style=\"text-align: center;\">&#8211;<\/h1>\n<h1 id=\"photo\" style=\"text-align: center;\"><img class=\"colorbox-20510\"  loading=\"lazy\" decoding=\"async\" src=\"http:\/\/didierlemarchand.net\/4_site_nouveau\/portfolio-N3\/resurgence_N3\/PF3_resurgence-5-2\/resurgence-5-2-17.jpg\" alt=\"resurgence-5-2-17\" width=\"438\" height=\"438\" \/><\/h1>\n<h1 style=\"text-align: center;\">&#8211;<\/h1>\n<h1 id=\"photo\" style=\"text-align: center;\"><img class=\"colorbox-20510\"  loading=\"lazy\" decoding=\"async\" src=\"http:\/\/didierlemarchand.net\/4_site_nouveau\/portfolio-N3\/resurgence_N3\/PF3_resurgence-5-2\/resurgence-5-2-18.jpg\" alt=\"resurgence-5-2-17\" width=\"438\" height=\"438\" \/><\/h1>\n<h1 style=\"text-align: center;\">&#8211;<\/h1>\n<h1 id=\"photo\" style=\"text-align: center;\"><img class=\"colorbox-20510\"  loading=\"lazy\" decoding=\"async\" src=\"http:\/\/didierlemarchand.net\/4_site_nouveau\/portfolio-N3\/resurgence_N3\/PF3_resurgence-5-2\/resurgence-5-2-19.jpg\" alt=\"resurgence-5-2-17\" width=\"438\" height=\"438\" \/><\/h1>\n<h1 style=\"text-align: center;\">&#8211;<\/h1>\n<h1 id=\"photo\" style=\"text-align: center;\"><img class=\"colorbox-20510\"  loading=\"lazy\" decoding=\"async\" src=\"http:\/\/didierlemarchand.net\/4_site_nouveau\/portfolio-N3\/resurgence_N3\/PF3_resurgence-5-2\/resurgence-5-2-20.jpg\" alt=\"resurgence-5-2-17\" width=\"438\" height=\"438\" \/><\/h1>\n<h1 style=\"text-align: center;\">&#8211;<\/h1>\n<h1 id=\"photo\" style=\"text-align: center;\"><img class=\"colorbox-20510\"  loading=\"lazy\" decoding=\"async\" src=\"http:\/\/didierlemarchand.net\/4_site_nouveau\/portfolio-N3\/resurgence_N3\/PF3_resurgence-5-2\/resurgence-5-2-21.jpg\" alt=\"resurgence-5-2-17\" width=\"438\" height=\"438\" \/><\/h1>\n<h1 style=\"text-align: center;\">&#8211;<\/h1>\n<h1 id=\"photo\" style=\"text-align: center;\"><img class=\"colorbox-20510\"  loading=\"lazy\" decoding=\"async\" src=\"http:\/\/didierlemarchand.net\/4_site_nouveau\/portfolio-N3\/resurgence_N3\/PF3_resurgence-5-2\/resurgence-5-2-22.jpg\" alt=\"resurgence-5-2-17\" width=\"438\" height=\"438\" \/><\/h1>\n<h1 style=\"text-align: center;\">&#8211;<\/h1>\n<h1 id=\"photo\" style=\"text-align: center;\"><img class=\"colorbox-20510\"  loading=\"lazy\" decoding=\"async\" src=\"http:\/\/didierlemarchand.net\/4_site_nouveau\/portfolio-N3\/resurgence_N3\/PF3_resurgence-5-2\/resurgence-5-2-23.jpg\" alt=\"resurgence-5-2-17\" width=\"438\" height=\"438\" \/><\/h1>\n<h1 style=\"text-align: center;\">&#8211;<\/h1>\n<h1 id=\"photo\" style=\"text-align: center;\"><img class=\"colorbox-20510\"  loading=\"lazy\" decoding=\"async\" src=\"http:\/\/didierlemarchand.net\/4_site_nouveau\/portfolio-N3\/resurgence_N3\/PF3_resurgence-5-2\/resurgence-5-2-24.jpg\" alt=\"resurgence-5-2-17\" width=\"438\" height=\"438\" \/><\/h1>\n<h1 style=\"text-align: center;\">&#8211;<\/h1>\n<h1 id=\"photo\" style=\"text-align: center;\"><img class=\"colorbox-20510\"  loading=\"lazy\" decoding=\"async\" src=\"http:\/\/didierlemarchand.net\/4_site_nouveau\/portfolio-N3\/resurgence_N3\/PF3_resurgence-5-2\/resurgence-5-2-25.jpg\" alt=\"resurgence-5-2-17\" width=\"438\" height=\"438\" \/><\/h1>\n<h1 style=\"text-align: center;\">&#8211;<\/h1>\n<h1 id=\"photo\" style=\"text-align: center;\"><img class=\"colorbox-20510\"  loading=\"lazy\" decoding=\"async\" src=\"http:\/\/didierlemarchand.net\/4_site_nouveau\/portfolio-N3\/resurgence_N3\/PF3_resurgence-5-2\/resurgence-5-2-26.jpg\" alt=\"resurgence-5-2-17\" width=\"438\" height=\"438\" \/><\/h1>\n<h1 style=\"text-align: center;\">&#8211;<\/h1>\n<h1 id=\"photo\" style=\"text-align: center;\"><img class=\"colorbox-20510\"  loading=\"lazy\" decoding=\"async\" src=\"http:\/\/didierlemarchand.net\/4_site_nouveau\/portfolio-N3\/resurgence_N3\/PF3_resurgence-5-2\/resurgence-5-2-27.jpg\" alt=\"resurgence-5-2-17\" width=\"438\" height=\"438\" \/><\/h1>\n<h1 style=\"text-align: center;\">&#8211;<\/h1>\n<h1 id=\"photo\" style=\"text-align: center;\"><img class=\"colorbox-20510\"  loading=\"lazy\" decoding=\"async\" src=\"http:\/\/didierlemarchand.net\/4_site_nouveau\/portfolio-N3\/resurgence_N3\/PF3_resurgence-5-2\/resurgence-5-2-28.jpg\" alt=\"resurgence-5-2-17\" width=\"438\" height=\"438\" \/><\/h1>\n<h1 style=\"text-align: center;\">&#8211;<\/h1>\n<h1 id=\"photo\" style=\"text-align: center;\"><img class=\"colorbox-20510\"  loading=\"lazy\" decoding=\"async\" src=\"http:\/\/didierlemarchand.net\/4_site_nouveau\/portfolio-N3\/resurgence_N3\/PF3_resurgence-5-2\/resurgence-5-2-29.jpg\" alt=\"resurgence-5-2-17\" width=\"438\" height=\"438\" \/><\/h1>\n<h1 style=\"text-align: center;\">&#8211;<\/h1>\n<h1 id=\"photo\" style=\"text-align: center;\"><img class=\"colorbox-20510\"  loading=\"lazy\" decoding=\"async\" src=\"http:\/\/didierlemarchand.net\/4_site_nouveau\/portfolio-N3\/resurgence_N3\/PF3_resurgence-5-2\/resurgence-5-2-30.jpg\" alt=\"resurgence-5-2-17\" width=\"438\" height=\"438\" \/><\/h1>\n<h1 style=\"text-align: center;\">&#8211;<\/h1>\n<p><strong>Rester sur la re\u0301serve<\/strong><\/p>\n<p>Cette exposition fait e\u0301cho a\u0300 l\u2019inauguration des nouvelles re\u0301serves des muse\u0301es de Langres. A travers le regard \u00ab r\u00e9serv\u00e9 \u00bb de l\u2019artiste Didier Lemarchand, nous vous proposons de contempler le souvenir d\u2019un stockage re\u0301volu de nos collections et de laisser les objets faire leurs adieux a\u0300 nos anciennes re\u0301serves a\u0300 l\u2019heure ou\u0300 ils rejoignent ce nouvel espace de\u0301die\u0301 a\u0300 la conservation.<\/p>\n<p><strong>Vestiges<\/strong><br \/>\nLorsque nous avons fait la rencontre de Didier Lemarchand, nous avons e\u0301te\u0301 touche\u0301s par son regard artistique. Ensemble, nous avons saisi l\u2019importance de garder une trace. Nous avons fait ce travail d\u2019acceptation de de\u0301voiler un e\u0301tat de nos re\u0301serves peu valorisant. Regarder en face le passe\u0301, mettre en lumie\u0300re l\u2019histoire cache\u0301e des collections. Adoucir les rudes conditions de stockages a\u0300 travers l\u2019objectif pour jeter un dernier regard sur ces espaces. Un regard pour fixer dans nos me\u0301moires ces anciennes re\u0301serves qui disparaissent, immortalise\u0301es pour te\u0301moigner du chemin parcouru en matie\u0300re de conservation muse\u0301ale.<br \/>\nDidier Lemarchand est venu travailler directement dans ces re\u0301serves, s\u2019impre\u0301gnant de l\u2019ambiance particulie\u0300re qu\u2019il re\u0301ussit a\u0300 retranscrire parfaitement dans ses \u0153uvres. L\u2019important chantier des collections, induit par les travaux de nouvelles re\u0301serves a\u0300 la citadelle, commence a\u0300 peine. Nos e\u0301quipes s\u2019attellent a\u0300 de\u0301poussie\u0301rer, identifier, mesurer et photographier ces objets avant de les mettre en caisse. Il est plus que temps de constituer ce te\u0301moignage. A\u0300 l\u2019aube de cette nouvelle e\u0300re pour les re\u0301serves des muse\u0301es de Langres, nous vous invitons a\u0300 regarder derrie\u0300re nous. A\u0300 faire vos adieux, a\u0300 fe\u0302ter ce passage d\u2019un e\u0301tat ancien a\u0300 un e\u0301tat modernise\u0301.<br \/>\nRemercions Didier Lemarchand et laissons ses photographies nous raconter les conditions de stockages d\u2019un autre temps avec poe\u0301sie et sensibilite\u0301.<\/p>\n<p>Soizic Bouchy&#8211;Le Strat<br \/>\nGestionnaire des re\u0301serves et responsable du chantier des collections des Muse\u0301es de Langres<\/p>\n<p>&nbsp;<\/p>\n","protected":false},"excerpt":{"rendered":"<p>s\u00e9rie d\u00e9velopp\u00e9e depuis 2005 &#8211; impressions jet d&rsquo;encre pigmentaire &#8211; formats : 30 x 30 cm dossier de pr\u00e9sentation t\u00e9l\u00e9chargeable <span class=\"ellipsis\">&hellip;<\/span> <span class=\"more-link-wrap\"><a href=\"https:\/\/didierlemarchand.net\/site\/portfolio-2\/resurgences\/5-2\/\" class=\"more-link\"><span>Continue Reading &rarr;<\/span><\/a><\/span><\/p>\n","protected":false},"author":2,"featured_media":0,"parent":1300,"menu_order":14,"comment_status":"closed","ping_status":"closed","template":"","meta":{"_seopress_robots_primary_cat":"","_seopress_titles_title":"","_seopress_titles_desc":"","_seopress_robots_index":"","footnotes":""},"_links":{"self":[{"href":"https:\/\/didierlemarchand.net\/site\/wp-json\/wp\/v2\/pages\/20510"}],"collection":[{"href":"https:\/\/didierlemarchand.net\/site\/wp-json\/wp\/v2\/pages"}],"about":[{"href":"https:\/\/didierlemarchand.net\/site\/wp-json\/wp\/v2\/types\/page"}],"author":[{"embeddable":true,"href":"https:\/\/didierlemarchand.net\/site\/wp-json\/wp\/v2\/users\/2"}],"replies":[{"embeddable":true,"href":"https:\/\/didierlemarchand.net\/site\/wp-json\/wp\/v2\/comments?post=20510"}],"version-history":[{"count":13,"href":"https:\/\/didierlemarchand.net\/site\/wp-json\/wp\/v2\/pages\/20510\/revisions"}],"predecessor-version":[{"id":20554,"href":"https:\/\/didierlemarchand.net\/site\/wp-json\/wp\/v2\/pages\/20510\/revisions\/20554"}],"up":[{"embeddable":true,"href":"https:\/\/didierlemarchand.net\/site\/wp-json\/wp\/v2\/pages\/1300"}],"wp:attachment":[{"href":"https:\/\/didierlemarchand.net\/site\/wp-json\/wp\/v2\/media?parent=20510"}],"curies":[{"name":"wp","href":"https:\/\/api.w.org\/{rel}","templated":true}]}}