{"id":20327,"date":"2023-05-16T15:49:54","date_gmt":"2023-05-16T13:49:54","guid":{"rendered":"https:\/\/didierlemarchand.net\/site\/?page_id=20327"},"modified":"2025-10-13T07:32:43","modified_gmt":"2025-10-13T05:32:43","slug":"vanite-10","status":"publish","type":"page","link":"https:\/\/didierlemarchand.net\/site\/portfolio-2\/vanite\/vanite-10\/","title":{"rendered":"vanit\u00e9 10 : covid"},"content":{"rendered":"<p style=\"text-align: center;\">2020-2023 &#8211; impressions jet d&rsquo;encre pigmentaire &#8211; formats : 30 x 62 cm<\/p>\n<p style=\"text-align: center;\"><a href=\"https:\/\/didierlemarchand.net\/4_site_nouveau\/dossiers_telechargeables\/D-Lemarchand-vanite-10-covid.pdf\" target=\"_blank\" rel=\"noopener\">dossier de pr\u00e9sentation t\u00e9l\u00e9chargeable<\/a><\/p>\n<h1 style=\"text-align: center;\">&#8211;<\/h1>\n<h1 id=\"photo\" style=\"text-align: center;\"><img class=\"colorbox-20327\"  loading=\"lazy\" decoding=\"async\" src=\"https:\/\/didierlemarchand.net\/4_site_nouveau\/portfolio-N3\/vanite_N3\/PF3_vanite_17\/vanite_17_01.jpg\" alt=\"vanit\u00e9 17-1\" width=\"695\" height=\"438\" \/><\/h1>\n<h1 style=\"text-align: center;\">&#8211;<\/h1>\n<h1 id=\"photo\" style=\"text-align: center;\"><img class=\"colorbox-20327\"  loading=\"lazy\" decoding=\"async\" src=\"https:\/\/didierlemarchand.net\/4_site_nouveau\/portfolio-N3\/vanite_N3\/PF3_vanite_17\/vanite_17_02.jpg\" alt=\"vanit\u00e9 17-2\" width=\"695\" height=\"438\" \/><\/h1>\n<h1 style=\"text-align: center;\">&#8211;<\/h1>\n<h1 id=\"photo\" style=\"text-align: center;\"><img class=\"colorbox-20327\"  loading=\"lazy\" decoding=\"async\" src=\"https:\/\/didierlemarchand.net\/4_site_nouveau\/portfolio-N3\/vanite_N3\/PF3_vanite_17\/vanite_17_03.jpg\" alt=\"vanit\u00e9 17-3\" width=\"695\" height=\"438\" \/><\/h1>\n<h1 style=\"text-align: center;\">&#8211;<\/h1>\n<h1 id=\"photo\" style=\"text-align: center;\"><img class=\"colorbox-20327\"  loading=\"lazy\" decoding=\"async\" src=\"https:\/\/didierlemarchand.net\/4_site_nouveau\/portfolio-N3\/vanite_N3\/PF3_vanite_17\/vanite_17_04.jpg\" alt=\"vanit\u00e9 17-4\" width=\"695\" height=\"438\" \/><\/h1>\n<h1 style=\"text-align: center;\">&#8211;<\/h1>\n<h1 id=\"photo\" style=\"text-align: center;\"><img class=\"colorbox-20327\"  loading=\"lazy\" decoding=\"async\" src=\"https:\/\/didierlemarchand.net\/4_site_nouveau\/portfolio-N3\/vanite_N3\/PF3_vanite_17\/vanite_17_05.jpg\" alt=\"vanit\u00e9 17-5\" width=\"695\" height=\"438\" \/><\/h1>\n<h1 style=\"text-align: center;\">&#8211;<\/h1>\n<h1 id=\"photo\" style=\"text-align: center;\"><img class=\"colorbox-20327\"  loading=\"lazy\" decoding=\"async\" src=\"https:\/\/didierlemarchand.net\/4_site_nouveau\/portfolio-N3\/vanite_N3\/PF3_vanite_17\/vanite_17_06.jpg\" alt=\"vanit\u00e9 17-6\" width=\"695\" height=\"438\" \/><\/h1>\n<h1 style=\"text-align: center;\">&#8211;<\/h1>\n<h1 id=\"photo\" style=\"text-align: center;\"><img class=\"colorbox-20327\"  loading=\"lazy\" decoding=\"async\" src=\"https:\/\/didierlemarchand.net\/4_site_nouveau\/portfolio-N3\/vanite_N3\/PF3_vanite_17\/vanite_17_07.jpg\" alt=\"vanit\u00e9 17-7\" width=\"695\" height=\"438\" \/><\/h1>\n<h1 style=\"text-align: center;\">&#8211;<\/h1>\n<h1 id=\"photo\" style=\"text-align: center;\"><img class=\"colorbox-20327\"  loading=\"lazy\" decoding=\"async\" src=\"https:\/\/didierlemarchand.net\/4_site_nouveau\/portfolio-N3\/vanite_N3\/PF3_vanite_17\/vanite_17_08.jpg\" alt=\"vanit\u00e9 17-8\" width=\"695\" height=\"438\" \/><\/h1>\n<h1 style=\"text-align: center;\">&#8211;<\/h1>\n<h1 id=\"photo\" style=\"text-align: center;\"><img class=\"colorbox-20327\"  loading=\"lazy\" decoding=\"async\" src=\"https:\/\/didierlemarchand.net\/4_site_nouveau\/portfolio-N3\/vanite_N3\/PF3_vanite_17\/vanite_17_09.jpg\" alt=\"vanit\u00e9 17-9\" width=\"695\" height=\"438\" \/><\/h1>\n<h1 style=\"text-align: center;\">&#8211;<\/h1>\n<h1 id=\"photo\" style=\"text-align: center;\"><img class=\"colorbox-20327\"  loading=\"lazy\" decoding=\"async\" src=\"https:\/\/didierlemarchand.net\/4_site_nouveau\/portfolio-N3\/vanite_N3\/PF3_vanite_17\/vanite_17_10.jpg\" alt=\"vanit\u00e9 17-10\" width=\"695\" height=\"438\" \/><\/h1>\n<h1 style=\"text-align: center;\">&#8211;<\/h1>\n<h1 id=\"photo\" style=\"text-align: center;\"><img class=\"colorbox-20327\"  loading=\"lazy\" decoding=\"async\" src=\"https:\/\/didierlemarchand.net\/4_site_nouveau\/portfolio-N3\/vanite_N3\/PF3_vanite_17\/vanite_17_11.jpg\" alt=\"vanit\u00e9 17-11\" width=\"695\" height=\"438\" \/><\/h1>\n<h1 style=\"text-align: center;\">&#8211;<\/h1>\n<h1 id=\"photo\" style=\"text-align: center;\"><img class=\"colorbox-20327\"  loading=\"lazy\" decoding=\"async\" src=\"https:\/\/didierlemarchand.net\/4_site_nouveau\/portfolio-N3\/vanite_N3\/PF3_vanite_17\/vanite_17_12.jpg\" alt=\"vanit\u00e9 17-121\" width=\"695\" height=\"438\" \/><\/h1>\n<h1 style=\"text-align: center;\">&#8211;<\/h1>\n<h1 id=\"photo\" style=\"text-align: center;\"><img class=\"colorbox-20327\"  loading=\"lazy\" decoding=\"async\" src=\"https:\/\/didierlemarchand.net\/4_site_nouveau\/portfolio-N3\/vanite_N3\/PF3_vanite_17\/vanite_17_13.jpg\" alt=\"vanit\u00e9 17-13\" width=\"695\" height=\"438\" \/><\/h1>\n<h1 style=\"text-align: center;\">&#8211;<\/h1>\n<h1 id=\"photo\" style=\"text-align: center;\"><img class=\"colorbox-20327\"  loading=\"lazy\" decoding=\"async\" src=\"https:\/\/didierlemarchand.net\/4_site_nouveau\/portfolio-N3\/vanite_N3\/PF3_vanite_17\/vanite_17_14.jpg\" alt=\"vanit\u00e9 17-14\" width=\"695\" height=\"438\" \/><\/h1>\n<h1 style=\"text-align: center;\">&#8211;<\/h1>\n<h1 id=\"photo\" style=\"text-align: center;\"><img class=\"colorbox-20327\"  loading=\"lazy\" decoding=\"async\" src=\"https:\/\/didierlemarchand.net\/4_site_nouveau\/portfolio-N3\/vanite_N3\/PF3_vanite_17\/vanite_17_15.jpg\" alt=\"vanit\u00e9 17-15\" width=\"695\" height=\"438\" \/><\/h1>\n<h1 style=\"text-align: center;\">&#8211;<\/h1>\n<h1 id=\"photo\" style=\"text-align: center;\"><img class=\"colorbox-20327\"  loading=\"lazy\" decoding=\"async\" src=\"https:\/\/didierlemarchand.net\/4_site_nouveau\/portfolio-N3\/vanite_N3\/PF3_vanite_17\/vanite_17_16.jpg\" alt=\"vanit\u00e9 17-16\" width=\"695\" height=\"438\" \/><\/h1>\n<h1 style=\"text-align: center;\">&#8211;<\/h1>\n<h1 id=\"photo\" style=\"text-align: center;\"><img class=\"colorbox-20327\"  loading=\"lazy\" decoding=\"async\" src=\"https:\/\/didierlemarchand.net\/4_site_nouveau\/portfolio-N3\/vanite_N3\/PF3_vanite_17\/vanite_17_17.jpg\" alt=\"vanit\u00e9 17-17\" width=\"695\" height=\"438\" \/><\/h1>\n<h1 style=\"text-align: center;\">&#8211;<\/h1>\n<h1 id=\"photo\" style=\"text-align: center;\"><img class=\"colorbox-20327\"  loading=\"lazy\" decoding=\"async\" src=\"https:\/\/didierlemarchand.net\/4_site_nouveau\/portfolio-N3\/vanite_N3\/PF3_vanite_17\/vanite_17_18.jpg\" alt=\"vanit\u00e9 17-18\" width=\"695\" height=\"438\" \/><\/h1>\n<h1 style=\"text-align: center;\">&#8211;<\/h1>\n<h1 id=\"photo\" style=\"text-align: center;\"><img class=\"colorbox-20327\"  loading=\"lazy\" decoding=\"async\" src=\"https:\/\/didierlemarchand.net\/4_site_nouveau\/portfolio-N3\/vanite_N3\/PF3_vanite_17\/vanite_17_19.jpg\" alt=\"vanit\u00e9 17-19\" width=\"695\" height=\"438\" \/><\/h1>\n<h1 style=\"text-align: center;\">&#8211;<\/h1>\n<h1 id=\"photo\" style=\"text-align: center;\"><img class=\"colorbox-20327\"  loading=\"lazy\" decoding=\"async\" src=\"https:\/\/didierlemarchand.net\/4_site_nouveau\/portfolio-N3\/vanite_N3\/PF3_vanite_17\/vanite_17_20.jpg\" alt=\"vanit\u00e9 17-20\" width=\"695\" height=\"438\" \/><\/h1>\n<h1 style=\"text-align: center;\">&#8211;<\/h1>\n<h1 id=\"photo\" style=\"text-align: center;\"><img class=\"colorbox-20327\"  loading=\"lazy\" decoding=\"async\" src=\"https:\/\/didierlemarchand.net\/4_site_nouveau\/portfolio-N3\/vanite_N3\/PF3_vanite_17\/vanite_17_21.jpg\" alt=\"vanit\u00e9 17-21\" width=\"695\" height=\"438\" \/><\/h1>\n<h1 style=\"text-align: center;\">&#8211;<\/h1>\n<h1 id=\"photo\" style=\"text-align: center;\"><img class=\"colorbox-20327\"  loading=\"lazy\" decoding=\"async\" src=\"https:\/\/didierlemarchand.net\/4_site_nouveau\/portfolio-N3\/vanite_N3\/PF3_vanite_17\/vanite_17_22.jpg\" alt=\"vanit\u00e9 17-22\" width=\"695\" height=\"438\" \/><\/h1>\n<h1 style=\"text-align: center;\">&#8211;<\/h1>\n<h1 id=\"photo\" style=\"text-align: center;\"><img class=\"colorbox-20327\"  loading=\"lazy\" decoding=\"async\" src=\"https:\/\/didierlemarchand.net\/4_site_nouveau\/portfolio-N3\/vanite_N3\/PF3_vanite_17\/vanite_17_23.jpg\" alt=\"vanit\u00e9 17-23\" width=\"695\" height=\"438\" \/><\/h1>\n<h1 style=\"text-align: center;\">&#8211;<\/h1>\n<h1 id=\"photo\" style=\"text-align: center;\"><img class=\"colorbox-20327\"  loading=\"lazy\" decoding=\"async\" src=\"https:\/\/didierlemarchand.net\/4_site_nouveau\/portfolio-N3\/vanite_N3\/PF3_vanite_17\/vanite_17_24.jpg\" alt=\"vanit\u00e9 17-24\" width=\"695\" height=\"438\" \/><\/h1>\n<h1 style=\"text-align: center;\">&#8211;<\/h1>\n<h1 id=\"photo\" style=\"text-align: center;\"><img class=\"colorbox-20327\"  loading=\"lazy\" decoding=\"async\" src=\"https:\/\/didierlemarchand.net\/4_site_nouveau\/portfolio-N3\/vanite_N3\/PF3_vanite_17\/vanite_17_25.jpg\" alt=\"vanit\u00e9 17-25\" width=\"695\" height=\"438\" \/><\/h1>\n<h1 style=\"text-align: center;\">&#8211;<\/h1>\n<h1 id=\"photo\" style=\"text-align: center;\"><img class=\"colorbox-20327\"  loading=\"lazy\" decoding=\"async\" src=\"https:\/\/didierlemarchand.net\/4_site_nouveau\/portfolio-N3\/vanite_N3\/PF3_vanite_17\/vanite_17_26.jpg\" alt=\"vanit\u00e9 17-26\" width=\"695\" height=\"438\" \/><\/h1>\n<h1 style=\"text-align: center;\">&#8211;<\/h1>\n<h1 id=\"photo\" style=\"text-align: center;\"><img class=\"colorbox-20327\"  loading=\"lazy\" decoding=\"async\" src=\"https:\/\/didierlemarchand.net\/4_site_nouveau\/portfolio-N3\/vanite_N3\/PF3_vanite_17\/vanite_17_27.jpg\" alt=\"vanit\u00e9 17-27\" width=\"695\" height=\"438\" \/><\/h1>\n<h1 style=\"text-align: center;\">&#8211;<\/h1>\n<h1 id=\"photo\" style=\"text-align: center;\"><img class=\"colorbox-20327\"  loading=\"lazy\" decoding=\"async\" src=\"https:\/\/didierlemarchand.net\/4_site_nouveau\/portfolio-N3\/vanite_N3\/PF3_vanite_17\/vanite_17_28.jpg\" alt=\"vanit\u00e9 17-28\" width=\"695\" height=\"438\" \/><\/h1>\n<h1 style=\"text-align: center;\">&#8211;<\/h1>\n<h1 id=\"photo\" style=\"text-align: center;\"><img class=\"colorbox-20327\"  loading=\"lazy\" decoding=\"async\" src=\"https:\/\/didierlemarchand.net\/4_site_nouveau\/portfolio-N3\/vanite_N3\/PF3_vanite_17\/vanite_17_29.jpg\" alt=\"vanit\u00e9 17-29\" width=\"695\" height=\"438\" \/><\/h1>\n<h1 style=\"text-align: center;\">&#8211;<\/h1>\n<h1 id=\"photo\" style=\"text-align: center;\"><img class=\"colorbox-20327\"  loading=\"lazy\" decoding=\"async\" src=\"https:\/\/didierlemarchand.net\/4_site_nouveau\/portfolio-N3\/vanite_N3\/PF3_vanite_17\/vanite_17_30.jpg\" alt=\"vanit\u00e9 17-30\" width=\"695\" height=\"438\" \/><\/h1>\n<h1 style=\"text-align: center;\">&#8211;<\/h1>\n<p><strong>vanit\u00e9 17\u00a0: corona virus<\/strong><\/p>\n<p>Memento mori<br \/>\nLe 1er d\u00e9cembre 2019, le premier cas de Covid-19 aurait \u00e9t\u00e9 d\u00e9tect\u00e9 en Chine. A partir de ce moment la pand\u00e9mie va progressivement envahir le monde entier.<br \/>\nLa m\u00e9decine va se trouver au d\u00e9part impuissante, r\u00e9duite \u00e0 improviser. Les h\u00f4pitaux sont d\u00e9bord\u00e9s, les services fun\u00e9raires aussi. L\u2019\u00e9conomie est mise au ralenti. Les fronti\u00e8res sont ferm\u00e9es, les \u00e9tats r\u00e9agissent avec des lois d\u2019urgence, des mesures coercitives\u00a0: en France, encadrement des d\u00e9placements puis confinement avec son lot de contr\u00f4les et de verbalisations, couvre-feu.<br \/>\nLe d\u00e9confinement arrivant, notre vie reste r\u00e8glement\u00e9e\u00a0: port du masque obligatoire, lavage des mains au gel hydroalcoolique, parcours impos\u00e9 dans les lieux publics, distances \u00e0 respecter. Ces masques, moyen d\u00e9risoire pour sauvegarder sa vie, mais combien recherch\u00e9s au d\u00e9but de la pand\u00e9mie, vont finir abandonn\u00e9s sur le sol, comme une forme de revanche sur toutes ces contraintes subies.<br \/>\nL\u2019\u00e9conomie s\u2019en remet doucement, la mondialisation a montr\u00e9 ses limites. Le grand public d\u00e9couvre que la science est loin de tout maitriser, qu\u2019elle est n\u2019est pas faite de certitudes mais d\u2019hypoth\u00e8ses, d\u2019essais, d\u2019\u00e9checs.<br \/>\n2023, la pand\u00e9mie est loin derri\u00e8re nous, une autre actualit\u00e9 l\u2019a remplac\u00e9e. Nous avons vu les limites de notre civilisation\u00a0: comment un aussi petit organisme a pu d\u00e9stabiliser notre confort, faire douter le monde entier. On a pu imaginer ce que devait ressentir les hommes du Moyen-Age face aux \u00e9pid\u00e9mies de peste.<br \/>\nNe restent que les graphismes appos\u00e9s au sol, les injonctions diverses qui avec le temps se sont d\u00e9chir\u00e9s, d\u00e9color\u00e9s, effac\u00e9s.<br \/>\nJ\u2019ai abord\u00e9 cet \u00e9pisode comme une vanit\u00e9 contemporaine dans une mise en relation sous forme de diptyque\u00a0: des traces de moyens de contr\u00f4le s\u2019opposant au d\u00e9sordre de l\u2019abandon al\u00e9atoire des masques.<\/p>\n<h1 style=\"text-align: center;\">&#8211;<\/h1>\n<p><em>La r\u00e9v\u00e9lation soudaine par une p\u00e9rip\u00e9tie triviale, de la condition de tout ce qui vit, condition \u00e0 la fois tragique, in\u00e9vitable, inexprimable, d\u00e9chire le rideau emphatique qui lui cachait une r\u00e9alit\u00e9 sans issue.<\/em><\/p>\n<p>Roger Caillois Le Fleuve Alph\u00e9e<\/p>\n<p>&nbsp;<\/p>\n<p>&nbsp;<\/p>\n","protected":false},"excerpt":{"rendered":"<p>2020-2023 &#8211; impressions jet d&rsquo;encre pigmentaire &#8211; formats : 30 x 62 cm dossier de pr\u00e9sentation t\u00e9l\u00e9chargeable &#8211; &#8211; &#8211; <span class=\"ellipsis\">&hellip;<\/span> <span class=\"more-link-wrap\"><a href=\"https:\/\/didierlemarchand.net\/site\/portfolio-2\/vanite\/vanite-10\/\" class=\"more-link\"><span>Continue Reading &rarr;<\/span><\/a><\/span><\/p>\n","protected":false},"author":2,"featured_media":0,"parent":1342,"menu_order":10,"comment_status":"closed","ping_status":"closed","template":"","meta":{"_seopress_robots_primary_cat":"","_seopress_titles_title":"","_seopress_titles_desc":"","_seopress_robots_index":"","footnotes":""},"_links":{"self":[{"href":"https:\/\/didierlemarchand.net\/site\/wp-json\/wp\/v2\/pages\/20327"}],"collection":[{"href":"https:\/\/didierlemarchand.net\/site\/wp-json\/wp\/v2\/pages"}],"about":[{"href":"https:\/\/didierlemarchand.net\/site\/wp-json\/wp\/v2\/types\/page"}],"author":[{"embeddable":true,"href":"https:\/\/didierlemarchand.net\/site\/wp-json\/wp\/v2\/users\/2"}],"replies":[{"embeddable":true,"href":"https:\/\/didierlemarchand.net\/site\/wp-json\/wp\/v2\/comments?post=20327"}],"version-history":[{"count":9,"href":"https:\/\/didierlemarchand.net\/site\/wp-json\/wp\/v2\/pages\/20327\/revisions"}],"predecessor-version":[{"id":20567,"href":"https:\/\/didierlemarchand.net\/site\/wp-json\/wp\/v2\/pages\/20327\/revisions\/20567"}],"up":[{"embeddable":true,"href":"https:\/\/didierlemarchand.net\/site\/wp-json\/wp\/v2\/pages\/1342"}],"wp:attachment":[{"href":"https:\/\/didierlemarchand.net\/site\/wp-json\/wp\/v2\/media?parent=20327"}],"curies":[{"name":"wp","href":"https:\/\/api.w.org\/{rel}","templated":true}]}}