{"id":20166,"date":"2023-02-07T11:31:11","date_gmt":"2023-02-07T10:31:11","guid":{"rendered":"http:\/\/didierlemarchand.net\/site\/?page_id=20166"},"modified":"2023-05-17T10:54:46","modified_gmt":"2023-05-17T08:54:46","slug":"limbes","status":"publish","type":"page","link":"https:\/\/didierlemarchand.net\/site\/portfolio-2\/espace\/limbes\/","title":{"rendered":"limbes"},"content":{"rendered":"<p style=\"text-align: center;\">16 photographies &#8211; 2022 \u2013 s\u00e9rie commenc\u00e9e en 2001<br \/>\nimpressions jet d&rsquo;encre pigmentaire &#8211; format : 30 x 30 cm<\/p>\n<p style=\"text-align: center;\"><a href=\"http:\/\/didierlemarchand.net\/4_site_nouveau\/dossiers_telechargeables\/D_Lemarchand_limbe.pdf\" target=\"_blank\" rel=\"noopener\">dossier de pr\u00e9sentation t\u00e9l\u00e9chargeable<\/a><\/p>\n<h1 style=\"text-align: center;\">&#8211;<\/h1>\n<h1 id=\"photo\" style=\"text-align: center;\"><img class=\"colorbox-20166\"  loading=\"lazy\" decoding=\"async\" src=\"http:\/\/didierlemarchand.net\/4_site_nouveau\/portfolio-N3\/espace_N3\/limbe\/limbe_01.jpeg\" alt=\"limbe-1\" width=\"438\" height=\"438\" \/><\/h1>\n<h1 style=\"text-align: center;\">&#8211;<\/h1>\n<h1 id=\"photo\" style=\"text-align: center;\"><img class=\"colorbox-20166\"  loading=\"lazy\" decoding=\"async\" src=\"http:\/\/didierlemarchand.net\/4_site_nouveau\/portfolio-N3\/espace_N3\/limbe\/limbe_02.jpeg\" alt=\"limbe-2\" width=\"438\" height=\"438\" \/><\/h1>\n<h1 style=\"text-align: center;\">&#8211;<\/h1>\n<h1 id=\"photo\" style=\"text-align: center;\"><img class=\"colorbox-20166\"  loading=\"lazy\" decoding=\"async\" src=\"http:\/\/didierlemarchand.net\/4_site_nouveau\/portfolio-N3\/espace_N3\/limbe\/limbe_03.jpeg\" alt=\"limbe-3\" width=\"438\" height=\"438\" \/><\/h1>\n<h1 style=\"text-align: center;\">&#8211;<\/h1>\n<h1 id=\"photo\" style=\"text-align: center;\"><img class=\"colorbox-20166\"  loading=\"lazy\" decoding=\"async\" src=\"http:\/\/didierlemarchand.net\/4_site_nouveau\/portfolio-N3\/espace_N3\/limbe\/limbe_04.jpeg\" alt=\"limbe-4\" width=\"438\" height=\"438\" \/><\/h1>\n<h1 style=\"text-align: center;\">&#8211;<\/h1>\n<h1 id=\"photo\" style=\"text-align: center;\"><img class=\"colorbox-20166\"  loading=\"lazy\" decoding=\"async\" src=\"http:\/\/didierlemarchand.net\/4_site_nouveau\/portfolio-N3\/espace_N3\/limbe\/limbe_05.jpeg\" alt=\"limbe-5\" width=\"438\" height=\"438\" \/><\/h1>\n<h1 style=\"text-align: center;\">&#8211;<\/h1>\n<h1 id=\"photo\" style=\"text-align: center;\"><img class=\"colorbox-20166\"  loading=\"lazy\" decoding=\"async\" src=\"http:\/\/didierlemarchand.net\/4_site_nouveau\/portfolio-N3\/espace_N3\/limbe\/limbe_06.jpeg\" alt=\"limbe-6\" width=\"438\" height=\"438\" \/><\/h1>\n<h1 style=\"text-align: center;\">&#8211;<\/h1>\n<h1 id=\"photo\" style=\"text-align: center;\"><img class=\"colorbox-20166\"  loading=\"lazy\" decoding=\"async\" src=\"http:\/\/didierlemarchand.net\/4_site_nouveau\/portfolio-N3\/espace_N3\/limbe\/limbe_07.jpeg\" alt=\"limbe-7\" width=\"438\" height=\"438\" \/><\/h1>\n<h1 style=\"text-align: center;\">&#8211;<\/h1>\n<h1 id=\"photo\" style=\"text-align: center;\"><img class=\"colorbox-20166\"  loading=\"lazy\" decoding=\"async\" src=\"http:\/\/didierlemarchand.net\/4_site_nouveau\/portfolio-N3\/espace_N3\/limbe\/limbe_08.jpeg\" alt=\"limbe-8\" width=\"438\" height=\"438\" \/><\/h1>\n<h1 style=\"text-align: center;\">&#8211;<\/h1>\n<h1 id=\"photo\" style=\"text-align: center;\"><img class=\"colorbox-20166\"  loading=\"lazy\" decoding=\"async\" src=\"http:\/\/didierlemarchand.net\/4_site_nouveau\/portfolio-N3\/espace_N3\/limbe\/limbe_09.jpeg\" alt=\"limbe-9\" width=\"438\" height=\"438\" \/><\/h1>\n<h1 style=\"text-align: center;\">&#8211;<\/h1>\n<h1 id=\"photo\" style=\"text-align: center;\"><img class=\"colorbox-20166\"  loading=\"lazy\" decoding=\"async\" src=\"http:\/\/didierlemarchand.net\/4_site_nouveau\/portfolio-N3\/espace_N3\/limbe\/limbe_10.jpeg\" alt=\"limbe-10\" width=\"438\" height=\"438\" \/><\/h1>\n<h1 style=\"text-align: center;\">&#8211;<\/h1>\n<h1 id=\"photo\" style=\"text-align: center;\"><img class=\"colorbox-20166\"  loading=\"lazy\" decoding=\"async\" src=\"http:\/\/didierlemarchand.net\/4_site_nouveau\/portfolio-N3\/espace_N3\/limbe\/limbe_11.jpeg\" alt=\"limbe-11\" width=\"438\" height=\"438\" \/><\/h1>\n<h1 style=\"text-align: center;\">&#8211;<\/h1>\n<h1 id=\"photo\" style=\"text-align: center;\"><img class=\"colorbox-20166\"  loading=\"lazy\" decoding=\"async\" src=\"http:\/\/didierlemarchand.net\/4_site_nouveau\/portfolio-N3\/espace_N3\/limbe\/limbe_12.jpeg\" alt=\"limbe-121\" width=\"438\" height=\"438\" \/><\/h1>\n<h1 style=\"text-align: center;\">&#8211;<\/h1>\n<h1 id=\"photo\" style=\"text-align: center;\"><img class=\"colorbox-20166\"  loading=\"lazy\" decoding=\"async\" src=\"http:\/\/didierlemarchand.net\/4_site_nouveau\/portfolio-N3\/espace_N3\/limbe\/limbe_13.jpeg\" alt=\"limbe-13\" width=\"438\" height=\"438\" \/><\/h1>\n<h1 style=\"text-align: center;\">&#8211;<\/h1>\n<h1 id=\"photo\" style=\"text-align: center;\"><img class=\"colorbox-20166\"  loading=\"lazy\" decoding=\"async\" src=\"http:\/\/didierlemarchand.net\/4_site_nouveau\/portfolio-N3\/espace_N3\/limbe\/limbe_14.jpeg\" alt=\"limbe-14\" width=\"438\" height=\"438\" \/><\/h1>\n<h1 style=\"text-align: center;\">&#8211;<\/h1>\n<h1 id=\"photo\" style=\"text-align: center;\"><img class=\"colorbox-20166\"  loading=\"lazy\" decoding=\"async\" src=\"http:\/\/didierlemarchand.net\/4_site_nouveau\/portfolio-N3\/espace_N3\/limbe\/limbe_15.jpeg\" alt=\"limbe-15\" width=\"438\" height=\"438\" \/><\/h1>\n<h1 style=\"text-align: center;\">&#8211;<\/h1>\n<h1 id=\"photo\" style=\"text-align: center;\"><img class=\"colorbox-20166\"  loading=\"lazy\" decoding=\"async\" src=\"http:\/\/didierlemarchand.net\/4_site_nouveau\/portfolio-N3\/espace_N3\/limbe\/limbe_16.jpeg\" alt=\"limbe-16\" width=\"438\" height=\"438\" \/><\/h1>\n<h1 style=\"text-align: center;\">&#8211;<\/h1>\n<p>Il nous arrive parfois, au r\u00e9veil ou lors de grande fatigue, que par rel\u00e2chement de notre attention l\u2019espace environnant vacille. Il va perdre de sa concr\u00e9tude au b\u00e9n\u00e9fice de sensations color\u00e9es, mat\u00e9riologiques, vibratoires. Il se d\u00e9centre sans se d\u00e9r\u00e9aliser compl\u00e8tement. Il est toujours l\u00e0, mais \u00e0 lui va se superposer un espace du dedans (int\u00e9rieur) qui dans un mouvement de r\u00e9gression a peut-\u00eatre \u00e0 voir avec la vision (ant\u00e9rieure) du petit enfant, vision oc\u00e9anique, flottante, non cart\u00e9sienne.<br \/>\nIl m\u2019arrive fr\u00e9quemment de me retrouver dans cette situation, par disposition naturelle\u00a0: la vision semblant me jouer des tours avec la gestalt. Cette s\u00e9rie tente de saisir, de garder une trace de ce ph\u00e9nom\u00e8ne involontaire, soudain et instable. C\u2019est \u00e0 la prise de vue que la saisie se fait. Il ne s\u2019agit nullement de la fabrication d\u2019une image, d\u2019une manipulation par la magie de Photoshop qui tenterait de retrouver, d\u2019en reconstruire l\u2019effet visuel.<\/p>\n<h1 style=\"text-align: center;\">&#8211;<\/h1>\n<p><em>L\u2019espace \u00e9tait mesurable et crissant, mais sans forme p\u00e9n\u00e9trable. Et le centre \u00e9tait une mosa\u00efque d\u2019\u00e9clats, une esp\u00e8ce de dur marteau cosmique, d\u2019une lourdeur d\u00e9figur\u00e9e, et qui retombait sans cesse comme un front dans l\u2019espace, mais avec un bruit comme distill\u00e9. Et l\u2019enveloppement cotonneux du bruit avait l\u2019instance obtuse et la p\u00e9n\u00e9tration d\u2019un regard vivant. Oui, l\u2019espace rendait son plein coton mental o\u00f9 nulle pens\u00e9e encore n\u2019\u00e9tait nette et ne restituait sa d\u00e9charge d\u2019objet.<\/em><\/p>\n<p>Antonin Artaud,\u00a0L\u2019Ombilic des Limbes<\/p>\n<p>&nbsp;<\/p>\n<p>&nbsp;<\/p>\n","protected":false},"excerpt":{"rendered":"<p>16 photographies &#8211; 2022 \u2013 s\u00e9rie commenc\u00e9e en 2001 impressions jet d&rsquo;encre pigmentaire &#8211; format : 30 x 30 cm <span class=\"ellipsis\">&hellip;<\/span> <span class=\"more-link-wrap\"><a href=\"https:\/\/didierlemarchand.net\/site\/portfolio-2\/espace\/limbes\/\" class=\"more-link\"><span>Continue Reading &rarr;<\/span><\/a><\/span><\/p>\n","protected":false},"author":2,"featured_media":0,"parent":1298,"menu_order":0,"comment_status":"closed","ping_status":"closed","template":"","meta":{"_seopress_robots_primary_cat":"","_seopress_titles_title":"","_seopress_titles_desc":"","_seopress_robots_index":"","footnotes":""},"_links":{"self":[{"href":"https:\/\/didierlemarchand.net\/site\/wp-json\/wp\/v2\/pages\/20166"}],"collection":[{"href":"https:\/\/didierlemarchand.net\/site\/wp-json\/wp\/v2\/pages"}],"about":[{"href":"https:\/\/didierlemarchand.net\/site\/wp-json\/wp\/v2\/types\/page"}],"author":[{"embeddable":true,"href":"https:\/\/didierlemarchand.net\/site\/wp-json\/wp\/v2\/users\/2"}],"replies":[{"embeddable":true,"href":"https:\/\/didierlemarchand.net\/site\/wp-json\/wp\/v2\/comments?post=20166"}],"version-history":[{"count":4,"href":"https:\/\/didierlemarchand.net\/site\/wp-json\/wp\/v2\/pages\/20166\/revisions"}],"predecessor-version":[{"id":20352,"href":"https:\/\/didierlemarchand.net\/site\/wp-json\/wp\/v2\/pages\/20166\/revisions\/20352"}],"up":[{"embeddable":true,"href":"https:\/\/didierlemarchand.net\/site\/wp-json\/wp\/v2\/pages\/1298"}],"wp:attachment":[{"href":"https:\/\/didierlemarchand.net\/site\/wp-json\/wp\/v2\/media?parent=20166"}],"curies":[{"name":"wp","href":"https:\/\/api.w.org\/{rel}","templated":true}]}}