{"id":20102,"date":"2022-12-01T21:18:48","date_gmt":"2022-12-01T20:18:48","guid":{"rendered":"http:\/\/didierlemarchand.net\/site\/?page_id=20102"},"modified":"2025-10-13T07:29:35","modified_gmt":"2025-10-13T05:29:35","slug":"vanite_9-2","status":"publish","type":"page","link":"https:\/\/didierlemarchand.net\/site\/portfolio-2\/vanite\/vanite_9-2\/","title":{"rendered":"vanit\u00e9 9.2 : sur la plage abandonn\u00e9s"},"content":{"rendered":"<p style=\"text-align: center;\">s\u00e9rie d\u00e9velopp\u00e9e depuis 2015 &#8211; impressions jet d&rsquo;encre pigmentaire &#8211; formats : 30 x 62 cm<\/p>\n<p style=\"text-align: center;\"><a href=\"http:\/\/didierlemarchand.net\/4_site_nouveau\/dossiers_telechargeables\/D-Lemarchand-vanite-9-2.pdf\" target=\"_blank\" rel=\"noopener\">dossier de pr\u00e9sentation t\u00e9l\u00e9chargeable<\/a><\/p>\n<h1 style=\"text-align: center;\">&#8211;<\/h1>\n<h1 id=\"photo\" style=\"text-align: center;\"><img class=\"colorbox-20102\"  loading=\"lazy\" decoding=\"async\" src=\"http:\/\/didierlemarchand.net\/4_site_nouveau\/portfolio-N3\/vanite_N3\/PF3_vanite_12\/plage_01.jpg\" alt=\"vanite-12-01\" width=\"660\" height=\"438\" \/><\/h1>\n<h1 style=\"text-align: center;\">&#8211;<\/h1>\n<h1 id=\"photo\" style=\"text-align: center;\"><img class=\"colorbox-20102\"  loading=\"lazy\" decoding=\"async\" src=\"http:\/\/didierlemarchand.net\/4_site_nouveau\/portfolio-N3\/vanite_N3\/PF3_vanite_12\/plage_02.jpg\" alt=\"vanite-12-02\" width=\"660\" height=\"438\" \/><\/h1>\n<h1 style=\"text-align: center;\">&#8211;<\/h1>\n<h1 id=\"photo\" style=\"text-align: center;\"><img class=\"colorbox-20102\"  loading=\"lazy\" decoding=\"async\" src=\"http:\/\/didierlemarchand.net\/4_site_nouveau\/portfolio-N3\/vanite_N3\/PF3_vanite_12\/plage_03.jpg\" alt=\"vanite-12-03\" width=\"660\" height=\"438\" \/><\/h1>\n<h1 style=\"text-align: center;\">&#8211;<\/h1>\n<h1 id=\"photo\" style=\"text-align: center;\"><img class=\"colorbox-20102\"  loading=\"lazy\" decoding=\"async\" src=\"http:\/\/didierlemarchand.net\/4_site_nouveau\/portfolio-N3\/vanite_N3\/PF3_vanite_12\/plage_04.jpg\" alt=\"vanite-12-04\" width=\"660\" height=\"438\" \/><\/h1>\n<h1 style=\"text-align: center;\">&#8211;<\/h1>\n<h1 id=\"photo\" style=\"text-align: center;\"><img class=\"colorbox-20102\"  loading=\"lazy\" decoding=\"async\" src=\"http:\/\/didierlemarchand.net\/4_site_nouveau\/portfolio-N3\/vanite_N3\/PF3_vanite_12\/plage_05.jpg\" alt=\"vanite-12-05\" width=\"660\" height=\"438\" \/><\/h1>\n<h1 style=\"text-align: center;\">&#8211;<\/h1>\n<h1 id=\"photo\" style=\"text-align: center;\"><img class=\"colorbox-20102\"  loading=\"lazy\" decoding=\"async\" src=\"http:\/\/didierlemarchand.net\/4_site_nouveau\/portfolio-N3\/vanite_N3\/PF3_vanite_12\/plage_06.jpg\" alt=\"vanite-12-06\" width=\"660\" height=\"438\" \/><\/h1>\n<h1 style=\"text-align: center;\">&#8211;<\/h1>\n<h1 id=\"photo\" style=\"text-align: center;\"><img class=\"colorbox-20102\"  loading=\"lazy\" decoding=\"async\" src=\"http:\/\/didierlemarchand.net\/4_site_nouveau\/portfolio-N3\/vanite_N3\/PF3_vanite_12\/plage_07.jpg\" alt=\"vanite-12-07\" width=\"660\" height=\"438\" \/><\/h1>\n<h1 style=\"text-align: center;\">&#8211;<\/h1>\n<h1 id=\"photo\" style=\"text-align: center;\"><img class=\"colorbox-20102\"  loading=\"lazy\" decoding=\"async\" src=\"http:\/\/didierlemarchand.net\/4_site_nouveau\/portfolio-N3\/vanite_N3\/PF3_vanite_12\/plage_08.jpg\" alt=\"vanite-12-08\" width=\"660\" height=\"438\" \/><\/h1>\n<h1 style=\"text-align: center;\">&#8211;<\/h1>\n<h1 id=\"photo\" style=\"text-align: center;\"><img class=\"colorbox-20102\"  loading=\"lazy\" decoding=\"async\" src=\"http:\/\/didierlemarchand.net\/4_site_nouveau\/portfolio-N3\/vanite_N3\/PF3_vanite_12\/plage_09.jpg\" alt=\"vanite-12-09\" width=\"660\" height=\"438\" \/><\/h1>\n<h1 style=\"text-align: center;\">&#8211;<\/h1>\n<h1 id=\"photo\" style=\"text-align: center;\"><img class=\"colorbox-20102\"  loading=\"lazy\" decoding=\"async\" src=\"http:\/\/didierlemarchand.net\/4_site_nouveau\/portfolio-N3\/vanite_N3\/PF3_vanite_12\/plage_10.jpg\" alt=\"vanite-12-10\" width=\"660\" height=\"438\" \/><\/h1>\n<h1 style=\"text-align: center;\">&#8211;<\/h1>\n<h1 id=\"photo\" style=\"text-align: center;\"><img class=\"colorbox-20102\"  loading=\"lazy\" decoding=\"async\" src=\"http:\/\/didierlemarchand.net\/4_site_nouveau\/portfolio-N3\/vanite_N3\/PF3_vanite_12\/plage_11.jpg\" alt=\"vanite-12-11\" width=\"660\" height=\"438\" \/><\/h1>\n<h1 style=\"text-align: center;\">&#8211;<\/h1>\n<h1 id=\"photo\" style=\"text-align: center;\"><img class=\"colorbox-20102\"  loading=\"lazy\" decoding=\"async\" src=\"http:\/\/didierlemarchand.net\/4_site_nouveau\/portfolio-N3\/vanite_N3\/PF3_vanite_12\/plage_12.jpg\" alt=\"vanite-12-12\" width=\"660\" height=\"438\" \/><\/h1>\n<h1 style=\"text-align: center;\">&#8211;<\/h1>\n<h1 id=\"photo\" style=\"text-align: center;\"><img class=\"colorbox-20102\"  loading=\"lazy\" decoding=\"async\" src=\"http:\/\/didierlemarchand.net\/4_site_nouveau\/portfolio-N3\/vanite_N3\/PF3_vanite_12\/plage_13.jpg\" alt=\"vanite-12-13\" width=\"660\" height=\"438\" \/><\/h1>\n<h1 style=\"text-align: center;\">&#8211;<\/h1>\n<h1 id=\"photo\" style=\"text-align: center;\"><img class=\"colorbox-20102\"  loading=\"lazy\" decoding=\"async\" src=\"http:\/\/didierlemarchand.net\/4_site_nouveau\/portfolio-N3\/vanite_N3\/PF3_vanite_12\/plage_14.jpg\" alt=\"vanite-12-14\" width=\"660\" height=\"438\" \/><\/h1>\n<h1 style=\"text-align: center;\">&#8211;<\/h1>\n<h1 id=\"photo\" style=\"text-align: center;\"><img class=\"colorbox-20102\"  loading=\"lazy\" decoding=\"async\" src=\"http:\/\/didierlemarchand.net\/4_site_nouveau\/portfolio-N3\/vanite_N3\/PF3_vanite_12\/plage_15.jpg\" alt=\"vanite-12-15\" width=\"660\" height=\"438\" \/><\/h1>\n<h1 style=\"text-align: center;\">&#8211;<\/h1>\n<h1 id=\"photo\" style=\"text-align: center;\"><img class=\"colorbox-20102\"  loading=\"lazy\" decoding=\"async\" src=\"http:\/\/didierlemarchand.net\/4_site_nouveau\/portfolio-N3\/vanite_N3\/PF3_vanite_12\/plage_16.jpg\" alt=\"vanite-12-16\" width=\"660\" height=\"438\" \/><\/h1>\n<h1 style=\"text-align: center;\">&#8211;<\/h1>\n<h1 id=\"photo\" style=\"text-align: center;\"><img class=\"colorbox-20102\"  loading=\"lazy\" decoding=\"async\" src=\"http:\/\/didierlemarchand.net\/4_site_nouveau\/portfolio-N3\/vanite_N3\/PF3_vanite_12\/plage_17.jpg\" alt=\"vanite-12-17\" width=\"660\" height=\"438\" \/><\/h1>\n<h1 style=\"text-align: center;\">&#8211;<\/h1>\n<h1 id=\"photo\" style=\"text-align: center;\"><img class=\"colorbox-20102\"  loading=\"lazy\" decoding=\"async\" src=\"http:\/\/didierlemarchand.net\/4_site_nouveau\/portfolio-N3\/vanite_N3\/PF3_vanite_12\/plage_18.jpg\" alt=\"vanite-12-18\" width=\"660\" height=\"438\" \/><\/h1>\n<h1 style=\"text-align: center;\">&#8211;<\/h1>\n<h1 id=\"photo\" style=\"text-align: center;\"><img class=\"colorbox-20102\"  loading=\"lazy\" decoding=\"async\" src=\"http:\/\/didierlemarchand.net\/4_site_nouveau\/portfolio-N3\/vanite_N3\/PF3_vanite_12\/plage_19.jpg\" alt=\"vanite-12-19\" width=\"660\" height=\"438\" \/><\/h1>\n<h1 style=\"text-align: center;\">&#8211;<\/h1>\n<h1 id=\"photo\" style=\"text-align: center;\"><img class=\"colorbox-20102\"  loading=\"lazy\" decoding=\"async\" src=\"http:\/\/didierlemarchand.net\/4_site_nouveau\/portfolio-N3\/vanite_N3\/PF3_vanite_12\/plage_20.jpg\" alt=\"vanite-12-20\" width=\"660\" height=\"438\" \/><\/h1>\n<h1 style=\"text-align: center;\">&#8211;<\/h1>\n<h1 id=\"photo\" style=\"text-align: center;\"><img class=\"colorbox-20102\"  loading=\"lazy\" decoding=\"async\" src=\"http:\/\/didierlemarchand.net\/4_site_nouveau\/portfolio-N3\/vanite_N3\/PF3_vanite_12\/plage_21.jpg\" alt=\"vanite-12-21\" width=\"660\" height=\"438\" \/><\/h1>\n<h1 style=\"text-align: center;\">&#8211;<\/h1>\n<h1 id=\"photo\" style=\"text-align: center;\"><img class=\"colorbox-20102\"  loading=\"lazy\" decoding=\"async\" src=\"http:\/\/didierlemarchand.net\/4_site_nouveau\/portfolio-N3\/vanite_N3\/PF3_vanite_12\/plage_22.jpg\" alt=\"vanite-12-22\" width=\"660\" height=\"438\" \/><\/h1>\n<h1 style=\"text-align: center;\">&#8211;<\/h1>\n<h1 id=\"photo\" style=\"text-align: center;\"><img class=\"colorbox-20102\"  loading=\"lazy\" decoding=\"async\" src=\"http:\/\/didierlemarchand.net\/4_site_nouveau\/portfolio-N3\/vanite_N3\/PF3_vanite_12\/plage_23.jpg\" alt=\"vanite-12-23\" width=\"660\" height=\"438\" \/><\/h1>\n<h1 style=\"text-align: center;\">&#8211;<\/h1>\n<h1 id=\"photo\" style=\"text-align: center;\"><img class=\"colorbox-20102\"  loading=\"lazy\" decoding=\"async\" src=\"http:\/\/didierlemarchand.net\/4_site_nouveau\/portfolio-N3\/vanite_N3\/PF3_vanite_12\/plage_24.jpg\" alt=\"vanite-12-24\" width=\"660\" height=\"438\" \/><\/h1>\n<h1 style=\"text-align: center;\">&#8211;<\/h1>\n<h1 id=\"photo\" style=\"text-align: center;\"><img class=\"colorbox-20102\"  loading=\"lazy\" decoding=\"async\" src=\"http:\/\/didierlemarchand.net\/4_site_nouveau\/portfolio-N3\/vanite_N3\/PF3_vanite_12\/plage_25.jpg\" alt=\"vanite-12-25\" width=\"660\" height=\"438\" \/><\/h1>\n<h1 style=\"text-align: center;\">&#8211;<\/h1>\n<h1 id=\"photo\" style=\"text-align: center;\"><img class=\"colorbox-20102\"  loading=\"lazy\" decoding=\"async\" src=\"http:\/\/didierlemarchand.net\/4_site_nouveau\/portfolio-N3\/vanite_N3\/PF3_vanite_12\/plage_26.jpg\" alt=\"vanite-12-26\" width=\"660\" height=\"438\" \/><\/h1>\n<h1 style=\"text-align: center;\">&#8211;<\/h1>\n<h1 id=\"photo\" style=\"text-align: center;\"><img class=\"colorbox-20102\"  loading=\"lazy\" decoding=\"async\" src=\"http:\/\/didierlemarchand.net\/4_site_nouveau\/portfolio-N3\/vanite_N3\/PF3_vanite_12\/plage_27.jpg\" alt=\"vanite-12-27\" width=\"660\" height=\"438\" \/><\/h1>\n<h1 style=\"text-align: center;\">&#8211;<\/h1>\n<h1 id=\"photo\" style=\"text-align: center;\"><img class=\"colorbox-20102\"  loading=\"lazy\" decoding=\"async\" src=\"http:\/\/didierlemarchand.net\/4_site_nouveau\/portfolio-N3\/vanite_N3\/PF3_vanite_12\/plage_28.jpg\" alt=\"vanite-12-28\" width=\"660\" height=\"438\" \/><\/h1>\n<h1 style=\"text-align: center;\">&#8211;<\/h1>\n<h1 id=\"photo\" style=\"text-align: center;\"><img class=\"colorbox-20102\"  loading=\"lazy\" decoding=\"async\" src=\"http:\/\/didierlemarchand.net\/4_site_nouveau\/portfolio-N3\/vanite_N3\/PF3_vanite_12\/plage_29.jpg\" alt=\"vanite-12-29\" width=\"660\" height=\"438\" \/><\/h1>\n<h1 style=\"text-align: center;\">&#8211;<\/h1>\n<h1 id=\"photo\" style=\"text-align: center;\"><img class=\"colorbox-20102\"  loading=\"lazy\" decoding=\"async\" src=\"http:\/\/didierlemarchand.net\/4_site_nouveau\/portfolio-N3\/vanite_N3\/PF3_vanite_12\/plage_30.jpg\" alt=\"vanite-12-30\" width=\"660\" height=\"438\" \/><\/h1>\n<h1 style=\"text-align: center;\">&#8211;<\/h1>\n<p><strong>Sur la plage abandonn\u00e9s &#8230;<br \/>\n<\/strong><\/p>\n<p>Si un extra-terrestre d\u00e9barquait sur nos plages, quelle lecture ferait-il de tous ces id\u00e9ogrammes que sont \u00e0 la fois ces algues, ces d\u00e9bris v\u00e9g\u00e9taux mais aussi ces bouts de cordages, ces morceaux de plastiques.<br \/>\nCes traces naturelles ou r\u00e9sultant de l\u2019activit\u00e9 humaine se confondent. Seule une sensibilit\u00e9 \u00e9cologique les diff\u00e9rencie et y voit un t\u00e9lescopage inqui\u00e9tant.<br \/>\nCette s\u00e9rie rend compte de ce ph\u00e9nom\u00e8ne par la confrontation de ces deux univers sous la forme de diptyques.<\/p>\n<p>Je remercie, pour avoir fait germer ce projet, les plages de la Baie d&rsquo;Authie, de Berck, de Boulogne-sur-mer, de Brignogan, d&rsquo;Equihen, de Fort-Mahon, d&rsquo;Ichinomiya, de Kamakura, de Malo-les-Bains, de Meneham, de Portocello et de Saint-Michel-en-Gr\u00e8ve.<\/p>\n","protected":false},"excerpt":{"rendered":"<p>s\u00e9rie d\u00e9velopp\u00e9e depuis 2015 &#8211; impressions jet d&rsquo;encre pigmentaire &#8211; formats : 30 x 62 cm dossier de pr\u00e9sentation t\u00e9l\u00e9chargeable <span class=\"ellipsis\">&hellip;<\/span> <span class=\"more-link-wrap\"><a href=\"https:\/\/didierlemarchand.net\/site\/portfolio-2\/vanite\/vanite_9-2\/\" class=\"more-link\"><span>Continue Reading &rarr;<\/span><\/a><\/span><\/p>\n","protected":false},"author":2,"featured_media":0,"parent":1342,"menu_order":6,"comment_status":"closed","ping_status":"closed","template":"","meta":{"_seopress_robots_primary_cat":"","_seopress_titles_title":"","_seopress_titles_desc":"","_seopress_robots_index":"","footnotes":""},"_links":{"self":[{"href":"https:\/\/didierlemarchand.net\/site\/wp-json\/wp\/v2\/pages\/20102"}],"collection":[{"href":"https:\/\/didierlemarchand.net\/site\/wp-json\/wp\/v2\/pages"}],"about":[{"href":"https:\/\/didierlemarchand.net\/site\/wp-json\/wp\/v2\/types\/page"}],"author":[{"embeddable":true,"href":"https:\/\/didierlemarchand.net\/site\/wp-json\/wp\/v2\/users\/2"}],"replies":[{"embeddable":true,"href":"https:\/\/didierlemarchand.net\/site\/wp-json\/wp\/v2\/comments?post=20102"}],"version-history":[{"count":25,"href":"https:\/\/didierlemarchand.net\/site\/wp-json\/wp\/v2\/pages\/20102\/revisions"}],"predecessor-version":[{"id":20565,"href":"https:\/\/didierlemarchand.net\/site\/wp-json\/wp\/v2\/pages\/20102\/revisions\/20565"}],"up":[{"embeddable":true,"href":"https:\/\/didierlemarchand.net\/site\/wp-json\/wp\/v2\/pages\/1342"}],"wp:attachment":[{"href":"https:\/\/didierlemarchand.net\/site\/wp-json\/wp\/v2\/media?parent=20102"}],"curies":[{"name":"wp","href":"https:\/\/api.w.org\/{rel}","templated":true}]}}