{"id":20090,"date":"2022-12-01T21:21:01","date_gmt":"2022-12-01T20:21:01","guid":{"rendered":"http:\/\/didierlemarchand.net\/site\/?page_id=20090"},"modified":"2025-10-13T06:29:01","modified_gmt":"2025-10-13T04:29:01","slug":"3-7","status":"publish","type":"page","link":"https:\/\/didierlemarchand.net\/site\/portfolio-2\/resurgences\/3-7\/","title":{"rendered":"r\u00e9surgence 3.7 : faire voile"},"content":{"rendered":"<p style=\"text-align: center;\">s\u00e9rie d\u00e9velopp\u00e9e depuis 2005 &#8211; impressions jet d&rsquo;encre pigmentaire &#8211; formats : 30 x 30 cm<\/p>\n<p style=\"text-align: center;\"><a href=\"http:\/\/didierlemarchand.net\/4_site_nouveau\/dossiers_telechargeables\/D-Lemarchand-resurgence-3-7.pdf\" target=\"_blank\" rel=\"noopener\">dossier de pr\u00e9sentation t\u00e9l\u00e9chargeable<\/a><\/p>\n<h1 style=\"text-align: center;\">&#8211;<\/h1>\n<h1 id=\"photo\" style=\"text-align: center;\"><img class=\"colorbox-20090\"  loading=\"lazy\" decoding=\"async\" src=\"http:\/\/didierlemarchand.net\/4_site_nouveau\/portfolio-N3\/resurgence_N3\/PF3_resurgence_05_2\/resurgence_05_2_01.jpeg\" alt=\"resurgence-5-2-1\" width=\"438\" height=\"438\" \/><\/h1>\n<h1 style=\"text-align: center;\">&#8211;<\/h1>\n<h1 id=\"photo\" style=\"text-align: center;\"><img class=\"colorbox-20090\"  loading=\"lazy\" decoding=\"async\" src=\"http:\/\/didierlemarchand.net\/4_site_nouveau\/portfolio-N3\/resurgence_N3\/PF3_resurgence_05_2\/resurgence_05_2_02.jpeg\" alt=\"resurgence-5-2-2\" width=\"438\" height=\"438\" \/><\/h1>\n<h1 style=\"text-align: center;\">&#8211;<\/h1>\n<h1 id=\"photo\" style=\"text-align: center;\"><img class=\"colorbox-20090\"  loading=\"lazy\" decoding=\"async\" src=\"http:\/\/didierlemarchand.net\/4_site_nouveau\/portfolio-N3\/resurgence_N3\/PF3_resurgence_05_2\/resurgence_05_2_03.jpeg\" alt=\"resurgence-5-2-3\" width=\"438\" height=\"438\" \/><\/h1>\n<h1 style=\"text-align: center;\">&#8211;<\/h1>\n<h1 id=\"photo\" style=\"text-align: center;\"><img class=\"colorbox-20090\"  loading=\"lazy\" decoding=\"async\" src=\"http:\/\/didierlemarchand.net\/4_site_nouveau\/portfolio-N3\/resurgence_N3\/PF3_resurgence_05_2\/resurgence_05_2_04.jpeg\" alt=\"resurgence-5-2-4\" width=\"438\" height=\"438\" \/><\/h1>\n<h1 style=\"text-align: center;\">&#8211;<\/h1>\n<h1 id=\"photo\" style=\"text-align: center;\"><img class=\"colorbox-20090\"  loading=\"lazy\" decoding=\"async\" src=\"http:\/\/didierlemarchand.net\/4_site_nouveau\/portfolio-N3\/resurgence_N3\/PF3_resurgence_05_2\/resurgence_05_2_05.jpeg\" alt=\"resurgence-5-2-5\" width=\"438\" height=\"438\" \/><\/h1>\n<h1 style=\"text-align: center;\">&#8211;<\/h1>\n<h1 id=\"photo\" style=\"text-align: center;\"><img class=\"colorbox-20090\"  loading=\"lazy\" decoding=\"async\" src=\"http:\/\/didierlemarchand.net\/4_site_nouveau\/portfolio-N3\/resurgence_N3\/PF3_resurgence_05_2\/resurgence_05_2_06.jpeg\" alt=\"resurgence-5-2-6\" width=\"438\" height=\"438\" \/><\/h1>\n<h1 style=\"text-align: center;\">&#8211;<\/h1>\n<h1 id=\"photo\" style=\"text-align: center;\"><img class=\"colorbox-20090\"  loading=\"lazy\" decoding=\"async\" src=\"http:\/\/didierlemarchand.net\/4_site_nouveau\/portfolio-N3\/resurgence_N3\/PF3_resurgence_05_2\/resurgence_05_2_07.jpeg\" alt=\"resurgence-5-2-7\" width=\"438\" height=\"438\" \/><\/h1>\n<h1 style=\"text-align: center;\">&#8211;<\/h1>\n<h1 id=\"photo\" style=\"text-align: center;\"><img class=\"colorbox-20090\"  loading=\"lazy\" decoding=\"async\" src=\"http:\/\/didierlemarchand.net\/4_site_nouveau\/portfolio-N3\/resurgence_N3\/PF3_resurgence_05_2\/resurgence_05_2_08.jpeg\" alt=\"resurgence-5-2-8\" width=\"438\" height=\"438\" \/><\/h1>\n<h1 style=\"text-align: center;\">&#8211;<\/h1>\n<h1 id=\"photo\" style=\"text-align: center;\"><img class=\"colorbox-20090\"  loading=\"lazy\" decoding=\"async\" src=\"http:\/\/didierlemarchand.net\/4_site_nouveau\/portfolio-N3\/resurgence_N3\/PF3_resurgence_05_2\/resurgence_05_2_09.jpeg\" alt=\"resurgence-5-2-9\" width=\"438\" height=\"438\" \/><\/h1>\n<h1 style=\"text-align: center;\">&#8211;<\/h1>\n<h1 id=\"photo\" style=\"text-align: center;\"><img class=\"colorbox-20090\"  loading=\"lazy\" decoding=\"async\" src=\"http:\/\/didierlemarchand.net\/4_site_nouveau\/portfolio-N3\/resurgence_N3\/PF3_resurgence_05_2\/resurgence_05_2_10.jpeg\" alt=\"resurgence-5-2-10\" width=\"438\" height=\"438\" \/><\/h1>\n<h1 style=\"text-align: center;\">&#8211;<\/h1>\n<h1 id=\"photo\" style=\"text-align: center;\"><img class=\"colorbox-20090\"  loading=\"lazy\" decoding=\"async\" src=\"http:\/\/didierlemarchand.net\/4_site_nouveau\/portfolio-N3\/resurgence_N3\/PF3_resurgence_05_2\/resurgence_05_2_11.jpeg\" alt=\"resurgence-5-2-11\" width=\"438\" height=\"438\" \/><\/h1>\n<h1 style=\"text-align: center;\">&#8211;<\/h1>\n<h1 id=\"photo\" style=\"text-align: center;\"><img class=\"colorbox-20090\"  loading=\"lazy\" decoding=\"async\" src=\"http:\/\/didierlemarchand.net\/4_site_nouveau\/portfolio-N3\/resurgence_N3\/PF3_resurgence_05_2\/resurgence_05_2_12.jpeg\" alt=\"resurgence-5-2-121\" width=\"438\" height=\"438\" \/><\/h1>\n<h1 style=\"text-align: center;\">&#8211;<\/h1>\n<h1 id=\"photo\" style=\"text-align: center;\"><img class=\"colorbox-20090\"  loading=\"lazy\" decoding=\"async\" src=\"http:\/\/didierlemarchand.net\/4_site_nouveau\/portfolio-N3\/resurgence_N3\/PF3_resurgence_05_2\/resurgence_05_2_13.jpeg\" alt=\"resurgence-5-2-13\" width=\"438\" height=\"438\" \/><\/h1>\n<h1 style=\"text-align: center;\">&#8211;<\/h1>\n<h1 id=\"photo\" style=\"text-align: center;\"><img class=\"colorbox-20090\"  loading=\"lazy\" decoding=\"async\" src=\"http:\/\/didierlemarchand.net\/4_site_nouveau\/portfolio-N3\/resurgence_N3\/PF3_resurgence_05_2\/resurgence_05_2_14.jpeg\" alt=\"resurgence-5-2-14\" width=\"438\" height=\"438\" \/><\/h1>\n<h1 style=\"text-align: center;\">&#8211;<\/h1>\n<h1 id=\"photo\" style=\"text-align: center;\"><img class=\"colorbox-20090\"  loading=\"lazy\" decoding=\"async\" src=\"http:\/\/didierlemarchand.net\/4_site_nouveau\/portfolio-N3\/resurgence_N3\/PF3_resurgence_05_2\/resurgence_05_2_15.jpeg\" alt=\"resurgence-5-2-15\" width=\"438\" height=\"438\" \/><\/h1>\n<h1 style=\"text-align: center;\">&#8211;<\/h1>\n<h1 id=\"photo\" style=\"text-align: center;\"><img class=\"colorbox-20090\"  loading=\"lazy\" decoding=\"async\" src=\"http:\/\/didierlemarchand.net\/4_site_nouveau\/portfolio-N3\/resurgence_N3\/PF3_resurgence_05_2\/resurgence_05_2_16.jpeg\" alt=\"resurgence-5-2-16\" width=\"438\" height=\"438\" \/><\/h1>\n<h1 style=\"text-align: center;\">&#8211;<\/h1>\n<h1 id=\"photo\" style=\"text-align: center;\"><img class=\"colorbox-20090\"  loading=\"lazy\" decoding=\"async\" src=\"http:\/\/didierlemarchand.net\/4_site_nouveau\/portfolio-N3\/resurgence_N3\/PF3_resurgence_05_2\/resurgence_05_2_17.jpeg\" alt=\"resurgence-5-2-17\" width=\"438\" height=\"438\" \/><\/h1>\n<h1 style=\"text-align: center;\">&#8211;<\/h1>\n<h1 id=\"photo\" style=\"text-align: center;\"><img class=\"colorbox-20090\"  loading=\"lazy\" decoding=\"async\" src=\"http:\/\/didierlemarchand.net\/4_site_nouveau\/portfolio-N3\/resurgence_N3\/PF3_resurgence_05_2\/resurgence_05_2_18.jpeg\" alt=\"resurgence-5-2-18\" width=\"438\" height=\"438\" \/><\/h1>\n<h1 style=\"text-align: center;\">&#8211;<\/h1>\n<h1 id=\"photo\" style=\"text-align: center;\"><img class=\"colorbox-20090\"  loading=\"lazy\" decoding=\"async\" src=\"http:\/\/didierlemarchand.net\/4_site_nouveau\/portfolio-N3\/resurgence_N3\/PF3_resurgence_05_2\/resurgence_05_2_19.jpeg\" alt=\"resurgence-5-2-19\" width=\"438\" height=\"438\" \/><\/h1>\n<h1 style=\"text-align: center;\">&#8211;<\/h1>\n<h1 id=\"photo\" style=\"text-align: center;\"><img class=\"colorbox-20090\"  loading=\"lazy\" decoding=\"async\" src=\"http:\/\/didierlemarchand.net\/4_site_nouveau\/portfolio-N3\/resurgence_N3\/PF3_resurgence_05_2\/resurgence_05_2_20.jpeg\" alt=\"resurgence-5-2-20\" width=\"438\" height=\"438\" \/><\/h1>\n<h1 style=\"text-align: center;\">&#8211;<\/h1>\n<p><strong>Faire voile<\/strong><\/p>\n<p>Nul besoin de se d\u00e9placer pour voyager.<br \/>\nOn peut naviguer en lisant (Melville, Hugo, Stevenson, Rimbaud, Herg\u00e9), en r\u00eavant, en r\u00eavassant devant des maquettes de bateaux.<br \/>\nC\u2019est ainsi qu\u2019a commenc\u00e9 cette s\u00e9rie en 2005 qui s\u2019enrichit au gr\u00e9 de d\u00e9couvertes de nouveaux mus\u00e9es.<br \/>\nQuitter la terre ferme, s\u2019oublier, oublier les notions d\u2019espace, d\u2019\u00e9chelle et partir en embarquant avec soi le spectateur.<\/p>\n<h1 style=\"text-align: center;\">&#8211;<\/h1>\n<p>(Ce ne sera pas la travers\u00e9e de la conclusion, non,<br \/>\nCe sera sortie puis entr\u00e9e s\u00fbre dans ce qui il y a de plus vrai, de meilleur, de plus m\u00fbr)<br \/>\nQuitte, quitte la terre ferme \u2013 plus de retour vers ces rivages,<br \/>\nVers l\u2019avant pour toujours, une libre aventure sans fin notre route\u00a0!<br \/>\nNous m\u00e9priserons les ports, les mers, les c\u00e2bles, les densit\u00e9s, les gravitations d\u00e9j\u00e0 connues<br \/>\nL\u00e2che les voiles, yacht eidolon de moi-m\u00eame.<\/p>\n<p>Walt Whitman \u2013 Feuilles d\u2019herbe<\/p>\n<p>&nbsp;<\/p>\n","protected":false},"excerpt":{"rendered":"<p>s\u00e9rie d\u00e9velopp\u00e9e depuis 2005 &#8211; impressions jet d&rsquo;encre pigmentaire &#8211; formats : 30 x 30 cm dossier de pr\u00e9sentation t\u00e9l\u00e9chargeable <span class=\"ellipsis\">&hellip;<\/span> <span class=\"more-link-wrap\"><a href=\"https:\/\/didierlemarchand.net\/site\/portfolio-2\/resurgences\/3-7\/\" class=\"more-link\"><span>Continue Reading &rarr;<\/span><\/a><\/span><\/p>\n","protected":false},"author":2,"featured_media":0,"parent":1300,"menu_order":9,"comment_status":"closed","ping_status":"closed","template":"","meta":{"_seopress_robots_primary_cat":"","_seopress_titles_title":"","_seopress_titles_desc":"","_seopress_robots_index":"","footnotes":""},"_links":{"self":[{"href":"https:\/\/didierlemarchand.net\/site\/wp-json\/wp\/v2\/pages\/20090"}],"collection":[{"href":"https:\/\/didierlemarchand.net\/site\/wp-json\/wp\/v2\/pages"}],"about":[{"href":"https:\/\/didierlemarchand.net\/site\/wp-json\/wp\/v2\/types\/page"}],"author":[{"embeddable":true,"href":"https:\/\/didierlemarchand.net\/site\/wp-json\/wp\/v2\/users\/2"}],"replies":[{"embeddable":true,"href":"https:\/\/didierlemarchand.net\/site\/wp-json\/wp\/v2\/comments?post=20090"}],"version-history":[{"count":18,"href":"https:\/\/didierlemarchand.net\/site\/wp-json\/wp\/v2\/pages\/20090\/revisions"}],"predecessor-version":[{"id":20557,"href":"https:\/\/didierlemarchand.net\/site\/wp-json\/wp\/v2\/pages\/20090\/revisions\/20557"}],"up":[{"embeddable":true,"href":"https:\/\/didierlemarchand.net\/site\/wp-json\/wp\/v2\/pages\/1300"}],"wp:attachment":[{"href":"https:\/\/didierlemarchand.net\/site\/wp-json\/wp\/v2\/media?parent=20090"}],"curies":[{"name":"wp","href":"https:\/\/api.w.org\/{rel}","templated":true}]}}