{"id":1965,"date":"2018-02-08T19:12:47","date_gmt":"2018-02-08T18:12:47","guid":{"rendered":"http:\/\/didierlemarchand.net\/site\/?page_id=1965"},"modified":"2018-03-01T12:12:39","modified_gmt":"2018-03-01T11:12:39","slug":"mot-4","status":"publish","type":"page","link":"https:\/\/didierlemarchand.net\/site\/portfolio-2\/mots\/mot-4\/","title":{"rendered":"mot 4"},"content":{"rendered":"<p style=\"text-align: center;\">2008 &#8211; s\u00e9rie en cours &#8211; 24 x 24 cm &#8211; impression jet d&rsquo;encre<\/p>\n<p style=\"text-align: center;\"><a href=\"http:\/\/didierlemarchand.net\/4_site_nouveau\/dossiers_telechargeables\/D_Lemarchand_mot_4.pdf\" target=\"_blank\" rel=\"noopener\">dossier t\u00e9l\u00e9chargeable en pdf<\/a><\/p>\n<h1 style=\"text-align: center;\">&#8211;<\/h1>\n<p style=\"text-align: center;\"><img loading=\"lazy\" decoding=\"async\" class=\"alignnone size-medium colorbox-1965\" src=\"http:\/\/didierlemarchand.net\/4_site_nouveau\/portfolio-N3\/mot_N3\/PF3_mot_4\/mot_4_004.JPG\" width=\"438\" height=\"438\" \/><\/p>\n<h1><\/h1>\n<p>&nbsp;<\/p>\n<h1 style=\"text-align: center;\">&#8211;<\/h1>\n<h1><\/h1>\n<p>&nbsp;<\/p>\n<p style=\"text-align: center;\"><img loading=\"lazy\" decoding=\"async\" class=\"alignnone size-medium colorbox-1965\" src=\"http:\/\/didierlemarchand.net\/4_site_nouveau\/portfolio-N3\/mot_N3\/PF3_mot_4\/mot_4_007.JPG\" width=\"438\" height=\"438\" \/><\/p>\n<h1><\/h1>\n<p>&nbsp;<\/p>\n<h1 style=\"text-align: center;\">&#8211;<\/h1>\n<h1><\/h1>\n<p>&nbsp;<\/p>\n<p style=\"text-align: center;\"><img loading=\"lazy\" decoding=\"async\" class=\"alignnone size-medium colorbox-1965\" src=\"http:\/\/didierlemarchand.net\/4_site_nouveau\/portfolio-N3\/mot_N3\/PF3_mot_4\/mot_4_009.JPG\" width=\"438\" height=\"438\" \/><\/p>\n<h1><\/h1>\n<p>&nbsp;<\/p>\n<h1 style=\"text-align: center;\">&#8211;<\/h1>\n<h1><\/h1>\n<p>&nbsp;<\/p>\n<p style=\"text-align: center;\"><img loading=\"lazy\" decoding=\"async\" class=\"alignnone size-medium colorbox-1965\" src=\"http:\/\/didierlemarchand.net\/4_site_nouveau\/portfolio-N3\/mot_N3\/PF3_mot_4\/mot_4_010.JPG\" width=\"438\" height=\"438\" \/><\/p>\n<h1><\/h1>\n<p>&nbsp;<\/p>\n<h1 style=\"text-align: center;\">&#8211;<\/h1>\n<h1><\/h1>\n<p>&nbsp;<\/p>\n<p style=\"text-align: center;\"><img loading=\"lazy\" decoding=\"async\" class=\"alignnone size-medium colorbox-1965\" src=\"http:\/\/didierlemarchand.net\/4_site_nouveau\/portfolio-N3\/mot_N3\/PF3_mot_4\/mot_4_013.JPG\" width=\"438\" height=\"438\" \/><\/p>\n<h1><\/h1>\n<p>&nbsp;<\/p>\n<h1 style=\"text-align: center;\">&#8211;<\/h1>\n<h1><\/h1>\n<p>&nbsp;<\/p>\n<p style=\"text-align: center;\"><img loading=\"lazy\" decoding=\"async\" class=\"alignnone size-medium colorbox-1965\" src=\"http:\/\/didierlemarchand.net\/4_site_nouveau\/portfolio-N3\/mot_N3\/PF3_mot_4\/mot_4_015.JPG\" width=\"438\" height=\"438\" \/><\/p>\n<h1><\/h1>\n<p>&nbsp;<\/p>\n<h1 style=\"text-align: center;\">&#8211;<\/h1>\n<h1><\/h1>\n<p>&nbsp;<\/p>\n<p style=\"text-align: center;\"><img loading=\"lazy\" decoding=\"async\" class=\"alignnone size-medium colorbox-1965\" src=\"http:\/\/didierlemarchand.net\/4_site_nouveau\/portfolio-N3\/mot_N3\/PF3_mot_4\/mot_4_020.JPG\" width=\"438\" height=\"438\" \/><\/p>\n<h1><\/h1>\n<p>&nbsp;<\/p>\n<h1 style=\"text-align: center;\">&#8211;<\/h1>\n<h1><\/h1>\n<p>&nbsp;<\/p>\n<p style=\"text-align: center;\"><img loading=\"lazy\" decoding=\"async\" class=\"alignnone size-medium colorbox-1965\" src=\"http:\/\/didierlemarchand.net\/4_site_nouveau\/portfolio-N3\/mot_N3\/PF3_mot_4\/mot_4_021.JPG\" width=\"438\" height=\"438\" \/><\/p>\n<h1><\/h1>\n<p>&nbsp;<\/p>\n<h1 style=\"text-align: center;\">&#8211;<\/h1>\n<h1><\/h1>\n<p>&nbsp;<\/p>\n<p style=\"text-align: center;\"><img loading=\"lazy\" decoding=\"async\" class=\"alignnone size-medium colorbox-1965\" src=\"http:\/\/didierlemarchand.net\/4_site_nouveau\/portfolio-N3\/mot_N3\/PF3_mot_4\/mot_4_023.JPG\" width=\"438\" height=\"438\" \/><\/p>\n<h1><\/h1>\n<p>&nbsp;<\/p>\n<h1 style=\"text-align: center;\">&#8211;<\/h1>\n<h1><\/h1>\n<p>&nbsp;<\/p>\n<p style=\"text-align: center;\"><img loading=\"lazy\" decoding=\"async\" class=\"alignnone size-medium colorbox-1965\" src=\"http:\/\/didierlemarchand.net\/4_site_nouveau\/portfolio-N3\/mot_N3\/PF3_mot_4\/mot_4_027.JPG\" width=\"438\" height=\"438\" \/><\/p>\n<h1><\/h1>\n<p>&nbsp;<\/p>\n<h1 style=\"text-align: center;\">&#8211;<\/h1>\n<h1><\/h1>\n<p>&nbsp;<\/p>\n<p style=\"text-align: center;\"><img loading=\"lazy\" decoding=\"async\" class=\"alignnone size-medium colorbox-1965\" src=\"http:\/\/didierlemarchand.net\/4_site_nouveau\/portfolio-N3\/mot_N3\/PF3_mot_4\/mot_4_029.JPG\" width=\"438\" height=\"438\" \/><\/p>\n<h1><\/h1>\n<p>&nbsp;<\/p>\n<h1 style=\"text-align: center;\">&#8211;<\/h1>\n<h1><\/h1>\n<p>&nbsp;<\/p>\n<p style=\"text-align: center;\"><img loading=\"lazy\" decoding=\"async\" class=\"alignnone size-medium colorbox-1965\" src=\"http:\/\/didierlemarchand.net\/4_site_nouveau\/portfolio-N3\/mot_N3\/PF3_mot_4\/mot_4_030.JPG\" width=\"438\" height=\"438\" \/><\/p>\n<h1><\/h1>\n<p>&nbsp;<\/p>\n<h1 style=\"text-align: center;\">&#8211;<\/h1>\n<h1><\/h1>\n<p>&nbsp;<\/p>\n<p style=\"text-align: center;\"><img loading=\"lazy\" decoding=\"async\" class=\"alignnone size-medium colorbox-1965\" src=\"http:\/\/didierlemarchand.net\/4_site_nouveau\/portfolio-N3\/mot_N3\/PF3_mot_4\/mot_4_033.JPG\" width=\"438\" height=\"438\" \/><\/p>\n<h1><\/h1>\n<p>&nbsp;<\/p>\n<h1 style=\"text-align: center;\">&#8211;<\/h1>\n<h1 style=\"text-align: center;\"><\/h1>\n<p><strong>Bribes de mots.<\/strong><\/p>\n<p>Comme dans mot 3, j&rsquo;aborde dans cette s\u00e9rie le probl\u00e8me de la relation du signe au r\u00e9el \u00e0 travers la pr\u00e9sence d&rsquo;un mot dans une photographie, \u00e0 la seule diff\u00e9rence qu&rsquo;ici les mots se trouvent \u00eatre tronqu\u00e9s.<\/p>\n<p>De nouvelles questions se posent\u00a0: de quel mot est-il la bribe\u00a0? Devient-il un autre mot\u00a0? A quelle partie d&rsquo;un mot correspond-il\u00a0? Pourquoi n&rsquo;est-il pas entier\u00a0?<\/p>\n<p>L&rsquo;incompl\u00e9tude devient alors un embrayeur de r\u00e9flexion, une ouverture \u00e0 la po\u00e9sie, au songe.<\/p>\n<p>De la l\u00e9gende qui rassure, confirme, explique, nous sommes pass\u00e9s au questionnement, \u00e0 la digression, \u00e0 l&rsquo;allusion, au pi\u00e8ge ou encore au jeu de mot.<\/p>\n","protected":false},"excerpt":{"rendered":"<p>2008 &#8211; s\u00e9rie en cours &#8211; 24 x 24 cm &#8211; impression jet d&rsquo;encre dossier t\u00e9l\u00e9chargeable en pdf &#8211; &nbsp; <span class=\"ellipsis\">&hellip;<\/span> <span class=\"more-link-wrap\"><a href=\"https:\/\/didierlemarchand.net\/site\/portfolio-2\/mots\/mot-4\/\" class=\"more-link\"><span>Continue Reading &rarr;<\/span><\/a><\/span><\/p>\n","protected":false},"author":2,"featured_media":0,"parent":1315,"menu_order":81,"comment_status":"closed","ping_status":"closed","template":"","meta":{"_seopress_robots_primary_cat":"","_seopress_titles_title":"","_seopress_titles_desc":"","_seopress_robots_index":"","footnotes":""},"_links":{"self":[{"href":"https:\/\/didierlemarchand.net\/site\/wp-json\/wp\/v2\/pages\/1965"}],"collection":[{"href":"https:\/\/didierlemarchand.net\/site\/wp-json\/wp\/v2\/pages"}],"about":[{"href":"https:\/\/didierlemarchand.net\/site\/wp-json\/wp\/v2\/types\/page"}],"author":[{"embeddable":true,"href":"https:\/\/didierlemarchand.net\/site\/wp-json\/wp\/v2\/users\/2"}],"replies":[{"embeddable":true,"href":"https:\/\/didierlemarchand.net\/site\/wp-json\/wp\/v2\/comments?post=1965"}],"version-history":[{"count":8,"href":"https:\/\/didierlemarchand.net\/site\/wp-json\/wp\/v2\/pages\/1965\/revisions"}],"predecessor-version":[{"id":2404,"href":"https:\/\/didierlemarchand.net\/site\/wp-json\/wp\/v2\/pages\/1965\/revisions\/2404"}],"up":[{"embeddable":true,"href":"https:\/\/didierlemarchand.net\/site\/wp-json\/wp\/v2\/pages\/1315"}],"wp:attachment":[{"href":"https:\/\/didierlemarchand.net\/site\/wp-json\/wp\/v2\/media?parent=1965"}],"curies":[{"name":"wp","href":"https:\/\/api.w.org\/{rel}","templated":true}]}}