{"id":1950,"date":"2018-02-08T16:35:37","date_gmt":"2018-02-08T15:35:37","guid":{"rendered":"http:\/\/didierlemarchand.net\/site\/?page_id=1950"},"modified":"2018-02-28T10:47:42","modified_gmt":"2018-02-28T09:47:42","slug":"melting-poste-livre","status":"publish","type":"page","link":"https:\/\/didierlemarchand.net\/site\/portfolio-2\/mots\/melting-poste-livre\/","title":{"rendered":"melting poste, un livre"},"content":{"rendered":"<p style=\"text-align: center;\"><img loading=\"lazy\" decoding=\"async\" class=\"aligncenter size-medium colorbox-1950\" src=\"http:\/\/didierlemarchand.net\/4_site_nouveau\/portfolio-N3\/mot_N3\/PF3_meltingP\/couverture.jpg\" width=\"600\" height=\"600\" \/><\/p>\n<p>&nbsp;<\/p>\n<p style=\"text-align: justify;\">Ces photographies de bo\u00eetes aux lettres ne donnent pas \u00e0 voir mais \u00e0 imaginer. Leur identit\u00e9 visuelle appelle implicitement \u00e0 l\u2019\u00e9criture. Le \u00ab\u2009Ce que j\u2019ai \u00e0 te dire\u2009\u00bb du narrateur r\u00e9pond \u00e0 cet \u00eatre-l\u00e0, cette pr\u00e9sence discr\u00e8te, effac\u00e9e ou inter\u00adjective et aguicheuse de l\u2019image. L\u2019exub\u00e9rance narrative et l\u2019humour s\u2019accordent \u00e0 la beaut\u00e9 singuli\u00e8re et po\u00e9tique de ces photographies.<\/p>\n<p>&nbsp;<\/p>\n<p style=\"text-align: center;\">14 x 14 cm, 80 pages, 500 exemplaires<\/p>\n<p style=\"text-align: center;\">prix public : 14\u20ac<\/p>\n<p>&nbsp;<\/p>\n<p style=\"text-align: center;\">***<\/p>\n<p style=\"text-align: center;\">A l&rsquo;occasion de sa parution<\/p>\n<p style=\"text-align: center;\">une lecture a \u00e9t\u00e9 organis\u00e9e<\/p>\n<h4 style=\"text-align: center;\">\u00e0 l&rsquo;Horloge<\/h4>\n<p style=\"text-align: center;\">60170 Ollencourt<\/p>\n<p style=\"text-align: center;\">par<\/p>\n<p style=\"text-align: center;\">l&rsquo;association Traces &amp; Cie<\/p>\n<p style=\"text-align: center;\">le 12 d\u00e9cembre 2015<\/p>\n<p style=\"text-align: center;\"><img loading=\"lazy\" decoding=\"async\" class=\"aligncenter size-medium colorbox-1950\" src=\"http:\/\/didierlemarchand.net\/4_site_nouveau\/portfolio-N3\/mot_N3\/PF3_meltingP\/lancement_1.jpg\" width=\"600\" height=\"452\" \/><\/p>\n<p style=\"text-align: center;\"><img loading=\"lazy\" decoding=\"async\" class=\"aligncenter size-medium colorbox-1950\" src=\"http:\/\/didierlemarchand.net\/4_site_nouveau\/portfolio-N3\/mot_N3\/PF3_meltingP\/lancement_2.jpg\" width=\"600\" height=\"452\" \/><\/p>\n<p style=\"text-align: center;\"><img loading=\"lazy\" decoding=\"async\" class=\"aligncenter size-medium colorbox-1950\" src=\"http:\/\/didierlemarchand.net\/4_site_nouveau\/portfolio-N3\/mot_N3\/PF3_meltingP\/lancement_3.jpg\" width=\"600\" height=\"452\" \/><\/p>\n<p style=\"text-align: center;\"><img loading=\"lazy\" decoding=\"async\" class=\"aligncenter size-medium colorbox-1950\" src=\"http:\/\/didierlemarchand.net\/4_site_nouveau\/portfolio-N3\/mot_N3\/PF3_meltingP\/lancement_4.jpg\" width=\"600\" height=\"452\" \/><\/p>\n","protected":false},"excerpt":{"rendered":"<p>&nbsp; Ces photographies de bo\u00eetes aux lettres ne donnent pas \u00e0 voir mais \u00e0 imaginer. Leur identit\u00e9 visuelle appelle implicitement <span class=\"ellipsis\">&hellip;<\/span> <span class=\"more-link-wrap\"><a href=\"https:\/\/didierlemarchand.net\/site\/portfolio-2\/mots\/melting-poste-livre\/\" class=\"more-link\"><span>Continue Reading &rarr;<\/span><\/a><\/span><\/p>\n","protected":false},"author":2,"featured_media":0,"parent":1315,"menu_order":63,"comment_status":"closed","ping_status":"closed","template":"","meta":{"_seopress_robots_primary_cat":"","_seopress_titles_title":"","_seopress_titles_desc":"","_seopress_robots_index":"","footnotes":""},"_links":{"self":[{"href":"https:\/\/didierlemarchand.net\/site\/wp-json\/wp\/v2\/pages\/1950"}],"collection":[{"href":"https:\/\/didierlemarchand.net\/site\/wp-json\/wp\/v2\/pages"}],"about":[{"href":"https:\/\/didierlemarchand.net\/site\/wp-json\/wp\/v2\/types\/page"}],"author":[{"embeddable":true,"href":"https:\/\/didierlemarchand.net\/site\/wp-json\/wp\/v2\/users\/2"}],"replies":[{"embeddable":true,"href":"https:\/\/didierlemarchand.net\/site\/wp-json\/wp\/v2\/comments?post=1950"}],"version-history":[{"count":3,"href":"https:\/\/didierlemarchand.net\/site\/wp-json\/wp\/v2\/pages\/1950\/revisions"}],"predecessor-version":[{"id":2392,"href":"https:\/\/didierlemarchand.net\/site\/wp-json\/wp\/v2\/pages\/1950\/revisions\/2392"}],"up":[{"embeddable":true,"href":"https:\/\/didierlemarchand.net\/site\/wp-json\/wp\/v2\/pages\/1315"}],"wp:attachment":[{"href":"https:\/\/didierlemarchand.net\/site\/wp-json\/wp\/v2\/media?parent=1950"}],"curies":[{"name":"wp","href":"https:\/\/api.w.org\/{rel}","templated":true}]}}