{"id":1943,"date":"2018-02-08T15:49:59","date_gmt":"2018-02-08T14:49:59","guid":{"rendered":"http:\/\/didierlemarchand.net\/site\/?page_id=1943"},"modified":"2018-02-09T10:25:18","modified_gmt":"2018-02-09T09:25:18","slug":"melting-poste","status":"publish","type":"page","link":"https:\/\/didierlemarchand.net\/site\/portfolio-2\/mots\/melting-poste\/","title":{"rendered":"melting poste"},"content":{"rendered":"<p>Ce travail a \u00e9t\u00e9 initialement l&rsquo;objet d&rsquo;un <strong><a href=\"http:\/\/didierlemarchand.net\/meltingposte\/\" target=\"_blank\" rel=\"noopener\">blog<\/a><\/strong> cr\u00e9\u00e9 en 2012.<\/p>\n<p>En 2015 est paru un <strong><a href=\"http:\/\/didierlemarchand.net\/site\/portfolio-2\/mots\/melting-poste-livre\/\" target=\"_blank\" rel=\"noopener\">livre<\/a><\/strong> avec les textes de Dominique Saint-Dizier, aux <a href=\"http:\/\/www.corps-puce.org\/\" target=\"_blank\" rel=\"noopener\"><strong>\u00c9ditions Corps Puce<\/strong><\/a>.<\/p>\n<p>Cette page ne pr\u00e9sente qu&rsquo;une s\u00e9lection des 89 photographies mises sur le blog.<\/p>\n<h1><\/h1>\n<p>&nbsp;<\/p>\n<h1 style=\"text-align: center;\">&#8211;<\/h1>\n<h1><\/h1>\n<p>&nbsp;<\/p>\n<p style=\"text-align: center;\"><img loading=\"lazy\" decoding=\"async\" class=\"alignnone size-medium colorbox-1943\" src=\"http:\/\/didierlemarchand.net\/4_site_nouveau\/portfolio-N3\/mot_N3\/PF3_meltingP\/meltingP_05.jpg\" width=\"438\" height=\"438\" \/><\/p>\n<h1><\/h1>\n<p>&nbsp;<\/p>\n<h1 style=\"text-align: center;\">&#8211;<\/h1>\n<h1><\/h1>\n<p>&nbsp;<\/p>\n<p style=\"text-align: center;\"><img loading=\"lazy\" decoding=\"async\" class=\"alignnone size-medium colorbox-1943\" src=\"http:\/\/didierlemarchand.net\/4_site_nouveau\/portfolio-N3\/mot_N3\/PF3_meltingP\/meltingP_11.jpg\" width=\"438\" height=\"438\" \/><\/p>\n<h1><\/h1>\n<p>&nbsp;<\/p>\n<h1 style=\"text-align: center;\">&#8211;<\/h1>\n<h1><\/h1>\n<p>&nbsp;<\/p>\n<p style=\"text-align: center;\"><img loading=\"lazy\" decoding=\"async\" class=\"alignnone size-medium colorbox-1943\" src=\"http:\/\/didierlemarchand.net\/4_site_nouveau\/portfolio-N3\/mot_N3\/PF3_meltingP\/meltingP_13.jpg\" width=\"438\" height=\"438\" \/><\/p>\n<h1><\/h1>\n<p>&nbsp;<\/p>\n<h1 style=\"text-align: center;\">&#8211;<\/h1>\n<h1><\/h1>\n<p>&nbsp;<\/p>\n<p style=\"text-align: center;\"><img loading=\"lazy\" decoding=\"async\" class=\"alignnone size-medium colorbox-1943\" src=\"http:\/\/didierlemarchand.net\/4_site_nouveau\/portfolio-N3\/mot_N3\/PF3_meltingP\/meltingP_18.jpg\" width=\"438\" height=\"438\" \/><\/p>\n<h1><\/h1>\n<p>&nbsp;<\/p>\n<h1 style=\"text-align: center;\">&#8211;<\/h1>\n<h1><\/h1>\n<p>&nbsp;<\/p>\n<p style=\"text-align: center;\"><img loading=\"lazy\" decoding=\"async\" class=\"alignnone size-medium colorbox-1943\" src=\"http:\/\/didierlemarchand.net\/4_site_nouveau\/portfolio-N3\/mot_N3\/PF3_meltingP\/meltingP_25.jpg\" width=\"438\" height=\"438\" \/><\/p>\n<h1><\/h1>\n<p>&nbsp;<\/p>\n<h1 style=\"text-align: center;\">&#8211;<\/h1>\n<h1><\/h1>\n<p>&nbsp;<\/p>\n<p style=\"text-align: center;\"><img loading=\"lazy\" decoding=\"async\" class=\"alignnone size-medium colorbox-1943\" src=\"http:\/\/didierlemarchand.net\/4_site_nouveau\/portfolio-N3\/mot_N3\/PF3_meltingP\/meltingP_26.jpg\" width=\"438\" height=\"438\" \/><\/p>\n<h1><\/h1>\n<p>&nbsp;<\/p>\n<h1 style=\"text-align: center;\">&#8211;<\/h1>\n<h1><\/h1>\n<p>&nbsp;<\/p>\n<p style=\"text-align: center;\"><img loading=\"lazy\" decoding=\"async\" class=\"alignnone size-medium colorbox-1943\" src=\"http:\/\/didierlemarchand.net\/4_site_nouveau\/portfolio-N3\/mot_N3\/PF3_meltingP\/meltingP_29.jpg\" width=\"438\" height=\"438\" \/><\/p>\n<h1><\/h1>\n<p>&nbsp;<\/p>\n<h1 style=\"text-align: center;\">&#8211;<\/h1>\n<h1><\/h1>\n<p>&nbsp;<\/p>\n<p style=\"text-align: center;\"><img loading=\"lazy\" decoding=\"async\" class=\"alignnone size-medium colorbox-1943\" src=\"http:\/\/didierlemarchand.net\/4_site_nouveau\/portfolio-N3\/mot_N3\/PF3_meltingP\/meltingP_32.jpg\" width=\"438\" height=\"438\" \/><\/p>\n<h1><\/h1>\n<p>&nbsp;<\/p>\n<h1 style=\"text-align: center;\">&#8211;<\/h1>\n<h1><\/h1>\n<p>&nbsp;<\/p>\n<p style=\"text-align: center;\"><img loading=\"lazy\" decoding=\"async\" class=\"alignnone size-medium colorbox-1943\" src=\"http:\/\/didierlemarchand.net\/4_site_nouveau\/portfolio-N3\/mot_N3\/PF3_meltingP\/meltingP_42.jpg\" width=\"438\" height=\"438\" \/><\/p>\n<h1><\/h1>\n<p>&nbsp;<\/p>\n<h1 style=\"text-align: center;\">&#8211;<\/h1>\n<h1><\/h1>\n<p>&nbsp;<\/p>\n<p style=\"text-align: center;\"><img loading=\"lazy\" decoding=\"async\" class=\"alignnone size-medium colorbox-1943\" src=\"http:\/\/didierlemarchand.net\/4_site_nouveau\/portfolio-N3\/mot_N3\/PF3_meltingP\/meltingP_46.jpg\" width=\"438\" height=\"438\" \/><\/p>\n<h1><\/h1>\n<p>&nbsp;<\/p>\n<h1 style=\"text-align: center;\">&#8211;<\/h1>\n<h1><\/h1>\n<p>&nbsp;<\/p>\n<p style=\"text-align: center;\"><img loading=\"lazy\" decoding=\"async\" class=\"alignnone size-medium colorbox-1943\" src=\"http:\/\/didierlemarchand.net\/4_site_nouveau\/portfolio-N3\/mot_N3\/PF3_meltingP\/meltingP_62.jpg\" width=\"438\" height=\"438\" \/><\/p>\n<h1><\/h1>\n<p>&nbsp;<\/p>\n<h1 style=\"text-align: center;\">&#8211;<\/h1>\n<h1><\/h1>\n<p>&nbsp;<\/p>\n<p style=\"text-align: center;\"><img loading=\"lazy\" decoding=\"async\" class=\"alignnone size-medium colorbox-1943\" src=\"http:\/\/didierlemarchand.net\/4_site_nouveau\/portfolio-N3\/mot_N3\/PF3_meltingP\/meltingP_88.jpg\" width=\"438\" height=\"438\" \/><\/p>\n<h1><\/h1>\n<p>&nbsp;<\/p>\n<h1 style=\"text-align: center;\">&#8211;<\/h1>\n<h1 style=\"text-align: center;\"><\/h1>\n<p>J\u2019aime le format carr\u00e9.\u00a0C\u2019est ainsi que j\u2019ai pr\u00eat\u00e9 d\u2019abord attention \u00e0 la fa\u00e7ade des bo\u00eetes aux lettres.<\/p>\n<p>Au del\u00e0 de cela, ce qui m\u2019a le plus interpell\u00e9 c\u2019est la mani\u00e8re dont la norme (NF D 27 405), \u00e9tablie par La Poste, \u00e9tait souvent transgress\u00e9e. Chaque bo\u00eete est diff\u00e9rente. Les propri\u00e9taires les personnalisent, les customisent. S\u2019ils ne le font pas, le temps et les passants s\u2019en chargent.<\/p>\n<p>D\u2019objet utilitaire ces bo\u00eetes sont devenues sous mon regard des portraits m\u00e9taphoriques des propri\u00e9taires : chaque bo\u00eete aux lettres par sa gamme de couleur, ses mati\u00e8res, son espace, ses graphismes, r\u00e9v\u00e8le une personnalit\u00e9 diff\u00e9rente.<\/p>\n<p>Caboss\u00e9es, ray\u00e9es, \u00e9ventr\u00e9es, d\u00e9lav\u00e9es, ces bo\u00eetes parlent aussi du temps qui passe, elles sont en sorte une forme de vanit\u00e9 contemporaine.<\/p>\n<p>Pendant un an, des visiteurs du blog ont imagin\u00e9 le courrier que ces bo\u00eetes pouvaient recevoir. Sur l\u2019ensemble des textes \u00e9crits, 18 auteurs ont \u00e9t\u00e9 retenus. Photographies et texte ont fait l\u2019objet d\u2019une\u00a0<strong><a href=\"http:\/\/didierlemarchand.net\/meltingposte\/les-expositions\/\">exposition<\/a><\/strong>\u00a0qui a tourn\u00e9 en Picardie, exposition produite par l\u2019association Lignes d\u2019\u00e9critures en partenariat avec La Poste.<\/p>\n","protected":false},"excerpt":{"rendered":"<p>Ce travail a \u00e9t\u00e9 initialement l&rsquo;objet d&rsquo;un blog cr\u00e9\u00e9 en 2012. En 2015 est paru un livre avec les textes <span class=\"ellipsis\">&hellip;<\/span> <span class=\"more-link-wrap\"><a href=\"https:\/\/didierlemarchand.net\/site\/portfolio-2\/mots\/melting-poste\/\" class=\"more-link\"><span>Continue Reading &rarr;<\/span><\/a><\/span><\/p>\n","protected":false},"author":2,"featured_media":0,"parent":1315,"menu_order":62,"comment_status":"closed","ping_status":"closed","template":"","meta":{"_seopress_robots_primary_cat":"","_seopress_titles_title":"","_seopress_titles_desc":"","_seopress_robots_index":"","footnotes":""},"_links":{"self":[{"href":"https:\/\/didierlemarchand.net\/site\/wp-json\/wp\/v2\/pages\/1943"}],"collection":[{"href":"https:\/\/didierlemarchand.net\/site\/wp-json\/wp\/v2\/pages"}],"about":[{"href":"https:\/\/didierlemarchand.net\/site\/wp-json\/wp\/v2\/types\/page"}],"author":[{"embeddable":true,"href":"https:\/\/didierlemarchand.net\/site\/wp-json\/wp\/v2\/users\/2"}],"replies":[{"embeddable":true,"href":"https:\/\/didierlemarchand.net\/site\/wp-json\/wp\/v2\/comments?post=1943"}],"version-history":[{"count":12,"href":"https:\/\/didierlemarchand.net\/site\/wp-json\/wp\/v2\/pages\/1943\/revisions"}],"predecessor-version":[{"id":1979,"href":"https:\/\/didierlemarchand.net\/site\/wp-json\/wp\/v2\/pages\/1943\/revisions\/1979"}],"up":[{"embeddable":true,"href":"https:\/\/didierlemarchand.net\/site\/wp-json\/wp\/v2\/pages\/1315"}],"wp:attachment":[{"href":"https:\/\/didierlemarchand.net\/site\/wp-json\/wp\/v2\/media?parent=1943"}],"curies":[{"name":"wp","href":"https:\/\/api.w.org\/{rel}","templated":true}]}}