{"id":1833,"date":"2018-02-07T12:13:21","date_gmt":"2018-02-07T11:13:21","guid":{"rendered":"http:\/\/didierlemarchand.net\/site\/?page_id=1833"},"modified":"2025-10-13T08:14:46","modified_gmt":"2025-10-13T06:14:46","slug":"vanite-3-1","status":"publish","type":"page","link":"https:\/\/didierlemarchand.net\/site\/portfolio-2\/vanite\/vanite-3-1\/","title":{"rendered":"vanit\u00e9 3.4"},"content":{"rendered":"<p style=\"text-align: center;\">s\u00e9rie commenc\u00e9e en 2006 \u2013 24 x 24 cm \u2013 impression pigmentaire<\/p>\n<p style=\"text-align: center;\"><a href=\"http:\/\/didierlemarchand.net\/4_site_nouveau\/dossiers_telechargeables\/D-Lemarchand-vanite-3-4.pdf\" target=\"_blank\" rel=\"noopener\">dossier de pr\u00e9sentation t\u00e9l\u00e9chargeable<\/a><\/p>\n<h1 style=\"text-align: center;\">&#8211;<\/h1>\n<h1 id=\"photo\" style=\"text-align: center;\"><img loading=\"lazy\" decoding=\"async\" class=\"alignnone size-medium colorbox-1833\" src=\"http:\/\/www.didierlemarchand.net\/4_site_nouveau\/portfolio-N3\/vanite_N3\/PF3_vanite_13\/vanite_13_006.JPG\" width=\"438\" height=\"438\" \/><\/h1>\n<h1><\/h1>\n<p>&nbsp;<\/p>\n<h1 style=\"text-align: center;\">&#8211;<\/h1>\n<h1><\/h1>\n<p>&nbsp;<\/p>\n<h1 id=\"photo\" style=\"text-align: center;\"><img loading=\"lazy\" decoding=\"async\" class=\"alignnone size-medium colorbox-1833\" src=\"http:\/\/www.didierlemarchand.net\/4_site_nouveau\/portfolio-N3\/vanite_N3\/PF3_vanite_13\/vanite_13_008.JPG\" width=\"438\" height=\"438\" \/><\/h1>\n<h1><\/h1>\n<h1 style=\"text-align: center;\">&#8211;<\/h1>\n<h1><\/h1>\n<p>&nbsp;<\/p>\n<h1 id=\"photo\" style=\"text-align: center;\"><img loading=\"lazy\" decoding=\"async\" class=\"alignnone size-medium colorbox-1833\" src=\"http:\/\/www.didierlemarchand.net\/4_site_nouveau\/portfolio-N3\/vanite_N3\/PF3_vanite_13\/vanite_13_009.JPG\" width=\"438\" height=\"438\" \/><\/h1>\n<h1><\/h1>\n<h1 style=\"text-align: center;\">&#8211;<\/h1>\n<h1><\/h1>\n<p>&nbsp;<\/p>\n<h1 id=\"photo\" style=\"text-align: center;\"><img loading=\"lazy\" decoding=\"async\" class=\"alignnone size-medium colorbox-1833\" src=\"http:\/\/www.didierlemarchand.net\/4_site_nouveau\/portfolio-N3\/vanite_N3\/PF3_vanite_13\/vanite_13_011.JPG\" width=\"438\" height=\"438\" \/><\/h1>\n<h1><\/h1>\n<h1 style=\"text-align: center;\">&#8211;<\/h1>\n<h1><\/h1>\n<p>&nbsp;<\/p>\n<h1 id=\"photo\" style=\"text-align: center;\"><img loading=\"lazy\" decoding=\"async\" class=\"alignnone size-medium colorbox-1833\" src=\"http:\/\/www.didierlemarchand.net\/4_site_nouveau\/portfolio-N3\/vanite_N3\/PF3_vanite_13\/vanite_13_056.JPG\" width=\"438\" height=\"438\" \/><\/h1>\n<h1><\/h1>\n<h1 style=\"text-align: center;\">&#8211;<\/h1>\n<p>&nbsp;<\/p>\n<p>&nbsp;<\/p>\n<h1 id=\"photo\" style=\"text-align: center;\"><img loading=\"lazy\" decoding=\"async\" class=\"alignnone size-medium colorbox-1833\" src=\"http:\/\/www.didierlemarchand.net\/4_site_nouveau\/portfolio-N3\/vanite_N3\/PF3_vanite_13\/vanite_13_094.JPG\" width=\"438\" height=\"438\" \/><\/h1>\n<h1><\/h1>\n<h1 style=\"text-align: center;\">&#8211;<\/h1>\n<h1><\/h1>\n<p>&nbsp;<\/p>\n<h1 id=\"photo\" style=\"text-align: center;\"><img loading=\"lazy\" decoding=\"async\" class=\"alignnone size-medium colorbox-1833\" src=\"http:\/\/www.didierlemarchand.net\/4_site_nouveau\/portfolio-N3\/vanite_N3\/PF3_vanite_13\/vanite_13_098.JPG\" width=\"438\" height=\"438\" \/><\/h1>\n<h1><\/h1>\n<h1 style=\"text-align: center;\">&#8211;<\/h1>\n<p>&nbsp;<\/p>\n<p>&nbsp;<\/p>\n<h1 id=\"photo\" style=\"text-align: center;\"><img loading=\"lazy\" decoding=\"async\" class=\"alignnone size-medium colorbox-1833\" src=\"http:\/\/www.didierlemarchand.net\/4_site_nouveau\/portfolio-N3\/vanite_N3\/PF3_vanite_13\/vanite_13_101.JPG\" width=\"438\" height=\"438\" \/><\/h1>\n<h1><\/h1>\n<h1 style=\"text-align: center;\">&#8211;<\/h1>\n<p>&nbsp;<\/p>\n<p>&nbsp;<\/p>\n<h1 id=\"photo\" style=\"text-align: center;\"><img loading=\"lazy\" decoding=\"async\" class=\"alignnone size-medium colorbox-1833\" src=\"http:\/\/www.didierlemarchand.net\/4_site_nouveau\/portfolio-N3\/vanite_N3\/PF3_vanite_13\/vanite_13_102.JPG\" width=\"438\" height=\"438\" \/><\/h1>\n<h1><\/h1>\n<h1 style=\"text-align: center;\">&#8211;<\/h1>\n<p>&nbsp;<\/p>\n<h1 id=\"photo\" style=\"text-align: center;\"><img loading=\"lazy\" decoding=\"async\" class=\"alignnone size-medium colorbox-1833\" src=\"http:\/\/www.didierlemarchand.net\/4_site_nouveau\/portfolio-N3\/vanite_N3\/PF3_vanite_13\/vanite_13_107.JPG\" width=\"438\" height=\"438\" \/><\/h1>\n<h1><\/h1>\n<h1 style=\"text-align: center;\">&#8211;<\/h1>\n<p>&nbsp;<\/p>\n<h1 id=\"photo\" style=\"text-align: center;\"><img loading=\"lazy\" decoding=\"async\" class=\"alignnone size-medium colorbox-1833\" src=\"http:\/\/www.didierlemarchand.net\/4_site_nouveau\/portfolio-N3\/vanite_N3\/PF3_vanite_13\/vanite_13_109.JPG\" width=\"438\" height=\"438\" \/><\/h1>\n<h1><\/h1>\n<h1 style=\"text-align: center;\">&#8211;<\/h1>\n<p>&nbsp;<\/p>\n<h1 id=\"photo\" style=\"text-align: center;\"><img loading=\"lazy\" decoding=\"async\" class=\"alignnone size-medium colorbox-1833\" src=\"http:\/\/www.didierlemarchand.net\/4_site_nouveau\/portfolio-N3\/vanite_N3\/PF3_vanite_13\/vanite_13_111.JPG\" width=\"438\" height=\"438\" \/><\/h1>\n<h1><\/h1>\n<h1 style=\"text-align: center;\">&#8211;<\/h1>\n<p>&nbsp;<\/p>\n<h1 id=\"photo\" style=\"text-align: center;\"><img loading=\"lazy\" decoding=\"async\" class=\"alignnone size-medium colorbox-1833\" src=\"http:\/\/www.didierlemarchand.net\/4_site_nouveau\/portfolio-N3\/vanite_N3\/PF3_vanite_13\/vanite_13_112.JPG\" width=\"438\" height=\"438\" \/><\/h1>\n<h1><\/h1>\n<h1 style=\"text-align: center;\">&#8211;<\/h1>\n<p>&nbsp;<\/p>\n<h1 id=\"photo\" style=\"text-align: center;\"><img loading=\"lazy\" decoding=\"async\" class=\"alignnone size-medium colorbox-1833\" src=\"http:\/\/www.didierlemarchand.net\/4_site_nouveau\/portfolio-N3\/vanite_N3\/PF3_vanite_13\/vanite_13_113.JPG\" width=\"438\" height=\"438\" \/><\/h1>\n<h1><\/h1>\n<h1 style=\"text-align: center;\">&#8211;<\/h1>\n<p>&nbsp;<\/p>\n<h1 id=\"photo\" style=\"text-align: center;\"><img loading=\"lazy\" decoding=\"async\" class=\"alignnone size-medium colorbox-1833\" src=\"http:\/\/www.didierlemarchand.net\/4_site_nouveau\/portfolio-N3\/vanite_N3\/PF3_vanite_13\/vanite_13_116.JPG\" width=\"438\" height=\"438\" \/><\/h1>\n<h1><\/h1>\n<h1 style=\"text-align: center;\">&#8211;<\/h1>\n<p>&nbsp;<\/p>\n<h1 id=\"photo\" style=\"text-align: center;\"><img loading=\"lazy\" decoding=\"async\" class=\"alignnone size-medium colorbox-1833\" src=\"http:\/\/www.didierlemarchand.net\/4_site_nouveau\/portfolio-N3\/vanite_N3\/PF3_vanite_13\/vanite_13_118.JPG\" width=\"438\" height=\"438\" \/><\/h1>\n<h1><\/h1>\n<h1 style=\"text-align: center;\">&#8211;<\/h1>\n<p>&nbsp;<\/p>\n<h1 id=\"photo\" style=\"text-align: center;\"><img loading=\"lazy\" decoding=\"async\" class=\"alignnone size-medium colorbox-1833\" src=\"http:\/\/www.didierlemarchand.net\/4_site_nouveau\/portfolio-N3\/vanite_N3\/PF3_vanite_13\/vanite_13_119.JPG\" width=\"438\" height=\"438\" \/><\/h1>\n<h1><\/h1>\n<h1 style=\"text-align: center;\">&#8211;<\/h1>\n<p>&nbsp;<\/p>\n<h1 id=\"photo\" style=\"text-align: center;\"><img loading=\"lazy\" decoding=\"async\" class=\"alignnone size-medium colorbox-1833\" src=\"http:\/\/www.didierlemarchand.net\/4_site_nouveau\/portfolio-N3\/vanite_N3\/PF3_vanite_13\/vanite_13_121.JPG\" width=\"438\" height=\"438\" \/><\/h1>\n<h1><\/h1>\n<h1 style=\"text-align: center;\">&#8211;<\/h1>\n<p>&nbsp;<\/p>\n<h1 id=\"photo\" style=\"text-align: center;\"><img loading=\"lazy\" decoding=\"async\" class=\"alignnone size-medium colorbox-1833\" src=\"http:\/\/www.didierlemarchand.net\/4_site_nouveau\/portfolio-N3\/vanite_N3\/PF3_vanite_13\/vanite_13_122.JPG\" width=\"438\" height=\"438\" \/><\/h1>\n<h1><\/h1>\n<h1 style=\"text-align: center;\">&#8211;<\/h1>\n<p>&nbsp;<\/p>\n<h1 id=\"photo\" style=\"text-align: center;\"><img loading=\"lazy\" decoding=\"async\" class=\"alignnone size-medium colorbox-1833\" src=\"http:\/\/www.didierlemarchand.net\/4_site_nouveau\/portfolio-N3\/vanite_N3\/PF3_vanite_13\/vanite_13_126.JPG\" width=\"438\" height=\"438\" \/><\/h1>\n<h1><\/h1>\n<h1 style=\"text-align: center;\">&#8211;<\/h1>\n<p>&nbsp;<\/p>\n<h1 id=\"photo\" style=\"text-align: center;\"><img loading=\"lazy\" decoding=\"async\" class=\"alignnone size-medium colorbox-1833\" src=\"http:\/\/www.didierlemarchand.net\/4_site_nouveau\/portfolio-N3\/vanite_N3\/PF3_vanite_13\/vanite_13_129.JPG\" width=\"438\" height=\"438\" \/><\/h1>\n<h1><\/h1>\n<h1 style=\"text-align: center;\">&#8211;<\/h1>\n<p class=\"western\"><strong>Les paroles s&rsquo;envolent, les \u00e9crits restent.<\/strong><\/p>\n<p class=\"western\">Partant de ce principe, l&rsquo;homme, r\u00eavant d&rsquo;immortalit\u00e9, a trouv\u00e9, au cours de l&rsquo;histoire, divers moyens pour laisser sa trace sur terre, ce qu&rsquo;il a fait entre autre par l&rsquo;\u00e9criture\u00a0:<\/p>\n<ul>\n<li class=\"western\">il a inscrit son nom dans la pierre des palais et des tombes, dans le m\u00e9tal des bijoux<\/li>\n<li class=\"western\">il a \u00e9crit des r\u00e9cits sur des mat\u00e9riaux plus ou moins r\u00e9sistants\u00a0: argile, bois, papyrus, parchemin, papier<\/li>\n<\/ul>\n<p class=\"western\">H\u00e9las, le proverbe ne vaut que sur une courte dur\u00e9e.<br \/>\nLes \u00e9crits, s&rsquo;ils ne s&rsquo;envolent pas, peuvent disparaitre. S&rsquo;ils ne s&rsquo;effacent pas sous les assauts des \u00e9l\u00e9ments et du temps, les hommes se chargent de les d\u00e9truire pendant les guerres, les r\u00e9volutions.<br \/>\nDes pierres et des tablettes se trouvent \u00eatre cass\u00e9es, \u00e9rod\u00e9es, des livres br\u00fbl\u00e9s, lac\u00e9r\u00e9s. Les papyrus et les parchemins se putr\u00e9fient, l&rsquo;encre s&rsquo;efface.<\/p>\n<p class=\"western\">Cela, l&rsquo;homme l&rsquo;oublie. Mis \u00e0 part les autodaf\u00e9s m\u00e9morables du fait de leur violence, la disparition des \u00e9crits se fait de fa\u00e7on lente, donc imperceptible. Ce n&rsquo;est que des si\u00e8cles plus tard, voire des mill\u00e9naires que l&rsquo;on red\u00e9couvre l&rsquo;existence d&rsquo;une civilisation \u00e0 travers des traces \u00e9crites.<br \/>\nA la fin du 20<sup>\u00e8me<\/sup> si\u00e8cle, l&rsquo;histoire s&rsquo;acc\u00e9l\u00e9rant, une technique en chassant une autre, une industrie une autre, une mode une autre, on trouve simultan\u00e9ment des vestiges d&rsquo;activit\u00e9s abandonn\u00e9es, de mat\u00e9riaux supplant\u00e9s\u00a0: le bois et l&rsquo;acier peints laissent la place au plastique et \u00e0 l&rsquo;aluminium, eux-m\u00eames laissant leur place au n\u00e9on ou aux diodes luminescentes. La typographie aussi \u00e9volue \u00e0 un rythme effr\u00e9n\u00e9 comme jamais depuis Gutenberg. L&rsquo;avant-gardisme d&rsquo;aujourd&rsquo;hui sera la ringardise d&rsquo;apr\u00e8s-demain.<br \/>\nA t-on pour autant conscience de cet \u00e9tat de fait, de la vanit\u00e9 de tout cela\u00a0? L&rsquo;obsolescence fait dor\u00e9navant partie de notre environnement quotidien.<\/p>\n<p class=\"western\">Vite, m\u00e9morisons toutes ces traces avant qu&rsquo;elles ne disparaissent d\u00e9finitivement.<br \/>\nParadoxe\u00a0: je fais cela avec l&rsquo;outil num\u00e9rique. Serait-ce un pi\u00e8ge qui se referme\u00a0: sera t-on capable dans un si\u00e8cle de lire les fichiers num\u00e9riques de mes textes et de mes images\u00a0?<\/p>\n","protected":false},"excerpt":{"rendered":"<p>s\u00e9rie commenc\u00e9e en 2006 \u2013 24 x 24 cm \u2013 impression pigmentaire dossier de pr\u00e9sentation t\u00e9l\u00e9chargeable &#8211; &nbsp; &#8211; &nbsp; <span class=\"ellipsis\">&hellip;<\/span> <span class=\"more-link-wrap\"><a href=\"https:\/\/didierlemarchand.net\/site\/portfolio-2\/vanite\/vanite-3-1\/\" class=\"more-link\"><span>Continue Reading &rarr;<\/span><\/a><\/span><\/p>\n","protected":false},"author":2,"featured_media":0,"parent":1342,"menu_order":4,"comment_status":"closed","ping_status":"closed","template":"","meta":{"_seopress_robots_primary_cat":"","_seopress_titles_title":"","_seopress_titles_desc":"","_seopress_robots_index":"","footnotes":""},"_links":{"self":[{"href":"https:\/\/didierlemarchand.net\/site\/wp-json\/wp\/v2\/pages\/1833"}],"collection":[{"href":"https:\/\/didierlemarchand.net\/site\/wp-json\/wp\/v2\/pages"}],"about":[{"href":"https:\/\/didierlemarchand.net\/site\/wp-json\/wp\/v2\/types\/page"}],"author":[{"embeddable":true,"href":"https:\/\/didierlemarchand.net\/site\/wp-json\/wp\/v2\/users\/2"}],"replies":[{"embeddable":true,"href":"https:\/\/didierlemarchand.net\/site\/wp-json\/wp\/v2\/comments?post=1833"}],"version-history":[{"count":12,"href":"https:\/\/didierlemarchand.net\/site\/wp-json\/wp\/v2\/pages\/1833\/revisions"}],"predecessor-version":[{"id":20578,"href":"https:\/\/didierlemarchand.net\/site\/wp-json\/wp\/v2\/pages\/1833\/revisions\/20578"}],"up":[{"embeddable":true,"href":"https:\/\/didierlemarchand.net\/site\/wp-json\/wp\/v2\/pages\/1342"}],"wp:attachment":[{"href":"https:\/\/didierlemarchand.net\/site\/wp-json\/wp\/v2\/media?parent=1833"}],"curies":[{"name":"wp","href":"https:\/\/api.w.org\/{rel}","templated":true}]}}